{"id":5206,"date":"2024-07-04T10:20:02","date_gmt":"2024-07-04T14:20:02","guid":{"rendered":"https:\/\/iwantmyhealthback.com\/testimonianza-di-dave-hodges\/"},"modified":"2025-06-02T11:01:36","modified_gmt":"2025-06-02T15:01:36","slug":"testimonianza-di-dave-hodges","status":"publish","type":"page","link":"https:\/\/iwantmyhealthback.com\/it\/testimonianza-di-dave-hodges\/","title":{"rendered":"Testimonianza di Dave Hodges"},"content":{"rendered":"\n\n\t<section class=\"section\" id=\"section_1346899323\">\n\t\t<div class=\"section-bg fill\" >\n\t\t\t\t\t\t\t\t\t\n\t\t\t\n\n\t\t<\/div>\n\n\t\t\n\n\t\t<div class=\"section-content relative\">\n\t\t\t\n\n<div class=\"row align-middle align-center\"  id=\"row-1726902483\">\n\n\n\t<div id=\"col-1919705188\" class=\"col medium-10 small-12 large-10\"  >\n\t\t\t\t<div class=\"col-inner text-center\"  >\n\t\t\t\n\t\t\t\n\n\t<div id=\"text-788125787\" class=\"text\">\n\t\t\n\n<h1>La storia di Dave Hodges<\/h1>\n\t\t\n<style>\n#text-788125787 {\n  font-size: 1.2rem;\n  text-align: center;\n}\n@media (min-width:550px) {\n  #text-788125787 {\n    font-size: 1.5rem;\n  }\n}\n<\/style>\n\t<\/div>\n\t\n\t<div class=\"img has-hover x md-x lg-x y md-y lg-y\" id=\"image_1617811566\">\n\t\t\t\t\t\t\t\t<div class=\"img-inner dark\" >\n\t\t\t<img loading=\"lazy\" decoding=\"async\" width=\"1020\" height=\"1020\" src=\"https:\/\/iwantmyhealthback.com\/wp-content\/uploads\/2024\/07\/Dave-Hodges.jpeg\" class=\"attachment-large size-large\" alt=\"\" srcset=\"https:\/\/iwantmyhealthback.com\/wp-content\/uploads\/2024\/07\/Dave-Hodges.jpeg 1024w, https:\/\/iwantmyhealthback.com\/wp-content\/uploads\/2024\/07\/Dave-Hodges-300x300.jpeg 300w, https:\/\/iwantmyhealthback.com\/wp-content\/uploads\/2024\/07\/Dave-Hodges-100x100.jpeg 100w, https:\/\/iwantmyhealthback.com\/wp-content\/uploads\/2024\/07\/Dave-Hodges-510x510.jpeg 510w, https:\/\/iwantmyhealthback.com\/wp-content\/uploads\/2024\/07\/Dave-Hodges-150x150.jpeg 150w, https:\/\/iwantmyhealthback.com\/wp-content\/uploads\/2024\/07\/Dave-Hodges-768x768.jpeg 768w\" sizes=\"auto, (max-width: 1020px) 100vw, 1020px\" \/>\t\t\t\t\t\t\n\t\t\t\t\t<\/div>\n\t\t\t\t\t\t\t\t\n<style>\n#image_1617811566 {\n  width: 51%;\n}\n<\/style>\n\t<\/div>\n\t\n\n\t<div class=\"img has-hover x md-x lg-x y md-y lg-y\" id=\"image_363482205\">\n\t\t\t\t\t\t\t\t<div class=\"img-inner dark\" >\n\t\t\t\t\t\t\t\t\t\n\t\t\t\t\t<\/div>\n\t\t\t\t\t\t\t\t\n<style>\n#image_363482205 {\n  width: 40%;\n}\n<\/style>\n\t<\/div>\n\t\n\n\t<div id=\"text-170515418\" class=\"text\">\n\t\t\n\n<p>&#8220;All&#8217;inizio di marzo non ero in cattive condizioni, ma mi \u00e8 stata diagnosticata una polmonite e il virus respiratorio sinciziale (RSV). Ero completamente debilitato, dormivo 16-18 ore al giorno e non riuscivo a salire una rampa di scale. <\/p>\n<p>Inizialmente sono stata trattata con antibiotici e prednisone steroideo. Dopo un paio di settimane ho smesso di prendere i farmaci, tranne quello per il diabete. Ho abbandonato gli steroidi e gli antibiotici perch\u00e9 non stavano funzionando per alleviare i miei sintomi.  <\/p>\n<p>A met\u00e0 marzo ho visto un esperto pneumologo che mi ha dato una prognosi infausta. Ha dichiarato che l&#8217;RSV era grave e che aveva strappato via i miei rivestimenti polmonari. Ha detto che potrebbero non tornare alla normalit\u00e0, compromettendo cos\u00ec in modo permanente la mia funzionalit\u00e0 polmonare. L&#8217;implicazione era che avrei potuto essere attaccata all&#8217;ossigeno nel prossimo futuro e per il resto della mia vita.   <\/p>\n<p>Poco dopo, mi \u00e8 stato presentato NANO SOMA\u00ae. Dato che non si pu\u00f2 andare in overdose, ho assunto lo spray ogni ora. Nel giro di una settimana la mia energia \u00e8 migliorata e sono tornata in palestra. Anche se ero in condizioni di debolezza, mi impegnai ad aumentare il mio carico di lavoro quotidiano. Nel giro di un mese sono tornato alla mia normale attivit\u00e0.    <strong>  Oggi sono pi\u00f9 forte e pi\u00f9 atletico di quanto non lo sia stato negli ultimi 25 anni.<\/strong>  L&#8217;unico prodotto che stavo assumendo, per il supporto e la funzionalit\u00e0 delle polmoni, era NANO SOMA.<\/p>\n<p>Quando sono tornato in palestra, il mio carico di lavoro \u00e8 aumentato e il mio ginocchio destro, che era stato diagnosticato come osseo, ha iniziato a gonfiarsi, limitando cos\u00ec alcune delle mie attivit\u00e0. In seguito, sono venuto a conoscenza del Gel Topico NANO SOMA\u00ae. Ho iniziato ad applicare il gel sul ginocchio infortunato ogni giorno. Oggi faccio attivit\u00e0 sportive che non facevo da 25 anni.   <\/p>\n<p>Ad esempio, posso fare squat, deadlift e step-up. Inoltre, faccio degli sprint e spingo una slitta per fare cardio. Sebbene i miei muscoli siano indolenziti, il ginocchio non si gonfia. Se in passato avessi fatto anche solo una parte di quello che ho descritto sopra, il mio ginocchio si sarebbe gonfiato notevolmente e mi avrebbe reso inattivo. Ora sono pi\u00f9 forte e in grado di fare cose che non facevo da 25 anni.    <\/p>\n<p>Questi due prodotti mi hanno risollevato da una prognosi infausta. Ho ripreso la mia vita e il mio stile di vita \u00e8 migliorato notevolmente. E, modestamente, \u00e8 bello sentirsi dire da amici e parenti quanto si sta bene. E non esagero quando dico che i pi\u00f9 giovani vengono da me in palestra e mi chiedono dove un uomo della mia et\u00e0 trovi la sua energia.   <\/p>\n<p>Ho scelto di utilizzare questi prodotti per il resto della mia vita.<\/p>\n<p>Devo anche notare che, nel corso di questo calvario, mi \u00e8 stato diagnosticato che non sono diabetico con un A1C di 5,0 e che recentemente mi sono stati tolti tutti i farmaci per il diabete. Grazie, MagicDichol\u00ae!<strong>&#8220;<\/strong><\/p>\n\t\t\n<style>\n#text-170515418 {\n  font-size: 1rem;\n  text-align: left;\n}\n@media (min-width:550px) {\n  #text-170515418 {\n    font-size: 1.15rem;\n  }\n}\n<\/style>\n\t<\/div>\n\t\n\t<div id=\"text-1810470854\" class=\"text\">\n\t\t\n\n<h3 style=\"text-align: center;\"><br>Il Dr. Richard Presser mette in evidenza un \u201cenorme scoperta rivoluzionaria nel campo dell\u201d assistenza sanitaria naturale<\/h3>\n\t\t\n<style>\n#text-1810470854 {\n  font-size: 1.2rem;\n}\n@media (min-width:550px) {\n  #text-1810470854 {\n    font-size: 1.55rem;\n  }\n}\n<\/style>\n\t<\/div>\n\t\n\n\n<div style=\"padding:56.25% 0 0 0;position:relative;\"><iframe src=\"https:\/\/player.vimeo.com\/video\/989160042?badge=0&amp;autopause=0&amp;player_id=0&amp;app_id=58479\" frameborder=\"0\" allow=\"autoplay; fullscreen; picture-in-picture; clipboard-write\" style=\"position:absolute;top:0;left:0;width:100%;height:100%;\" title=\"Il dottor Richard Presser evidenzia un'enorme scoperta rivoluzionaria nel campo della salute naturale\"><\/iframe><\/div><script src=\"https:\/\/player.vimeo.com\/api\/player.js\"><\/script>\n\n\t<div id=\"gap-1445942376\" class=\"gap-element clearfix\" style=\"display:block; height:auto;\">\n\t\t\n<style>\n#gap-1445942376 {\n  padding-top: 30px;\n}\n<\/style>\n\t<\/div>\n\t\n\n\t<div id=\"text-3251496827\" class=\"text\">\n\t\t\n\n<h3 style=\"text-align: center;\">Cos&#8217;\u00e8 NANO SOMA\u00ae <br>e perch\u00e9 il pubblico ne \u00e8 ossessionato?<\/h3>\n\t\t\n<style>\n#text-3251496827 {\n  font-size: 1.2rem;\n}\n@media (min-width:550px) {\n  #text-3251496827 {\n    font-size: 1.55rem;\n  }\n}\n<\/style>\n\t<\/div>\n\t\n\n\n<div style=\"padding:56.25% 0 0 0;position:relative;\"><iframe src=\"https:\/\/player.vimeo.com\/video\/989161665?badge=0&amp;autopause=0&amp;player_id=0&amp;app_id=58479\" frameborder=\"0\" allow=\"autoplay; fullscreen; picture-in-picture; clipboard-write\" style=\"position:absolute;top:0;left:0;width:100%;height:100%;\" title=\"Puoi essere la versione migliore di te stesso\"><\/iframe><\/div><script src=\"https:\/\/player.vimeo.com\/api\/player.js\"><\/script>\n\n\t<div id=\"gap-1646974958\" class=\"gap-element clearfix\" style=\"display:block; height:auto;\">\n\t\t\n<style>\n#gap-1646974958 {\n  padding-top: 30px;\n}\n<\/style>\n\t<\/div>\n\t\n\n<a href=\"https:\/\/iwantmyhealthback.com\/?infid=9\" target=\"_blank\" class=\"button primary is-xlarge\" rel=\"noopener\" >\n\t\t<span>Acquista ora<\/span>\n\t<\/a>\n\n\n\n\t\t<\/div>\n\t\t\t\t\t<\/div>\n\n\t\n\n<\/div>\n\n\t\t<\/div>\n\n\t\t\n<style>\n#section_1346899323 {\n  padding-top: 30px;\n  padding-bottom: 30px;\n}\n<\/style>\n\t<\/section>\n\t\n\n","protected":false},"excerpt":{"rendered":"","protected":false},"author":2,"featured_media":0,"parent":0,"menu_order":0,"comment_status":"closed","ping_status":"closed","template":"page-blank.php","meta":{"bwfblock_default_font":"","_uag_custom_page_level_css":"","footnotes":""},"class_list":["post-5206","page","type-page","status-publish","hentry"],"uagb_featured_image_src":{"full":false,"thumbnail":false,"medium":false,"medium_large":false,"large":false,"1536x1536":false,"2048x2048":false,"woocommerce_thumbnail":false,"woocommerce_single":false,"woocommerce_gallery_thumbnail":false},"uagb_author_info":{"display_name":"IWantMyHealthBack","author_link":"https:\/\/iwantmyhealthback.com\/it\/author\/anthonette\/"},"uagb_comment_info":0,"uagb_excerpt":null,"_links":{"self":[{"href":"https:\/\/iwantmyhealthback.com\/it\/wp-json\/wp\/v2\/pages\/5206","targetHints":{"allow":["GET"]}}],"collection":[{"href":"https:\/\/iwantmyhealthback.com\/it\/wp-json\/wp\/v2\/pages"}],"about":[{"href":"https:\/\/iwantmyhealthback.com\/it\/wp-json\/wp\/v2\/types\/page"}],"author":[{"embeddable":true,"href":"https:\/\/iwantmyhealthback.com\/it\/wp-json\/wp\/v2\/users\/2"}],"replies":[{"embeddable":true,"href":"https:\/\/iwantmyhealthback.com\/it\/wp-json\/wp\/v2\/comments?post=5206"}],"version-history":[{"count":0,"href":"https:\/\/iwantmyhealthback.com\/it\/wp-json\/wp\/v2\/pages\/5206\/revisions"}],"wp:attachment":[{"href":"https:\/\/iwantmyhealthback.com\/it\/wp-json\/wp\/v2\/media?parent=5206"}],"curies":[{"name":"wp","href":"https:\/\/api.w.org\/{rel}","templated":true}]}}