{"id":4590,"date":"2024-07-19T10:38:19","date_gmt":"2024-07-19T14:38:19","guid":{"rendered":"https:\/\/iwantmyhealthback.com\/domande-frequenti\/"},"modified":"2025-12-25T22:35:29","modified_gmt":"2025-12-26T02:35:29","slug":"domande-frequenti","status":"publish","type":"page","link":"https:\/\/iwantmyhealthback.com\/it\/domande-frequenti\/","title":{"rendered":"Domande frequenti"},"content":{"rendered":"\n\n\t<section class=\"section has-scroll-for-more\" id=\"section_1325802188\">\n\t\t<div class=\"section-bg fill\" >\n\t\t\t\t\t\t\t\t\t<button class=\"scroll-for-more z-5 icon absolute bottom h-center\" aria-label=\"Scorri per ulteriori info\"><i class=\"icon-angle-down\" aria-hidden=\"true\" style=\"font-size:42px;\"><\/i><\/button>\n\t\t\t\n\t<div class=\"is-border\"\n\t\tstyle=\"border-width:0px 0px 0px 0px;\">\n\t<\/div>\n\n\t\t<\/div>\n\n\t\t\n\n\t\t<div class=\"section-content relative\">\n\t\t\t\n\n<div class=\"row align-center\"  id=\"row-6311790\">\n\n\n\t<div id=\"col-1476259275\" class=\"col medium-8 small-10 large-10\"  >\n\t\t\t\t<div class=\"col-inner text-center\"  >\n\t\t\t\n\t\t\t\n\n<h3>DOMANDE FREQUENTI<\/h3>\n<h2 style=\"font-size: 250%;\">Domande frequenti<\/h2>\n<p>Come possiamo aiutarti?<\/p>\n\n\t\t<\/div>\n\t\t\t\t\n<style>\n#col-1476259275 > .col-inner {\n  padding: 40px 0px 0px 0px;\n}\n<\/style>\n\t<\/div>\n\n\t\n\n<\/div>\n\n\t\t<\/div>\n\n\t\t\n<style>\n#section_1325802188 {\n  padding-top: 30px;\n  padding-bottom: 30px;\n}\n<\/style>\n\t<\/section>\n\t\n\n\t<section class=\"section\" id=\"section_2020666170\">\n\t\t<div class=\"section-bg fill\" >\n\t\t\t\t\t\t\t\t\t\n\t\t\t\n\n\t\t<\/div>\n\n\t\t\n\n\t\t<div class=\"section-content relative\">\n\t\t\t\n\n<div class=\"row\"  id=\"row-1310808889\">\n\n\n\t<div id=\"col-1046643520\" class=\"col small-12 large-12\"  >\n\t\t\t\t<div class=\"col-inner\"  >\n\t\t\t\n\t\t\t\n\n<div class=\"accordion\">\n\n\t<div id=\"accordion-1066860411\" class=\"accordion-item\">\n\t\t<a id=\"accordion-1066860411-label\" class=\"accordion-title plain\" href=\"#accordion-item-come-si-pronunciano-metadichol\u00ae-e-magicdichol\u00ae?\" aria-expanded=\"false\" aria-controls=\"accordion-1066860411-content\">\n\t\t\t<button class=\"toggle\" aria-label=\"Attiva\/Disattiva\"><i class=\"icon-angle-down\" aria-hidden=\"true\"><\/i><\/button>\n\t\t\t<span>Come si pronunciano Metadichol\u00ae e MagicDichol\u00ae?<\/span>\n\t\t<\/a>\n\t\t<div id=\"accordion-1066860411-content\" class=\"accordion-inner\" aria-labelledby=\"accordion-1066860411-label\">\n\t\t\t\n\n<p>Metadichol si pronuncia: &#8220;Met-uh-dye-call&#8221;. MagicDichol si pronuncia: &#8220;Magic-dye-call&#8221;. <\/p>\n\n\t\t<\/div>\n\t<\/div>\n\t\n\t<div id=\"accordion-3743541081\" class=\"accordion-item\">\n\t\t<a id=\"accordion-3743541081-label\" class=\"accordion-title plain\" href=\"#accordion-item-che-cos&#039;\u00e8-nano-soma\u00ae-liquid?\" aria-expanded=\"false\" aria-controls=\"accordion-3743541081-content\">\n\t\t\t<button class=\"toggle\" aria-label=\"Attiva\/Disattiva\"><i class=\"icon-angle-down\" aria-hidden=\"true\"><\/i><\/button>\n\t\t\t<span>Che cos&#039;\u00e8 NANO SOMA\u00ae Liquid?<\/span>\n\t\t<\/a>\n\t\t<div id=\"accordion-3743541081-content\" class=\"accordion-inner\" aria-labelledby=\"accordion-3743541081-label\">\n\t\t\t\n\n<p>NANO SOMA Liquid \u00e8 il nome del Metadichol. Si tratta di un integratore liquido con nanoparticelle di policosanolo. <\/p>\n\n\t\t<\/div>\n\t<\/div>\n\t\n\t<div id=\"accordion-1466728616\" class=\"accordion-item\">\n\t\t<a id=\"accordion-1466728616-label\" class=\"accordion-title plain\" href=\"#accordion-item-quali-sono-gli-ingredienti-di-nano-soma?\" aria-expanded=\"false\" aria-controls=\"accordion-1466728616-content\">\n\t\t\t<button class=\"toggle\" aria-label=\"Attiva\/Disattiva\"><i class=\"icon-angle-down\" aria-hidden=\"true\"><\/i><\/button>\n\t\t\t<span>Quali sono gli ingredienti di NANO SOMA?<\/span>\n\t\t<\/a>\n\t\t<div id=\"accordion-1466728616-content\" class=\"accordion-inner\" aria-labelledby=\"accordion-1466728616-label\">\n\t\t\t\n\n<p>Gli ingredienti principali di NANO SOMA sono una nanoemulsione di policosanolo ricavato dalla cera di riso e acqua, oltre a ingredienti minori per la stabilit\u00e0 della nanoemulsione.<\/p>\n\n\t\t<\/div>\n\t<\/div>\n\t\n\t<div id=\"accordion-1823539762\" class=\"accordion-item\">\n\t\t<a id=\"accordion-1823539762-label\" class=\"accordion-title plain\" href=\"#accordion-item-quanto-tempo-ci-vuole-per-vedere-gli-effetti-di-nano-soma\u00ae?\" aria-expanded=\"false\" aria-controls=\"accordion-1823539762-content\">\n\t\t\t<button class=\"toggle\" aria-label=\"Attiva\/Disattiva\"><i class=\"icon-angle-down\" aria-hidden=\"true\"><\/i><\/button>\n\t\t\t<span>Quanto tempo ci vuole per vedere gli effetti di NANO SOMA\u00ae?<\/span>\n\t\t<\/a>\n\t\t<div id=\"accordion-1823539762-content\" class=\"accordion-inner\" aria-labelledby=\"accordion-1823539762-label\">\n\t\t\t\n\n<p>Si suggerisce di usare il prodotto costantemente per 90 giorni prima di aspettarsi benefici visibili per la salute, ma molte persone notano miglioramenti prima.<\/p>\n\n\t\t<\/div>\n\t<\/div>\n\t\n\t<div id=\"accordion-3842920627\" class=\"accordion-item\">\n\t\t<a id=\"accordion-3842920627-label\" class=\"accordion-title plain\" href=\"#accordion-item-che-cos&#039;\u00e8-il-gel-topico-nano-soma\u00ae?\" aria-expanded=\"false\" aria-controls=\"accordion-3842920627-content\">\n\t\t\t<button class=\"toggle\" aria-label=\"Attiva\/Disattiva\"><i class=\"icon-angle-down\" aria-hidden=\"true\"><\/i><\/button>\n\t\t\t<span>Che cos&#039;\u00e8 il gel topico NANO SOMA\u00ae?<\/span>\n\t\t<\/a>\n\t\t<div id=\"accordion-3842920627-content\" class=\"accordion-inner\" aria-labelledby=\"accordion-3842920627-label\">\n\t\t\t\n\n<p>Il gel topico NANO SOMA\u00ae \u00e8 per la tua pelle. Si tratta di NANO SOMA con l&#8217;aggiunta di gomma xantana per renderlo adatto all&#8217;uso cutaneo. Aiuta la salute della pelle. <\/p>\n\n\t\t<\/div>\n\t<\/div>\n\t\n\t<div id=\"accordion-3884568362\" class=\"accordion-item\">\n\t\t<a id=\"accordion-3884568362-label\" class=\"accordion-title plain\" href=\"#accordion-item-cos&#039;\u00e8-la-crema-per-la-pelle-nano-soma\u00ae?\" aria-expanded=\"false\" aria-controls=\"accordion-3884568362-content\">\n\t\t\t<button class=\"toggle\" aria-label=\"Attiva\/Disattiva\"><i class=\"icon-angle-down\" aria-hidden=\"true\"><\/i><\/button>\n\t\t\t<span>Cos&#039;\u00e8 la crema per la pelle NANO SOMA\u00ae?<\/span>\n\t\t<\/a>\n\t\t<div id=\"accordion-3884568362-content\" class=\"accordion-inner\" aria-labelledby=\"accordion-3884568362-label\">\n\t\t\t\n\n<p>La crema per la pelle NANO SOMA\u00ae \u00e8 una crema liscia e priva di oli con lo stesso ingrediente chiave di NANO SOMA. Profuma di vaniglia, aiuta a lenire la pelle e riduce le linee sottili e le rughe. <\/p>\n\n\t\t<\/div>\n\t<\/div>\n\t\n\t<div id=\"accordion-1746598852\" class=\"accordion-item\">\n\t\t<a id=\"accordion-1746598852-label\" class=\"accordion-title plain\" href=\"#accordion-item-nano-soma-\u00e8-consigliato-a-persone-sane-o-affette-da-patologie?\" aria-expanded=\"false\" aria-controls=\"accordion-1746598852-content\">\n\t\t\t<button class=\"toggle\" aria-label=\"Attiva\/Disattiva\"><i class=\"icon-angle-down\" aria-hidden=\"true\"><\/i><\/button>\n\t\t\t<span>NANO SOMA \u00e8 consigliato a persone sane o affette da patologie?<\/span>\n\t\t<\/a>\n\t\t<div id=\"accordion-1746598852-content\" class=\"accordion-inner\" aria-labelledby=\"accordion-1746598852-label\">\n\t\t\t\n\n<p>NANO SOMA favorisce il funzionamento ottimale dell&#8217;organismo*.<\/p>\n\n\t\t<\/div>\n\t<\/div>\n\t\n\t<div id=\"accordion-3330234281\" class=\"accordion-item\">\n\t\t<a id=\"accordion-3330234281-label\" class=\"accordion-title plain\" href=\"#accordion-item-quando-\u00e8-meglio-assumere-nano-soma?-deve-essere-assunto-con-il-cibo-o-con-l&#039;acqua?-\" aria-expanded=\"false\" aria-controls=\"accordion-3330234281-content\">\n\t\t\t<button class=\"toggle\" aria-label=\"Attiva\/Disattiva\"><i class=\"icon-angle-down\" aria-hidden=\"true\"><\/i><\/button>\n\t\t\t<span>Quando \u00e8 meglio assumere NANO SOMA? Deve essere assunto con il cibo o con l&#039;acqua? <\/span>\n\t\t<\/a>\n\t\t<div id=\"accordion-3330234281-content\" class=\"accordion-inner\" aria-labelledby=\"accordion-3330234281-label\">\n\t\t\t\n\n<p>NANO SOMA pu\u00f2 essere assunto in qualsiasi momento della giornata e con o senza cibo e acqua.<\/p>\n\n\t\t<\/div>\n\t<\/div>\n\t\n\t<div id=\"accordion-4128059306\" class=\"accordion-item\">\n\t\t<a id=\"accordion-4128059306-label\" class=\"accordion-title plain\" href=\"#accordion-item-posso-assumere-nano-soma-se-ho-un&#039;allergia-alimentare-(arachidi,-crostacei,-sesamo,-ecc.)?\" aria-expanded=\"false\" aria-controls=\"accordion-4128059306-content\">\n\t\t\t<button class=\"toggle\" aria-label=\"Attiva\/Disattiva\"><i class=\"icon-angle-down\" aria-hidden=\"true\"><\/i><\/button>\n\t\t\t<span>Posso assumere NANO SOMA se ho un&#039;allergia alimentare (arachidi, crostacei, sesamo, ecc.)?<\/span>\n\t\t<\/a>\n\t\t<div id=\"accordion-4128059306-content\" class=\"accordion-inner\" aria-labelledby=\"accordion-4128059306-label\">\n\t\t\t\n\n<p>NANO SOMA non presenta reazioni allergiche note.<\/p>\n\n\t\t<\/div>\n\t<\/div>\n\t\n\t<div id=\"accordion-4073033194\" class=\"accordion-item\">\n\t\t<a id=\"accordion-4073033194-label\" class=\"accordion-title plain\" href=\"#accordion-item-\u00c8-possibile-assumere-nano-soma-con-farmaci-da-prescrizione-o-anticoagulanti?\" aria-expanded=\"false\" aria-controls=\"accordion-4073033194-content\">\n\t\t\t<button class=\"toggle\" aria-label=\"Attiva\/Disattiva\"><i class=\"icon-angle-down\" aria-hidden=\"true\"><\/i><\/button>\n\t\t\t<span>\u00c8 possibile assumere NANO SOMA con farmaci da prescrizione o anticoagulanti?<\/span>\n\t\t<\/a>\n\t\t<div id=\"accordion-4073033194-content\" class=\"accordion-inner\" aria-labelledby=\"accordion-4073033194-label\">\n\t\t\t\n\n<p>Non sono note interazioni tra NANO SOMA e i farmaci da prescrizione.<\/p>\n\n\t\t<\/div>\n\t<\/div>\n\t\n\t<div id=\"accordion-1587369321\" class=\"accordion-item\">\n\t\t<a id=\"accordion-1587369321-label\" class=\"accordion-title plain\" href=\"#accordion-item-nano-soma-\u00e8-sicuro-per-i-bambini-e-i-neonati?\" aria-expanded=\"false\" aria-controls=\"accordion-1587369321-content\">\n\t\t\t<button class=\"toggle\" aria-label=\"Attiva\/Disattiva\"><i class=\"icon-angle-down\" aria-hidden=\"true\"><\/i><\/button>\n\t\t\t<span>NANO SOMA \u00e8 sicuro per i bambini e i neonati?<\/span>\n\t\t<\/a>\n\t\t<div id=\"accordion-1587369321-content\" class=\"accordion-inner\" aria-labelledby=\"accordion-1587369321-label\">\n\t\t\t\n\n<p>S\u00ec, NANO SOMA \u00e8 sicuro per i bambini e i neonati, ma parlane con il tuo medico.<\/p>\n\n\t\t<\/div>\n\t<\/div>\n\t\n\t<div id=\"accordion-1891999716\" class=\"accordion-item\">\n\t\t<a id=\"accordion-1891999716-label\" class=\"accordion-title plain\" href=\"#accordion-item-quali-sono-le-dosi-giornaliere-raccomandate-e-massime?\" aria-expanded=\"false\" aria-controls=\"accordion-1891999716-content\">\n\t\t\t<button class=\"toggle\" aria-label=\"Attiva\/Disattiva\"><i class=\"icon-angle-down\" aria-hidden=\"true\"><\/i><\/button>\n\t\t\t<span>Quali sono le dosi giornaliere raccomandate e massime?<\/span>\n\t\t<\/a>\n\t\t<div id=\"accordion-1891999716-content\" class=\"accordion-inner\" aria-labelledby=\"accordion-1891999716-label\">\n\t\t\t\n\n<p>La quantit\u00e0 abituale da utilizzare per mantenersi in salute \u00e8 di cinque spruzzi di NANO SOMA al giorno. Puoi usarne di pi\u00f9 se vuoi. <strong><a href=\"https:\/\/iwantmyhealthback.com\/it\/protocollo-duso\/\">Questo documento<\/a><\/strong> fornisce maggiori dettagli su come utilizzare la famiglia di prodotti MagicDichol. <\/p>\n\n\t\t<\/div>\n\t<\/div>\n\t\n\t<div id=\"accordion-3490983768\" class=\"accordion-item\">\n\t\t<a id=\"accordion-3490983768-label\" class=\"accordion-title plain\" href=\"#accordion-item-nano-soma-ha-effetti-collaterali?\" aria-expanded=\"false\" aria-controls=\"accordion-3490983768-content\">\n\t\t\t<button class=\"toggle\" aria-label=\"Attiva\/Disattiva\"><i class=\"icon-angle-down\" aria-hidden=\"true\"><\/i><\/button>\n\t\t\t<span>NANO SOMA ha effetti collaterali?<\/span>\n\t\t<\/a>\n\t\t<div id=\"accordion-3490983768-content\" class=\"accordion-inner\" aria-labelledby=\"accordion-3490983768-label\">\n\t\t\t\n\n<p>NANO SOMA \u00e8 composto da ingredienti alimentari completamente naturali e non ha effetti collaterali noti. Il suo sviluppatore afferma che \u00e8 pi\u00f9 sicuro del sale e dello zucchero. <\/p>\n\n\t\t<\/div>\n\t<\/div>\n\t\n\n<\/div>\n\n\t\t<\/div>\n\t\t\t\t\t<\/div>\n\n\t\n\n<\/div>\n\n\t\t<\/div>\n\n\t\t\n<style>\n#section_2020666170 {\n  padding-top: 30px;\n  padding-bottom: 30px;\n}\n<\/style>\n\t<\/section>\n\t\n\n","protected":false},"excerpt":{"rendered":"","protected":false},"author":2,"featured_media":0,"parent":0,"menu_order":0,"comment_status":"closed","ping_status":"closed","template":"","meta":{"bwfblock_default_font":"","_uag_custom_page_level_css":"","footnotes":""},"class_list":["post-4590","page","type-page","status-publish","hentry"],"uagb_featured_image_src":{"full":false,"thumbnail":false,"medium":false,"medium_large":false,"large":false,"1536x1536":false,"2048x2048":false,"woocommerce_thumbnail":false,"woocommerce_single":false,"woocommerce_gallery_thumbnail":false},"uagb_author_info":{"display_name":"IWantMyHealthBack","author_link":"https:\/\/iwantmyhealthback.com\/it\/author\/anthonette\/"},"uagb_comment_info":0,"uagb_excerpt":null,"_links":{"self":[{"href":"https:\/\/iwantmyhealthback.com\/it\/wp-json\/wp\/v2\/pages\/4590","targetHints":{"allow":["GET"]}}],"collection":[{"href":"https:\/\/iwantmyhealthback.com\/it\/wp-json\/wp\/v2\/pages"}],"about":[{"href":"https:\/\/iwantmyhealthback.com\/it\/wp-json\/wp\/v2\/types\/page"}],"author":[{"embeddable":true,"href":"https:\/\/iwantmyhealthback.com\/it\/wp-json\/wp\/v2\/users\/2"}],"replies":[{"embeddable":true,"href":"https:\/\/iwantmyhealthback.com\/it\/wp-json\/wp\/v2\/comments?post=4590"}],"version-history":[{"count":0,"href":"https:\/\/iwantmyhealthback.com\/it\/wp-json\/wp\/v2\/pages\/4590\/revisions"}],"wp:attachment":[{"href":"https:\/\/iwantmyhealthback.com\/it\/wp-json\/wp\/v2\/media?parent=4590"}],"curies":[{"name":"wp","href":"https:\/\/api.w.org\/{rel}","templated":true}]}}