{"id":4577,"date":"2024-07-11T03:00:08","date_gmt":"2024-07-11T07:00:08","guid":{"rendered":"https:\/\/iwantmyhealthback.com\/metadichol-e-vitamina-c\/"},"modified":"2025-06-19T08:48:07","modified_gmt":"2025-06-19T12:48:07","slug":"metadichol-e-vitamina-c","status":"publish","type":"page","link":"https:\/\/iwantmyhealthback.com\/it\/metadichol-e-vitamina-c\/","title":{"rendered":"Metadichol\u00ae e Vitamina C"},"content":{"rendered":"\n\n\t<section class=\"section has-scroll-for-more\" id=\"section_1202381468\">\n\t\t<div class=\"section-bg fill\" >\n\t\t\t\t\t\t\t\t\t<button class=\"scroll-for-more z-5 icon absolute bottom h-center\" aria-label=\"Scorri per ulteriori info\"><i class=\"icon-angle-down\" aria-hidden=\"true\" style=\"font-size:42px;\"><\/i><\/button>\n\t\t\t\n\t<div class=\"is-border\"\n\t\tstyle=\"border-width:0px 0px 0px 0px;\">\n\t<\/div>\n\n\t\t<\/div>\n\n\t\t\n\n\t\t<div class=\"section-content relative\">\n\t\t\t\n\n<div class=\"row align-center\"  id=\"row-834640841\">\n\n\n\t<div id=\"col-670385438\" class=\"col medium-8 small-10 large-10\"  >\n\t\t\t\t<div class=\"col-inner text-center\"  >\n\t\t\t\n\t\t\t\n\n<h3>Maggiori informazioni<\/h3>\n<h2 style=\"font-size:250%;\">METADICHOL\u00ae E VITAMINA C<\/h2>\n<p>Come il Metadichol\u00ae, l&#8217;ingrediente chiave della famiglia di prodotti MagicDichol\u00ae, induce la vitamina C nell&#8217;organismo.<\/p>\n\n\n\t\t<\/div>\n\t\t\t\t\n<style>\n#col-670385438 > .col-inner {\n  padding: 40px 0px 0px 0px;\n}\n<\/style>\n\t<\/div>\n\n\t\n\n<\/div>\n\n\t\t<\/div>\n\n\t\t\n<style>\n#section_1202381468 {\n  padding-top: 0px;\n  padding-bottom: 0px;\n}\n@media (min-width:550px) {\n  #section_1202381468 {\n    padding-top: 30px;\n    padding-bottom: 30px;\n  }\n}\n<\/style>\n\t<\/section>\n\t\n\n\t<section class=\"section\" id=\"section_2126423750\">\n\t\t<div class=\"section-bg fill\" >\n\t\t\t\t\t\t\t\t\t\n\t\t\t\n\n\t\t<\/div>\n\n\t\t\n\n\t\t<div class=\"section-content relative\">\n\t\t\t\n\n<div class=\"row\"  id=\"row-393463906\">\n\n\n\t<div id=\"col-394024289\" class=\"col small-12 large-12\"  >\n\t\t\t\t<div class=\"col-inner\"  >\n\t\t\t\n\t\t\t\n\n<div class=\"accordion\">\n\n\t<div id=\"accordion-1729069935\" class=\"accordion-item\">\n\t\t<a id=\"accordion-1729069935-label\" class=\"accordion-title plain\" href=\"#accordion-item-che-cos&#039;\u00e8-il-metadichol\u00ae-e-dove-\u00e8-disponibile?\" aria-expanded=\"false\" aria-controls=\"accordion-1729069935-content\">\n\t\t\t<button class=\"toggle\" aria-label=\"Attiva\/Disattiva\"><i class=\"icon-angle-down\" aria-hidden=\"true\"><\/i><\/button>\n\t\t\t<span>Che cos&#039;\u00e8 il Metadichol\u00ae e dove \u00e8 disponibile?<\/span>\n\t\t<\/a>\n\t\t<div id=\"accordion-1729069935-content\" class=\"accordion-inner\" aria-labelledby=\"accordion-1729069935-label\">\n\t\t\t\n\n<p style=\"margin: 0cm;\"><span lang=\"EN-US\" style=\"color: #0e101a;\">Il metadichol \u00e8 una nanoemulsione di policosanolo. Queste particelle di policosanolo sono inferiori a 60 nanometri. \u00c8 circa la met\u00e0 delle dimensioni di un virus. Essendo cos\u00ec piccoli, possono muoversi all&#8217;interno dell&#8217;organismo e supportarne la salute dove necessario. Il metadicholo \u00e8 la chiave dei prodotti MagicDichol: NANO SOMA\u00ae Liquid, NANO SOMA\u00ae Topical Gel e NANO SOMA\u00ae Skin Cream. Puoi acquistare questi prodotti nel nostro negozio. Per acquistare,  <\/span><a href=\"https:\/\/iwantmyhealthback.com\/it\/acquista-ora\/\" target=\"_blank\" rel=\"nofollow noopener\"><span lang=\"EN-US\">clicca qui.  <\/span><\/a><\/p>\n\n\n\t\t<\/div>\n\t<\/div>\n\t\n\t<div id=\"accordion-2189917117\" class=\"accordion-item\">\n\t\t<a id=\"accordion-2189917117-label\" class=\"accordion-title plain\" href=\"#accordion-item-gli-esseri-umani-e-la-vitamina-c\" aria-expanded=\"false\" aria-controls=\"accordion-2189917117-content\">\n\t\t\t<button class=\"toggle\" aria-label=\"Attiva\/Disattiva\"><i class=\"icon-angle-down\" aria-hidden=\"true\"><\/i><\/button>\n\t\t\t<span>Gli esseri umani e la vitamina C<\/span>\n\t\t<\/a>\n\t\t<div id=\"accordion-2189917117-content\" class=\"accordion-inner\" aria-labelledby=\"accordion-2189917117-label\">\n\t\t\t\n\n<div class=\"row\"  id=\"row-300705417\">\n\n\n\t<div id=\"col-1539545301\" class=\"col small-12 large-12\"  >\n\t\t\t\t<div class=\"col-inner text-center\"  >\n\t\t\t\n\t\t\t\n\n\t<div id=\"text-2193135946\" class=\"text\">\n\t\t\n\n<p style=\"margin: 0cm;\"><span lang=\"EN-US\" style=\"color: #0e101a;\">Circa 40 milioni di anni fa, gli esseri umani hanno perso la capacit\u00e0 di produrre vitamina C a causa di un gene che ha smesso di funzionare correttamente. Il gene non \u00e8 in grado di produrre un enzima necessario per trasformare gli zuccheri presenti nel nostro fegato in vitamina C. La maggior parte degli altri animali non ha questo problema. Producono naturalmente la vitamina C e non soffrono delle stesse malattie cardiache e arteriose che colpiscono gli esseri umani.  <\/p>\n<p>Nessun farmaco pu\u00f2 sostituire la vitamina C. La vitamina C \u00e8 importante perch\u00e9 aiuta a prevenire molte malattie. Tra questi vi sono: cataratta, calcoli biliari, debolezza dei vasi sanguigni, allergie, facilit\u00e0 ad ammalarsi, anemia, colesterolo nelle arterie, pressione alta, problemi cardiaci e altro ancora. Non abbiamo bisogno di nuovi farmaci per questo. Invece, assumere una quantit\u00e0 sufficiente di vitamina C in altri modi pu\u00f2 essere d&#8217;aiuto.   <\/p>\n\t\t\n<style>\n#text-2193135946 {\n  font-size: 1rem;\n  text-align: left;\n}\n@media (min-width:550px) {\n  #text-2193135946 {\n    font-size: 1rem;\n  }\n}\n<\/style>\n\t<\/div>\n\t\n\t<div id=\"gap-1163631611\" class=\"gap-element clearfix hide-for-small\" style=\"display:block; height:auto;\">\n\t\t\n<style>\n#gap-1163631611 {\n  padding-top: 30px;\n}\n<\/style>\n\t<\/div>\n\t\n\n\n\t\t<\/div>\n\t\t\t\t\t<\/div>\n\n\t\n\n<\/div>\n\n\t\t<\/div>\n\t<\/div>\n\t\n\t<div id=\"accordion-738028281\" class=\"accordion-item\">\n\t\t<a id=\"accordion-738028281-label\" class=\"accordion-title plain\" href=\"#accordion-item-le-sfide-dell&#039;assunzione-di-vitamina-c\" aria-expanded=\"false\" aria-controls=\"accordion-738028281-content\">\n\t\t\t<button class=\"toggle\" aria-label=\"Attiva\/Disattiva\"><i class=\"icon-angle-down\" aria-hidden=\"true\"><\/i><\/button>\n\t\t\t<span>Le sfide dell&#039;assunzione di vitamina C<\/span>\n\t\t<\/a>\n\t\t<div id=\"accordion-738028281-content\" class=\"accordion-inner\" aria-labelledby=\"accordion-738028281-label\">\n\t\t\t\n\n<div class=\"row\"  id=\"row-1248795133\">\n\n\n\t<div id=\"col-1572978006\" class=\"col small-12 large-12\"  >\n\t\t\t\t<div class=\"col-inner text-center\"  >\n\t\t\t\n\t\t\t\n\n\t<div id=\"text-359470716\" class=\"text\">\n\t\t\n\n<p style=\"margin: 0cm;\"><span lang=\"EN-US\" style=\"color: #0e101a;\">Quando cerchi di aggiungere pi\u00f9 vitamina C al tuo corpo assumendo degli integratori, il tuo organismo ne pu\u00f2 utilizzare solo una quantit\u00e0 limitata. Una volta assunti circa 500 milligrammi, i reni iniziano a eliminare quelli in eccesso. Gli studi hanno dimostrato che il Metadichol aiuta il tuo corpo ad aumentare i livelli di Vitamina C molto pi\u00f9 di quanto possa fare la semplice assunzione di integratori.  <\/p>\n\t\t\n<style>\n#text-359470716 {\n  font-size: 1rem;\n  text-align: left;\n}\n@media (min-width:550px) {\n  #text-359470716 {\n    font-size: 1rem;\n  }\n}\n<\/style>\n\t<\/div>\n\t\n\t<div id=\"gap-2070257941\" class=\"gap-element clearfix hide-for-small\" style=\"display:block; height:auto;\">\n\t\t\n<style>\n#gap-2070257941 {\n  padding-top: 30px;\n}\n<\/style>\n\t<\/div>\n\t\n\n\n\t\t<\/div>\n\t\t\t\t\t<\/div>\n\n\t\n\n<\/div>\n\n\t\t<\/div>\n\t<\/div>\n\t\n\t<div id=\"accordion-1007645490\" class=\"accordion-item\">\n\t\t<a id=\"accordion-1007645490-label\" class=\"accordion-title plain\" aria-expanded=\"false\" aria-controls=\"accordion-1007645490-content\">\n\t\t\t<button class=\"toggle\" aria-label=\"Attiva\/Disattiva\"><i class=\"icon-angle-down\" aria-hidden=\"true\"><\/i><\/button>\n\t\t\t<span>Metadicholo e Vitamina C: Aumentare i livelli<\/span>\n\t\t<\/a>\n\t\t<div id=\"accordion-1007645490-content\" class=\"accordion-inner\" aria-labelledby=\"accordion-1007645490-label\">\n\t\t\t\n\n<div class=\"row\"  id=\"row-1038194493\">\n\n\n\t<div id=\"col-1418345196\" class=\"col small-12 large-12\"  >\n\t\t\t\t<div class=\"col-inner text-center\"  >\n\t\t\t\n\t\t\t\n\n\t<div id=\"text-152712298\" class=\"text\">\n\t\t\n\n<p style=\"margin: 0cm;\"><span lang=\"EN-US\" style=\"color: #0e101a;\">Quando il Metadichol aiuta il tuo organismo a produrre la propria Vitamina C, puoi averne una quantit\u00e0 molto maggiore nel tuo corpo. Questo \u00e8 un bene per la tua salute. La vitamina C \u00e8 necessaria per molti processi importanti. Contribuisce a mantenere regolare il tessuto connettivo, aiuta le ferite a ripararsi, aiuta le ossa a mantenersi sane e contribuisce alla produzione di elementi essenziali come l&#8217;adrenalina e gli ormoni tiroidei. Inoltre, aiuta a scomporre le proteine, a combattere le infezioni, a utilizzare il ferro e molto altro ancora.    <\/p>\n\t\t\n<style>\n#text-152712298 {\n  font-size: 1rem;\n  text-align: left;\n}\n@media (min-width:550px) {\n  #text-152712298 {\n    font-size: 1rem;\n  }\n}\n<\/style>\n\t<\/div>\n\t\n\t<div id=\"gap-441790814\" class=\"gap-element clearfix hide-for-small\" style=\"display:block; height:auto;\">\n\t\t\n<style>\n#gap-441790814 {\n  padding-top: 30px;\n}\n<\/style>\n\t<\/div>\n\t\n\n\n\t\t<\/div>\n\t\t\t\t\t<\/div>\n\n\t\n\n<\/div>\n\n\t\t<\/div>\n\t<\/div>\n\t\n\t<div id=\"accordion-4196943838\" class=\"accordion-item\">\n\t\t<a id=\"accordion-4196943838-label\" class=\"accordion-title plain\" href=\"#accordion-item-aumento-del-metadicol-e-della-vitamina-c-in-uno-studio-in-aperto\" aria-expanded=\"false\" aria-controls=\"accordion-4196943838-content\">\n\t\t\t<button class=\"toggle\" aria-label=\"Attiva\/Disattiva\"><i class=\"icon-angle-down\" aria-hidden=\"true\"><\/i><\/button>\n\t\t\t<span>Aumento del metadicol e della vitamina C in uno studio in aperto<\/span>\n\t\t<\/a>\n\t\t<div id=\"accordion-4196943838-content\" class=\"accordion-inner\" aria-labelledby=\"accordion-4196943838-label\">\n\t\t\t\n\n<div class=\"row\"  id=\"row-1691176171\">\n\n\n\t<div id=\"col-1181005465\" class=\"col small-12 large-12\"  >\n\t\t\t\t<div class=\"col-inner text-center\"  >\n\t\t\t\n\t\t\t\n\n\t<div id=\"text-879893692\" class=\"text\">\n\t\t\n\n<p style=\"margin: 0cm;\"><span lang=\"EN-US\" style=\"color: #0e101a;\">Raghavan PR (2017) Metadichol\u00ae e Vitamina C aumentano in vivo, uno studio in aperto. Vitam Miner 6: 163. doi: 10.4172\/2376- 1318.1000163  <\/p>\n<p>Di seguito, il Dr. Raghavan spiega come il Metadichol potrebbe far s\u00ec che l&#8217;organismo produca la propria Vitamina C.<\/p>\n\t\t\n<style>\n#text-879893692 {\n  font-size: 1rem;\n  text-align: left;\n}\n@media (min-width:550px) {\n  #text-879893692 {\n    font-size: 1rem;\n  }\n}\n<\/style>\n\t<\/div>\n\t\n\t<div class=\"img has-hover x md-x lg-x y md-y lg-y\" id=\"image_275808214\">\n\t\t\t\t\t\t\t\t<div class=\"img-inner dark\" >\n\t\t\t<img loading=\"lazy\" decoding=\"async\" width=\"697\" height=\"376\" src=\"https:\/\/iwantmyhealthback.com\/wp-content\/uploads\/2024\/07\/vitamin-c.png\" class=\"attachment-large size-large\" alt=\"\" srcset=\"https:\/\/iwantmyhealthback.com\/wp-content\/uploads\/2024\/07\/vitamin-c.png 697w, https:\/\/iwantmyhealthback.com\/wp-content\/uploads\/2024\/07\/vitamin-c-300x162.png 300w, https:\/\/iwantmyhealthback.com\/wp-content\/uploads\/2024\/07\/vitamin-c-510x275.png 510w\" sizes=\"auto, (max-width: 697px) 100vw, 697px\" \/>\t\t\t\t\t\t\n\t\t\t\t\t<\/div>\n\t\t\t\t\t\t\t\t\n<style>\n#image_275808214 {\n  width: 100%;\n}\n<\/style>\n\t<\/div>\n\t\n\n\t<div id=\"text-2118528118\" class=\"text\">\n\t\t\n\n<p style=\"margin: 0cm;\"><span lang=\"EN-US\" style=\"color: #0e101a;\">Questi grafici mostrano come il Metadichol sia in grado di aumentare i livelli di Vitamina C senza dover ricorrere a vitamine aggiuntive provenienti da alimenti o pillole.<\/p>\n\t\t\n<style>\n#text-2118528118 {\n  font-size: 1rem;\n  text-align: center;\n}\n@media (min-width:550px) {\n  #text-2118528118 {\n    font-size: 1rem;\n  }\n}\n<\/style>\n\t<\/div>\n\t\n\t<div class=\"img has-hover x md-x lg-x y md-y lg-y\" id=\"image_2015295687\">\n\t\t\t\t\t\t\t\t<div class=\"img-inner dark\" >\n\t\t\t<img loading=\"lazy\" decoding=\"async\" width=\"830\" height=\"400\" src=\"https:\/\/iwantmyhealthback.com\/wp-content\/uploads\/2024\/07\/vitamins-graph.png\" class=\"attachment-large size-large\" alt=\"\" srcset=\"https:\/\/iwantmyhealthback.com\/wp-content\/uploads\/2024\/07\/vitamins-graph.png 830w, https:\/\/iwantmyhealthback.com\/wp-content\/uploads\/2024\/07\/vitamins-graph-300x145.png 300w, https:\/\/iwantmyhealthback.com\/wp-content\/uploads\/2024\/07\/vitamins-graph-510x246.png 510w, https:\/\/iwantmyhealthback.com\/wp-content\/uploads\/2024\/07\/vitamins-graph-768x370.png 768w\" sizes=\"auto, (max-width: 830px) 100vw, 830px\" \/>\t\t\t\t\t\t\n\t\t\t\t\t<\/div>\n\t\t\t\t\t\t\t\t\n<style>\n#image_2015295687 {\n  width: 100%;\n}\n<\/style>\n\t<\/div>\n\t\n\n\t<div id=\"gap-597625290\" class=\"gap-element clearfix hide-for-small\" style=\"display:block; height:auto;\">\n\t\t\n<style>\n#gap-597625290 {\n  padding-top: 30px;\n}\n<\/style>\n\t<\/div>\n\t\n\n\n\t\t<\/div>\n\t\t\t\t\t<\/div>\n\n\t\n\n<\/div>\n\n\t\t<\/div>\n\t<\/div>\n\t\n\t<div id=\"accordion-1990841371\" class=\"accordion-item\">\n\t\t<a id=\"accordion-1990841371-label\" class=\"accordion-title plain\" aria-expanded=\"false\" aria-controls=\"accordion-1990841371-content\">\n\t\t\t<button class=\"toggle\" aria-label=\"Attiva\/Disattiva\"><i class=\"icon-angle-down\" aria-hidden=\"true\"><\/i><\/button>\n\t\t\t<span>Metadicholo e Vitamina C: Casi di studio<\/span>\n\t\t<\/a>\n\t\t<div id=\"accordion-1990841371-content\" class=\"accordion-inner\" aria-labelledby=\"accordion-1990841371-label\">\n\t\t\t\n\n<div class=\"row\"  id=\"row-725977498\">\n\n\n\t<div id=\"col-295435501\" class=\"col small-12 large-12\"  >\n\t\t\t\t<div class=\"col-inner text-center\"  >\n\t\t\t\n\t\t\t\n\n\t<div id=\"text-383736652\" class=\"text\">\n\t\t\n\n<p style=\"margin: 0cm;\"><span lang=\"EN-US\" style=\"color: #0e101a;\">Raghavan PR (2017) Alti livelli di vitamina C indotti da Metadichol\u00ae: Casi di studio. Vitam Miner 6: 169. doi: 10.4172\/2376- 1318.1000169  <\/p>\n\t\t\n<style>\n#text-383736652 {\n  font-size: 1rem;\n  text-align: left;\n}\n@media (min-width:550px) {\n  #text-383736652 {\n    font-size: 1rem;\n  }\n}\n<\/style>\n\t<\/div>\n\t\n\t<div class=\"img has-hover x md-x lg-x y md-y lg-y\" id=\"image_1444506829\">\n\t\t\t\t\t\t\t\t<div class=\"img-inner dark\" >\n\t\t\t<img loading=\"lazy\" decoding=\"async\" width=\"981\" height=\"423\" src=\"https:\/\/iwantmyhealthback.com\/wp-content\/uploads\/2024\/07\/vitaminc-graph2.png\" class=\"attachment-large size-large\" alt=\"\" srcset=\"https:\/\/iwantmyhealthback.com\/wp-content\/uploads\/2024\/07\/vitaminc-graph2.png 981w, https:\/\/iwantmyhealthback.com\/wp-content\/uploads\/2024\/07\/vitaminc-graph2-300x129.png 300w, https:\/\/iwantmyhealthback.com\/wp-content\/uploads\/2024\/07\/vitaminc-graph2-510x220.png 510w, https:\/\/iwantmyhealthback.com\/wp-content\/uploads\/2024\/07\/vitaminc-graph2-768x331.png 768w\" sizes=\"auto, (max-width: 981px) 100vw, 981px\" \/>\t\t\t\t\t\t\n\t\t\t\t\t<\/div>\n\t\t\t\t\t\t\t\t\n<style>\n#image_1444506829 {\n  width: 100%;\n}\n<\/style>\n\t<\/div>\n\t\n\n\t<div id=\"text-1331803687\" class=\"text\">\n\t\t\n\n<p>&#8220;Una sostanza che interferisce con le normali funzioni del sistema \u00e8 un farmaco. Una sostanza che ripristina la normale funzione del sistema \u00e8 un nutriente&#8221; &#8211; Dr. PR Raghavan, sviluppatore di Metadichol<\/p>\n\t\t\n<style>\n#text-1331803687 {\n  font-size: 1rem;\n  text-align: center;\n}\n@media (min-width:550px) {\n  #text-1331803687 {\n    font-size: 1.5rem;\n  }\n}\n<\/style>\n\t<\/div>\n\t\n\t<div id=\"text-1076468443\" class=\"text\">\n\t\t\n\n<p style=\"margin: 0cm;\"><span lang=\"EN-US\" style=\"color: #0e101a;\">La famiglia di prodotti MagicDichol non cura, non tratta e non guarisce nulla. Piuttosto, questi prodotti stimolano i meccanismi naturali di guarigione dell&#8217;organismo, che sono molto pi\u00f9 completi di quanto la maggior parte di noi possa immaginare. <\/p>\n\t\t\n<style>\n#text-1076468443 {\n  font-size: 1rem;\n  text-align: center;\n}\n@media (min-width:550px) {\n  #text-1076468443 {\n    font-size: 1rem;\n  }\n}\n<\/style>\n\t<\/div>\n\t\n\t<div id=\"gap-718413547\" class=\"gap-element clearfix hide-for-small\" style=\"display:block; height:auto;\">\n\t\t\n<style>\n#gap-718413547 {\n  padding-top: 30px;\n}\n<\/style>\n\t<\/div>\n\t\n\n\n\t\t<\/div>\n\t\t\t\t\t<\/div>\n\n\t\n\n<\/div>\n\n\t\t<\/div>\n\t<\/div>\n\t\n\n<\/div>\n\n\t\t<\/div>\n\t\t\t\t\t<\/div>\n\n\t\n\n<\/div>\n<div class=\"row\"  id=\"row-1931720360\">\n\n\n\t<div id=\"col-216571996\" class=\"col hide-for-small medium-4 small-12 large-4\"  >\n\t\t\t\t<div class=\"col-inner\"  >\n\t\t\t\n\t\t\t\n\n\n\t\t<\/div>\n\t\t\t\t\t<\/div>\n\n\t\n\n\t<div id=\"col-514370620\" class=\"col medium-4 small-12 large-4\"  >\n\t\t\t\t<div class=\"col-inner text-center\"  >\n\t\t\t\n\t\t\t\n\n<a href=\"https:\/\/iwantmyhealthback.com\/it\/acquista-ora\/\" target=\"_blank\" class=\"button primary is-large\" rel=\"noopener\" >\n\t\t<span>Per acquistare, clicca qui<\/span>\n\t<\/a>\n\n\n\n\t\t<\/div>\n\t\t\t\t\t<\/div>\n\n\t\n\n\t<div id=\"col-84445562\" class=\"col hide-for-small medium-4 small-12 large-4\"  >\n\t\t\t\t<div class=\"col-inner\"  >\n\t\t\t\n\t\t\t\n\n\n\t\t<\/div>\n\t\t\t\t\t<\/div>\n\n\t\n\n<\/div>\n\n\t\t<\/div>\n\n\t\t\n<style>\n#section_2126423750 {\n  padding-top: 30px;\n  padding-bottom: 30px;\n}\n<\/style>\n\t<\/section>\n\t\n\n","protected":false},"excerpt":{"rendered":"","protected":false},"author":2,"featured_media":0,"parent":0,"menu_order":0,"comment_status":"closed","ping_status":"closed","template":"page-blank.php","meta":{"bwfblock_default_font":"","_uag_custom_page_level_css":"","footnotes":""},"class_list":["post-4577","page","type-page","status-publish","hentry"],"uagb_featured_image_src":{"full":false,"thumbnail":false,"medium":false,"medium_large":false,"large":false,"1536x1536":false,"2048x2048":false,"woocommerce_thumbnail":false,"woocommerce_single":false,"woocommerce_gallery_thumbnail":false},"uagb_author_info":{"display_name":"IWantMyHealthBack","author_link":"https:\/\/iwantmyhealthback.com\/it\/author\/anthonette\/"},"uagb_comment_info":0,"uagb_excerpt":null,"_links":{"self":[{"href":"https:\/\/iwantmyhealthback.com\/it\/wp-json\/wp\/v2\/pages\/4577","targetHints":{"allow":["GET"]}}],"collection":[{"href":"https:\/\/iwantmyhealthback.com\/it\/wp-json\/wp\/v2\/pages"}],"about":[{"href":"https:\/\/iwantmyhealthback.com\/it\/wp-json\/wp\/v2\/types\/page"}],"author":[{"embeddable":true,"href":"https:\/\/iwantmyhealthback.com\/it\/wp-json\/wp\/v2\/users\/2"}],"replies":[{"embeddable":true,"href":"https:\/\/iwantmyhealthback.com\/it\/wp-json\/wp\/v2\/comments?post=4577"}],"version-history":[{"count":0,"href":"https:\/\/iwantmyhealthback.com\/it\/wp-json\/wp\/v2\/pages\/4577\/revisions"}],"wp:attachment":[{"href":"https:\/\/iwantmyhealthback.com\/it\/wp-json\/wp\/v2\/media?parent=4577"}],"curies":[{"name":"wp","href":"https:\/\/api.w.org\/{rel}","templated":true}]}}