{"id":4134,"date":"2024-07-07T04:17:09","date_gmt":"2024-07-07T08:17:09","guid":{"rendered":"https:\/\/iwantmyhealthback.com\/pubblicazioni-sulla-famiglia-di-prodotti-magicdichol\/"},"modified":"2025-05-21T08:42:16","modified_gmt":"2025-05-21T12:42:16","slug":"pubblicazioni-sulla-famiglia-di-prodotti-magicdichol","status":"publish","type":"page","link":"https:\/\/iwantmyhealthback.com\/it\/pubblicazioni-sulla-famiglia-di-prodotti-magicdichol\/","title":{"rendered":"Pubblicazioni sulla famiglia di prodotti MagicDichol"},"content":{"rendered":"\n\n\t<section class=\"section has-scroll-for-more\" id=\"section_939260799\">\n\t\t<div class=\"section-bg fill\" >\n\t\t\t\t\t\t\t\t\t<button class=\"scroll-for-more z-5 icon absolute bottom h-center\" aria-label=\"Scorri per ulteriori info\"><i class=\"icon-angle-down\" aria-hidden=\"true\" style=\"font-size:42px;\"><\/i><\/button>\n\t\t\t\n\t<div class=\"is-border\"\n\t\tstyle=\"border-width:0px 0px 0px 0px;\">\n\t<\/div>\n\n\t\t<\/div>\n\n\t\t\n\n\t\t<div class=\"section-content relative\">\n\t\t\t\n\n<div class=\"row align-center\"  id=\"row-1124036682\">\n\n\n\t<div id=\"col-1839103623\" class=\"col medium-8 small-10 large-10\"  >\n\t\t\t\t<div class=\"col-inner text-center\"  >\n\t\t\t\n\t\t\t\n\n<h3>Scienza<\/h3>\n<h2 style=\"font-size:230%;\">Pubblicazioni sulla famiglia di prodotti MagicDichol<\/h2>\n\n\n\t\t<\/div>\n\t\t\t\t\n<style>\n#col-1839103623 > .col-inner {\n  padding: 40px 0px 0px 0px;\n}\n<\/style>\n\t<\/div>\n\n\t\n\n<\/div>\n\n\t\t<\/div>\n\n\t\t\n<style>\n#section_939260799 {\n  padding-top: 30px;\n  padding-bottom: 30px;\n}\n<\/style>\n\t<\/section>\n\t\n\n\t<section class=\"section\" id=\"section_355484877\">\n\t\t<div class=\"section-bg fill\" >\n\t\t\t\t\t\t\t\t\t\n\t\t\t\n\n\t\t<\/div>\n\n\t\t\n\n\t\t<div class=\"section-content relative\">\n\t\t\t\n\n<div class=\"row\"  id=\"row-1048577947\">\n\n\n\t<div id=\"col-1619023915\" class=\"col small-12 large-12\"  >\n\t\t\t\t<div class=\"col-inner\"  >\n\t\t\t\n\t\t\t\n\n\t<div id=\"text-1876946634\" class=\"text\">\n\t\t\n\n<p>Ancora una volta, n\u00e9 Cosmic Connections (International) Limited, n\u00e9 MagicDichol, n\u00e9 altri individui o entit\u00e0 costituite che siano in qualche modo coinvolte nella vendita o nella commercializzazione di Metadichol in qualsiasi forma, fanno alcuna affermazione su Metadichol sulla base di queste testimonianze, al di l\u00e0 delle affermazioni fatte come parte dell&#8217;approvazione ufficiale o delle norme in base alle quali questi prodotti sono commercializzati in un determinato paese. Nessuno di noi \u00e8 un medico. I prodotti recensiti non sono destinati a diagnosticare, trattare, curare o prevenire alcuna malattia.    <\/p>\n<p>Le informazioni contenute in questo sito web o nei siti collegati non sono destinate a diagnosticare, trattare, curare o prevenire alcuna malattia. Le informazioni sono presentate solo a scopo educativo e non sono destinate a diagnosticare o prescrivere alcuna condizione medica o psicologica, n\u00e9 a prevenire, trattare, attenuare o curare tali condizioni. Le informazioni contenute nel presente documento non intendono sostituire un colloquio individuale&#8230; o un professionista sanitario qualificato. Pertanto, queste informazioni non sono da intendersi come consigli medici, ma piuttosto come condivisione di conoscenze e informazioni basate sulla ricerca e sull&#8217;esperienza.   <\/p>\n<p>Le affermazioni contenute in questo sito o nei siti collegati non sono state valutate dalla Food and Drug Administration, se non diversamente specificato.<\/p>\n<p>MagicDichol\u00ae ti incoraggia a prendere le tue decisioni in materia di salute sulla base del tuo giudizio e delle tue ricerche in collaborazione con un professionista sanitario qualificato.<\/p>\n<p>NULLA DI QUANTO CONTENUTO IN QUESTO SITO WEB \u00c8 INTESO O DEVE ESSERE INTERPRETATO COME UN CONSIGLIO MEDICO. I CONSUMATORI DOVREBBERO CONSULTARE I PROPRI MEDICI CURANTI PER RICEVERE RACCOMANDAZIONI MEDICHE INDIVIDUALI. LE INFORMAZIONI CONTENUTE IN QUESTO SITO WEB RIGUARDANO GLI INTEGRATORI ALIMENTARI, PRODOTTI CHE NON SONO FARMACI. I NOSTRI INTEGRATORI ALIMENTARI E PRODOTTI COSMETICI NON SONO DESTINATI ALL&#8217;USO COME MEZZO PER CURARE, TRATTARE, PREVENIRE, DIAGNOSTICARE O ATTENUARE QUALSIASI MALATTIA O ALTRA CONDIZIONE MEDICA O ANORMALE.   <\/p>\n\t\t\n<style>\n#text-1876946634 {\n  line-height: 1.95;\n}\n<\/style>\n\t<\/div>\n\t\n\n\t\t<\/div>\n\t\t\t\t\t<\/div>\n\n\t\n\n<\/div>\n\n\t\t<\/div>\n\n\t\t\n<style>\n#section_355484877 {\n  padding-top: 30px;\n  padding-bottom: 30px;\n}\n<\/style>\n\t<\/section>\n\t\n\n\t<section class=\"section\" id=\"section_1477927756\">\n\t\t<div class=\"section-bg fill\" >\n\t\t\t\t\t\t\t\t\t\n\t\t\t\n\n\t\t<\/div>\n\n\t\t\n\n\t\t<div class=\"section-content relative\">\n\t\t\t\n\n<div class=\"row\" style=\"max-width:800px\" id=\"row-1127092385\">\n\n\n\t<div id=\"col-1093622966\" class=\"col medium-6 small-12 large-6\"  >\n\t\t\t\t<div class=\"col-inner\"  >\n\t\t\t\n\t\t\t\n\n<a href=\"https:\/\/iwantmyhealthback.com\/it\/\" class=\"button primary is-outline expand\" >\n\t\t<span>Annullamento<\/span>\n\t<\/a>\n\n\n\n\t\t<\/div>\n\t\t\t\t\t<\/div>\n\n\t\n\n\t<div id=\"col-1240026810\" class=\"col medium-6 small-12 large-6\"  >\n\t\t\t\t<div class=\"col-inner\"  >\n\t\t\t\n\t\t\t\n\n<a href=\"https:\/\/iwantmyhealthback.com\/it\/pubblicazioni-su-metadichol-disponibili-su-siti-web-indipendenti\/\" class=\"button primary expand\" >\n\t\t<span>Continua<\/span>\n\t<\/a>\n\n\n\n\t\t<\/div>\n\t\t\t\t\t<\/div>\n\n\t\n\n<\/div>\n\n\t\t<\/div>\n\n\t\t\n<style>\n#section_1477927756 {\n  padding-top: 30px;\n  padding-bottom: 30px;\n}\n<\/style>\n\t<\/section>\n\t\n\n","protected":false},"excerpt":{"rendered":"","protected":false},"author":2,"featured_media":0,"parent":0,"menu_order":0,"comment_status":"closed","ping_status":"closed","template":"page-blank.php","meta":{"bwfblock_default_font":"","_uag_custom_page_level_css":"","footnotes":""},"class_list":["post-4134","page","type-page","status-publish","hentry"],"uagb_featured_image_src":{"full":false,"thumbnail":false,"medium":false,"medium_large":false,"large":false,"1536x1536":false,"2048x2048":false,"woocommerce_thumbnail":false,"woocommerce_single":false,"woocommerce_gallery_thumbnail":false},"uagb_author_info":{"display_name":"IWantMyHealthBack","author_link":"https:\/\/iwantmyhealthback.com\/it\/author\/anthonette\/"},"uagb_comment_info":0,"uagb_excerpt":null,"_links":{"self":[{"href":"https:\/\/iwantmyhealthback.com\/it\/wp-json\/wp\/v2\/pages\/4134","targetHints":{"allow":["GET"]}}],"collection":[{"href":"https:\/\/iwantmyhealthback.com\/it\/wp-json\/wp\/v2\/pages"}],"about":[{"href":"https:\/\/iwantmyhealthback.com\/it\/wp-json\/wp\/v2\/types\/page"}],"author":[{"embeddable":true,"href":"https:\/\/iwantmyhealthback.com\/it\/wp-json\/wp\/v2\/users\/2"}],"replies":[{"embeddable":true,"href":"https:\/\/iwantmyhealthback.com\/it\/wp-json\/wp\/v2\/comments?post=4134"}],"version-history":[{"count":0,"href":"https:\/\/iwantmyhealthback.com\/it\/wp-json\/wp\/v2\/pages\/4134\/revisions"}],"wp:attachment":[{"href":"https:\/\/iwantmyhealthback.com\/it\/wp-json\/wp\/v2\/media?parent=4134"}],"curies":[{"name":"wp","href":"https:\/\/api.w.org\/{rel}","templated":true}]}}