{"id":2316,"date":"2024-01-22T16:53:16","date_gmt":"2024-01-22T20:53:16","guid":{"rendered":"https:\/\/iwantmyhealthback.com\/politica-di-rimborso\/"},"modified":"2024-05-07T13:00:25","modified_gmt":"2024-05-07T17:00:25","slug":"politica-di-rimborso","status":"publish","type":"page","link":"https:\/\/iwantmyhealthback.com\/it\/politica-di-rimborso\/","title":{"rendered":"Politica di rimborso"},"content":{"rendered":"\n\n\t<section class=\"section\" id=\"section_984819192\">\n\t\t<div class=\"section-bg fill\" >\n\t\t\t\t\t\t\t\t\t\n\t\t\t\n\n\t\t<\/div>\n\n\t\t\n\n\t\t<div class=\"section-content relative\">\n\t\t\t\n\n<div class=\"row\"  id=\"row-1628732226\">\n\n\n\t<div id=\"col-1999193668\" class=\"col small-12 large-12\"  >\n\t\t\t\t<div class=\"col-inner\"  >\n\t\t\t\n\t\t\t\n\n\t<div id=\"text-3992453204\" class=\"text\">\n\t\t\n\n<h1><span style=\"font-size: 130%;\">Politica di rimborso<\/span><\/h1>\n<p>Grazie per aver acquistato i nostri prodotti su iWantMyHealthBack.com<\/p>\n<p>Per avere diritto al rimborso, devi restituire il prodotto entro 30 giorni di calendario dall&#8217;acquisto. Il prodotto deve essere nelle stesse condizioni in cui lo hai ricevuto e non deve essere danneggiato in alcun modo.<\/p>\n<p>Dopo aver ricevuto il tuo articolo, il nostro team di professionisti lo ispezioner\u00e0 ed elaborer\u00e0 il tuo rimborso. Il denaro verr\u00e0 rimborsato al metodo di pagamento originale che hai utilizzato durante l&#8217;acquisto. Per i pagamenti con carta di credito, potrebbero essere necessari da 5 a 10 giorni lavorativi prima che il rimborso venga visualizzato sull&#8217;estratto conto della carta di credito.<\/p>\n<p>Se il prodotto \u00e8 danneggiato in qualche modo o se hai avviato la restituzione dopo che sono trascorsi 30 giorni di calendario, non avrai diritto al rimborso.<\/p>\n<p>Se qualcosa non \u00e8 chiaro o hai altre domande, non esitare a contattare il nostro team di assistenza clienti all&#8217;indirizzo <a href=\"mailto:@iwantmyhealthback.com\">help@iwantmyhealthback.com<\/a>.<\/p>\n\t\t\n<style>\n#text-3992453204 {\n  line-height: 2.05;\n  color: rgb(0,0,0);\n}\n#text-3992453204 > * {\n  color: rgb(0,0,0);\n}\n<\/style>\n\t<\/div>\n\t\n\n\t\t<\/div>\n\t\t\t\t\t<\/div>\n\n\t\n\n<\/div>\n<div class=\"row align-middle align-center\"  id=\"row-1235772011\">\n\n\n\t<div id=\"col-1069755351\" class=\"col small-12 large-12\"  >\n\t\t\t\t<div class=\"col-inner text-center\"  >\n\t\t\t\n\t\t\t\n\n\t\t<div class=\"hidden\">\n\t\t\t\t\n\n<div class=\"uagb-container-inner-blocks-wrap\" style=\"font-family: Arial\"><p class=\"bwf-adv-heading bwf-adv-head-3a4912f bwf-width-default\"><a href=\"https:\/\/iwantmyhealthback.com\/privacy-policy\/\" data-type=\"page\" data-id=\"3\" target=\"_blank\" rel=\"noreferrer noopener\">Informativa sulla privacy<\/a>&nbsp;|&nbsp;<a href=\"https:\/\/iwantmyhealthback.com\/it\/termini-e-condizioni\/\" data-type=\"page\" data-id=\"41\" target=\"_blank\" rel=\"noreferrer noopener\">Termini<\/a>&nbsp;&nbsp;<a href=\"https:\/\/iwantmyhealthback.com\/it\/politica-di-rimborso\/\" data-type=\"page\" data-id=\"10\" target=\"_blank\" rel=\"noreferrer noopener\">Politica di rimborso&nbsp;<\/a>|&nbsp;<a href=\"https:\/\/iwantmyhealthback.com\/contact-us\/\" data-type=\"page\" data-id=\"42\" target=\"_blank\" rel=\"noreferrer noopener\">Contatto<\/a><br>iWantMyHealthBack.com Copyright. Tutti i diritti riservati.<\/p><\/div>\n\t\t<\/div>\n\t\n\n\t\t<\/div>\n\t\t\t\t\t<\/div>\n\n\t\n\n<\/div>\n\n\t\t<\/div>\n\n\t\t\n<style>\n#section_984819192 {\n  padding-top: 30px;\n  padding-bottom: 30px;\n}\n<\/style>\n\t<\/section>\n\t\n\t<div id=\"gap-2084619163\" class=\"gap-element clearfix\" style=\"display:block; height:auto;\">\n\t\t\n<style>\n#gap-2084619163 {\n  padding-top: 27px;\n}\n@media (min-width:550px) {\n  #gap-2084619163 {\n    padding-top: 100px;\n  }\n}\n<\/style>\n\t<\/div>\n\t\n\n\n","protected":false},"excerpt":{"rendered":"","protected":false},"author":1,"featured_media":0,"parent":0,"menu_order":0,"comment_status":"closed","ping_status":"closed","template":"","meta":{"bwfblock_default_font":"","_uag_custom_page_level_css":"","footnotes":""},"class_list":["post-2316","page","type-page","status-publish","hentry"],"uagb_featured_image_src":{"full":false,"thumbnail":false,"medium":false,"medium_large":false,"large":false,"1536x1536":false,"2048x2048":false,"woocommerce_thumbnail":false,"woocommerce_single":false,"woocommerce_gallery_thumbnail":false},"uagb_author_info":{"display_name":"IWantMyHealthBack","author_link":"https:\/\/iwantmyhealthback.com\/it\/author\/iwantmyhealth\/"},"uagb_comment_info":0,"uagb_excerpt":null,"_links":{"self":[{"href":"https:\/\/iwantmyhealthback.com\/it\/wp-json\/wp\/v2\/pages\/2316","targetHints":{"allow":["GET"]}}],"collection":[{"href":"https:\/\/iwantmyhealthback.com\/it\/wp-json\/wp\/v2\/pages"}],"about":[{"href":"https:\/\/iwantmyhealthback.com\/it\/wp-json\/wp\/v2\/types\/page"}],"author":[{"embeddable":true,"href":"https:\/\/iwantmyhealthback.com\/it\/wp-json\/wp\/v2\/users\/1"}],"replies":[{"embeddable":true,"href":"https:\/\/iwantmyhealthback.com\/it\/wp-json\/wp\/v2\/comments?post=2316"}],"version-history":[{"count":0,"href":"https:\/\/iwantmyhealthback.com\/it\/wp-json\/wp\/v2\/pages\/2316\/revisions"}],"wp:attachment":[{"href":"https:\/\/iwantmyhealthback.com\/it\/wp-json\/wp\/v2\/media?parent=2316"}],"curies":[{"name":"wp","href":"https:\/\/api.w.org\/{rel}","templated":true}]}}