{"id":2188,"date":"2024-01-22T16:47:54","date_gmt":"2024-01-22T20:47:54","guid":{"rendered":"https:\/\/iwantmyhealthback.com\/termini-e-condizioni\/"},"modified":"2024-06-17T05:19:33","modified_gmt":"2024-06-17T09:19:33","slug":"termini-e-condizioni","status":"publish","type":"page","link":"https:\/\/iwantmyhealthback.com\/it\/termini-e-condizioni\/","title":{"rendered":"Termini e condizioni"},"content":{"rendered":"\n\n\t<section class=\"section\" id=\"section_385689642\">\n\t\t<div class=\"section-bg fill\" >\n\t\t\t\t\t\t\t\t\t\n\t\t\t\n\n\t\t<\/div>\n\n\t\t\n\n\t\t<div class=\"section-content relative\">\n\t\t\t\n\n<div class=\"row\"  id=\"row-858561743\">\n\n\n\t<div id=\"col-332161121\" class=\"col small-12 large-12\"  >\n\t\t\t\t<div class=\"col-inner\"  >\n\t\t\t\n\t\t\t\n\n\t<div id=\"text-3825094668\" class=\"text\">\n\t\t\n\n<h1><span style=\"font-size: 130%;\">Termini e condizioni di utilizzo del sito<\/span><\/h1>\n<p>Dichiarazione di utilizzo del sito<\/p>\n<p>Ambito di applicazione della presente Dichiarazione &#8212; Accedendo e continuando a utilizzare il Sito Web da cui hai raggiunto la presente Dichiarazione, accetti i Termini della presente Dichiarazione. La presente Informativa sulla Privacy \u00e8 stata adottata da <b>IWantmyHealthBack.com<\/b><\/p>\n<p>.<\/p>\n<p>L&#8217;organizzazione si riserva tutti i diritti.<\/p>\n<p>N\u00e9 loro n\u00e9 il resto del personale dell&#8217;Organizzazione possono diagnosticare o trattare disturbi o malattie mediche. Le persone che necessitano di assistenza medica devono consultare un medico autorizzato.<\/p>\n<p>I contenuti dei siti web collegati alla presente Dichiarazione sono destinati esclusivamente alle giurisdizioni in cui la fornitura di tali informazioni \u00e8 lecita.<\/p>\n<p>L&#8217;accesso e l&#8217;utilizzo di questo sito sono soggetti ai seguenti termini e condizioni e a tutte le leggi applicabili. Puoi navigare in questo sito per intrattenimento e informazioni personali. Tuttavia, ti invitiamo a non distribuire, modificare, trasmettere o rivedere i contenuti di questo sito senza il nostro permesso scritto. I contenuti dei siti che rimandano a questa Dichiarazione includono materiali protetti da copyright che sono utilizzati con autorizzazione o sono offerti in base all&#8217;eccezione dell&#8217;uso corretto.<\/p>\n<p>Non forniamo alcuna garanzia o dichiarazione in merito all&#8217;accuratezza o alla completezza dei contenuti di questo sito o dei contenuti di qualsiasi sito o siti collegati a questo sito. N\u00e9 l&#8217;Organizzazione n\u00e9 le sue affiliate saranno responsabili di danni diretti, incidentali, consequenziali, indiretti o punitivi derivanti dall&#8217;accesso o dall&#8217;uso di qualsiasi contenuto di questo sito o dal contenuto di qualsiasi sito o siti collegati a questo sito.<\/p>\n<p>Qualsiasi comunicazione o materiale che l&#8217;utente pubblica o trasmette a noi tramite Internet \u00e8 e sar\u00e0 trattato come non confidenziale e non di propriet\u00e0 (ad eccezione di quanto previsto dalla Politica sulla privacy). Trasmettendo o inviando qualsiasi comunicazione o materiale a questi siti, l&#8217;utente accetta che l&#8217;Organizzazione o qualsiasi sua affiliata possa utilizzare la comunicazione o il materiale per qualsiasi scopo, compresa la riproduzione, la trasmissione, la pubblicazione, la trasmissione e l&#8217;invio. Potremmo non essere in grado di rispondere a tutti i messaggi pubblicati su questo sito. Inoltre, non pubblicare o trasmettere materiale illegale, minaccioso, calunnioso, diffamatorio, osceno, pornografico o blasfemo o qualsiasi materiale che possa costituire o incoraggiare una condotta considerata un reato o una violazione della legge. Rimuoveremo qualsiasi dichiarazione di questo tipo.<\/p>\n<p>Tutti i nomi, i loghi e i marchi che compaiono in questo sito, salvo diversa indicazione, sono marchi di fabbrica (marchi di servizio) di nostra propriet\u00e0 o utilizzati su licenza da noi o dalle nostre affiliate nelle aree geografiche in cui commercializzano prodotti e servizi con tali marchi, oppure sono un &#8220;uso corretto&#8221; di marchi o materiali di copyright di altri. \u00c8 severamente vietato l&#8217;uso illegale o l&#8217;abuso dei marchi, dei materiali coperti da copyright o di qualsiasi altro contenuto del sito, ad eccezione di quanto previsto nei presenti termini e condizioni o nel contenuto del sito. Accedendo a questo sito, accetti di rispettare i marchi, i diritti d&#8217;autore e altre propriet\u00e0 intellettuali protette pubblicate su questo sito o su siti ad esso collegati.<\/p>\n<p>Tutte le esperienze dei consumatori a cui si fa riferimento in questo sito web sono state offerte volontariamente dai creatori senza alcun incentivo. I risultati a cui si fa riferimento nelle Esperienze dei consumatori potrebbero non essere tipici e i risultati di altri potrebbero variare.<\/p>\n<p>Qualsiasi materiale di terze parti a cui puntano i link di questi siti, o che pu\u00f2 essere accessibile attraverso questi siti, \u00e8 di esclusiva responsabilit\u00e0 di coloro che pubblicano tali materiali; questo sito e i suoi affiliati non approvano o adottano alcuna informazione o affermazione contenuta in tali siti di terze parti. Forniamo i link all&#8217;utente solo per comodit\u00e0 e i link non implicano un&#8217;approvazione da parte nostra del sito di terzi o dei suoi contenuti. Tieni presente che le politiche sulla privacy dei siti collegati possono essere diverse dalle nostre e devi leggere i termini, le condizioni e le politiche sulla privacy di tali siti prima di divulgare informazioni personali.<\/p>\n<p>Avviso sul Digital Millennium Copyright Act (&#8220;DMCA&#8221;) &#8211; I materiali possono essere resi disponibili tramite questo sito web da terze parti che non rientrano nel nostro controllo. Non siamo obbligati a scansionare i contenuti utilizzati in relazione ai Siti per verificare l&#8217;inclusione di contenuti illegali o non consentiti. Tuttavia, rispettiamo gli interessi di copyright degli altri. La nostra politica \u00e8 quella di non consentire la permanenza su questo sito web di materiali che, secondo noi, violano i diritti d&#8217;autore di altre parti. Se ritieni che il materiale contenuto in questo sito web violi il diritto d&#8217;autore, devi inviarci una comunicazione scritta dettagliata via e-mail all&#8217;indirizzo help@iwantmyhealthback.com.<\/p>\n<p>.<\/p>\n<p>Inoltre, l&#8217;Organizzazione non si assume alcuna responsabilit\u00e0 legale per l&#8217;accuratezza, la completezza o l&#8217;utilit\u00e0 di qualsiasi informazione, prodotto o processo divulgato nel presente documento, n\u00e9 per l&#8217;assenza di virus informatici, e non dichiara che l&#8217;uso di tali informazioni, prodotti o processi non violi i diritti di propriet\u00e0 privata.<\/p>\n<p>Non offriamo prodotti o servizi a scopo di diagnosi, prescrizione, trattamento o pretesa di prevenire, attenuare o curare alcuna malattia, condizione medica o psicologica. Le dichiarazioni contenute in questi siti web non sono state valutate dalla Food and Drug Administration (FDA) degli Stati Uniti o da altre autorit\u00e0 governative, a meno che non sia indicato diversamente. Non facciamo discriminazioni sulla base di alcuna categorizzazione illegale. Forniamo servizi e\/o prodotti privatamente, solo con il consenso informato del destinatario.<\/p>\n<p>I prodotti dietetici e le altre sostanze e\/o i materiali, le attrezzature o i dispositivi di cui si parla in questo sito potrebbero non essere stati sottoposti a valutazione e\/o test da parte della FDA o di un&#8217;agenzia analoga di qualsiasi altro paese. I rischi che potrebbero essere determinati da tali test sono sconosciuti. Se queste sostanze sono integratori alimentari, non sono destinate a diagnosticare, trattare, curare o prevenire alcuna malattia. In alcune giurisdizioni, alcuni di questi possono essere considerati farmaci da prescrizione, sostanze controllate o di contrabbando o dispositivi medici. Poich\u00e9 le informazioni pubblicate sul sito web sono accessibili a chiunque in tutto il mondo, il sito non fornisce consigli legali, nutrizionali o medici che possano riguardare un particolare consumatore. I consumatori sono invitati a consultare un consulente legale locale e regionale e\/o un professionista della salute prima di effettuare qualsiasi acquisto di iscrizioni, prodotti e\/o servizi sul sito. Le opinioni espresse in questo sito, e nei siti a cui pu\u00f2 collegarsi, non sono necessariamente le opinioni dell&#8217;organizzazione promotrice e non sono adottate per scopi commerciali. Queste informazioni non hanno lo scopo di diagnosticare o prescrivere condizioni mediche o psicologiche, n\u00e9 pretendono di prevenire, trattare, attenuare o curare tali condizioni con mezzi medici standard. Non forniamo diagnosi, assistenza, trattamento o riabilitazione di individui, n\u00e9 applichiamo principi medici, di salute mentale o di sviluppo umano. Se i prodotti sono utili ai clienti, tale beneficio deriva dal loro valore nutritivo e non da un&#8217;azione farmacologica. Nella misura in cui l&#8217;organizzazione \u00e8 un&#8217;associazione privata, questo sito web \u00e8 &#8220;Associazione Espressiva&#8221;, ovvero l&#8217;espressione delle convinzioni dell&#8217;associazione attraverso le sue decisioni e attivit\u00e0 interne.<\/p>\n<p>Se l&#8217;utente acquista servizi o prodotti attraverso il sito web, riconosce di averlo fatto con il consenso informato e di aver concesso una licenza privata al fornitore dei Servizi per la fornitura di tali prodotti o servizi.<\/p>\n\t\t\n<style>\n#text-3825094668 {\n  line-height: 2.05;\n  color: rgb(0,0,0);\n}\n#text-3825094668 > * {\n  color: rgb(0,0,0);\n}\n<\/style>\n\t<\/div>\n\t\n\n\t\t<\/div>\n\t\t\t\t\t<\/div>\n\n\t\n\n<\/div>\n<div class=\"row align-middle align-center\"  id=\"row-1401978814\">\n\n\n\n<\/div>\n\n\t\t<\/div>\n\n\t\t\n<style>\n#section_385689642 {\n  padding-top: 30px;\n  padding-bottom: 30px;\n}\n<\/style>\n\t<\/section>\n\t\n\n","protected":false},"excerpt":{"rendered":"","protected":false},"author":2,"featured_media":0,"parent":0,"menu_order":0,"comment_status":"closed","ping_status":"closed","template":"","meta":{"bwfblock_default_font":"","_uag_custom_page_level_css":"","footnotes":""},"class_list":["post-2188","page","type-page","status-publish","hentry"],"uagb_featured_image_src":{"full":false,"thumbnail":false,"medium":false,"medium_large":false,"large":false,"1536x1536":false,"2048x2048":false,"woocommerce_thumbnail":false,"woocommerce_single":false,"woocommerce_gallery_thumbnail":false},"uagb_author_info":{"display_name":"IWantMyHealthBack","author_link":"https:\/\/iwantmyhealthback.com\/it\/author\/anthonette\/"},"uagb_comment_info":0,"uagb_excerpt":null,"_links":{"self":[{"href":"https:\/\/iwantmyhealthback.com\/it\/wp-json\/wp\/v2\/pages\/2188","targetHints":{"allow":["GET"]}}],"collection":[{"href":"https:\/\/iwantmyhealthback.com\/it\/wp-json\/wp\/v2\/pages"}],"about":[{"href":"https:\/\/iwantmyhealthback.com\/it\/wp-json\/wp\/v2\/types\/page"}],"author":[{"embeddable":true,"href":"https:\/\/iwantmyhealthback.com\/it\/wp-json\/wp\/v2\/users\/2"}],"replies":[{"embeddable":true,"href":"https:\/\/iwantmyhealthback.com\/it\/wp-json\/wp\/v2\/comments?post=2188"}],"version-history":[{"count":0,"href":"https:\/\/iwantmyhealthback.com\/it\/wp-json\/wp\/v2\/pages\/2188\/revisions"}],"wp:attachment":[{"href":"https:\/\/iwantmyhealthback.com\/it\/wp-json\/wp\/v2\/media?parent=2188"}],"curies":[{"name":"wp","href":"https:\/\/api.w.org\/{rel}","templated":true}]}}