{"id":2554,"date":"2024-01-29T19:39:55","date_gmt":"2024-01-29T23:39:55","guid":{"rendered":"https:\/\/iwantmyhealthback.com\/product\/metasomer-gel-topique\/"},"modified":"2025-05-07T06:06:42","modified_gmt":"2025-05-07T10:06:42","slug":"metasomer-gel-topique","status":"publish","type":"product","link":"https:\/\/iwantmyhealthback.com\/fr\/produit\/metasomer-gel-topique\/","title":{"rendered":"NANO SOMA\u00ae Topical Gel"},"content":{"rendered":"\n\t<section class=\"section\" id=\"section_1400026543\">\n\t\t<div class=\"section-bg fill\" >\n\t\t\t\t\t\t\t\t\t\n\t\t\t\n\n\t\t<\/div>\n\n\t\t\n\n\t\t<div class=\"section-content relative\">\n\t\t\t\n<p>NANO SOMA<sup>\u00ae<\/sup> Topical Gel est un gel de Metadichol\u00ae qui s&#8217;applique facilement sur la peau. De nombreuses personnes ont rapport\u00e9 des b\u00e9n\u00e9fices \u00e9tonnants de l&#8217;utilisation du gel topique NANO SOMA, que <a href=\"http:\/\/testimonials.thenanosoma.com\/\" target=\"_blank\" rel=\"noopener\">vous pouvez trouver ici<\/a>. Voici quelques exemples : <strong>L&#8217;image ci-dessous montre le changement d&#8217;apparence d&#8217;une bosse apr\u00e8s sept semaines d&#8217;utilisation du gel topique NANO SOMA.<\/strong><\/p>\n<figure class=\"text-center\"><img decoding=\"async\" src=\"https:\/\/magicdichol.info\/wp-content\/uploads\/2023\/12\/EL20neck20bump.png\" width=\"654\" height=\"217.70834350585938\" \/><\/figure>\n<p><strong>&#8220;J&#8217;ai \u00e9limin\u00e9 un grain de beaut\u00e9 en quelques jours en utilisant le NANO SOMA Topical Gel.&#8221;<\/strong><br \/>\n\u2013 <em>Randy Now<\/em><\/p>\n<hr \/>\n<p><strong>&#8220;Vendredi, j&#8217;ai fait remplacer mon deuxi\u00e8me genou. Aujourd&#8217;hui, dimanche, la chaleur et l&#8217;inconfort \u00e9taient insupportables. Sachant cela, j&#8217;avais pr\u00e9command\u00e9 le NANO SOMA Topical Gel. Ce soir, je l&#8217;ai appliqu\u00e9 sur toute la jambe. Comme un ma\u00eetre Reiki \u00e9liminant le traumatisme, le NANO SOMA Topical Gel a tout fait en une minute. Waouh. C&#8217;est tout.&#8221;<\/strong><br \/>\n\u2013 <em>Charlie Zev<\/em><\/p>\n<hr \/>\n<p><strong>&#8220;Ce NANO SOMA Topical Gel est un compl\u00e9ment miracle. Je l&#8217;ai utilis\u00e9 sur mes deux genoux quatre fois par jour pendant quatre jours. Les d\u00e9mangeaisons que j&#8217;avais depuis 15 ans ont compl\u00e8tement disparu. C&#8217;est un produit incroyable.&#8221;<\/strong><br \/>\n\u2013 <em>Seyed et Ummu Mohamed, Inde<\/em><\/p>\n<hr \/>\n<p>Le <strong>NANO SOMA Topical Gel<\/strong> est une nano-\u00e9mulsion d&#8217;alcools \u00e0 longue cha\u00eene que l&#8217;on trouve dans de nombreux aliments. Ces alcools sont couramment appel\u00e9s policosanol et sont pr\u00e9sents dans des aliments non raffin\u00e9s comme le riz, la canne \u00e0 sucre et le bl\u00e9. Cette nano-\u00e9mulsion de policosanol sous forme de gel est brevet\u00e9e par le Dr Raghavan (US 9006292).<\/p>\n<p><strong>MODE D&#8217;EMPLOI :<\/strong><br \/>\nAppliquer sur la peau selon les besoins.<\/p>\n<p><strong>BIENFAITS :<\/strong><\/p>\n<ul>\n<li>Revitalise la peau.*<\/li>\n<li>Soutient la cicatrisation normale.*<\/li>\n<li>Favorise une peau saine.*<\/li>\n<li>S\u00fbr \u00e0 utiliser autour des yeux et d&#8217;autres zones sensibles.*<\/li>\n<li>Favorise le soulagement de l&#8217;inconfort.*<\/li>\n<\/ul>\n<p><strong>Contenu :<\/strong> 1 fl. oz. (30 ml)<\/p>\n<p><strong>Ingr\u00e9dients :<\/strong><br \/>\nNano-\u00e9mulsion de policosanol, Vitamine E, Eau, Ester d&#8217;acide gras de saccharose, Acide citrique, Gomme xanthane comestible<\/p>\n<div class=\"row\"  id=\"row-1454578312\">\n\n\t<div id=\"col-458003066\" class=\"col small-12 large-12\"  >\n\t\t\t\t<div class=\"col-inner\"  >\n\t\t\t\n\t<div class=\"is-border\"\n\t\tstyle=\"border-color:rgb(204, 204, 204);border-width:2px 2px 2px 2px;\">\n\t<\/div>\n\t\t\t\n\t<div id=\"text-2472222642\" class=\"text\">\n\t\t\n<div style=\"text-align: center;\"><b>*Cette d\u00e9claration n&#8217;a pas \u00e9t\u00e9 \u00e9valu\u00e9e par la Food and Drug Administration.<br \/>\nCe produit n&#8217;est pas destin\u00e9 \u00e0 diagnostiquer ou \u00e0 prescrire une quelconque condition m\u00e9dicale, ni \u00e0 pr\u00e9venir, traiter, att\u00e9nuer ou gu\u00e9rir une telle condition.<br \/>\nSi vous souffrez d&#8217;une maladie ou d&#8217;un probl\u00e8me m\u00e9dical <\/b><strong>Consultez votre fournisseur de soins de sant\u00e9.<\/strong><\/div>\n\t\t\n<style>\n#text-2472222642 {\n  font-size: 0.9rem;\n}\n<\/style>\n\t<\/div>\n\t\n\t\t<\/div>\n\t\t\t\t\n<style>\n#col-458003066 > .col-inner {\n  padding: 10px 20px 10px 20px;\n}\n<\/style>\n\t<\/div>\n\n\t\n<\/div>\n\t\t<\/div>\n\n\t\t\n<style>\n#section_1400026543 {\n  padding-top: 30px;\n  padding-bottom: 30px;\n}\n<\/style>\n\t<\/section>\n\t\n","protected":false},"excerpt":{"rendered":"<p>NANO SOMA\u00ae Topical Gel est une forme de gel de Metadichol\u00ae \u00e0 appliquer facilement sur la peau. De nombreuses personnes ont rapport\u00e9 des bienfaits incroyables en utilisant le NANO SOMA Topical Gel, qui peuvent \u00eatre trouv\u00e9s <a href=\"https:\/\/iwantmyhealthback.com\/wp-content\/uploads\/2024\/01\/METASOMER-Topical-Gel-Testimonials.pdf\" target=\"_blank\" rel=\"noopener\">ici<\/a>. Voici quelques exemples :<\/p>\n","protected":false},"featured_media":11777,"comment_status":"open","ping_status":"closed","template":"","meta":{"bwfblock_default_font":"","_uag_custom_page_level_css":""},"product_brand":[],"product_cat":[77],"product_tag":[],"class_list":{"0":"post-2554","1":"product","2":"type-product","3":"status-publish","4":"has-post-thumbnail","6":"product_cat-sante","8":"first","9":"instock","10":"taxable","11":"shipping-taxable","12":"purchasable","13":"product-type-simple"},"uagb_featured_image_src":{"full":["https:\/\/iwantmyhealthback.com\/wp-content\/uploads\/2024\/01\/signal-2025-03-28-144430_002.jpeg",1142,1286,false],"thumbnail":["https:\/\/iwantmyhealthback.com\/wp-content\/uploads\/2024\/01\/signal-2025-03-28-144430_002-150x150.jpeg",150,150,true],"medium":["https:\/\/iwantmyhealthback.com\/wp-content\/uploads\/2024\/01\/signal-2025-03-28-144430_002-266x300.jpeg",266,300,true],"medium_large":["https:\/\/iwantmyhealthback.com\/wp-content\/uploads\/2024\/01\/signal-2025-03-28-144430_002-768x865.jpeg",768,865,true],"large":["https:\/\/iwantmyhealthback.com\/wp-content\/uploads\/2024\/01\/signal-2025-03-28-144430_002-909x1024.jpeg",909,1024,true],"1536x1536":["https:\/\/iwantmyhealthback.com\/wp-content\/uploads\/2024\/01\/signal-2025-03-28-144430_002.jpeg",1142,1286,false],"2048x2048":["https:\/\/iwantmyhealthback.com\/wp-content\/uploads\/2024\/01\/signal-2025-03-28-144430_002.jpeg",1142,1286,false],"woocommerce_thumbnail":["https:\/\/iwantmyhealthback.com\/wp-content\/uploads\/2024\/01\/signal-2025-03-28-144430_002-300x338.jpeg",300,338,true],"woocommerce_single":["https:\/\/iwantmyhealthback.com\/wp-content\/uploads\/2024\/01\/signal-2025-03-28-144430_002-510x574.jpeg",510,574,true],"woocommerce_gallery_thumbnail":["https:\/\/iwantmyhealthback.com\/wp-content\/uploads\/2024\/01\/signal-2025-03-28-144430_002-100x100.jpeg",100,100,true]},"uagb_author_info":{"display_name":"IWantMyHealthBack","author_link":"https:\/\/iwantmyhealthback.com\/fr\/author\/"},"uagb_comment_info":0,"uagb_excerpt":"NANO SOMA\u00ae Topical Gel est une forme de gel de Metadichol\u00ae \u00e0 appliquer facilement sur la peau. De nombreuses personnes ont rapport\u00e9 des bienfaits incroyables en utilisant le NANO SOMA Topical Gel, qui peuvent \u00eatre trouv\u00e9s ici. Voici quelques exemples :","_links":{"self":[{"href":"https:\/\/iwantmyhealthback.com\/fr\/wp-json\/wp\/v2\/product\/2554","targetHints":{"allow":["GET"]}}],"collection":[{"href":"https:\/\/iwantmyhealthback.com\/fr\/wp-json\/wp\/v2\/product"}],"about":[{"href":"https:\/\/iwantmyhealthback.com\/fr\/wp-json\/wp\/v2\/types\/product"}],"replies":[{"embeddable":true,"href":"https:\/\/iwantmyhealthback.com\/fr\/wp-json\/wp\/v2\/comments?post=2554"}],"wp:featuredmedia":[{"embeddable":true,"href":"https:\/\/iwantmyhealthback.com\/fr\/wp-json\/wp\/v2\/media\/11777"}],"wp:attachment":[{"href":"https:\/\/iwantmyhealthback.com\/fr\/wp-json\/wp\/v2\/media?parent=2554"}],"wp:term":[{"taxonomy":"product_brand","embeddable":true,"href":"https:\/\/iwantmyhealthback.com\/fr\/wp-json\/wp\/v2\/product_brand?post=2554"},{"taxonomy":"product_cat","embeddable":true,"href":"https:\/\/iwantmyhealthback.com\/fr\/wp-json\/wp\/v2\/product_cat?post=2554"},{"taxonomy":"product_tag","embeddable":true,"href":"https:\/\/iwantmyhealthback.com\/fr\/wp-json\/wp\/v2\/product_tag?post=2554"}],"curies":[{"name":"wp","href":"https:\/\/api.w.org\/{rel}","templated":true}]}}