{"id":2498,"date":"2024-01-30T15:09:26","date_gmt":"2024-01-30T19:09:26","guid":{"rendered":"https:\/\/iwantmyhealthback.com\/product\/nano-soma-liquide-paquet-de-12\/"},"modified":"2025-06-12T14:49:30","modified_gmt":"2025-06-12T18:49:30","slug":"nano-soma-liquid-12-pack","status":"publish","type":"product","link":"https:\/\/iwantmyhealthback.com\/fr\/produit\/nano-soma-liquid-12-pack\/","title":{"rendered":"NANO SOMA\u00ae Liquid &#8211; 12 Pack"},"content":{"rendered":"<p>NANO SOMA\u00ae Liquid est une <i>r\u00e9volution<\/i> pour votre sant\u00e9.<\/p>\n<p>Vous cherchez un outil simple, enti\u00e8rement naturel et puissant pour soutenir votre corps d&#8217;<i>une toute nouvelle mani\u00e8re ?<\/i><\/p>\n<p>NANO SOMA incite le corps \u00e0 :<\/p>\n<ul>\n<li>Produire de la vitamine C endog\u00e8ne<\/li>\n<li>R\u00e9guler le r\u00e9cepteur de la vitamine D<\/li>\n<li>R\u00e9gule tous les r\u00e9cepteurs nucl\u00e9aires 48\/9<\/li>\n<li>Favoriser un vieillissement en bonne sant\u00e9* gr\u00e2ce \u00e0 un soutien novateur des t\u00e9lom\u00e8res<\/li>\n<li>Favoriser une forte immunit\u00e9*<\/li>\n<\/ul>\n<p>Pourtant, NANO SOMA est un aliment, pas un m\u00e9dicament, et ses ingr\u00e9dients sont class\u00e9s comme GRAS (Generally Recognized as Safe) par la FDA.<\/p>\n<hr>\n<p class=\"text-center\" style=\"text-align: center;\"><b>&#8220;Une substance qui <i>interf\u00e8re avec <\/i>le fonctionnement normal du syst\u00e8me est un m\u00e9dicament ; une substance qui <i>r\u00e9tablit le <\/i>fonctionnement normal du syst\u00e8me est un nutriment.  <\/b><\/p>\n<p class=\"text-center\" style=\"text-align: center;\"><i>Raghavan<\/i>, cr\u00e9ateur de NANO SOMA.<\/p>\n<hr>\n<p><u>Qu&#8217;est-ce que NANO SOMA ?<\/u><\/p>\n<p>NANO SOMA est le nom de marque du <sup>Metadichol\u00ae<\/sup>. Le M\u00e9tadichol est une nano-\u00e9mulsion largement <a href=\"https:\/\/magicdichol.info\/worldwide-patents\" target=\"_blank\" rel=\"noopener\">brevet\u00e9e<\/a> d&#8217;alcools \u00e0 longue cha\u00eene connus sous le nom de <i>policosanol &#8211;<\/i> une substance naturelle qui est \u00e9limin\u00e9e de nos aliments lorsqu&#8217;ils sont raffin\u00e9s. <\/p>\n<p>NANO SOMA est comme la <b>cl\u00e9 manquante de la sant\u00e9 optimale de notre corps<\/b>, dont nous ignorions l&#8217;existence jusqu&#8217;\u00e0 ce qu&#8217;elle apparaisse.<\/p>\n<p><u>La r\u00e9volution de la sant\u00e9<\/u><\/p>\n<p>Parce que NANO SOMA est fabriqu\u00e9 \u00e0 partir d&#8217;aliments, le corps y r\u00e9agit de mani\u00e8re \u00e9tonnante. Plut\u00f4t que d&#8217;interf\u00e9rer avec les processus naturels, NANO SOMA <i>rappelle \u00e0 l&#8217;<\/i> organisme comment fonctionner de mani\u00e8re optimale. <\/p>\n<p>Il a \u00e9t\u00e9 d\u00e9montr\u00e9 que son ingr\u00e9dient cl\u00e9, le m\u00e9tadichol, peut <a href=\"https:\/\/www.researchgate.net\/publication\/361666714_Title_MetadicholR_is_a_nano_lipid_emulsion_that_expresses_all_48_nuclear_receptors_in_stem_and_somatic_cells\" target=\"_blank\" rel=\"noopener\"><b>r\u00e9guler les 48\/9 r\u00e9cepteurs nucl\u00e9aires<\/b><\/a> dans le noyau de la cellule et de les cr\u00e9er alors qu&#8217;ils n&#8217;existaient pas auparavant.<\/p>\n<p>Cela signifie qu&#8217;en pr\u00e9sence de NANO SOMA, votre corps est en mesure de produire ce dont il a besoin pour maintenir une sant\u00e9 id\u00e9ale &#8211; qu&#8217;il s&#8217;agisse de g\u00e8nes, de cellules et d&#8217;ADN sains, ou d&#8217;une immunit\u00e9 forte et de processus m\u00e9taboliques et de gu\u00e9rison robustes.<\/p>\n<p><u>Recommandations et rappels<\/u><\/p>\n<p>Encore une fois, NANO SOMA ne soigne pas, ne gu\u00e9rit pas et ne traite <i>rien.<\/i> <b>Il stimule<\/b> plut\u00f4t <b>les m\u00e9canismes naturels de gu\u00e9rison de l&#8217;organisme.<\/b><\/p>\n<p>Une utilisation r\u00e9guli\u00e8re est essentielle. Si vous prenez 5 pulv\u00e9risations une fois par jour (pour le maintien de la sant\u00e9), chaque bouteille dure environ 1 mois. Par cons\u00e9quent, si vous commencez votre voyage avec NANO SOMA, <b><u>nous vous recommandons d&#8217;acheter au moins 3 flacons<\/u><\/b>.  <\/p>\n<p>Il est g\u00e9n\u00e9ralement sugg\u00e9r\u00e9 d&#8217;attendre 90 jours d&#8217;utilisation avant d&#8217;esp\u00e9rer un r\u00e9sultat, donc l&#8217;achat d&#8217;au moins 3 bouteilles lors de votre premi\u00e8re commande est le meilleur moyen de soutenir votre voyage avec NANO SOMA.<\/p>\n<p>__<\/p>\n<p><strong>Ingr\u00e9dients :<\/strong><strong> <\/strong>Eau, Vitamine E TPGS, Policosanols, Conservateur (Sorbate de potassium), R\u00e9gulateur d&#8217;acidit\u00e9 (Acide citrique), Emulsifiant (Esters de saccharose d&#8217;acides gras)<\/p>\n<p>__<\/p>\n<p><i>Veuillez noter que ni les entreprises qui fournissent les produits \u00e0 base de m\u00e9tadichol, ni les directeurs ou les actionnaires de ces entreprises ne sont des m\u00e9decins et ne donnent pas de conseils m\u00e9dicaux. Pour obtenir un avis m\u00e9dical, veuillez consulter votre m\u00e9decin.  En outre, ces produits ne sont pas destin\u00e9s \u00e0 diagnostiquer, traiter, gu\u00e9rir ou pr\u00e9venir une quelconque maladie. Ils stimulent plut\u00f4t les m\u00e9canismes naturels de gu\u00e9rison du corps, qui sont bien plus complets que la plupart d&#8217;entre nous ne le pensent. <\/i><\/p>\n<div class=\"row\"  id=\"row-73813008\">\n\n\t<div id=\"col-1847542169\" class=\"col small-12 large-12\"  >\n\t\t\t\t<div class=\"col-inner\"  >\n\t\t\t\n\t<div class=\"is-border\"\n\t\tstyle=\"border-color:rgb(204, 204, 204);border-width:1px 1px 1px 1px;\">\n\t<\/div>\n\t\t\t\n\t<div id=\"text-708087246\" class=\"text\">\n\t\t\n<p>*Cette d\u00e9claration n&#8217;a pas \u00e9t\u00e9 \u00e9valu\u00e9e par la Food and Drug Administration. Ce produit n&#8217;est pas destin\u00e9 \u00e0 diagnostiquer ou \u00e0 prescrire une quelconque condition m\u00e9dicale, ni \u00e0 pr\u00e9venir, traiter, att\u00e9nuer ou gu\u00e9rir une telle condition. Si vous souffrez d&#8217;une maladie ou d&#8217;un probl\u00e8me m\u00e9dical, consultez votre fournisseur de soins de sant\u00e9.<\/p>\n<p>Les t\u00e9moignages, d\u00e9clarations et opinions pr\u00e9sent\u00e9s sur notre site web sont applicables et autoris\u00e9s par les personnes concern\u00e9es. Les r\u00e9sultats varient et peuvent ne pas \u00eatre repr\u00e9sentatifs de l&#8217;exp\u00e9rience d&#8217;autres personnes.<br \/>\n\t\t\n<style>\n#text-708087246 {\n  font-size: 0.75rem;\n  text-align: left;\n}\n<\/style>\n\t<\/div>\n\t\n\t\t<\/div>\n\t\t\t\t\n<style>\n#col-1847542169 > .col-inner {\n  padding: 20px 20px 20px 20px;\n}\n<\/style>\n\t<\/div>\n\n\t\n<\/div>\n","protected":false},"excerpt":{"rendered":"<p>NANO <sup>SOMA\u00ae<\/sup> Liquid est une <i>r\u00e9volution<\/i> pour votre sant\u00e9.<\/p>\n<p>Vous cherchez un outil simple, enti\u00e8rement naturel et puissant pour soutenir votre corps d&#8217;<i>une toute nouvelle mani\u00e8re ?<\/i><\/p>\n<p>NANO SOMA incite le corps \u00e0 :<\/p>\n<ul>\n<li>Produire de la vitamine C endog\u00e8ne<\/li>\n<li>R\u00e9guler le r\u00e9cepteur de la vitamine D<\/li>\n<li>R\u00e9gule tous les r\u00e9cepteurs nucl\u00e9aires 48\/9<\/li>\n<li>Favoriser un vieillissement en bonne sant\u00e9* gr\u00e2ce \u00e0 un soutien novateur des t\u00e9lom\u00e8res<\/li>\n<li>Favoriser une forte immunit\u00e9*<\/li>\n<\/ul>\n<p>Pourtant, NANO SOMA est un aliment, pas un m\u00e9dicament, et ses ingr\u00e9dients sont class\u00e9s comme GRAS (Generally Recognized as Safe) par la FDA.<\/p>\n","protected":false},"featured_media":1544,"comment_status":"open","ping_status":"closed","template":"","meta":{"bwfblock_default_font":"","_uag_custom_page_level_css":""},"product_brand":[],"product_cat":[67],"product_tag":[1210],"class_list":{"0":"post-2498","1":"product","2":"type-product","3":"status-publish","4":"has-post-thumbnail","6":"product_cat-paquet-de-12","7":"product_tag-nano-soma-liquide","9":"first","10":"instock","11":"sale","12":"taxable","13":"shipping-taxable","14":"purchasable","15":"product-type-simple"},"uagb_featured_image_src":{"full":["https:\/\/iwantmyhealthback.com\/wp-content\/uploads\/2024\/01\/USNS12PACKBottlesGradient20Nov2023.png",1142,1286,false],"thumbnail":["https:\/\/iwantmyhealthback.com\/wp-content\/uploads\/2024\/01\/USNS12PACKBottlesGradient20Nov2023-150x150.png",150,150,true],"medium":["https:\/\/iwantmyhealthback.com\/wp-content\/uploads\/2024\/01\/USNS12PACKBottlesGradient20Nov2023-266x300.png",266,300,true],"medium_large":["https:\/\/iwantmyhealthback.com\/wp-content\/uploads\/2024\/01\/USNS12PACKBottlesGradient20Nov2023-768x865.png",768,865,true],"large":["https:\/\/iwantmyhealthback.com\/wp-content\/uploads\/2024\/01\/USNS12PACKBottlesGradient20Nov2023-909x1024.png",909,1024,true],"1536x1536":["https:\/\/iwantmyhealthback.com\/wp-content\/uploads\/2024\/01\/USNS12PACKBottlesGradient20Nov2023.png",1142,1286,false],"2048x2048":["https:\/\/iwantmyhealthback.com\/wp-content\/uploads\/2024\/01\/USNS12PACKBottlesGradient20Nov2023.png",1142,1286,false],"woocommerce_thumbnail":["https:\/\/iwantmyhealthback.com\/wp-content\/uploads\/2024\/01\/USNS12PACKBottlesGradient20Nov2023-300x338.png",300,338,true],"woocommerce_single":["https:\/\/iwantmyhealthback.com\/wp-content\/uploads\/2024\/01\/USNS12PACKBottlesGradient20Nov2023-510x574.png",510,574,true],"woocommerce_gallery_thumbnail":["https:\/\/iwantmyhealthback.com\/wp-content\/uploads\/2024\/01\/USNS12PACKBottlesGradient20Nov2023-100x100.png",100,100,true]},"uagb_author_info":{"display_name":"IWantMyHealthBack","author_link":"https:\/\/iwantmyhealthback.com\/fr\/author\/"},"uagb_comment_info":0,"uagb_excerpt":"NANO SOMA\u00ae Liquid est une r\u00e9volution pour votre sant\u00e9. Vous cherchez un outil simple, enti\u00e8rement naturel et puissant pour soutenir votre corps d'une toute nouvelle mani\u00e8re ? NANO SOMA incite le corps \u00e0 : Produire de la vitamine C endog\u00e8ne R\u00e9guler le r\u00e9cepteur de la vitamine D R\u00e9gule tous les r\u00e9cepteurs nucl\u00e9aires 48\/9 Favoriser un\u2026","_links":{"self":[{"href":"https:\/\/iwantmyhealthback.com\/fr\/wp-json\/wp\/v2\/product\/2498","targetHints":{"allow":["GET"]}}],"collection":[{"href":"https:\/\/iwantmyhealthback.com\/fr\/wp-json\/wp\/v2\/product"}],"about":[{"href":"https:\/\/iwantmyhealthback.com\/fr\/wp-json\/wp\/v2\/types\/product"}],"replies":[{"embeddable":true,"href":"https:\/\/iwantmyhealthback.com\/fr\/wp-json\/wp\/v2\/comments?post=2498"}],"wp:featuredmedia":[{"embeddable":true,"href":"https:\/\/iwantmyhealthback.com\/fr\/wp-json\/wp\/v2\/media\/1544"}],"wp:attachment":[{"href":"https:\/\/iwantmyhealthback.com\/fr\/wp-json\/wp\/v2\/media?parent=2498"}],"wp:term":[{"taxonomy":"product_brand","embeddable":true,"href":"https:\/\/iwantmyhealthback.com\/fr\/wp-json\/wp\/v2\/product_brand?post=2498"},{"taxonomy":"product_cat","embeddable":true,"href":"https:\/\/iwantmyhealthback.com\/fr\/wp-json\/wp\/v2\/product_cat?post=2498"},{"taxonomy":"product_tag","embeddable":true,"href":"https:\/\/iwantmyhealthback.com\/fr\/wp-json\/wp\/v2\/product_tag?post=2498"}],"curies":[{"name":"wp","href":"https:\/\/api.w.org\/{rel}","templated":true}]}}