{"id":2452,"date":"2024-01-30T15:11:59","date_gmt":"2024-01-30T19:11:59","guid":{"rendered":"https:\/\/iwantmyhealthback.com\/product\/metasomer-gel-topique-paquet-de-12\/"},"modified":"2025-05-17T11:52:43","modified_gmt":"2025-05-17T15:52:43","slug":"metasomer-gel-topique-paquet-de-12","status":"publish","type":"product","link":"https:\/\/iwantmyhealthback.com\/fr\/produit\/metasomer-gel-topique-paquet-de-12\/","title":{"rendered":"NANO SOMA\u00ae Topical Gel &#8211; 12 Pack"},"content":{"rendered":"\n\t<section class=\"section\" id=\"section_1017480057\">\n\t\t<div class=\"section-bg fill\" >\n\t\t\t\t\t\t\t\t\t\n\t\t\t\n\n\t\t<\/div>\n\n\t\t\n\n\t\t<div class=\"section-content relative\">\n\t\t\t\n<p>NANO SOMA Topical Gel est un gel de Metadichol\u00ae qui s&#8217;applique facilement sur la peau. De nombreuses personnes ont rapport\u00e9 des b\u00e9n\u00e9fices \u00e9tonnants de l&#8217;utilisation de NANO SOMA Topical Gel, que <a href=\"https:\/\/iwantmyhealthback.com\/wp-content\/uploads\/2024\/01\/METASOMER-Topical-Gel-Testimonials.pdf\" target=\"_blank\" rel=\"noopener\">vous pouvez trouver ici.<\/a>  Voici quelques exemples :<\/p>\n<p><strong>L&#8217;image ci-dessous montre le changement d&#8217;apparence d&#8217;une bosse apr\u00e8s sept semaines d&#8217;utilisation du gel topique NANO SOMA.<\/strong><\/p>\n<figure class=\"text-center\"><img decoding=\"async\" src=\"https:\/\/magicdichol.info\/wp-content\/uploads\/2023\/12\/EL20neck20bump.png\" width=\"654\" height=\"217.70834350585938\"><\/figure>\n<p>&#8212;<\/p>\n<p><b>&#8220;J&#8217;ai pu me d\u00e9barrasser d&#8217;un grain de beaut\u00e9 en quelques jours gr\u00e2ce au gel topique NANO SOMA.<\/b><\/p>\n<p><b>Randy Now<\/b><\/p>\n<p>&#8212;<\/p>\n<p><b>&#8220;Vendredi, on m&#8217;a remplac\u00e9 mon deuxi\u00e8me genou. Dimanche, aujourd&#8217;hui, la chaleur et l&#8217;inconfort \u00e9taient insupportables. Sachant cela, j&#8217;ai pr\u00e9command\u00e9 le gel topique NANO SOMA. Ce soir, je l&#8217;ai appliqu\u00e9 sur toute la jambe. Comme un ma\u00eetre Reiki qui enl\u00e8ve le traumatisme, le gel topique NANO SOMA l&#8217;a fait en une minute. C&#8217;est incroyable. C&#8217;est \u00e7a.<\/b><\/p>\n<p><b>Charlie Zev<\/b><\/p>\n<p>&#8212;<\/p>\n<p><b>&#8220;Ce gel topique NANO SOMA est un compl\u00e9ment miracle. Je l&#8217;ai utilis\u00e9 sur mes deux genoux quatre fois par jour pendant quatre jours. Les d\u00e9mangeaisons que j&#8217;avais depuis 15 ans ont compl\u00e8tement disparu. C&#8217;est un produit extraordinaire.<\/b><\/p>\n<p><b>Seyed et Ummu Mohamed, Inde<\/b><\/p>\n<p>&#8212;<\/p>\n<p>NANO SOMA Topical Gel est une nano\u00e9mulsion d&#8217;alcools \u00e0 longue cha\u00eene que l&#8217;on trouve dans de nombreux aliments. Il est commun\u00e9ment appel\u00e9 policosanol et est pr\u00e9sent dans les aliments non raffin\u00e9s tels que le riz, la canne \u00e0 sucre et le bl\u00e9. Cette nano\u00e9mulsion de policosanol sous forme de gel est brevet\u00e9e par le Dr Raghavan (US 9006292).  <\/p>\n<p><strong>MODE D&#8217;EMPLOI :<br \/>\n<\/strong><\/p>\n<p>Appliquer sur la peau selon les besoins.<\/p>\n<p><strong>AVANTAGES :<br \/>\n<\/strong><\/p>\n<p>Revitalise la peau.*<br \/>\nFavorise une cicatrisation normale.*<br \/>\nFavorise une peau saine.*<br \/>\nPeut \u00eatre utilis\u00e9 en toute s\u00e9curit\u00e9 autour des yeux et autres zones sensibles.*<\/p>\n<p>Favorise le soulagement de l&#8217;inconfort.*<\/p>\n<p>Contenu : 1 fl. oz. (30 ml)  <\/p>\n<p><strong>Ingr\u00e9dients :<\/strong> Nano\u00e9mulsion de policosanol, vitamine E, eau, ester d&#8217;acide gras de saccharose, acide citrique, gomme de xanthane comestible.<\/p>\n<div class=\"row\"  id=\"row-1492055784\">\n\n\t<div id=\"col-724159589\" class=\"col small-12 large-12\"  >\n\t\t\t\t<div class=\"col-inner\"  >\n\t\t\t\n\t<div class=\"is-border\"\n\t\tstyle=\"border-color:rgb(204, 204, 204);border-width:2px 2px 2px 2px;\">\n\t<\/div>\n\t\t\t\n\t<div id=\"text-3367737267\" class=\"text\">\n\t\t\n<div style=\"text-align: center;\"><b>*Cette d\u00e9claration n&#8217;a pas \u00e9t\u00e9 \u00e9valu\u00e9e par la Food and Drug Administration. Ce produit n&#8217;est pas destin\u00e9 \u00e0 diagnostiquer ou \u00e0 prescrire une quelconque condition m\u00e9dicale, ni \u00e0 pr\u00e9venir, traiter, att\u00e9nuer ou gu\u00e9rir une telle condition. Si vous souffrez d&#8217;une maladie ou d&#8217;un probl\u00e8me m\u00e9dical    <\/b><strong>Consultez votre fournisseur de soins de sant\u00e9.<\/strong><\/div>\n\t\t\n<style>\n#text-3367737267 {\n  font-size: 0.9rem;\n}\n<\/style>\n\t<\/div>\n\t\n\t\t<\/div>\n\t\t\t\t\n<style>\n#col-724159589 > .col-inner {\n  padding: 10px 20px 10px 20px;\n}\n<\/style>\n\t<\/div>\n\n\t\n<\/div>\n\t\t<\/div>\n\n\t\t\n<style>\n#section_1017480057 {\n  padding-top: 30px;\n  padding-bottom: 30px;\n}\n<\/style>\n\t<\/section>\n\t\n","protected":false},"excerpt":{"rendered":"<p>NANO SOMA Topical Gel est un gel de Metadichol\u00ae qui s&#8217;applique facilement sur la peau. De nombreuses personnes ont rapport\u00e9 des b\u00e9n\u00e9fices \u00e9tonnants de l&#8217;utilisation de NANO SOMA Topical Gel, que <a href=\"https:\/\/iwantmyhealthback.com\/wp-content\/uploads\/2024\/01\/METASOMER-Topical-Gel-Testimonials.pdf\" target=\"_blank\" rel=\"noopener\">vous pouvez trouver ici.<\/a>  Voici quelques exemples :<\/p>\n","protected":false},"featured_media":11791,"comment_status":"open","ping_status":"closed","template":"","meta":{"bwfblock_default_font":"","_uag_custom_page_level_css":""},"product_brand":[],"product_cat":[67],"product_tag":[1222],"class_list":{"0":"post-2452","1":"product","2":"type-product","3":"status-publish","4":"has-post-thumbnail","6":"product_cat-paquet-de-12","7":"product_tag-nano-soma-topical-gel-fr","9":"first","10":"instock","11":"sale","12":"taxable","13":"shipping-taxable","14":"purchasable","15":"product-type-simple"},"uagb_featured_image_src":{"full":["https:\/\/iwantmyhealthback.com\/wp-content\/uploads\/2024\/01\/signal-2025-03-28-144430_004.jpeg",1142,1286,false],"thumbnail":["https:\/\/iwantmyhealthback.com\/wp-content\/uploads\/2024\/01\/signal-2025-03-28-144430_004-150x150.jpeg",150,150,true],"medium":["https:\/\/iwantmyhealthback.com\/wp-content\/uploads\/2024\/01\/signal-2025-03-28-144430_004-266x300.jpeg",266,300,true],"medium_large":["https:\/\/iwantmyhealthback.com\/wp-content\/uploads\/2024\/01\/signal-2025-03-28-144430_004-768x865.jpeg",768,865,true],"large":["https:\/\/iwantmyhealthback.com\/wp-content\/uploads\/2024\/01\/signal-2025-03-28-144430_004-909x1024.jpeg",909,1024,true],"1536x1536":["https:\/\/iwantmyhealthback.com\/wp-content\/uploads\/2024\/01\/signal-2025-03-28-144430_004.jpeg",1142,1286,false],"2048x2048":["https:\/\/iwantmyhealthback.com\/wp-content\/uploads\/2024\/01\/signal-2025-03-28-144430_004.jpeg",1142,1286,false],"woocommerce_thumbnail":["https:\/\/iwantmyhealthback.com\/wp-content\/uploads\/2024\/01\/signal-2025-03-28-144430_004-300x338.jpeg",300,338,true],"woocommerce_single":["https:\/\/iwantmyhealthback.com\/wp-content\/uploads\/2024\/01\/signal-2025-03-28-144430_004-510x574.jpeg",510,574,true],"woocommerce_gallery_thumbnail":["https:\/\/iwantmyhealthback.com\/wp-content\/uploads\/2024\/01\/signal-2025-03-28-144430_004-100x100.jpeg",100,100,true]},"uagb_author_info":{"display_name":"IWantMyHealthBack","author_link":"https:\/\/iwantmyhealthback.com\/fr\/author\/"},"uagb_comment_info":0,"uagb_excerpt":"NANO SOMA Topical Gel est un gel de Metadichol\u00ae qui s'applique facilement sur la peau. De nombreuses personnes ont rapport\u00e9 des b\u00e9n\u00e9fices \u00e9tonnants de l'utilisation de NANO SOMA Topical Gel, que vous pouvez trouver ici. Voici quelques exemples :","_links":{"self":[{"href":"https:\/\/iwantmyhealthback.com\/fr\/wp-json\/wp\/v2\/product\/2452","targetHints":{"allow":["GET"]}}],"collection":[{"href":"https:\/\/iwantmyhealthback.com\/fr\/wp-json\/wp\/v2\/product"}],"about":[{"href":"https:\/\/iwantmyhealthback.com\/fr\/wp-json\/wp\/v2\/types\/product"}],"replies":[{"embeddable":true,"href":"https:\/\/iwantmyhealthback.com\/fr\/wp-json\/wp\/v2\/comments?post=2452"}],"wp:featuredmedia":[{"embeddable":true,"href":"https:\/\/iwantmyhealthback.com\/fr\/wp-json\/wp\/v2\/media\/11791"}],"wp:attachment":[{"href":"https:\/\/iwantmyhealthback.com\/fr\/wp-json\/wp\/v2\/media?parent=2452"}],"wp:term":[{"taxonomy":"product_brand","embeddable":true,"href":"https:\/\/iwantmyhealthback.com\/fr\/wp-json\/wp\/v2\/product_brand?post=2452"},{"taxonomy":"product_cat","embeddable":true,"href":"https:\/\/iwantmyhealthback.com\/fr\/wp-json\/wp\/v2\/product_cat?post=2452"},{"taxonomy":"product_tag","embeddable":true,"href":"https:\/\/iwantmyhealthback.com\/fr\/wp-json\/wp\/v2\/product_tag?post=2452"}],"curies":[{"name":"wp","href":"https:\/\/api.w.org\/{rel}","templated":true}]}}