{"id":2448,"date":"2024-01-30T15:13:13","date_gmt":"2024-01-30T15:13:13","guid":{"rendered":"https:\/\/iwantmyhealthback.com\/product\/metasomer-telomerase-natural-skin-cream-12-pack\/"},"modified":"2025-10-19T17:47:29","modified_gmt":"2025-10-19T21:47:29","slug":"metasomer-telomerase-natural-skin-cream-12-pack","status":"publish","type":"product","link":"https:\/\/iwantmyhealthback.com\/fr\/produit\/metasomer-telomerase-natural-skin-cream-12-pack\/","title":{"rendered":"NANO SOMA\u00ae Skin Cream 12-pack"},"content":{"rendered":"\n\t<section class=\"section\" id=\"section_562147946\">\n\t\t<div class=\"section-bg fill\" >\n\t\t\t\t\t\t\t\t\t\n\t\t\t\n\n\t\t<\/div>\n\n\t\t\n\n\t\t<div class=\"section-content relative\">\n\t\t\t\n<p><strong>La cr\u00e8me NANO SOMA Skin Cream est une belle cr\u00e8me onctueuse, sans huile, avec un merveilleux parfum de vanilline biologique. Parce qu&#8217;elle d\u00e9clenche naturellement la production de vitamine C dans les cellules de la peau, la cr\u00e8me NANO SOMA Skin Cream d\u00e9clenche naturellement et facilement la restauration du collag\u00e8ne dans votre peau. <\/strong><\/p>\n<p><img loading=\"lazy\" decoding=\"async\" class=\"alignnone size-full wp-image-254\" src=\"https:\/\/magicdichol.info\/wp-content\/uploads\/2023\/12\/Topical20vitamin20C20for20skin20regeneration.jpg\" alt=\"\" width=\"815\" height=\"505\"><\/p>\n<p><strong>Voici une illustration de la cr\u00e8me NANO SOMA \u00e0 l&#8217;\u0153uvre :<\/strong><\/p>\n<p><strong><img loading=\"lazy\" decoding=\"async\" class=\"alignnone size-full wp-image-5493\" src=\"https:\/\/magicdichol.info\/wp-content\/uploads\/2023\/12\/Female-58-years-old.png\" alt=\"\" width=\"1021\" height=\"697\"><\/strong><\/p>\n<p><strong>D&#8217;apr\u00e8s notre exp\u00e9rience, ceux qui ont essay\u00e9 NANO SOMA Skin Cream l&#8217;ont tout simplement ADOR\u00c9 !<br \/>\n<\/strong><\/p>\n<p><strong>Contenu : 1 fl. oz. (30 ml)  <\/strong><\/p>\n<p><strong>INGR\u00c9DIENTS :<br \/>\nEau, Hemisqualane neossance, Glyc\u00e9rine, Alcool c\u00e9tost\u00e9arylique, Cire d&#8217;huile, Vitamine E TPGS, 2-Ph\u00e9noxy\u00e9thanol, Gomme xanthane, Policosanols, Sucrose monolaurate, Sorbate de potassium, Acide hyaluronique, Acide citrique monohydrat\u00e9, Parfum (lait de vanille)<\/strong><\/p>\n<p><strong>Les ingr\u00e9dients sont g\u00e9n\u00e9ralement reconnus comme s\u00fbrs (GRAS).<\/strong><\/p>\n<div class=\"row\"  id=\"row-401827674\">\n\n\t<div id=\"col-1150118738\" class=\"col small-12 large-12\"  >\n\t\t\t\t<div class=\"col-inner\"  >\n\t\t\t\n\t<div class=\"is-border\"\n\t\tstyle=\"border-color:rgb(204, 204, 204);border-width:1px 1px 1px 1px;\">\n\t<\/div>\n\t\t\t\n\t<div id=\"text-2824180239\" class=\"text\">\n\t\t\n<p>*Cette d\u00e9claration n&#8217;a pas \u00e9t\u00e9 \u00e9valu\u00e9e par la Food and Drug Administration. Ce produit n&#8217;est pas destin\u00e9 \u00e0 diagnostiquer ou \u00e0 prescrire une quelconque condition m\u00e9dicale, ni \u00e0 pr\u00e9venir, traiter, att\u00e9nuer ou gu\u00e9rir une telle condition. Si vous souffrez d&#8217;une maladie ou d&#8217;un probl\u00e8me m\u00e9dical, consultez votre fournisseur de soins de sant\u00e9.<\/p>\n\t\t\n<style>\n#text-2824180239 {\n  font-size: 0.9rem;\n  text-align: left;\n}\n<\/style>\n\t<\/div>\n\t\n\t\t<\/div>\n\t\t\t\t\n<style>\n#col-1150118738 > .col-inner {\n  padding: 20px 20px 20px 20px;\n}\n<\/style>\n\t<\/div>\n\n\t\n<\/div>\n\t\t<\/div>\n\n\t\t\n<style>\n#section_562147946 {\n  padding-top: 30px;\n  padding-bottom: 30px;\n}\n<\/style>\n\t<\/section>\n\t\n","protected":false},"excerpt":{"rendered":"<p>La cr\u00e8me NANO SOMA Skin Cream est une belle cr\u00e8me onctueuse, sans huile, avec un merveilleux parfum de vanilline biologique. Parce qu&#8217;elle d\u00e9clenche naturellement la production de vitamine C dans les cellules de la peau, la cr\u00e8me NANO SOMA Skin Cream d\u00e9clenche naturellement et facilement la restauration du collag\u00e8ne dans votre peau. <\/p>\n","protected":false},"featured_media":18719,"comment_status":"open","ping_status":"closed","template":"","meta":{"bwfblock_default_font":"","_uag_custom_page_level_css":""},"product_brand":[],"product_cat":[67],"product_tag":[1216],"class_list":{"0":"post-2448","1":"product","2":"type-product","3":"status-publish","4":"has-post-thumbnail","6":"product_cat-paquet-de-12","7":"product_tag-nano-soma-creme-pour-la-peau","9":"first","10":"instock","11":"sale","12":"taxable","13":"shipping-taxable","14":"purchasable","15":"product-type-simple"},"uagb_featured_image_src":{"full":["https:\/\/iwantmyhealthback.com\/wp-content\/uploads\/2024\/01\/signal-2025-10-18-203311_004.jpeg",1142,1286,false],"thumbnail":["https:\/\/iwantmyhealthback.com\/wp-content\/uploads\/2024\/01\/signal-2025-10-18-203311_004-150x150.jpeg",150,150,true],"medium":["https:\/\/iwantmyhealthback.com\/wp-content\/uploads\/2024\/01\/signal-2025-10-18-203311_004-266x300.jpeg",266,300,true],"medium_large":["https:\/\/iwantmyhealthback.com\/wp-content\/uploads\/2024\/01\/signal-2025-10-18-203311_004-768x865.jpeg",768,865,true],"large":["https:\/\/iwantmyhealthback.com\/wp-content\/uploads\/2024\/01\/signal-2025-10-18-203311_004-909x1024.jpeg",909,1024,true],"1536x1536":["https:\/\/iwantmyhealthback.com\/wp-content\/uploads\/2024\/01\/signal-2025-10-18-203311_004.jpeg",1142,1286,false],"2048x2048":["https:\/\/iwantmyhealthback.com\/wp-content\/uploads\/2024\/01\/signal-2025-10-18-203311_004.jpeg",1142,1286,false],"woocommerce_thumbnail":["https:\/\/iwantmyhealthback.com\/wp-content\/uploads\/2024\/01\/signal-2025-10-18-203311_004-300x338.jpeg",300,338,true],"woocommerce_single":["https:\/\/iwantmyhealthback.com\/wp-content\/uploads\/2024\/01\/signal-2025-10-18-203311_004-510x574.jpeg",510,574,true],"woocommerce_gallery_thumbnail":["https:\/\/iwantmyhealthback.com\/wp-content\/uploads\/2024\/01\/signal-2025-10-18-203311_004-100x100.jpeg",100,100,true]},"uagb_author_info":{"display_name":"IWantMyHealthBack","author_link":"https:\/\/iwantmyhealthback.com\/fr\/author\/"},"uagb_comment_info":0,"uagb_excerpt":"La cr\u00e8me NANO SOMA Skin Cream est une belle cr\u00e8me onctueuse, sans huile, avec un merveilleux parfum de vanilline biologique. Parce qu'elle d\u00e9clenche naturellement la production de vitamine C dans les cellules de la peau, la cr\u00e8me NANO SOMA Skin Cream d\u00e9clenche naturellement et facilement la restauration du collag\u00e8ne dans votre peau.","_links":{"self":[{"href":"https:\/\/iwantmyhealthback.com\/fr\/wp-json\/wp\/v2\/product\/2448","targetHints":{"allow":["GET"]}}],"collection":[{"href":"https:\/\/iwantmyhealthback.com\/fr\/wp-json\/wp\/v2\/product"}],"about":[{"href":"https:\/\/iwantmyhealthback.com\/fr\/wp-json\/wp\/v2\/types\/product"}],"replies":[{"embeddable":true,"href":"https:\/\/iwantmyhealthback.com\/fr\/wp-json\/wp\/v2\/comments?post=2448"}],"wp:featuredmedia":[{"embeddable":true,"href":"https:\/\/iwantmyhealthback.com\/fr\/wp-json\/wp\/v2\/media\/18719"}],"wp:attachment":[{"href":"https:\/\/iwantmyhealthback.com\/fr\/wp-json\/wp\/v2\/media?parent=2448"}],"wp:term":[{"taxonomy":"product_brand","embeddable":true,"href":"https:\/\/iwantmyhealthback.com\/fr\/wp-json\/wp\/v2\/product_brand?post=2448"},{"taxonomy":"product_cat","embeddable":true,"href":"https:\/\/iwantmyhealthback.com\/fr\/wp-json\/wp\/v2\/product_cat?post=2448"},{"taxonomy":"product_tag","embeddable":true,"href":"https:\/\/iwantmyhealthback.com\/fr\/wp-json\/wp\/v2\/product_tag?post=2448"}],"curies":[{"name":"wp","href":"https:\/\/api.w.org\/{rel}","templated":true}]}}