{"id":2443,"date":"2024-03-15T16:31:07","date_gmt":"2024-03-15T16:31:07","guid":{"rendered":"https:\/\/iwantmyhealthback.com\/product\/pack-de-demarrage-magicdichol\/"},"modified":"2025-10-19T17:41:28","modified_gmt":"2025-10-19T21:41:28","slug":"pack-de-demarrage-magicdichol","status":"publish","type":"product","link":"https:\/\/iwantmyhealthback.com\/fr\/produit\/pack-de-demarrage-magicdichol\/","title":{"rendered":"Pack de d\u00e9marrage MagicDichol"},"content":{"rendered":"<p>Le <sup>MagicDichol\u00ae<\/sup> Starter Pack vous propose 3 flacons de NANO <sup>SOMA\u00ae<\/sup> Liquid, 1 NANO <sup>SOMA\u00ae<\/sup> Topical Gel et 1 NANO <sup>SOMA\u00ae<\/sup> Skin Cream, avec une r\u00e9duction de 15 % par rapport aux prix des flacons individuels.<\/p>\n<p>Le Pack de d\u00e9marrage MagicDichol est con\u00e7u pour vous pr\u00e9senter les 3 produits MagicDichol et pour vous aider \u00e0 commencer votre voyage extraordinaire avec ces produits \u00e9tonnants qui, pour beaucoup, changent la vie.<\/p>\n<p>NANO SOMA Ingr\u00e9dients : Eau, Vitamine E TPGS, Policosanols, Conservateur (Sorbate de potassium), R\u00e9gulateur d&#8217;acidit\u00e9 (Acide citrique), Emulsifiant (Esters de saccharose d&#8217;acides gras).<\/p>\n<p>Gel topique NANO SOMA Ingr\u00e9dients : Nano\u00e9mulsion de policosanol, vitamine E, eau, ester d&#8217;acide gras de saccharose, acide citrique, gomme de xanthane comestible.<\/p>\n<p>Ingr\u00e9dients de la cr\u00e8me pour la peau NANO SOMA : Eau, h\u00e9misqualane neossance, glyc\u00e9rine, alcool c\u00e9tost\u00e9arylique, cire d&#8217;huile, vitamine E TPGS, 2-ph\u00e9noxy\u00e9thanol, gomme xanthane, policosanols, monolaurate de saccharose, sorbate de potassium, acide hyaluronique, acide citrique monohydrat\u00e9, parfum (lait de vanille).<\/p>\n<div class=\"row\"  id=\"row-1983261294\">\n\n\t<div id=\"col-513006821\" class=\"col small-12 large-12\"  >\n\t\t\t\t<div class=\"col-inner\"  >\n\t\t\t\n\t<div class=\"is-border\"\n\t\tstyle=\"border-color:rgb(204, 204, 204);border-width:2px 2px 2px 2px;\">\n\t<\/div>\n\t\t\t\n\t<div id=\"text-3449311492\" class=\"text\">\n\t\t\n<div style=\"text-align: left;\">*Cette d\u00e9claration n&#8217;a pas \u00e9t\u00e9 \u00e9valu\u00e9e par la Food and Drug Administration. Ce produit n&#8217;est pas destin\u00e9 \u00e0 diagnostiquer ou \u00e0 prescrire une quelconque condition m\u00e9dicale, ni \u00e0 pr\u00e9venir, traiter, att\u00e9nuer ou gu\u00e9rir une telle condition. Si vous souffrez d&#8217;une maladie ou d&#8217;un probl\u00e8me m\u00e9dical, consultez votre fournisseur de soins de sant\u00e9.<\/div>\n\t\t\n<style>\n#text-3449311492 {\n  font-size: 0.75rem;\n  text-align: left;\n  color: rgb(0,0,0);\n}\n#text-3449311492 > * {\n  color: rgb(0,0,0);\n}\n<\/style>\n\t<\/div>\n\t\n\t\t<\/div>\n\t\t\t\t\n<style>\n#col-513006821 > .col-inner {\n  padding: 10px 20px 10px 20px;\n}\n<\/style>\n\t<\/div>\n\n\t\n<\/div>\n","protected":false},"excerpt":{"rendered":"<p>Le MagicDichol Starter Pack vous propose 3 flacons de NANO SOMA Liquid et 1 flacon de NANO SOMA Topical Gel et 1 flacon de NANO SOMA Skin Cream, avec une r\u00e9duction de 15 % par rapport au prix des flacons individuels.<\/p>\n","protected":false},"featured_media":18711,"comment_status":"open","ping_status":"closed","template":"","meta":{"bwfblock_default_font":"","_uag_custom_page_level_css":""},"product_brand":[],"product_cat":[62],"product_tag":[],"class_list":{"0":"post-2443","1":"product","2":"type-product","3":"status-publish","4":"has-post-thumbnail","6":"product_cat-pack-de-demarrage","8":"first","9":"instock","10":"sale","11":"taxable","12":"shipping-taxable","13":"purchasable","14":"product-type-simple"},"uagb_featured_image_src":{"full":["https:\/\/iwantmyhealthback.com\/wp-content\/uploads\/2024\/03\/MD-Starter-Pack-New-Cream-High-Quality-1.jpg",580,400,false],"thumbnail":["https:\/\/iwantmyhealthback.com\/wp-content\/uploads\/2024\/03\/MD-Starter-Pack-New-Cream-High-Quality-1-150x150.jpg",150,150,true],"medium":["https:\/\/iwantmyhealthback.com\/wp-content\/uploads\/2024\/03\/MD-Starter-Pack-New-Cream-High-Quality-1-300x207.jpg",300,207,true],"medium_large":["https:\/\/iwantmyhealthback.com\/wp-content\/uploads\/2024\/03\/MD-Starter-Pack-New-Cream-High-Quality-1.jpg",580,400,false],"large":["https:\/\/iwantmyhealthback.com\/wp-content\/uploads\/2024\/03\/MD-Starter-Pack-New-Cream-High-Quality-1.jpg",580,400,false],"1536x1536":["https:\/\/iwantmyhealthback.com\/wp-content\/uploads\/2024\/03\/MD-Starter-Pack-New-Cream-High-Quality-1.jpg",580,400,false],"2048x2048":["https:\/\/iwantmyhealthback.com\/wp-content\/uploads\/2024\/03\/MD-Starter-Pack-New-Cream-High-Quality-1.jpg",580,400,false],"woocommerce_thumbnail":["https:\/\/iwantmyhealthback.com\/wp-content\/uploads\/2024\/03\/MD-Starter-Pack-New-Cream-High-Quality-1-300x207.jpg",300,207,true],"woocommerce_single":["https:\/\/iwantmyhealthback.com\/wp-content\/uploads\/2024\/03\/MD-Starter-Pack-New-Cream-High-Quality-1-510x352.jpg",510,352,true],"woocommerce_gallery_thumbnail":["https:\/\/iwantmyhealthback.com\/wp-content\/uploads\/2024\/03\/MD-Starter-Pack-New-Cream-High-Quality-1-100x100.jpg",100,100,true]},"uagb_author_info":{"display_name":"IWantMyHealthBack","author_link":"https:\/\/iwantmyhealthback.com\/fr\/author\/"},"uagb_comment_info":0,"uagb_excerpt":"Le MagicDichol Starter Pack vous propose 3 flacons de NANO SOMA Liquid et 1 flacon de NANO SOMA Topical Gel et 1 flacon de NANO SOMA Skin Cream, avec une r\u00e9duction de 15 % par rapport au prix des flacons individuels.","_links":{"self":[{"href":"https:\/\/iwantmyhealthback.com\/fr\/wp-json\/wp\/v2\/product\/2443","targetHints":{"allow":["GET"]}}],"collection":[{"href":"https:\/\/iwantmyhealthback.com\/fr\/wp-json\/wp\/v2\/product"}],"about":[{"href":"https:\/\/iwantmyhealthback.com\/fr\/wp-json\/wp\/v2\/types\/product"}],"replies":[{"embeddable":true,"href":"https:\/\/iwantmyhealthback.com\/fr\/wp-json\/wp\/v2\/comments?post=2443"}],"wp:featuredmedia":[{"embeddable":true,"href":"https:\/\/iwantmyhealthback.com\/fr\/wp-json\/wp\/v2\/media\/18711"}],"wp:attachment":[{"href":"https:\/\/iwantmyhealthback.com\/fr\/wp-json\/wp\/v2\/media?parent=2443"}],"wp:term":[{"taxonomy":"product_brand","embeddable":true,"href":"https:\/\/iwantmyhealthback.com\/fr\/wp-json\/wp\/v2\/product_brand?post=2443"},{"taxonomy":"product_cat","embeddable":true,"href":"https:\/\/iwantmyhealthback.com\/fr\/wp-json\/wp\/v2\/product_cat?post=2443"},{"taxonomy":"product_tag","embeddable":true,"href":"https:\/\/iwantmyhealthback.com\/fr\/wp-json\/wp\/v2\/product_tag?post=2443"}],"curies":[{"name":"wp","href":"https:\/\/api.w.org\/{rel}","templated":true}]}}