{"id":7635,"date":"2024-10-16T03:45:03","date_gmt":"2024-10-16T07:45:03","guid":{"rendered":"https:\/\/iwantmyhealthback.com\/temoignage-de-sean-sur-nano-soma\/"},"modified":"2025-05-21T08:45:10","modified_gmt":"2025-05-21T12:45:10","slug":"temoignage-de-sean-sur-nano-soma","status":"publish","type":"page","link":"https:\/\/iwantmyhealthback.com\/fr\/temoignage-de-sean-sur-nano-soma\/","title":{"rendered":"T\u00e9moignage de Sean sur NANO SOMA"},"content":{"rendered":"\n\n\t<section class=\"section\" id=\"section_1501406699\">\n\t\t<div class=\"section-bg fill\" >\n\t\t\t\t\t\t\t\t\t\n\t\t\t\n\n\t\t<\/div>\n\n\t\t\n\n\t\t<div class=\"section-content relative\">\n\t\t\t\n\n<div class=\"row align-middle align-center\"  id=\"row-1145992500\">\n\n\n\t<div id=\"col-1183568836\" class=\"col medium-10 small-12 large-10\"  >\n\t\t\t\t<div class=\"col-inner text-center\"  >\n\t\t\t\n\t\t\t\n\n\t<div id=\"text-2176945945\" class=\"text hide-for-small\">\n\t\t\n\n<h1 style=\"font-size: 40px\">T\u00e9moignage NANO SOMA\u00ae de Sean<\/h1>\n<p style=\"font-size:22px\">L&#8217;importance de prendre NANO SOMA\u00ae quotidiennement<\/p>\n\n\t\t\n<style>\n#text-2176945945 {\n  font-size: 1.6rem;\n}\n@media (min-width:550px) {\n  #text-2176945945 {\n    font-size: 2.4rem;\n  }\n}\n<\/style>\n\t<\/div>\n\t\n\t<div id=\"text-1280600125\" class=\"text show-for-small\">\n\t\t\n\n<h1 style=\"font-size: 25px\">T\u00e9moignage NANO <sup>SOMA\u00ae<\/sup> de Sean<\/h1>\n<p style=\"font-size:15px\">L&#8217;importance de prendre NANO <sup>SOMA\u00ae<\/sup> quotidiennement<\/p>\n\t\t\n<style>\n#text-1280600125 {\n  font-size: 1.6rem;\n}\n@media (min-width:550px) {\n  #text-1280600125 {\n    font-size: 2.4rem;\n  }\n}\n<\/style>\n\t<\/div>\n\t\n\n\n<div style=\"padding:45.36% 0 0 0;position:relative;\"><iframe src=\"https:\/\/player.vimeo.com\/video\/853261799?h=699cd07194\" style=\"position:absolute;top:0;left:0;width:100%;height:100%;\" frameborder=\"0\" allow=\"autoplay; fullscreen; picture-in-picture\" allowfullscreen=\"\"><\/iframe><\/div><script src=\"https:\/\/player.vimeo.com\/api\/player.js\"><\/script>\n\n\t<div id=\"gap-1767332918\" class=\"gap-element clearfix\" style=\"display:block; height:auto;\">\n\t\t\n<style>\n#gap-1767332918 {\n  padding-top: 30px;\n}\n<\/style>\n\t<\/div>\n\t\n\n<a href=\"https:\/\/iwantmyhealthback.com\/fr\/acheter\/\" target=\"_blank\" class=\"button primary is-xlarge hide-for-small\" rel=\"noopener\" >\n\t\t<span>SHOP NOW<\/span>\n\t<\/a>\n\n\n<a href=\"https:\/\/magicdichol.info\/products\/#nanosoma\" target=\"_blank\" class=\"button primary is-larger expand show-for-small\" rel=\"noopener\">\n\t\t<span>BOUTIQUE NANO SOMA<\/span>\n\t<\/a>\n\n\n\t<div id=\"text-1669237867\" class=\"text\">\n\t\t\n\n<p>Prendre NANO SOMA\u00ae tous les jours, comme le fait Sean, est essentiel m\u00eame si vous \u00eates d\u00e9j\u00e0 en bonne sant\u00e9 ou si vous avez atteint vos objectifs de sant\u00e9, car NANO SOMA :<\/p>\n<ul>\n<li><span style=\"font-size: 115%;\">Encourage l&#8217;organisme \u00e0 produire sa propre vitamine C, renfor\u00e7ant ainsi l&#8217;immunit\u00e9 naturelle*.<\/span><\/li>\n<li><span style=\"font-size: 115%;\">R\u00e9gule tous les r\u00e9cepteurs nucl\u00e9aires de l&#8217;organisme, tels que la thyro\u00efde ou le r\u00e9cepteur de la vitamine D, en apportant un soutien complet \u00e0 l&#8217;\u00e9quilibre du corps.<\/span><\/li>\n<li><span style=\"font-size: 115%;\">Un soutien profond pour le maintien de la jeunesse et l&#8217;inversion des effets du vieillissement biologique*.<\/span><\/li>\n<li><span style=\"font-size: 115%;\">Pr\u00e9serve la sant\u00e9 de l&#8217;ADN en soutenant la sant\u00e9 cellulaire et en optimisant la fonction du g\u00e9nome*.<\/span><\/li>\n<li><span style=\"font-size: 115%;\">Aide \u00e0 r\u00e9soudre des probl\u00e8mes de sant\u00e9 dont nous ne sommes peut-\u00eatre m\u00eame pas conscients<\/span><\/li>\n<\/ul>\n<p>En int\u00e9grant NANO SOMA \u00e0 votre routine quotidienne, vous vous assurez que votre corps reste \u00e9nergique, vibrant et capable de maintenir un bien-\u00eatre g\u00e9n\u00e9ral, quel que soit votre \u00e9tat de sant\u00e9 actuel.<\/p>\n\n\t\t\n<style>\n#text-1669237867 {\n  font-size: 1rem;\n  text-align: left;\n}\n@media (min-width:550px) {\n  #text-1669237867 {\n    font-size: 1.3rem;\n  }\n}\n<\/style>\n\t<\/div>\n\t\n<a href=\"https:\/\/iwantmyhealthback.com\/fr\/produit\/nano-soma-liquide\/\" target=\"_blank\" class=\"button primary is-xlarge hide-for-small\" rel=\"noopener\">\n\t\t<span>BOUTIQUE NANO SOMA<\/span>\n\t<\/a>\n\n\n\t<div id=\"text-2150765074\" class=\"text\">\n\t\t\n\n<p>NANO SOMA aide votre corps de l&#8217;int\u00e9rieur vers l&#8217;ext\u00e9rieur. Vous n&#8217;avez pas encore essay\u00e9 notre cr\u00e8me pour la peau NANO SOMA ou notre gel topique NANO SOMA ? Essayez-les d\u00e8s aujourd&#8217;hui et constatez la diff\u00e9rence !  <\/p>\n\t\t\n<style>\n#text-2150765074 {\n  font-size: 1.3rem;\n  text-align: left;\n}\n<\/style>\n\t<\/div>\n\t\n<a href=\"https:\/\/iwantmyhealthback.com\/fr\/acheter\/\" class=\"button primary is-xlarge hide-for-small\">\n\t\t<span>ALLER AU MAGASIN<\/span>\n\t<\/a>\n\n\n<a href=\"https:\/\/magicdichol.info\/shop-now\" class=\"button primary is-larger expand show-for-small\" target=\"_blank\" rel=\"noopener\">\n\t\t<span>SHOP NOW<\/span>\n\t<\/a>\n\n\n\n\t\t<\/div>\n\t\t\t\t\n<style>\n#col-1183568836 > .col-inner {\n  padding: 0px 0px 0px 0px;\n}\n<\/style>\n\t<\/div>\n\n\t\n\n<\/div>\n\n\t\t<\/div>\n\n\t\t\n<style>\n#section_1501406699 {\n  padding-top: 30px;\n  padding-bottom: 30px;\n}\n<\/style>\n\t<\/section>\n\t\n\n","protected":false},"excerpt":{"rendered":"","protected":false},"author":2,"featured_media":0,"parent":0,"menu_order":0,"comment_status":"closed","ping_status":"closed","template":"","meta":{"bwfblock_default_font":"","_uag_custom_page_level_css":"","footnotes":""},"class_list":["post-7635","page","type-page","status-publish","hentry"],"uagb_featured_image_src":{"full":false,"thumbnail":false,"medium":false,"medium_large":false,"large":false,"1536x1536":false,"2048x2048":false,"woocommerce_thumbnail":false,"woocommerce_single":false,"woocommerce_gallery_thumbnail":false},"uagb_author_info":{"display_name":"IWantMyHealthBack","author_link":"https:\/\/iwantmyhealthback.com\/fr\/author\/anthonette\/"},"uagb_comment_info":0,"uagb_excerpt":null,"_links":{"self":[{"href":"https:\/\/iwantmyhealthback.com\/fr\/wp-json\/wp\/v2\/pages\/7635","targetHints":{"allow":["GET"]}}],"collection":[{"href":"https:\/\/iwantmyhealthback.com\/fr\/wp-json\/wp\/v2\/pages"}],"about":[{"href":"https:\/\/iwantmyhealthback.com\/fr\/wp-json\/wp\/v2\/types\/page"}],"author":[{"embeddable":true,"href":"https:\/\/iwantmyhealthback.com\/fr\/wp-json\/wp\/v2\/users\/2"}],"replies":[{"embeddable":true,"href":"https:\/\/iwantmyhealthback.com\/fr\/wp-json\/wp\/v2\/comments?post=7635"}],"version-history":[{"count":0,"href":"https:\/\/iwantmyhealthback.com\/fr\/wp-json\/wp\/v2\/pages\/7635\/revisions"}],"wp:attachment":[{"href":"https:\/\/iwantmyhealthback.com\/fr\/wp-json\/wp\/v2\/media?parent=7635"}],"curies":[{"name":"wp","href":"https:\/\/api.w.org\/{rel}","templated":true}]}}