{"id":5207,"date":"2024-07-04T10:20:02","date_gmt":"2024-07-04T14:20:02","guid":{"rendered":"https:\/\/iwantmyhealthback.com\/temoignage-de-dave-hodges\/"},"modified":"2025-06-02T11:01:31","modified_gmt":"2025-06-02T15:01:31","slug":"temoignage-de-dave-hodges","status":"publish","type":"page","link":"https:\/\/iwantmyhealthback.com\/fr\/temoignage-de-dave-hodges\/","title":{"rendered":"T\u00e9moignage de Dave Hodges"},"content":{"rendered":"\n\n\t<section class=\"section\" id=\"section_1646536586\">\n\t\t<div class=\"section-bg fill\" >\n\t\t\t\t\t\t\t\t\t\n\t\t\t\n\n\t\t<\/div>\n\n\t\t\n\n\t\t<div class=\"section-content relative\">\n\t\t\t\n\n<div class=\"row align-middle align-center\"  id=\"row-854892047\">\n\n\n\t<div id=\"col-1803367654\" class=\"col medium-10 small-12 large-10\"  >\n\t\t\t\t<div class=\"col-inner text-center\"  >\n\t\t\t\n\t\t\t\n\n\t<div id=\"text-964900130\" class=\"text\">\n\t\t\n\n<h1>L&#8217;histoire de Dave Hodges<\/h1>\n\t\t\n<style>\n#text-964900130 {\n  font-size: 1.2rem;\n  text-align: center;\n}\n@media (min-width:550px) {\n  #text-964900130 {\n    font-size: 1.5rem;\n  }\n}\n<\/style>\n\t<\/div>\n\t\n\t<div class=\"img has-hover x md-x lg-x y md-y lg-y\" id=\"image_1823387284\">\n\t\t\t\t\t\t\t\t<div class=\"img-inner dark\" >\n\t\t\t<img loading=\"lazy\" decoding=\"async\" width=\"1020\" height=\"1020\" src=\"https:\/\/iwantmyhealthback.com\/wp-content\/uploads\/2024\/07\/Dave-Hodges.jpeg\" class=\"attachment-large size-large\" alt=\"\" srcset=\"https:\/\/iwantmyhealthback.com\/wp-content\/uploads\/2024\/07\/Dave-Hodges.jpeg 1024w, https:\/\/iwantmyhealthback.com\/wp-content\/uploads\/2024\/07\/Dave-Hodges-300x300.jpeg 300w, https:\/\/iwantmyhealthback.com\/wp-content\/uploads\/2024\/07\/Dave-Hodges-100x100.jpeg 100w, https:\/\/iwantmyhealthback.com\/wp-content\/uploads\/2024\/07\/Dave-Hodges-510x510.jpeg 510w, https:\/\/iwantmyhealthback.com\/wp-content\/uploads\/2024\/07\/Dave-Hodges-150x150.jpeg 150w, https:\/\/iwantmyhealthback.com\/wp-content\/uploads\/2024\/07\/Dave-Hodges-768x768.jpeg 768w\" sizes=\"auto, (max-width: 1020px) 100vw, 1020px\" \/>\t\t\t\t\t\t\n\t\t\t\t\t<\/div>\n\t\t\t\t\t\t\t\t\n<style>\n#image_1823387284 {\n  width: 51%;\n}\n<\/style>\n\t<\/div>\n\t\n\n\t<div class=\"img has-hover x md-x lg-x y md-y lg-y\" id=\"image_893569766\">\n\t\t\t\t\t\t\t\t<div class=\"img-inner dark\" >\n\t\t\t\t\t\t\t\t\t\n\t\t\t\t\t<\/div>\n\t\t\t\t\t\t\t\t\n<style>\n#image_893569766 {\n  width: 40%;\n}\n<\/style>\n\t<\/div>\n\t\n\n\t<div id=\"text-2221539135\" class=\"text\">\n\t\t\n\n<p>&#8220;D\u00e9but mars, je n \u00ab \u00e9tais pas en mauvais \u00e9tat, mais on m&#8217;a diagnostiqu\u00e9 une pneumonie et le virus respiratoire syncytial (VRS). J \u00bb \u00e9tais compl\u00e8tement affaibli, je dormais de 16 \u00e0 18 heures par jour et je ne pouvais pas monter un escalier. <\/p>\n<p>J&#8217;ai d&#8217;abord \u00e9t\u00e9 trait\u00e9e avec des antibiotiques et de la prednisone st\u00e9ro\u00efdienne. Apr\u00e8s quelques semaines, j&#8217;ai arr\u00eat\u00e9 de prendre les m\u00e9dicaments, \u00e0 l&#8217;exception de mon traitement contre le diab\u00e8te. J&#8217;ai arr\u00eat\u00e9 les st\u00e9ro\u00efdes et les antibiotiques parce qu&#8217;ils ne soulageaient pas mes sympt\u00f4mes.  <\/p>\n<p>\u00c0 la mi-mars, j&#8217;ai consult\u00e9 un pneumologue expert, qui m&#8217;a donn\u00e9 un pronostic sombre. Il a d\u00e9clar\u00e9 que le VRS \u00e9tait grave et qu&#8217;il avait endommag\u00e9 les parois de mes poumons. Il a ajout\u00e9 qu&#8217;elles risquaient de ne pas revenir \u00e0 la normale, alt\u00e9rant ainsi de mani\u00e8re permanente ma fonction pulmonaire. Cela signifiait que je pourrais \u00eatre sous oxyg\u00e8ne dans un avenir proche ET POUR LE RESTE DE MA VIE.   <\/p>\n<p>Peu de temps apr\u00e8s, j&#8217;ai d\u00e9couvert NANO SOMA\u00ae. Comme on ne peut pas surdoser le spray, j&#8217;ai pris le spray toutes les heures. En l&#8217;espace d&#8217;une semaine, mon \u00e9nergie s&#8217;est am\u00e9lior\u00e9e et j&#8217;ai repris le chemin de la salle de sport. M\u00eame si j&#8217;\u00e9tais affaiblie, je me suis efforc\u00e9e d&#8217;augmenter ma charge de travail chaque jour. En l&#8217;espace d&#8217;un mois, j&#8217;ai retrouv\u00e9 une activit\u00e9 normale.    <strong>  Aujourd&#8217;hui, je suis plus fort et plus athl\u00e9tique que je ne l&#8217;ai \u00e9t\u00e9 en 25 ans.<\/strong>  Le seul produit que je prenais, pour la fonction et le soutien des poumons, \u00e9tait NANO SOMA.<\/p>\n<p>Lorsque j&#8217;ai repris le sport, ma charge de travail a augment\u00e9 et mon genou droit, qui avait \u00e9t\u00e9 diagnostiqu\u00e9 comme \u00e9tant osseux, a commenc\u00e9 \u00e0 gonfler, limitant ainsi certaines de mes activit\u00e9s. Par la suite, j&#8217;ai appris l&#8217;existence du gel topique NANO SOMA\u00ae. J&#8217;ai commenc\u00e9 \u00e0 appliquer le gel sur mon genou bless\u00e9 tous les jours. Aujourd&#8217;hui, je fais des activit\u00e9s sportives que je n&#8217;avais pas faites depuis 25 ans.   <\/p>\n<p>Par exemple, je peux faire des squats, des deadlifts et des step-ups. De plus, je fais des sprints et je pousse une luge pour le cardio. Bien que mes muscles soient douloureux, mon genou ne gonfle pas. Si j&#8217;avais fait ne serait-ce qu&#8217;une fraction de ce que j&#8217;ai d\u00e9crit ci-dessus dans le pass\u00e9, mon genou aurait consid\u00e9rablement gonfl\u00e9 et m&#8217;aurait rendu inactif. Aujourd&#8217;hui, je suis plus fort et capable de faire des choses que je n&#8217;ai pas faites depuis 25 ans.    <\/p>\n<p>Ces deux produits m&#8217;ont permis de sortir d&#8217;un sombre pronostic. J&#8217;ai retrouv\u00e9 ma vie et mon mode de vie s&#8217;est consid\u00e9rablement am\u00e9lior\u00e9. Et, modestement, il est agr\u00e9able d&#8217;entendre vos amis et votre famille vous dire \u00e0 quel point vous avez l&#8217;air en forme. Et je n&#8217;exag\u00e8re pas lorsque je dis que des personnes plus jeunes viennent me voir \u00e0 la salle de sport et me demandent o\u00f9 un homme de mon \u00e2ge puise son \u00e9nergie.   <\/p>\n<p>J&#8217;ai choisi d&#8217;utiliser ces produits pour le reste de ma vie.<\/p>\n<p>Je dois \u00e9galement pr\u00e9ciser que, tout au long de cette \u00e9preuve, j&#8217;ai \u00e9t\u00e9 diagnostiqu\u00e9e non diab\u00e9tique avec un taux d&#8217;A1C de 5,0, et que j&#8217;ai r\u00e9cemment cess\u00e9 de prendre tout m\u00e9dicament contre le diab\u00e8te. Merci, MagicDichol\u00ae !<strong>&#8220;<\/strong><\/p>\n\t\t\n<style>\n#text-2221539135 {\n  font-size: 1rem;\n  text-align: left;\n}\n@media (min-width:550px) {\n  #text-2221539135 {\n    font-size: 1.15rem;\n  }\n}\n<\/style>\n\t<\/div>\n\t\n\t<div id=\"text-2239471790\" class=\"text\">\n\t\t\n\n<h3 style=\"text-align: center;\">Le Dr Richard Presser met en lumi\u00e8re une perc\u00e9e r\u00e9volutionnaire <br>dans le domaine des soins de sant\u00e9 naturels.<\/h3>\n\t\t\n<style>\n#text-2239471790 {\n  font-size: 1.2rem;\n}\n@media (min-width:550px) {\n  #text-2239471790 {\n    font-size: 1.55rem;\n  }\n}\n<\/style>\n\t<\/div>\n\t\n\n\n<div style=\"padding:56.25% 0 0 0;position:relative;\"><iframe src=\"https:\/\/player.vimeo.com\/video\/989160042?badge=0&amp;autopause=0&amp;player_id=0&amp;app_id=58479\" frameborder=\"0\" allow=\"autoplay; fullscreen; picture-in-picture; clipboard-write\" style=\"position:absolute;top:0;left:0;width:100%;height:100%;\" title=\"Le Dr Richard Presser met en lumi\u00e8re une avanc\u00e9e r\u00e9volutionnaire dans le domaine des soins de sant\u00e9 naturels\"><\/iframe><\/div><script src=\"https:\/\/player.vimeo.com\/api\/player.js\"><\/script>\n\n\t<div id=\"gap-63218190\" class=\"gap-element clearfix\" style=\"display:block; height:auto;\">\n\t\t\n<style>\n#gap-63218190 {\n  padding-top: 30px;\n}\n<\/style>\n\t<\/div>\n\t\n\n\t<div id=\"text-70102857\" class=\"text\">\n\t\t\n\n<h3 style=\"text-align: center;\">Qu&#8217;est-ce que NANO SOMA\u00ae <br>et pourquoi le public en est-il obs\u00e9d\u00e9 ?<\/h3>\n\t\t\n<style>\n#text-70102857 {\n  font-size: 1.2rem;\n}\n@media (min-width:550px) {\n  #text-70102857 {\n    font-size: 1.55rem;\n  }\n}\n<\/style>\n\t<\/div>\n\t\n\n\n<div style=\"padding:56.25% 0 0 0;position:relative;\"><iframe src=\"https:\/\/player.vimeo.com\/video\/989161665?badge=0&amp;autopause=0&amp;player_id=0&amp;app_id=58479\" frameborder=\"0\" allow=\"autoplay; fullscreen; picture-in-picture; clipboard-write\" style=\"position:absolute;top:0;left:0;width:100%;height:100%;\" title=\"Vous pouvez \u00eatre la meilleure version de vous-m\u00eame\"><\/iframe><\/div><script src=\"https:\/\/player.vimeo.com\/api\/player.js\"><\/script>\n\n\t<div id=\"gap-424671319\" class=\"gap-element clearfix\" style=\"display:block; height:auto;\">\n\t\t\n<style>\n#gap-424671319 {\n  padding-top: 30px;\n}\n<\/style>\n\t<\/div>\n\t\n\n<a href=\"https:\/\/iwantmyhealthback.com\/?infid=9\" target=\"_blank\" class=\"button primary is-xlarge\" rel=\"noopener\" >\n\t\t<span>Acheter<\/span>\n\t<\/a>\n\n\n\n\t\t<\/div>\n\t\t\t\t\t<\/div>\n\n\t\n\n<\/div>\n\n\t\t<\/div>\n\n\t\t\n<style>\n#section_1646536586 {\n  padding-top: 30px;\n  padding-bottom: 30px;\n}\n<\/style>\n\t<\/section>\n\t\n\n","protected":false},"excerpt":{"rendered":"","protected":false},"author":2,"featured_media":0,"parent":0,"menu_order":0,"comment_status":"closed","ping_status":"closed","template":"page-blank.php","meta":{"bwfblock_default_font":"","_uag_custom_page_level_css":"","footnotes":""},"class_list":["post-5207","page","type-page","status-publish","hentry"],"uagb_featured_image_src":{"full":false,"thumbnail":false,"medium":false,"medium_large":false,"large":false,"1536x1536":false,"2048x2048":false,"woocommerce_thumbnail":false,"woocommerce_single":false,"woocommerce_gallery_thumbnail":false},"uagb_author_info":{"display_name":"IWantMyHealthBack","author_link":"https:\/\/iwantmyhealthback.com\/fr\/author\/anthonette\/"},"uagb_comment_info":0,"uagb_excerpt":null,"_links":{"self":[{"href":"https:\/\/iwantmyhealthback.com\/fr\/wp-json\/wp\/v2\/pages\/5207","targetHints":{"allow":["GET"]}}],"collection":[{"href":"https:\/\/iwantmyhealthback.com\/fr\/wp-json\/wp\/v2\/pages"}],"about":[{"href":"https:\/\/iwantmyhealthback.com\/fr\/wp-json\/wp\/v2\/types\/page"}],"author":[{"embeddable":true,"href":"https:\/\/iwantmyhealthback.com\/fr\/wp-json\/wp\/v2\/users\/2"}],"replies":[{"embeddable":true,"href":"https:\/\/iwantmyhealthback.com\/fr\/wp-json\/wp\/v2\/comments?post=5207"}],"version-history":[{"count":0,"href":"https:\/\/iwantmyhealthback.com\/fr\/wp-json\/wp\/v2\/pages\/5207\/revisions"}],"wp:attachment":[{"href":"https:\/\/iwantmyhealthback.com\/fr\/wp-json\/wp\/v2\/media?parent=5207"}],"curies":[{"name":"wp","href":"https:\/\/api.w.org\/{rel}","templated":true}]}}