{"id":4591,"date":"2024-07-19T10:38:19","date_gmt":"2024-07-19T14:38:19","guid":{"rendered":"https:\/\/iwantmyhealthback.com\/faq\/"},"modified":"2025-12-25T22:35:30","modified_gmt":"2025-12-26T02:35:30","slug":"faq","status":"publish","type":"page","link":"https:\/\/iwantmyhealthback.com\/fr\/faq\/","title":{"rendered":"FAQ"},"content":{"rendered":"\n\n\t<section class=\"section has-scroll-for-more\" id=\"section_257815597\">\n\t\t<div class=\"section-bg fill\" >\n\t\t\t\t\t\t\t\t\t<button class=\"scroll-for-more z-5 icon absolute bottom h-center\" aria-label=\"Fais d\u00e9filer pour en savoir plus\"><i class=\"icon-angle-down\" aria-hidden=\"true\" style=\"font-size:42px;\"><\/i><\/button>\n\t\t\t\n\t<div class=\"is-border\"\n\t\tstyle=\"border-width:0px 0px 0px 0px;\">\n\t<\/div>\n\n\t\t<\/div>\n\n\t\t\n\n\t\t<div class=\"section-content relative\">\n\t\t\t\n\n<div class=\"row align-center\"  id=\"row-722797463\">\n\n\n\t<div id=\"col-869861769\" class=\"col medium-8 small-10 large-10\"  >\n\t\t\t\t<div class=\"col-inner text-center\"  >\n\t\t\t\n\t\t\t\n\n<h3>QUESTIONS FR\u00c9QUEMMENT POS\u00c9ES<\/h3>\n<h2 style=\"font-size: 250%;\">FAQ<\/h2>\n<p>Comment pouvons-nous vous aider ?<\/p>\n\n\t\t<\/div>\n\t\t\t\t\n<style>\n#col-869861769 > .col-inner {\n  padding: 40px 0px 0px 0px;\n}\n<\/style>\n\t<\/div>\n\n\t\n\n<\/div>\n\n\t\t<\/div>\n\n\t\t\n<style>\n#section_257815597 {\n  padding-top: 30px;\n  padding-bottom: 30px;\n}\n<\/style>\n\t<\/section>\n\t\n\n\t<section class=\"section\" id=\"section_1656314108\">\n\t\t<div class=\"section-bg fill\" >\n\t\t\t\t\t\t\t\t\t\n\t\t\t\n\n\t\t<\/div>\n\n\t\t\n\n\t\t<div class=\"section-content relative\">\n\t\t\t\n\n<div class=\"row\"  id=\"row-1949019449\">\n\n\n\t<div id=\"col-1645046202\" class=\"col small-12 large-12\"  >\n\t\t\t\t<div class=\"col-inner\"  >\n\t\t\t\n\t\t\t\n\n<div class=\"accordion\">\n\n\t<div id=\"accordion-3706271459\" class=\"accordion-item\">\n\t\t<a id=\"accordion-3706271459-label\" class=\"accordion-title plain\" href=\"#accordion-item-comment-prononcez-vous-metadichol\u00ae-et-magicdichol\u00ae-?\" aria-expanded=\"false\" aria-controls=\"accordion-3706271459-content\">\n\t\t\t<button class=\"toggle\" aria-label=\"Basculer\"><i class=\"icon-angle-down\" aria-hidden=\"true\"><\/i><\/button>\n\t\t\t<span>Comment prononcez-vous Metadichol\u00ae et MagicDichol\u00ae ?<\/span>\n\t\t<\/a>\n\t\t<div id=\"accordion-3706271459-content\" class=\"accordion-inner\" aria-labelledby=\"accordion-3706271459-label\">\n\t\t\t\n\n<p>Le m\u00e9tadichol se prononce : &#8220;Met-uh-dye-call&#8221;. MagicDichol se prononce : &#8220;Magic-dye-call&#8221;. <\/p>\n\n\t\t<\/div>\n\t<\/div>\n\t\n\t<div id=\"accordion-1984395680\" class=\"accordion-item\">\n\t\t<a id=\"accordion-1984395680-label\" class=\"accordion-title plain\" href=\"#accordion-item-qu&#039;est-ce-que-nano-soma\u00ae-liquid-?\" aria-expanded=\"false\" aria-controls=\"accordion-1984395680-content\">\n\t\t\t<button class=\"toggle\" aria-label=\"Basculer\"><i class=\"icon-angle-down\" aria-hidden=\"true\"><\/i><\/button>\n\t\t\t<span>Qu&#039;est-ce que NANO SOMA\u00ae Liquid ?<\/span>\n\t\t<\/a>\n\t\t<div id=\"accordion-1984395680-content\" class=\"accordion-inner\" aria-labelledby=\"accordion-1984395680-label\">\n\t\t\t\n\n<p>NANO SOMA Liquid est un nom pour Metadichol. Il s&#8217;agit d&#8217;un compl\u00e9ment liquide contenant des nanoparticules de policosanol. <\/p>\n\n\t\t<\/div>\n\t<\/div>\n\t\n\t<div id=\"accordion-660687935\" class=\"accordion-item\">\n\t\t<a id=\"accordion-660687935-label\" class=\"accordion-title plain\" href=\"#accordion-item-quels-sont-les-ingr\u00e9dients-contenus-dans-nano-soma-?\" aria-expanded=\"false\" aria-controls=\"accordion-660687935-content\">\n\t\t\t<button class=\"toggle\" aria-label=\"Basculer\"><i class=\"icon-angle-down\" aria-hidden=\"true\"><\/i><\/button>\n\t\t\t<span>Quels sont les ingr\u00e9dients contenus dans NANO SOMA ?<\/span>\n\t\t<\/a>\n\t\t<div id=\"accordion-660687935-content\" class=\"accordion-inner\" aria-labelledby=\"accordion-660687935-label\">\n\t\t\t\n\n<p>Les principaux ingr\u00e9dients de NANO SOMA sont une nano\u00e9mulsion de policosanol issu de la cire de riz et de l&#8217;eau, ainsi que des ingr\u00e9dients mineurs pour la stabilit\u00e9 de la nano\u00e9mulsion.<\/p>\n\n\t\t<\/div>\n\t<\/div>\n\t\n\t<div id=\"accordion-4177340234\" class=\"accordion-item\">\n\t\t<a id=\"accordion-4177340234-label\" class=\"accordion-title plain\" href=\"#accordion-item-combien-de-temps-faut-il-pour-constater-les-effets-de-nano-soma\u00ae-?\" aria-expanded=\"false\" aria-controls=\"accordion-4177340234-content\">\n\t\t\t<button class=\"toggle\" aria-label=\"Basculer\"><i class=\"icon-angle-down\" aria-hidden=\"true\"><\/i><\/button>\n\t\t\t<span>Combien de temps faut-il pour constater les effets de NANO SOMA\u00ae ?<\/span>\n\t\t<\/a>\n\t\t<div id=\"accordion-4177340234-content\" class=\"accordion-inner\" aria-labelledby=\"accordion-4177340234-label\">\n\t\t\t\n\n<p>Il est sugg\u00e9r\u00e9 d&#8217;utiliser le produit de mani\u00e8re constante pendant 90 jours avant de s&#8217;attendre \u00e0 des bienfaits visibles pour la sant\u00e9, mais de nombreuses personnes constatent des am\u00e9liorations avant cela.<\/p>\n\n\t\t<\/div>\n\t<\/div>\n\t\n\t<div id=\"accordion-4161979117\" class=\"accordion-item\">\n\t\t<a id=\"accordion-4161979117-label\" class=\"accordion-title plain\" href=\"#accordion-item-qu&#039;est-ce-que-le-gel-topique-nano-soma\u00ae-?\" aria-expanded=\"false\" aria-controls=\"accordion-4161979117-content\">\n\t\t\t<button class=\"toggle\" aria-label=\"Basculer\"><i class=\"icon-angle-down\" aria-hidden=\"true\"><\/i><\/button>\n\t\t\t<span>Qu&#039;est-ce que le gel topique NANO SOMA\u00ae ?<\/span>\n\t\t<\/a>\n\t\t<div id=\"accordion-4161979117-content\" class=\"accordion-inner\" aria-labelledby=\"accordion-4161979117-label\">\n\t\t\t\n\n<p>Le gel topique NANO SOMA\u00ae est destin\u00e9 \u00e0 votre peau. Il s&#8217;agit de NANO SOMA auquel on a ajout\u00e9 de la gomme xanthane pour qu&#8217;il puisse \u00eatre utilis\u00e9 sur la peau. Il contribue \u00e0 la sant\u00e9 de la peau. <\/p>\n\n\t\t<\/div>\n\t<\/div>\n\t\n\t<div id=\"accordion-2729831163\" class=\"accordion-item\">\n\t\t<a id=\"accordion-2729831163-label\" class=\"accordion-title plain\" href=\"#accordion-item-qu&#039;est-ce-que-la-cr\u00e8me-nano-soma\u00ae-?\" aria-expanded=\"false\" aria-controls=\"accordion-2729831163-content\">\n\t\t\t<button class=\"toggle\" aria-label=\"Basculer\"><i class=\"icon-angle-down\" aria-hidden=\"true\"><\/i><\/button>\n\t\t\t<span>Qu&#039;est-ce que la cr\u00e8me NANO SOMA\u00ae ?<\/span>\n\t\t<\/a>\n\t\t<div id=\"accordion-2729831163-content\" class=\"accordion-inner\" aria-labelledby=\"accordion-2729831163-label\">\n\t\t\t\n\n<p>La cr\u00e8me pour la peau NANO SOMA\u00ae est une cr\u00e8me douce, sans huile, contenant le m\u00eame ingr\u00e9dient cl\u00e9 que NANO SOMA. Il sent la vanille, aide \u00e0 apaiser la peau et r\u00e9duit les rides et ridules. <\/p>\n\n\t\t<\/div>\n\t<\/div>\n\t\n\t<div id=\"accordion-2825004196\" class=\"accordion-item\">\n\t\t<a id=\"accordion-2825004196-label\" class=\"accordion-title plain\" href=\"#accordion-item-nano-soma-est-il-recommand\u00e9-aux-personnes-en-bonne-sant\u00e9-ou-aux-personnes-souffrant-de-maladies-?\" aria-expanded=\"false\" aria-controls=\"accordion-2825004196-content\">\n\t\t\t<button class=\"toggle\" aria-label=\"Basculer\"><i class=\"icon-angle-down\" aria-hidden=\"true\"><\/i><\/button>\n\t\t\t<span>NANO SOMA est-il recommand\u00e9 aux personnes en bonne sant\u00e9 ou aux personnes souffrant de maladies ?<\/span>\n\t\t<\/a>\n\t\t<div id=\"accordion-2825004196-content\" class=\"accordion-inner\" aria-labelledby=\"accordion-2825004196-label\">\n\t\t\t\n\n<p>NANO SOMA favorise le fonctionnement optimal de l&#8217;organisme* et s&#8217;applique \u00e0 tout le monde.<\/p>\n\n\t\t<\/div>\n\t<\/div>\n\t\n\t<div id=\"accordion-3729297815\" class=\"accordion-item\">\n\t\t<a id=\"accordion-3729297815-label\" class=\"accordion-title plain\" href=\"#accordion-item-quel-est-le-meilleur-moment-pour-prendre-nano-soma-?-doit-il-\u00eatre-pris-avec-de-la-nourriture-ou-de-l&#039;eau-?-\" aria-expanded=\"false\" aria-controls=\"accordion-3729297815-content\">\n\t\t\t<button class=\"toggle\" aria-label=\"Basculer\"><i class=\"icon-angle-down\" aria-hidden=\"true\"><\/i><\/button>\n\t\t\t<span>Quel est le meilleur moment pour prendre NANO SOMA ? Doit-il \u00eatre pris avec de la nourriture ou de l&#039;eau ? <\/span>\n\t\t<\/a>\n\t\t<div id=\"accordion-3729297815-content\" class=\"accordion-inner\" aria-labelledby=\"accordion-3729297815-label\">\n\t\t\t\n\n<p>NANO SOMA peut \u00eatre pris \u00e0 tout moment de la journ\u00e9e, avec ou sans nourriture et sans eau.<\/p>\n\n\t\t<\/div>\n\t<\/div>\n\t\n\t<div id=\"accordion-362943637\" class=\"accordion-item\">\n\t\t<a id=\"accordion-362943637-label\" class=\"accordion-title plain\" href=\"#accordion-item-puis-je-prendre-nano-soma-si-je-souffre-d&#039;une-allergie-alimentaire-(arachides,-crustac\u00e9s,-s\u00e9same,-etc.)-?\" aria-expanded=\"false\" aria-controls=\"accordion-362943637-content\">\n\t\t\t<button class=\"toggle\" aria-label=\"Basculer\"><i class=\"icon-angle-down\" aria-hidden=\"true\"><\/i><\/button>\n\t\t\t<span>Puis-je prendre NANO SOMA si je souffre d&#039;une allergie alimentaire (arachides, crustac\u00e9s, s\u00e9same, etc.) ?<\/span>\n\t\t<\/a>\n\t\t<div id=\"accordion-362943637-content\" class=\"accordion-inner\" aria-labelledby=\"accordion-362943637-label\">\n\t\t\t\n\n<p>NANO SOMA n&#8217;a pas de r\u00e9actions allergiques connues.<\/p>\n\n\t\t<\/div>\n\t<\/div>\n\t\n\t<div id=\"accordion-1860039355\" class=\"accordion-item\">\n\t\t<a id=\"accordion-1860039355-label\" class=\"accordion-title plain\" href=\"#accordion-item-peut-on-prendre-nano-soma-en-m\u00eame-temps-que-des-m\u00e9dicaments-sur-ordonnance-ou-des-anticoagulants-?\" aria-expanded=\"false\" aria-controls=\"accordion-1860039355-content\">\n\t\t\t<button class=\"toggle\" aria-label=\"Basculer\"><i class=\"icon-angle-down\" aria-hidden=\"true\"><\/i><\/button>\n\t\t\t<span>Peut-on prendre NANO SOMA en m\u00eame temps que des m\u00e9dicaments sur ordonnance ou des anticoagulants ?<\/span>\n\t\t<\/a>\n\t\t<div id=\"accordion-1860039355-content\" class=\"accordion-inner\" aria-labelledby=\"accordion-1860039355-label\">\n\t\t\t\n\n<p>Il n&#8217;y a pas d&#8217;interactions connues entre NANO SOMA et les m\u00e9dicaments d\u00e9livr\u00e9s sur ordonnance.<\/p>\n\n\t\t<\/div>\n\t<\/div>\n\t\n\t<div id=\"accordion-3188487776\" class=\"accordion-item\">\n\t\t<a id=\"accordion-3188487776-label\" class=\"accordion-title plain\" href=\"#accordion-item-nano-soma-est-il-sans-danger-pour-les-enfants-et-les-nourrissons-?\" aria-expanded=\"false\" aria-controls=\"accordion-3188487776-content\">\n\t\t\t<button class=\"toggle\" aria-label=\"Basculer\"><i class=\"icon-angle-down\" aria-hidden=\"true\"><\/i><\/button>\n\t\t\t<span>NANO SOMA est-il sans danger pour les enfants et les nourrissons ?<\/span>\n\t\t<\/a>\n\t\t<div id=\"accordion-3188487776-content\" class=\"accordion-inner\" aria-labelledby=\"accordion-3188487776-label\">\n\t\t\t\n\n<p>Oui, NANO SOMA est sans danger pour les enfants et les nourrissons, mais parlez-en \u00e0 votre m\u00e9decin.<\/p>\n\n\t\t<\/div>\n\t<\/div>\n\t\n\t<div id=\"accordion-3145942206\" class=\"accordion-item\">\n\t\t<a id=\"accordion-3145942206-label\" class=\"accordion-title plain\" href=\"#accordion-item-quelles-sont-les-doses-journali\u00e8res-recommand\u00e9es-et-maximales-?\" aria-expanded=\"false\" aria-controls=\"accordion-3145942206-content\">\n\t\t\t<button class=\"toggle\" aria-label=\"Basculer\"><i class=\"icon-angle-down\" aria-hidden=\"true\"><\/i><\/button>\n\t\t\t<span>Quelles sont les doses journali\u00e8res recommand\u00e9es et maximales ?<\/span>\n\t\t<\/a>\n\t\t<div id=\"accordion-3145942206-content\" class=\"accordion-inner\" aria-labelledby=\"accordion-3145942206-label\">\n\t\t\t\n\n<p>La quantit\u00e9 habituelle \u00e0 utiliser pour rester en bonne sant\u00e9 est de cinq pulv\u00e9risations de NANO SOMA par jour. Vous pouvez en utiliser plus si vous le souhaitez. <strong><a href=\"https:\/\/iwantmyhealthback.com\/fr\/protocole-dutilisation\/\">Ce document<\/a><\/strong> donne plus de d\u00e9tails sur l&#8217;utilisation de la famille de produits MagicDichol. <\/p>\n\n\t\t<\/div>\n\t<\/div>\n\t\n\t<div id=\"accordion-2483458047\" class=\"accordion-item\">\n\t\t<a id=\"accordion-2483458047-label\" class=\"accordion-title plain\" href=\"#accordion-item-nano-soma-a-t-il-des-effets-secondaires-?\" aria-expanded=\"false\" aria-controls=\"accordion-2483458047-content\">\n\t\t\t<button class=\"toggle\" aria-label=\"Basculer\"><i class=\"icon-angle-down\" aria-hidden=\"true\"><\/i><\/button>\n\t\t\t<span>NANO SOMA a-t-il des effets secondaires ?<\/span>\n\t\t<\/a>\n\t\t<div id=\"accordion-2483458047-content\" class=\"accordion-inner\" aria-labelledby=\"accordion-2483458047-label\">\n\t\t\t\n\n<p>NANO SOMA est fabriqu\u00e9 \u00e0 partir d&#8217;ingr\u00e9dients alimentaires enti\u00e8rement naturels et n&#8217;a pas d&#8217;effets secondaires connus. Son concepteur affirme qu&#8217;il est plus s\u00fbr que le sel et le sucre. <\/p>\n\n\t\t<\/div>\n\t<\/div>\n\t\n\n<\/div>\n\n\t\t<\/div>\n\t\t\t\t\t<\/div>\n\n\t\n\n<\/div>\n\n\t\t<\/div>\n\n\t\t\n<style>\n#section_1656314108 {\n  padding-top: 30px;\n  padding-bottom: 30px;\n}\n<\/style>\n\t<\/section>\n\t\n\n","protected":false},"excerpt":{"rendered":"","protected":false},"author":2,"featured_media":0,"parent":0,"menu_order":0,"comment_status":"closed","ping_status":"closed","template":"","meta":{"bwfblock_default_font":"","_uag_custom_page_level_css":"","footnotes":""},"class_list":["post-4591","page","type-page","status-publish","hentry"],"uagb_featured_image_src":{"full":false,"thumbnail":false,"medium":false,"medium_large":false,"large":false,"1536x1536":false,"2048x2048":false,"woocommerce_thumbnail":false,"woocommerce_single":false,"woocommerce_gallery_thumbnail":false},"uagb_author_info":{"display_name":"IWantMyHealthBack","author_link":"https:\/\/iwantmyhealthback.com\/fr\/author\/anthonette\/"},"uagb_comment_info":0,"uagb_excerpt":null,"_links":{"self":[{"href":"https:\/\/iwantmyhealthback.com\/fr\/wp-json\/wp\/v2\/pages\/4591","targetHints":{"allow":["GET"]}}],"collection":[{"href":"https:\/\/iwantmyhealthback.com\/fr\/wp-json\/wp\/v2\/pages"}],"about":[{"href":"https:\/\/iwantmyhealthback.com\/fr\/wp-json\/wp\/v2\/types\/page"}],"author":[{"embeddable":true,"href":"https:\/\/iwantmyhealthback.com\/fr\/wp-json\/wp\/v2\/users\/2"}],"replies":[{"embeddable":true,"href":"https:\/\/iwantmyhealthback.com\/fr\/wp-json\/wp\/v2\/comments?post=4591"}],"version-history":[{"count":0,"href":"https:\/\/iwantmyhealthback.com\/fr\/wp-json\/wp\/v2\/pages\/4591\/revisions"}],"wp:attachment":[{"href":"https:\/\/iwantmyhealthback.com\/fr\/wp-json\/wp\/v2\/media?parent=4591"}],"curies":[{"name":"wp","href":"https:\/\/api.w.org\/{rel}","templated":true}]}}