{"id":4574,"date":"2024-07-11T03:00:08","date_gmt":"2024-07-11T07:00:08","guid":{"rendered":"https:\/\/iwantmyhealthback.com\/metadichol-et-vitamine-c\/"},"modified":"2025-06-19T08:47:08","modified_gmt":"2025-06-19T12:47:08","slug":"metadichol-et-vitamine-c","status":"publish","type":"page","link":"https:\/\/iwantmyhealthback.com\/fr\/metadichol-et-vitamine-c\/","title":{"rendered":"Metadichol\u00ae et vitamine C"},"content":{"rendered":"\n\n\t<section class=\"section has-scroll-for-more\" id=\"section_154576829\">\n\t\t<div class=\"section-bg fill\" >\n\t\t\t\t\t\t\t\t\t<button class=\"scroll-for-more z-5 icon absolute bottom h-center\" aria-label=\"Fais d\u00e9filer pour en savoir plus\"><i class=\"icon-angle-down\" aria-hidden=\"true\" style=\"font-size:42px;\"><\/i><\/button>\n\t\t\t\n\t<div class=\"is-border\"\n\t\tstyle=\"border-width:0px 0px 0px 0px;\">\n\t<\/div>\n\n\t\t<\/div>\n\n\t\t\n\n\t\t<div class=\"section-content relative\">\n\t\t\t\n\n<div class=\"row align-center\"  id=\"row-190418854\">\n\n\n\t<div id=\"col-1953300922\" class=\"col medium-8 small-10 large-10\"  >\n\t\t\t\t<div class=\"col-inner text-center\"  >\n\t\t\t\n\t\t\t\n\n<h3>Plus d&#8217;informations<\/h3>\n<h2 style=\"font-size:250%;\">Metadichol\u00ae ET VITAMINE C<\/h2>\n<p>Comment Metadichol\u00ae, l&#8217;ingr\u00e9dient cl\u00e9 de la famille de produits MagicDichol\u00ae, induit la vitamine C dans l&#8217;organisme.<\/p>\n\n\n\t\t<\/div>\n\t\t\t\t\n<style>\n#col-1953300922 > .col-inner {\n  padding: 40px 0px 0px 0px;\n}\n<\/style>\n\t<\/div>\n\n\t\n\n<\/div>\n\n\t\t<\/div>\n\n\t\t\n<style>\n#section_154576829 {\n  padding-top: 0px;\n  padding-bottom: 0px;\n}\n@media (min-width:550px) {\n  #section_154576829 {\n    padding-top: 30px;\n    padding-bottom: 30px;\n  }\n}\n<\/style>\n\t<\/section>\n\t\n\n\t<section class=\"section\" id=\"section_1194058671\">\n\t\t<div class=\"section-bg fill\" >\n\t\t\t\t\t\t\t\t\t\n\t\t\t\n\n\t\t<\/div>\n\n\t\t\n\n\t\t<div class=\"section-content relative\">\n\t\t\t\n\n<div class=\"row\"  id=\"row-60660011\">\n\n\n\t<div id=\"col-763906678\" class=\"col small-12 large-12\"  >\n\t\t\t\t<div class=\"col-inner\"  >\n\t\t\t\n\t\t\t\n\n<div class=\"accordion\">\n\n\t<div id=\"accordion-1515504755\" class=\"accordion-item\">\n\t\t<a id=\"accordion-1515504755-label\" class=\"accordion-title plain\" href=\"#accordion-item-qu&#039;est-ce-que-metadichol\u00ae-et-o\u00f9-est-il-disponible-?\" aria-expanded=\"false\" aria-controls=\"accordion-1515504755-content\">\n\t\t\t<button class=\"toggle\" aria-label=\"Basculer\"><i class=\"icon-angle-down\" aria-hidden=\"true\"><\/i><\/button>\n\t\t\t<span>Qu&#039;est-ce que Metadichol\u00ae et o\u00f9 est-il disponible ?<\/span>\n\t\t<\/a>\n\t\t<div id=\"accordion-1515504755-content\" class=\"accordion-inner\" aria-labelledby=\"accordion-1515504755-label\">\n\t\t\t\n\n<p style=\"margin: 0cm;\"><span lang=\"EN-US\" style=\"color: #0e101a;\">Le m\u00e9tadichol est une nano\u00e9mulsion de policosanol. Ces particules de policosanol ont une taille inf\u00e9rieure \u00e0 60 nanom\u00e8tres. Il est environ deux fois plus petit qu&#8217;un virus. Gr\u00e2ce \u00e0 leur petite taille, ils peuvent se d\u00e9placer dans l&#8217;organisme et contribuer \u00e0 sa sant\u00e9 l\u00e0 o\u00f9 c&#8217;est n\u00e9cessaire. Le m\u00e9tadichol est la cl\u00e9 des produits MagicDichol : NANO SOMA\u00ae Liquid, NANO SOMA\u00ae Topical Gel et NANO SOMA\u00ae Skin Cream. Vous pouvez acheter ces produits dans notre magasin. Pour faire des achats,  <\/span><a href=\"https:\/\/iwantmyhealthback.com\/fr\/acheter\/\" target=\"_blank\" rel=\"nofollow noopener\"><span lang=\"EN-US\">cliquez ici.  <\/span><\/a><\/p>\n\n\t\t<\/div>\n\t<\/div>\n\t\n\t<div id=\"accordion-2828625085\" class=\"accordion-item\">\n\t\t<a id=\"accordion-2828625085-label\" class=\"accordion-title plain\" href=\"#accordion-item-l&#039;homme-et-la-vitamine-c\" aria-expanded=\"false\" aria-controls=\"accordion-2828625085-content\">\n\t\t\t<button class=\"toggle\" aria-label=\"Basculer\"><i class=\"icon-angle-down\" aria-hidden=\"true\"><\/i><\/button>\n\t\t\t<span>L&#039;homme et la vitamine C<\/span>\n\t\t<\/a>\n\t\t<div id=\"accordion-2828625085-content\" class=\"accordion-inner\" aria-labelledby=\"accordion-2828625085-label\">\n\t\t\t\n\n<div class=\"row\"  id=\"row-262199929\">\n\n\n\t<div id=\"col-1505813269\" class=\"col small-12 large-12\"  >\n\t\t\t\t<div class=\"col-inner text-center\"  >\n\t\t\t\n\t\t\t\n\n\t<div id=\"text-4061285252\" class=\"text\">\n\t\t\n\n<p style=\"margin: 0cm;\"><span lang=\"EN-US\" style=\"color: #0e101a;\">Il y a environ 40 millions d&#8217;ann\u00e9es, l&#8217;homme a perdu sa capacit\u00e9 \u00e0 produire de la vitamine C. Cela est d\u00fb \u00e0 un g\u00e8ne qui a cess\u00e9 de fonctionner correctement. Le g\u00e8ne ne peut pas produire une enzyme n\u00e9cessaire pour transformer les sucres de notre foie en vitamine C. La plupart des autres animaux n&#8217;ont pas ce probl\u00e8me. Ils produisent naturellement de la vitamine C et ne souffrent pas des m\u00eames maladies cardiaques et art\u00e9rielles que les humains.  <\/p>\n<p>Aucun m\u00e9dicament ne peut remplacer la vitamine C. La vitamine C est importante car elle contribue \u00e0 la pr\u00e9vention de nombreuses maladies. Il s&#8217;agit notamment de cataractes, de calculs biliaires, de faiblesse des vaisseaux sanguins, d&#8217;allergies, de facilit\u00e9 \u00e0 tomber malade, d&#8217;an\u00e9mie, de cholest\u00e9rol dans les art\u00e8res, d&#8217;hypertension art\u00e9rielle, de probl\u00e8mes cardiaques, et bien d&#8217;autres encore. Nous n&#8217;avons pas vraiment besoin de nouveaux m\u00e9dicaments pour cela. En revanche, un apport suffisant en vitamine C par d&#8217;autres moyens peut \u00eatre utile.   <\/p>\n\t\t\n<style>\n#text-4061285252 {\n  font-size: 1rem;\n  text-align: left;\n}\n@media (min-width:550px) {\n  #text-4061285252 {\n    font-size: 1rem;\n  }\n}\n<\/style>\n\t<\/div>\n\t\n\t<div id=\"gap-1456100932\" class=\"gap-element clearfix hide-for-small\" style=\"display:block; height:auto;\">\n\t\t\n<style>\n#gap-1456100932 {\n  padding-top: 30px;\n}\n<\/style>\n\t<\/div>\n\t\n\n\n\t\t<\/div>\n\t\t\t\t\t<\/div>\n\n\t\n\n<\/div>\n\n\t\t<\/div>\n\t<\/div>\n\t\n\t<div id=\"accordion-2641855416\" class=\"accordion-item\">\n\t\t<a id=\"accordion-2641855416-label\" class=\"accordion-title plain\" href=\"#accordion-item-les-d\u00e9fis-de-la-prise-de-vitamine-c\" aria-expanded=\"false\" aria-controls=\"accordion-2641855416-content\">\n\t\t\t<button class=\"toggle\" aria-label=\"Basculer\"><i class=\"icon-angle-down\" aria-hidden=\"true\"><\/i><\/button>\n\t\t\t<span>Les d\u00e9fis de la prise de vitamine C<\/span>\n\t\t<\/a>\n\t\t<div id=\"accordion-2641855416-content\" class=\"accordion-inner\" aria-labelledby=\"accordion-2641855416-label\">\n\t\t\t\n\n<div class=\"row\"  id=\"row-225047602\">\n\n\n\t<div id=\"col-1693961575\" class=\"col small-12 large-12\"  >\n\t\t\t\t<div class=\"col-inner text-center\"  >\n\t\t\t\n\t\t\t\n\n\t<div id=\"text-3075976619\" class=\"text\">\n\t\t\n\n<p style=\"margin: 0cm;\"><span lang=\"EN-US\" style=\"color: #0e101a;\">Lorsque vous essayez d&#8217;ajouter de la vitamine C \u00e0 votre corps en prenant des suppl\u00e9ments, il n&#8217;y a qu&#8217;une quantit\u00e9 limit\u00e9e que votre corps peut utiliser. Une fois que vous avez pris environ 500 milligrammes, vos reins commencent \u00e0 \u00e9liminer le surplus. Des \u00e9tudes ont montr\u00e9 que Metadichol aide votre corps \u00e0 augmenter son taux de vitamine C bien plus que la simple prise de suppl\u00e9ments.  <\/p>\n\t\t\n<style>\n#text-3075976619 {\n  font-size: 1rem;\n  text-align: left;\n}\n@media (min-width:550px) {\n  #text-3075976619 {\n    font-size: 1rem;\n  }\n}\n<\/style>\n\t<\/div>\n\t\n\t<div id=\"gap-1466749414\" class=\"gap-element clearfix hide-for-small\" style=\"display:block; height:auto;\">\n\t\t\n<style>\n#gap-1466749414 {\n  padding-top: 30px;\n}\n<\/style>\n\t<\/div>\n\t\n\n\n\t\t<\/div>\n\t\t\t\t\t<\/div>\n\n\t\n\n<\/div>\n\n\t\t<\/div>\n\t<\/div>\n\t\n\t<div id=\"accordion-2734216545\" class=\"accordion-item\">\n\t\t<a id=\"accordion-2734216545-label\" class=\"accordion-title plain\" aria-expanded=\"false\" aria-controls=\"accordion-2734216545-content\">\n\t\t\t<button class=\"toggle\" aria-label=\"Basculer\"><i class=\"icon-angle-down\" aria-hidden=\"true\"><\/i><\/button>\n\t\t\t<span>M\u00e9tadichol et vitamine C : Renforcer les niveaux<\/span>\n\t\t<\/a>\n\t\t<div id=\"accordion-2734216545-content\" class=\"accordion-inner\" aria-labelledby=\"accordion-2734216545-label\">\n\t\t\t\n\n<div class=\"row\"  id=\"row-1466056042\">\n\n\n\t<div id=\"col-876988057\" class=\"col small-12 large-12\"  >\n\t\t\t\t<div class=\"col-inner text-center\"  >\n\t\t\t\n\t\t\t\n\n\t<div id=\"text-44714254\" class=\"text\">\n\t\t\n\n<p style=\"margin: 0cm;\"><span lang=\"EN-US\" style=\"color: #0e101a;\">Lorsque le M\u00e9tadichol aide votre corps \u00e0 produire sa propre vitamine C, vous pouvez en avoir beaucoup plus dans votre corps. C&#8217;est bon pour votre sant\u00e9. La vitamine C est n\u00e9cessaire \u00e0 de nombreux processus importants. Elle contribue \u00e0 la r\u00e9gularit\u00e9 du tissu conjonctif, \u00e0 la r\u00e9paration des blessures, \u00e0 la sant\u00e9 des os et \u00e0 la fabrication d&#8217;\u00e9l\u00e9ments essentiels comme l&#8217;adr\u00e9naline et les hormones thyro\u00efdiennes. Il contribue \u00e9galement \u00e0 la d\u00e9gradation des prot\u00e9ines, \u00e0 la lutte contre les infections, \u00e0 l&#8217;utilisation du fer par l&#8217;organisme et \u00e0 bien d&#8217;autres choses encore.    <\/p>\n\t\t\n<style>\n#text-44714254 {\n  font-size: 1rem;\n  text-align: left;\n}\n@media (min-width:550px) {\n  #text-44714254 {\n    font-size: 1rem;\n  }\n}\n<\/style>\n\t<\/div>\n\t\n\t<div id=\"gap-1564826962\" class=\"gap-element clearfix hide-for-small\" style=\"display:block; height:auto;\">\n\t\t\n<style>\n#gap-1564826962 {\n  padding-top: 30px;\n}\n<\/style>\n\t<\/div>\n\t\n\n\n\t\t<\/div>\n\t\t\t\t\t<\/div>\n\n\t\n\n<\/div>\n\n\t\t<\/div>\n\t<\/div>\n\t\n\t<div id=\"accordion-2964473927\" class=\"accordion-item\">\n\t\t<a id=\"accordion-2964473927-label\" class=\"accordion-title plain\" href=\"#accordion-item-augmentation-du-m\u00e9tadichol-et-de-la-vitamine-c-dans-une-\u00e9tude-ouverte\" aria-expanded=\"false\" aria-controls=\"accordion-2964473927-content\">\n\t\t\t<button class=\"toggle\" aria-label=\"Basculer\"><i class=\"icon-angle-down\" aria-hidden=\"true\"><\/i><\/button>\n\t\t\t<span>Augmentation du m\u00e9tadichol et de la vitamine C dans une \u00e9tude ouverte<\/span>\n\t\t<\/a>\n\t\t<div id=\"accordion-2964473927-content\" class=\"accordion-inner\" aria-labelledby=\"accordion-2964473927-label\">\n\t\t\t\n\n<div class=\"row\"  id=\"row-1080910662\">\n\n\n\t<div id=\"col-1952481631\" class=\"col small-12 large-12\"  >\n\t\t\t\t<div class=\"col-inner text-center\"  >\n\t\t\t\n\t\t\t\n\n\t<div id=\"text-364792523\" class=\"text\">\n\t\t\n\n<p style=\"margin: 0cm;\"><span lang=\"EN-US\" style=\"color: #0e101a;\">Raghavan PR (2017) Metadichol\u00ae and Vitamin C Increase In Vivo, an Open-Label Study. Vitam Miner 6 : 163. doi : 10.4172\/2376- 1318.1000163  <\/p>\n<p>Le Dr Raghavan explique ci-dessous comment le M\u00e9tadichol pourrait permettre \u00e0 l&#8217;organisme de produire sa propre vitamine C.<\/p>\n\t\t\n<style>\n#text-364792523 {\n  font-size: 1rem;\n  text-align: left;\n}\n@media (min-width:550px) {\n  #text-364792523 {\n    font-size: 1rem;\n  }\n}\n<\/style>\n\t<\/div>\n\t\n\t<div class=\"img has-hover x md-x lg-x y md-y lg-y\" id=\"image_746597472\">\n\t\t\t\t\t\t\t\t<div class=\"img-inner dark\" >\n\t\t\t<img loading=\"lazy\" decoding=\"async\" width=\"697\" height=\"376\" src=\"https:\/\/iwantmyhealthback.com\/wp-content\/uploads\/2024\/07\/vitamin-c.png\" class=\"attachment-large size-large\" alt=\"\" srcset=\"https:\/\/iwantmyhealthback.com\/wp-content\/uploads\/2024\/07\/vitamin-c.png 697w, https:\/\/iwantmyhealthback.com\/wp-content\/uploads\/2024\/07\/vitamin-c-300x162.png 300w, https:\/\/iwantmyhealthback.com\/wp-content\/uploads\/2024\/07\/vitamin-c-510x275.png 510w\" sizes=\"auto, (max-width: 697px) 100vw, 697px\" \/>\t\t\t\t\t\t\n\t\t\t\t\t<\/div>\n\t\t\t\t\t\t\t\t\n<style>\n#image_746597472 {\n  width: 100%;\n}\n<\/style>\n\t<\/div>\n\t\n\n\t<div id=\"text-3651026532\" class=\"text\">\n\t\t\n\n<p style=\"margin: 0cm;\"><span lang=\"EN-US\" style=\"color: #0e101a;\">Ces tableaux montrent comment Metadichol peut augmenter les niveaux de vitamine C sans qu&#8217;il soit n\u00e9cessaire de prendre des vitamines suppl\u00e9mentaires dans l&#8217;alimentation ou sous forme de comprim\u00e9s.<\/p>\n\t\t\n<style>\n#text-3651026532 {\n  font-size: 1rem;\n  text-align: center;\n}\n@media (min-width:550px) {\n  #text-3651026532 {\n    font-size: 1rem;\n  }\n}\n<\/style>\n\t<\/div>\n\t\n\t<div class=\"img has-hover x md-x lg-x y md-y lg-y\" id=\"image_390235374\">\n\t\t\t\t\t\t\t\t<div class=\"img-inner dark\" >\n\t\t\t<img loading=\"lazy\" decoding=\"async\" width=\"830\" height=\"400\" src=\"https:\/\/iwantmyhealthback.com\/wp-content\/uploads\/2024\/07\/vitamins-graph.png\" class=\"attachment-large size-large\" alt=\"\" srcset=\"https:\/\/iwantmyhealthback.com\/wp-content\/uploads\/2024\/07\/vitamins-graph.png 830w, https:\/\/iwantmyhealthback.com\/wp-content\/uploads\/2024\/07\/vitamins-graph-300x145.png 300w, https:\/\/iwantmyhealthback.com\/wp-content\/uploads\/2024\/07\/vitamins-graph-510x246.png 510w, https:\/\/iwantmyhealthback.com\/wp-content\/uploads\/2024\/07\/vitamins-graph-768x370.png 768w\" sizes=\"auto, (max-width: 830px) 100vw, 830px\" \/>\t\t\t\t\t\t\n\t\t\t\t\t<\/div>\n\t\t\t\t\t\t\t\t\n<style>\n#image_390235374 {\n  width: 100%;\n}\n<\/style>\n\t<\/div>\n\t\n\n\t<div id=\"gap-1455300970\" class=\"gap-element clearfix hide-for-small\" style=\"display:block; height:auto;\">\n\t\t\n<style>\n#gap-1455300970 {\n  padding-top: 30px;\n}\n<\/style>\n\t<\/div>\n\t\n\n\n\t\t<\/div>\n\t\t\t\t\t<\/div>\n\n\t\n\n<\/div>\n\n\t\t<\/div>\n\t<\/div>\n\t\n\t<div id=\"accordion-921890430\" class=\"accordion-item\">\n\t\t<a id=\"accordion-921890430-label\" class=\"accordion-title plain\" aria-expanded=\"false\" aria-controls=\"accordion-921890430-content\">\n\t\t\t<button class=\"toggle\" aria-label=\"Basculer\"><i class=\"icon-angle-down\" aria-hidden=\"true\"><\/i><\/button>\n\t\t\t<span>M\u00e9tadichol et vitamine C : \u00c9tudes de cas<\/span>\n\t\t<\/a>\n\t\t<div id=\"accordion-921890430-content\" class=\"accordion-inner\" aria-labelledby=\"accordion-921890430-label\">\n\t\t\t\n\n<div class=\"row\"  id=\"row-1421526608\">\n\n\n\t<div id=\"col-1529664644\" class=\"col small-12 large-12\"  >\n\t\t\t\t<div class=\"col-inner text-center\"  >\n\t\t\t\n\t\t\t\n\n\t<div id=\"text-4279647957\" class=\"text\">\n\t\t\n\n<p style=\"margin: 0cm;\"><span lang=\"EN-US\" style=\"color: #0e101a;\">Raghavan PR (2017) Metadichol\u00ae Induced High Levels of Vitamin C : \u00c9tudes de cas. Vitam Miner 6 : 169. doi : 10.4172\/2376- 1318.1000169  <\/p>\n\t\t\n<style>\n#text-4279647957 {\n  font-size: 1rem;\n  text-align: left;\n}\n@media (min-width:550px) {\n  #text-4279647957 {\n    font-size: 1rem;\n  }\n}\n<\/style>\n\t<\/div>\n\t\n\t<div class=\"img has-hover x md-x lg-x y md-y lg-y\" id=\"image_844269038\">\n\t\t\t\t\t\t\t\t<div class=\"img-inner dark\" >\n\t\t\t<img loading=\"lazy\" decoding=\"async\" width=\"981\" height=\"423\" src=\"https:\/\/iwantmyhealthback.com\/wp-content\/uploads\/2024\/07\/vitaminc-graph2.png\" class=\"attachment-large size-large\" alt=\"\" srcset=\"https:\/\/iwantmyhealthback.com\/wp-content\/uploads\/2024\/07\/vitaminc-graph2.png 981w, https:\/\/iwantmyhealthback.com\/wp-content\/uploads\/2024\/07\/vitaminc-graph2-300x129.png 300w, https:\/\/iwantmyhealthback.com\/wp-content\/uploads\/2024\/07\/vitaminc-graph2-510x220.png 510w, https:\/\/iwantmyhealthback.com\/wp-content\/uploads\/2024\/07\/vitaminc-graph2-768x331.png 768w\" sizes=\"auto, (max-width: 981px) 100vw, 981px\" \/>\t\t\t\t\t\t\n\t\t\t\t\t<\/div>\n\t\t\t\t\t\t\t\t\n<style>\n#image_844269038 {\n  width: 100%;\n}\n<\/style>\n\t<\/div>\n\t\n\n\t<div id=\"text-217271702\" class=\"text\">\n\t\t\n\n<p>&#8220;Une substance qui interf\u00e8re avec le fonctionnement normal du syst\u00e8me est un m\u00e9dicament. Une substance qui r\u00e9tablit la fonction normale du syst\u00e8me est un nutriment&#8221; &#8211; Dr. PR Raghavan, d\u00e9veloppeur de Metadichol<\/p>\n\t\t\n<style>\n#text-217271702 {\n  font-size: 1rem;\n  text-align: center;\n}\n@media (min-width:550px) {\n  #text-217271702 {\n    font-size: 1.5rem;\n  }\n}\n<\/style>\n\t<\/div>\n\t\n\t<div id=\"text-3283498082\" class=\"text\">\n\t\t\n\n<p style=\"margin: 0cm;\"><span lang=\"EN-US\" style=\"color: #0e101a;\">La famille de produits MagicDichol ne gu\u00e9rit pas, ne traite pas et ne soigne pas. Ces produits stimulent plut\u00f4t les m\u00e9canismes naturels de gu\u00e9rison du corps, qui sont bien plus complets que la plupart d&#8217;entre nous ne le pensent. <\/p>\n\t\t\n<style>\n#text-3283498082 {\n  font-size: 1rem;\n  text-align: center;\n}\n@media (min-width:550px) {\n  #text-3283498082 {\n    font-size: 1rem;\n  }\n}\n<\/style>\n\t<\/div>\n\t\n\t<div id=\"gap-1122485632\" class=\"gap-element clearfix hide-for-small\" style=\"display:block; height:auto;\">\n\t\t\n<style>\n#gap-1122485632 {\n  padding-top: 30px;\n}\n<\/style>\n\t<\/div>\n\t\n\n\n\t\t<\/div>\n\t\t\t\t\t<\/div>\n\n\t\n\n<\/div>\n\n\t\t<\/div>\n\t<\/div>\n\t\n\n<\/div>\n\n\t\t<\/div>\n\t\t\t\t\t<\/div>\n\n\t\n\n<\/div>\n<div class=\"row\"  id=\"row-718546406\">\n\n\n\t<div id=\"col-1820954107\" class=\"col hide-for-small medium-4 small-12 large-4\"  >\n\t\t\t\t<div class=\"col-inner\"  >\n\t\t\t\n\t\t\t\n\n\n\t\t<\/div>\n\t\t\t\t\t<\/div>\n\n\t\n\n\t<div id=\"col-532066241\" class=\"col medium-4 small-12 large-4\"  >\n\t\t\t\t<div class=\"col-inner text-center\"  >\n\t\t\t\n\t\t\t\n\n<a href=\"https:\/\/iwantmyhealthback.com\/fr\/acheter\/\" target=\"_blank\" class=\"button primary is-large\" rel=\"noopener\" >\n\t\t<span>Pour acheter, cliquez ici<\/span>\n\t<\/a>\n\n\n\n\t\t<\/div>\n\t\t\t\t\t<\/div>\n\n\t\n\n\t<div id=\"col-715420907\" class=\"col hide-for-small medium-4 small-12 large-4\"  >\n\t\t\t\t<div class=\"col-inner\"  >\n\t\t\t\n\t\t\t\n\n\n\t\t<\/div>\n\t\t\t\t\t<\/div>\n\n\t\n\n<\/div>\n\n\t\t<\/div>\n\n\t\t\n<style>\n#section_1194058671 {\n  padding-top: 30px;\n  padding-bottom: 30px;\n}\n<\/style>\n\t<\/section>\n\t\n\n","protected":false},"excerpt":{"rendered":"","protected":false},"author":2,"featured_media":0,"parent":0,"menu_order":0,"comment_status":"closed","ping_status":"closed","template":"page-blank.php","meta":{"bwfblock_default_font":"","_uag_custom_page_level_css":"","footnotes":""},"class_list":["post-4574","page","type-page","status-publish","hentry"],"uagb_featured_image_src":{"full":false,"thumbnail":false,"medium":false,"medium_large":false,"large":false,"1536x1536":false,"2048x2048":false,"woocommerce_thumbnail":false,"woocommerce_single":false,"woocommerce_gallery_thumbnail":false},"uagb_author_info":{"display_name":"IWantMyHealthBack","author_link":"https:\/\/iwantmyhealthback.com\/fr\/author\/anthonette\/"},"uagb_comment_info":0,"uagb_excerpt":null,"_links":{"self":[{"href":"https:\/\/iwantmyhealthback.com\/fr\/wp-json\/wp\/v2\/pages\/4574","targetHints":{"allow":["GET"]}}],"collection":[{"href":"https:\/\/iwantmyhealthback.com\/fr\/wp-json\/wp\/v2\/pages"}],"about":[{"href":"https:\/\/iwantmyhealthback.com\/fr\/wp-json\/wp\/v2\/types\/page"}],"author":[{"embeddable":true,"href":"https:\/\/iwantmyhealthback.com\/fr\/wp-json\/wp\/v2\/users\/2"}],"replies":[{"embeddable":true,"href":"https:\/\/iwantmyhealthback.com\/fr\/wp-json\/wp\/v2\/comments?post=4574"}],"version-history":[{"count":0,"href":"https:\/\/iwantmyhealthback.com\/fr\/wp-json\/wp\/v2\/pages\/4574\/revisions"}],"wp:attachment":[{"href":"https:\/\/iwantmyhealthback.com\/fr\/wp-json\/wp\/v2\/media?parent=4574"}],"curies":[{"name":"wp","href":"https:\/\/api.w.org\/{rel}","templated":true}]}}