{"id":4556,"date":"2024-07-15T07:02:56","date_gmt":"2024-07-15T11:02:56","guid":{"rendered":"https:\/\/iwantmyhealthback.com\/a-propos-de\/"},"modified":"2025-06-06T22:19:47","modified_gmt":"2025-06-07T02:19:47","slug":"a-propos-de","status":"publish","type":"page","link":"https:\/\/iwantmyhealthback.com\/fr\/a-propos-de\/","title":{"rendered":"A propos de"},"content":{"rendered":"\n\n\t<section class=\"section\" id=\"section_819015703\">\n\t\t<div class=\"section-bg fill\" >\n\t\t\t\t\t\t\t\t\t\n\t\t\t\n\n\t\t<\/div>\n\n\t\t\n\n\t\t<div class=\"section-content relative\">\n\t\t\t\n\n\t<div id=\"gap-1792067473\" class=\"gap-element clearfix\" style=\"display:block; height:auto;\">\n\t\t\n<style>\n#gap-1792067473 {\n  padding-top: 30px;\n}\n<\/style>\n\t<\/div>\n\t\n\n<div class=\"row align-middle align-center\"  id=\"row-1406055516\">\n\n\n\t<div id=\"col-693880092\" class=\"col medium-12 small-12 large-7\"  >\n\t\t\t\t<div class=\"col-inner\"  >\n\t\t\t\n\t\t\t\n\n\t<div id=\"text-977897597\" class=\"text\">\n\t\t\n\n<h2>Je veux retrouver la sant\u00e9 ! Vous voulez ? <\/h2>\n\t\t\n<style>\n#text-977897597 {\n  font-size: 1.3rem;\n}\n<\/style>\n\t<\/div>\n\t\n<p>Bienvenue dans la r\u00e9volution de la sant\u00e9 avec MagicDichol\u00ae. Notre objectif est de vous fournir des moyens simples et puissants pour que vous puissiez vous r\u00e9approprier votre sant\u00e9. L&#8217;ingr\u00e9dient cl\u00e9 de tous nos produits est Metadichol\u00ae &#8211; une nano\u00e9mulsion de policosanol <a href=\"http:\/\/iwantmyhealthback.com\/worldwide-patents\/\" target=\"_blank\" rel=\"noopener\">brevet\u00e9e dans le monde entier<\/a> pour son lien unique et profond avec notre corps.  <\/p>\n<p>Lorsque vous choisissez nos produits, vous n&#8217;obtenez pas seulement quelque chose d&#8217;excellent. Vous rejoignez un mouvement qui remet votre sant\u00e9 entre VOS mains. <\/p>\n<div class=\"row\"  id=\"row-751192741\">\n\n\n\t<div id=\"col-1995768461\" class=\"col hide-for-medium small-12 large-12\"  >\n\t\t\t\t<div class=\"col-inner text-left\"  >\n\t\t\t\n\t\t\t\n\n<a href=\"https:\/\/iwantmyhealthback.com\/fr\/avantages\/\" class=\"button primary is-large\" style=\"border-radius:5px;\">\n\t\t<span>En savoir plus<\/span>\n\t<\/a>\n\n\n<a href=\"https:\/\/iwantmyhealthback.com\/fr\/acheter\/\" class=\"button primary is-outline is-large\" >\n\t\t<span>SHOP NOW<\/span>\n\t<\/a>\n\n\n\n\t\t<\/div>\n\t\t\t\t\t<\/div>\n\n\t\n\n\t<div id=\"col-562200174\" class=\"col show-for-small small-12 large-12\"  >\n\t\t\t\t<div class=\"col-inner text-center\"  >\n\t\t\t\n\t\t\t\n\n<a href=\"https:\/\/iwantmyhealthback.com\/fr\/avantages\/\" class=\"button primary is-larger\" style=\"border-radius:5px;\">\n\t\t<span>En savoir plus<\/span>\n\t<\/a>\n\n\n\n\t\t<\/div>\n\t\t\t\t\t<\/div>\n\n\t\n\n<\/div>\n\n\t\t<\/div>\n\t\t\t\t\n<style>\n#col-693880092 > .col-inner {\n  padding: 0px 0 0px 0px;\n}\n@media (min-width:550px) {\n  #col-693880092 > .col-inner {\n    padding: 0px 10% 0px 0px;\n  }\n}\n@media (min-width:850px) {\n  #col-693880092 > .col-inner {\n    padding: 0px 20px 0px 0px;\n  }\n}\n<\/style>\n\t<\/div>\n\n\t\n\n\t<div id=\"col-381692439\" class=\"col medium-12 small-12 large-5\"  >\n\t\t\t\t<div class=\"col-inner\"  >\n\t\t\t\n\t\t\t\n\n<div class=\"row\"  id=\"row-562629260\">\n\n\n\t<div id=\"col-2083989274\" class=\"col medium-12 small-12 large-12\"  >\n\t\t\t\t<div class=\"col-inner text-center\"  >\n\t\t\t\n\t\t\t\n\n\n  <div class=\"banner has-hover\" id=\"banner-457251419\">\n          <div class=\"banner-inner fill\">\n        <div class=\"banner-bg fill\" >\n            <img loading=\"lazy\" decoding=\"async\" width=\"1020\" height=\"388\" src=\"https:\/\/iwantmyhealthback.com\/wp-content\/uploads\/2024\/07\/sugarcane-mobile-1024x390-1.png\" class=\"bg attachment-large size-large\" alt=\"\" \/>                                    \n                    <\/div>\n\t\t\n        <div class=\"banner-layers container\">\n            <div class=\"fill banner-link\"><\/div>            \n\n   <div id=\"text-box-1028771955\" class=\"text-box banner-layer x50 md-x50 lg-x50 y50 md-y50 lg-y50 res-text\">\n                                <div class=\"text-box-content text dark\">\n              \n              <div class=\"text-inner text-center\">\n                  \n\n\n              <\/div>\n           <\/div>\n                            \n<style>\n#text-box-1028771955 {\n  width: 60%;\n}\n#text-box-1028771955 .text-box-content {\n  font-size: 100%;\n}\n@media (min-width:550px) {\n  #text-box-1028771955 {\n    width: 60%;\n  }\n}\n<\/style>\n    <\/div>\n \n\n        <\/div>\n      <\/div>\n\n            \n<style>\n#banner-457251419 {\n  padding-top: 99.99%;\n  background-color: rgba(0, 0, 0, 0);\n}\n@media (min-width:550px) {\n  #banner-457251419 {\n    padding-top: 150%;\n  }\n}\n@media (min-width:850px) {\n  #banner-457251419 {\n    padding-top: 80%;\n  }\n}\n<\/style>\n  <\/div>\n\n\n\n\t\t<\/div>\n\t\t\t\t\t<\/div>\n\n\t\n\n<\/div>\n\n\t\t<\/div>\n\t\t\t\t\t<\/div>\n\n\t\n\n<\/div>\n\n\t\t<\/div>\n\n\t\t\n<style>\n#section_819015703 {\n  padding-top: 30px;\n  padding-bottom: 30px;\n}\n<\/style>\n\t<\/section>\n\t\n\n\t<section class=\"section dark\" id=\"section_760764384\">\n\t\t<div class=\"section-bg fill\" >\n\t\t\t<img loading=\"lazy\" decoding=\"async\" width=\"1024\" height=\"442\" src=\"https:\/\/iwantmyhealthback.com\/wp-content\/uploads\/2024\/07\/magic-dichol-4-1024x442-1.png\" class=\"bg attachment- size-\" alt=\"\" \/>\t\t\t\t\t\t<div class=\"section-bg-overlay absolute fill\"><\/div>\n\t\t\t\n\n\t\t<\/div>\n\n\t\t\n\n\t\t<div class=\"section-content relative\">\n\t\t\t\n\n\t<div id=\"gap-1511758959\" class=\"gap-element clearfix\" style=\"display:block; height:auto;\">\n\t\t\n<style>\n#gap-1511758959 {\n  padding-top: 30px;\n}\n<\/style>\n\t<\/div>\n\t\n\n<div class=\"row align-center\"  id=\"row-1265843910\">\n\n\n\t<div id=\"col-1912371117\" class=\"col medium-7 small-12 large-5\"  >\n\t\t\t\t<div class=\"col-inner text-center\"  >\n\t\t\t\n\t\t\t\n\n\t<div id=\"text-383351121\" class=\"text\">\n\t\t\n\n<h1>L&#8217;histoire<\/h1>\n\t\t\n<style>\n#text-383351121 {\n  font-size: 1.75rem;\n}\n<\/style>\n\t<\/div>\n\t\n\n\t\t<\/div>\n\t\t\t\t\t<\/div>\n\n\t\n\n<\/div>\n\n\t\t<\/div>\n\n\t\t\n<style>\n#section_760764384 {\n  padding-top: 30px;\n  padding-bottom: 30px;\n  min-height: 290px;\n}\n#section_760764384 .section-bg-overlay {\n  background-color: rgba(0, 0, 0, 0.16);\n}\n#section_760764384 .section-bg img {\n  object-position: 59% 38%;\n}\n@media (min-width:550px) {\n  #section_760764384 {\n    min-height: 350px;\n  }\n}\n<\/style>\n\t<\/section>\n\t\n\n\t<section class=\"section\" id=\"section_1902529257\">\n\t\t<div class=\"section-bg fill\" >\n\t\t\t\t\t\t\t\t\t\n\t\t\t\n\n\t\t<\/div>\n\n\t\t\n\n\t\t<div class=\"section-content relative\">\n\t\t\t\n\n\t<div id=\"gap-1796516853\" class=\"gap-element clearfix\" style=\"display:block; height:auto;\">\n\t\t\n<style>\n#gap-1796516853 {\n  padding-top: 30px;\n}\n<\/style>\n\t<\/div>\n\t\n\n<div class=\"row row-large\"  id=\"row-778866765\">\n\n\n\t<div id=\"col-1966001288\" class=\"col small-12 large-12\"  >\n\t\t\t\t<div class=\"col-inner\"  >\n\t\t\t\n\t\t\t\n\n<p style=\"font-size: 150%;\"><strong>Les produits MagicDichol\u00ae : Fabriqu\u00e9s par un expert<\/strong><\/p>\n<p>Le Dr PR Raghavan (Raghu) est le g\u00e9nie \u00e0 l&#8217;origine du Metadichol\u00ae &#8211; la cl\u00e9 des produits MagicDichol. Raghu a plus de 20 ans d&#8217;exp\u00e9rience dans la recherche et a travaill\u00e9 avec de nombreuses institutions, y compris de grands noms comme l&#8217;Universit\u00e9 de Columbia. Apr\u00e8s avoir recherch\u00e9 des m\u00e9dicaments pendant si longtemps, Raghu \u00e9tait \u00e0 la recherche d&#8217;une approche plus naturelle. Son objectif \u00e9tait d&#8217;aller \u00e0 la racine des probl\u00e8mes de sant\u00e9 humaine.   <\/p>\n<p>Apr\u00e8s avoir travaill\u00e9 sur ce r\u00eave pendant plus de dix ans, Raghu a cr\u00e9\u00e9 Metadichol en 2008. Il est fabriqu\u00e9 \u00e0 partir de tr\u00e8s petites particules de policosanol que l&#8217;on trouve dans des aliments comme le riz et la canne \u00e0 sucre. Ces minuscules particules, appel\u00e9es nanoparticules, sont encore plus petites que les virus. Elles fonctionnent bien dans l&#8217;organisme pour cr\u00e9er et maintenir une bonne sant\u00e9*.   <\/p>\n<p>De 2008 \u00e0 2019, Raghu a test\u00e9 le Metadichol sur diff\u00e9rents probl\u00e8mes de sant\u00e9 et a publi\u00e9 ses <strong><a href=\"https:\/\/iwantmyhealthback.com\/fr\/publications-sur-le-metadichol\/\">articles<\/a><\/strong>. Son travail \u00e9tait si unique qu&#8217;il lui a permis d&#8217;obtenir<strong> <a href=\"https:\/\/iwantmyhealthback.com\/fr\/brevets-mondiaux\/\">37 brevets dans le monde entier<\/a><\/strong>dans le monde entier, dont <strong><a href=\"https:\/\/iwantmyhealthback.com\/fr\/metadichol-brevets-americains\/\">trois aux \u00c9tats-Unis<\/a><\/strong>. <\/p>\n<p>Le m\u00e9tadichol est pr\u00e9sent dans les trois produits MagicDichol : NANO SOMA\u00ae Liquid, NANO SOMA\u00ae Topical Gel et NANO SOMA\u00ae Skin Cream.<\/p>\n<p>Plus de 100 000 personnes ont essay\u00e9 NANO SOMA. Certaines ont commenc\u00e9 par avoir des probl\u00e8mes de sant\u00e9 importants, tandis que d&#8217;autres voulaient simplement se sentir en meilleure sant\u00e9. Beaucoup d&#8217;entre elles ont racont\u00e9 des histoires incroyables sur la fa\u00e7on dont les produits NANO SOMA les ont aid\u00e9es. <strong><a href=\"https:\/\/iwantmyhealthback.com\/fr\/temoignages\/\" data-wplink-edit=\"true\">ici<\/a><\/strong>.  <\/p>\n\n\n\t\t<\/div>\n\t\t\t\t\t<\/div>\n\n\t\n\n<\/div>\n\n\t\t<\/div>\n\n\t\t\n<style>\n#section_1902529257 {\n  padding-top: 20px;\n  padding-bottom: 20px;\n}\n@media (min-width:550px) {\n  #section_1902529257 {\n    padding-top: 30px;\n    padding-bottom: 30px;\n  }\n}\n<\/style>\n\t<\/section>\n\t\n\n\t<section class=\"section\" id=\"section_743306354\">\n\t\t<div class=\"section-bg fill\" >\n\t\t\t\t\t\t\t\t\t\n\t\t\t\n\n\t\t<\/div>\n\n\t\t\n\n\t\t<div class=\"section-content relative\">\n\t\t\t\n\n<div class=\"row\"  id=\"row-1493496638\">\n\n\n\t<div id=\"col-1863629872\" class=\"col small-12 large-12\"  >\n\t\t\t\t<div class=\"col-inner\"  >\n\t\t\t\n\t<div class=\"is-border\"\n\t\tstyle=\"border-color:#767676;border-width:2px 2px 2px 2px;\">\n\t<\/div>\n\t\t\t\n\n\t<div id=\"text-83335874\" class=\"text\">\n\t\t\n\n<p><strong>*Ces d\u00e9clarations n&#8217;ont pas \u00e9t\u00e9 \u00e9valu\u00e9es par la Food and Drug Administration des \u00c9tats-Unis. Ce produit n&#8217;est pas destin\u00e9 \u00e0 diagnostiquer ou \u00e0 prescrire une quelconque condition m\u00e9dicale, ni \u00e0 pr\u00e9venir, traiter, att\u00e9nuer ou gu\u00e9rir une telle condition. Si vous souffrez d&#8217;une maladie ou d&#8217;un probl\u00e8me m\u00e9dical, consultez votre fournisseur de soins de sant\u00e9.  <\/strong><\/p>\n\t\t\n<style>\n#text-83335874 {\n  font-size: 0.9rem;\n  text-align: left;\n}\n<\/style>\n\t<\/div>\n\t\n\n\t\t<\/div>\n\t\t\t\t\n<style>\n#col-1863629872 > .col-inner {\n  padding: 10px 20px 5px 20px;\n}\n<\/style>\n\t<\/div>\n\n\t\n\n<\/div>\n\n\t\t<\/div>\n\n\t\t\n<style>\n#section_743306354 {\n  padding-top: 0px;\n  padding-bottom: 0px;\n}\n@media (min-width:550px) {\n  #section_743306354 {\n    padding-top: 30px;\n    padding-bottom: 30px;\n  }\n}\n<\/style>\n\t<\/section>\n\t\n\n","protected":false},"excerpt":{"rendered":"","protected":false},"author":2,"featured_media":0,"parent":0,"menu_order":0,"comment_status":"closed","ping_status":"closed","template":"page-blank.php","meta":{"bwfblock_default_font":"","_uag_custom_page_level_css":"","footnotes":""},"class_list":["post-4556","page","type-page","status-publish","hentry"],"uagb_featured_image_src":{"full":false,"thumbnail":false,"medium":false,"medium_large":false,"large":false,"1536x1536":false,"2048x2048":false,"woocommerce_thumbnail":false,"woocommerce_single":false,"woocommerce_gallery_thumbnail":false},"uagb_author_info":{"display_name":"IWantMyHealthBack","author_link":"https:\/\/iwantmyhealthback.com\/fr\/author\/anthonette\/"},"uagb_comment_info":0,"uagb_excerpt":null,"_links":{"self":[{"href":"https:\/\/iwantmyhealthback.com\/fr\/wp-json\/wp\/v2\/pages\/4556","targetHints":{"allow":["GET"]}}],"collection":[{"href":"https:\/\/iwantmyhealthback.com\/fr\/wp-json\/wp\/v2\/pages"}],"about":[{"href":"https:\/\/iwantmyhealthback.com\/fr\/wp-json\/wp\/v2\/types\/page"}],"author":[{"embeddable":true,"href":"https:\/\/iwantmyhealthback.com\/fr\/wp-json\/wp\/v2\/users\/2"}],"replies":[{"embeddable":true,"href":"https:\/\/iwantmyhealthback.com\/fr\/wp-json\/wp\/v2\/comments?post=4556"}],"version-history":[{"count":0,"href":"https:\/\/iwantmyhealthback.com\/fr\/wp-json\/wp\/v2\/pages\/4556\/revisions"}],"wp:attachment":[{"href":"https:\/\/iwantmyhealthback.com\/fr\/wp-json\/wp\/v2\/media?parent=4556"}],"curies":[{"name":"wp","href":"https:\/\/api.w.org\/{rel}","templated":true}]}}