{"id":4343,"date":"2024-07-07T04:00:05","date_gmt":"2024-07-07T08:00:05","guid":{"rendered":"https:\/\/iwantmyhealthback.com\/publications-sur-le-metadichol\/"},"modified":"2025-05-21T08:42:09","modified_gmt":"2025-05-21T12:42:09","slug":"publications-sur-le-metadichol","status":"publish","type":"page","link":"https:\/\/iwantmyhealthback.com\/fr\/publications-sur-le-metadichol\/","title":{"rendered":"Publications sur le m\u00e9tadichol"},"content":{"rendered":"\n\n\t<section class=\"section has-scroll-for-more\" id=\"section_2128538506\">\n\t\t<div class=\"section-bg fill\" >\n\t\t\t\t\t\t\t\t\t<button class=\"scroll-for-more z-5 icon absolute bottom h-center\" aria-label=\"Fais d\u00e9filer pour en savoir plus\"><i class=\"icon-angle-down\" aria-hidden=\"true\" style=\"font-size:42px;\"><\/i><\/button>\n\t\t\t\n\t<div class=\"is-border\"\n\t\tstyle=\"border-width:0px 0px 0px 0px;\">\n\t<\/div>\n\n\t\t<\/div>\n\n\t\t\n\n\t\t<div class=\"section-content relative\">\n\t\t\t\n\n<div class=\"row align-center\"  id=\"row-2111962454\">\n\n\n\t<div id=\"col-1279170324\" class=\"col medium-8 small-10 large-10\"  >\n\t\t\t\t<div class=\"col-inner text-center\"  >\n\t\t\t\n\t\t\t\n\n<h3>La science<\/h3>\n<h2 style=\"font-size:250%;\">Publications sur Metadichol\u00ae disponibles sur des sites Internet ind\u00e9pendants<\/h2>\n\n\n\t\t<\/div>\n\t\t\t\t\n<style>\n#col-1279170324 > .col-inner {\n  padding: 40px 0px 0px 0px;\n}\n<\/style>\n\t<\/div>\n\n\t\n\n<\/div>\n\n\t\t<\/div>\n\n\t\t\n<style>\n#section_2128538506 {\n  padding-top: 0px;\n  padding-bottom: 0px;\n}\n@media (min-width:550px) {\n  #section_2128538506 {\n    padding-top: 30px;\n    padding-bottom: 30px;\n  }\n}\n<\/style>\n\t<\/section>\n\t\n<div class=\"row\" style=\"max-width:1200px\" id=\"row-1741328715\">\n\n\n\t<div id=\"col-1948047636\" class=\"col small-12 large-12\"  >\n\t\t\t\t<div class=\"col-inner\"  >\n\t\t\t\n\t<div class=\"is-border\"\n\t\tstyle=\"border-width:0px 0px 1px 0px;\">\n\t<\/div>\n\t\t\t\n\n\t<div id=\"text-3493570658\" class=\"text\">\n\t\t\n\n<p>Pour plus de clart\u00e9, les informations contenues dans ce site web ou dans tout autre site web li\u00e9 ne sont pas destin\u00e9es \u00e0 diagnostiquer, traiter, gu\u00e9rir ou pr\u00e9venir une quelconque maladie. Les informations sont pr\u00e9sent\u00e9es \u00e0 des fins \u00e9ducatives uniquement et n&#8217;ont pas pour but de diagnostiquer ou de prescrire un \u00e9tat m\u00e9dical ou psychologique, ni de pr\u00e9venir, de traiter, d&#8217;att\u00e9nuer ou de gu\u00e9rir de tels \u00e9tats. Les informations contenues dans ce document ne sont pas destin\u00e9es \u00e0 remplacer une relation individuelle avec un m\u00e9decin ou un professionnel de la sant\u00e9 qualifi\u00e9. Par cons\u00e9quent, ces informations ne constituent pas un avis m\u00e9dical, mais plut\u00f4t un partage de connaissances et d&#8217;informations bas\u00e9es sur la recherche et l&#8217;exp\u00e9rience.   <\/p>\n<p>Sauf indication contraire, les d\u00e9clarations figurant sur ce site ou sur les sites li\u00e9s n&#8217;ont pas \u00e9t\u00e9 \u00e9valu\u00e9es par la Food and Drug Administration.<\/p>\n\t\t\n<style>\n#text-3493570658 {\n  font-size: 1rem;\n  line-height: 1.85;\n  text-align: center;\n}\n<\/style>\n\t<\/div>\n\t\n\n\t\t<\/div>\n\t\t\t\t\t<\/div>\n\n\t\n\n\t<div id=\"col-283164967\" class=\"col small-12 large-12\"  >\n\t\t\t\t<div class=\"col-inner\"  >\n\t\t\t\n\t\t\t\n\n\t<div id=\"text-1994379825\" class=\"text\">\n\t\t\n\n<p><strong>Si vous souhaitez consulter notre collection de publications, vous serez redirig\u00e9 vers un site web distinct. Pour l&#8217;accepter, cliquez sur &#8220;Aller aux publications&#8221; ci-dessous. <\/strong><\/p>\n\t\t\n<style>\n#text-1994379825 {\n  text-align: center;\n}\n<\/style>\n\t<\/div>\n\t\n\n\t\t<\/div>\n\t\t\t\t\t<\/div>\n\n\t\n\n<\/div>\n\n\t<section class=\"section\" id=\"section_1536886830\">\n\t\t<div class=\"section-bg fill\" >\n\t\t\t\t\t\t\t\t\t\n\t\t\t\n\n\t\t<\/div>\n\n\t\t\n\n\t\t<div class=\"section-content relative\">\n\t\t\t\n\n<div class=\"row align-center\" style=\"max-width:800px\" id=\"row-970021997\">\n\n\n\t<div id=\"col-26469353\" class=\"col medium-6 small-12 large-6\"  >\n\t\t\t\t<div class=\"col-inner\"  >\n\t\t\t\n\t\t\t\n\n<a href=\"https:\/\/magicdichol.info\/\" class=\"button primary is-outline expand\" target=\"_blank\" rel=\"noopener\">\n\t\t<span>Annuler<\/span>\n\t<\/a>\n\n\n\n\t\t<\/div>\n\t\t\t\t\t<\/div>\n\n\t\n\n\t<div id=\"col-1447293220\" class=\"col medium-6 small-12 large-6\"  >\n\t\t\t\t<div class=\"col-inner\"  >\n\t\t\t\n\t\t\t\n\n<a href=\"https:\/\/iwantmyhealthback.com\/fr\/publications-sur-la-famille-de-produits-magicdichol\/\" class=\"button primary expand\">\n\t\t<span>Aller aux publications<\/span>\n\t<\/a>\n\n\n\n\t\t<\/div>\n\t\t\t\t\t<\/div>\n\n\t\n\n<\/div>\n\n\t\t<\/div>\n\n\t\t\n<style>\n#section_1536886830 {\n  padding-top: 30px;\n  padding-bottom: 30px;\n}\n<\/style>\n\t<\/section>\n\t\n\n","protected":false},"excerpt":{"rendered":"","protected":false},"author":2,"featured_media":0,"parent":0,"menu_order":0,"comment_status":"closed","ping_status":"closed","template":"page-blank.php","meta":{"bwfblock_default_font":"","_uag_custom_page_level_css":"","footnotes":""},"class_list":["post-4343","page","type-page","status-publish","hentry"],"uagb_featured_image_src":{"full":false,"thumbnail":false,"medium":false,"medium_large":false,"large":false,"1536x1536":false,"2048x2048":false,"woocommerce_thumbnail":false,"woocommerce_single":false,"woocommerce_gallery_thumbnail":false},"uagb_author_info":{"display_name":"IWantMyHealthBack","author_link":"https:\/\/iwantmyhealthback.com\/fr\/author\/anthonette\/"},"uagb_comment_info":0,"uagb_excerpt":null,"_links":{"self":[{"href":"https:\/\/iwantmyhealthback.com\/fr\/wp-json\/wp\/v2\/pages\/4343","targetHints":{"allow":["GET"]}}],"collection":[{"href":"https:\/\/iwantmyhealthback.com\/fr\/wp-json\/wp\/v2\/pages"}],"about":[{"href":"https:\/\/iwantmyhealthback.com\/fr\/wp-json\/wp\/v2\/types\/page"}],"author":[{"embeddable":true,"href":"https:\/\/iwantmyhealthback.com\/fr\/wp-json\/wp\/v2\/users\/2"}],"replies":[{"embeddable":true,"href":"https:\/\/iwantmyhealthback.com\/fr\/wp-json\/wp\/v2\/comments?post=4343"}],"version-history":[{"count":0,"href":"https:\/\/iwantmyhealthback.com\/fr\/wp-json\/wp\/v2\/pages\/4343\/revisions"}],"wp:attachment":[{"href":"https:\/\/iwantmyhealthback.com\/fr\/wp-json\/wp\/v2\/media?parent=4343"}],"curies":[{"name":"wp","href":"https:\/\/api.w.org\/{rel}","templated":true}]}}