{"id":4338,"date":"2024-07-07T03:56:08","date_gmt":"2024-07-07T07:56:08","guid":{"rendered":"https:\/\/iwantmyhealthback.com\/metadichol-brevets-americains\/"},"modified":"2025-06-19T08:48:08","modified_gmt":"2025-06-19T12:48:08","slug":"metadichol-brevets-americains","status":"publish","type":"page","link":"https:\/\/iwantmyhealthback.com\/fr\/metadichol-brevets-americains\/","title":{"rendered":"METADICHOL\u00ae BREVETS AM\u00c9RICAINS"},"content":{"rendered":"\n\n\t<section class=\"section has-scroll-for-more\" id=\"section_1720130116\">\n\t\t<div class=\"section-bg fill\" >\n\t\t\t\t\t\t\t\t\t<button class=\"scroll-for-more z-5 icon absolute bottom h-center\" aria-label=\"Fais d\u00e9filer pour en savoir plus\"><i class=\"icon-angle-down\" aria-hidden=\"true\" style=\"font-size:42px;\"><\/i><\/button>\n\t\t\t\n\t<div class=\"is-border\"\n\t\tstyle=\"border-width:0px 0px 0px 0px;\">\n\t<\/div>\n\n\t\t<\/div>\n\n\t\t\n\n\t\t<div class=\"section-content relative\">\n\t\t\t\n\n<div class=\"row align-center\"  id=\"row-1874755275\">\n\n\n\t<div id=\"col-1571109800\" class=\"col medium-8 small-10 large-10\"  >\n\t\t\t\t<div class=\"col-inner text-center\"  >\n\t\t\t\n\t\t\t\n\n<h3>La science<\/h3>\n<h2 style=\"font-size:250%;\">METADICHOL\u00ae BREVETS AM\u00c9RICAINS<\/h2>\n\n\n\t\t<\/div>\n\t\t\t\t\n<style>\n#col-1571109800 > .col-inner {\n  padding: 40px 0px 0px 0px;\n}\n<\/style>\n\t<\/div>\n\n\t\n\n<\/div>\n\n\t\t<\/div>\n\n\t\t\n<style>\n#section_1720130116 {\n  padding-top: 0px;\n  padding-bottom: 0px;\n}\n@media (min-width:550px) {\n  #section_1720130116 {\n    padding-top: 30px;\n    padding-bottom: 30px;\n  }\n}\n<\/style>\n\t<\/section>\n\t\n\n\t<section class=\"section\" id=\"section_37777230\">\n\t\t<div class=\"section-bg fill\" >\n\t\t\t\t\t\t\t\t\t\n\t\t\t\n\n\t\t<\/div>\n\n\t\t\n\n\t\t<div class=\"section-content relative\">\n\t\t\t\n\n<div class=\"row row-large\"  id=\"row-1483924015\">\n\n\n\t<div id=\"col-313908342\" class=\"col medium-5 small-12 large-5\"  >\n\t\t\t\t<div class=\"col-inner\"  >\n\t\t\t\n\t\t\t\n\n<h6 class=\"uppercase secondary-color\">La science<\/h6>\n<h1>Brevets am\u00e9ricains No.<\/h1>\n<p>Ces d\u00e9clarations n&#8217;ont pas \u00e9t\u00e9 \u00e9valu\u00e9es par la Food and Drug Administration des \u00c9tats-Unis. Ce produit n&#8217;est pas destin\u00e9 \u00e0 diagnostiquer ou \u00e0 prescrire une quelconque condition m\u00e9dicale, ni \u00e0 pr\u00e9venir, traiter, att\u00e9nuer ou gu\u00e9rir une telle condition. Si vous souffrez d&#8217;une maladie ou d&#8217;un probl\u00e8me m\u00e9dical, consultez votre professionnel de la sant\u00e9.  <\/p>\n<div class=\"accordion\">\n\n\t<div id=\"accordion-2487148898\" class=\"accordion-item\">\n\t\t<a id=\"accordion-2487148898-label\" class=\"accordion-title plain\" href=\"#accordion-item-brevet-am\u00e9ricain-n\u00b0-us-8,722,093-b2-\" aria-expanded=\"false\" aria-controls=\"accordion-2487148898-content\">\n\t\t\t<button class=\"toggle\" aria-label=\"Basculer\"><i class=\"icon-angle-down\" aria-hidden=\"true\"><\/i><\/button>\n\t\t\t<span>Brevet am\u00e9ricain n\u00b0 US 8,722,093 B2 <\/span>\n\t\t<\/a>\n\t\t<div id=\"accordion-2487148898-content\" class=\"accordion-inner\" aria-labelledby=\"accordion-2487148898-label\">\n\t\t\t\n\n<p>M\u00e9thode d&#8217;augmentation du taux de vitamine C s\u00e9rique chez un sujet.M\u00e9thode d&#8217;inhibition du taux de prot\u00e9ine NF-\u03baB chez un sujet.M\u00e9thode d&#8217;augmentation du taux d&#8217;adiponectine chez un sujet.M\u00e9thode de r\u00e9duction du taux de TNF alpha chez un sujet.<\/p>\n\n\t\t<\/div>\n\t<\/div>\n\t\n\t<div id=\"accordion-2984093212\" class=\"accordion-item\">\n\t\t<a id=\"accordion-2984093212-label\" class=\"accordion-title plain\" href=\"#accordion-item-brevet-am\u00e9ricain-n\u00b0-us-9,006,292-b2-\" aria-expanded=\"false\" aria-controls=\"accordion-2984093212-content\">\n\t\t\t<button class=\"toggle\" aria-label=\"Basculer\"><i class=\"icon-angle-down\" aria-hidden=\"true\"><\/i><\/button>\n\t\t\t<span>Brevet am\u00e9ricain n\u00b0 US 9,006,292 B2 <\/span>\n\t\t<\/a>\n\t\t<div id=\"accordion-2984093212-content\" class=\"accordion-inner\" aria-labelledby=\"accordion-2984093212-label\">\n\t\t\t\n\n<p>M\u00e9thode de traitement d&#8217;une maladie de la peau chez un sujet, comprenant : psoriasis, dermatite atopique, dermatite de contact et autres conditions li\u00e9es aux niveaux de sucre dans le sang. Dans d&#8217;autres modes de r\u00e9alisation, les formulations sont utilis\u00e9es pour r\u00e9guler, par exemple augmenter, les niveaux de vitamine C dans le plasma et r\u00e9duire la pression art\u00e9rielle systolique et diastolique. Dans d&#8217;autres modes de r\u00e9alisation, les pr\u00e9parations sont utilis\u00e9es pour inhiber le PAI-1 (inhibiteur de l&#8217;activation du plasminog\u00e8ne). Dans d&#8217;autres modes de r\u00e9alisation, les formulations sont utilis\u00e9es pour augmenter le DDP-IV qui pourrait \u00eatre utile dans le traitement du cancer.   <\/p>\n\n\t\t<\/div>\n\t<\/div>\n\t\n\n<\/div>\n\n\t\t<\/div>\n\t\t\t\t\t<\/div>\n\n\t\n\n\t<div id=\"col-1694008147\" class=\"col hide-for-small medium-1 small-12 large-1\"  >\n\t\t\t\t<div class=\"col-inner\"  >\n\t\t\t\n\t\t\t\n\n\t<div id=\"gap-980472370\" class=\"gap-element clearfix\" style=\"display:block; height:auto;\">\n\t\t\n<style>\n#gap-980472370 {\n  padding-top: 360px;\n}\n<\/style>\n\t<\/div>\n\t\n\n\n\t\t<\/div>\n\t\t\t\t\n<style>\n#col-1694008147 > .col-inner {\n  margin: -20px -80px -20px 80px;\n}\n<\/style>\n\t<\/div>\n\n\t\n\n\t<div id=\"col-1506958106\" class=\"col medium-6 small-12 large-6 small-col-first\"  >\n\t\t\t\t<div class=\"col-inner\"  >\n\t\t\t\n\t\t\t\n\n\n  <div class=\"banner has-hover\" id=\"banner-848429784\">\n          <div class=\"banner-inner fill\">\n        <div class=\"banner-bg fill\" >\n            <img loading=\"lazy\" decoding=\"async\" width=\"1080\" height=\"1080\" src=\"https:\/\/iwantmyhealthback.com\/wp-content\/uploads\/2024\/07\/US-Patented.jpg\" class=\"bg attachment-original size-original\" alt=\"\" \/>                                    \n                    <\/div>\n\t\t\n        <div class=\"banner-layers container\">\n            <div class=\"fill banner-link\"><\/div>            \n\n   <div id=\"text-box-2051822490\" class=\"text-box banner-layer x50 md-x50 lg-x50 y50 md-y50 lg-y50 res-text\">\n                                <div class=\"text-box-content text dark\">\n              \n              <div class=\"text-inner text-center\">\n                  \n\n\n              <\/div>\n           <\/div>\n                            \n<style>\n#text-box-2051822490 {\n  width: 60%;\n}\n#text-box-2051822490 .text-box-content {\n  font-size: 100%;\n}\n@media (min-width:550px) {\n  #text-box-2051822490 {\n    width: 60%;\n  }\n}\n<\/style>\n    <\/div>\n \n\n        <\/div>\n      <\/div>\n\n            \n<style>\n#banner-848429784 {\n  padding-top: 400px;\n  background-color: rgb(247, 245, 244);\n}\n<\/style>\n  <\/div>\n\n\n\n\t\t<\/div>\n\t\t\t\t\t<\/div>\n\n\t\n\n<\/div>\n<div class=\"row\"  id=\"row-1436352867\">\n\n\n\t<div id=\"col-1251426272\" class=\"col small-12 large-12\"  >\n\t\t\t\t<div class=\"col-inner text-center\"  >\n\t\t\t\n\t\t\t\n\n<a href=\"https:\/\/magicdichol.info\/shop-now\" class=\"button primary is-larger\" target=\"_blank\" rel=\"noopener\">\n\t\t<span>SHOP NOW<\/span>\n\t<\/a>\n\n\n\n\t\t<\/div>\n\t\t\t\t\t<\/div>\n\n\t\n\n<\/div>\n\n\t\t<\/div>\n\n\t\t\n<style>\n#section_37777230 {\n  padding-top: 0px;\n  padding-bottom: 0px;\n}\n@media (min-width:550px) {\n  #section_37777230 {\n    padding-top: 120px;\n    padding-bottom: 120px;\n  }\n}\n<\/style>\n\t<\/section>\n\t\n\n","protected":false},"excerpt":{"rendered":"","protected":false},"author":2,"featured_media":0,"parent":0,"menu_order":0,"comment_status":"closed","ping_status":"closed","template":"","meta":{"bwfblock_default_font":"","_uag_custom_page_level_css":"","footnotes":""},"class_list":["post-4338","page","type-page","status-publish","hentry"],"uagb_featured_image_src":{"full":false,"thumbnail":false,"medium":false,"medium_large":false,"large":false,"1536x1536":false,"2048x2048":false,"woocommerce_thumbnail":false,"woocommerce_single":false,"woocommerce_gallery_thumbnail":false},"uagb_author_info":{"display_name":"IWantMyHealthBack","author_link":"https:\/\/iwantmyhealthback.com\/fr\/author\/anthonette\/"},"uagb_comment_info":0,"uagb_excerpt":null,"_links":{"self":[{"href":"https:\/\/iwantmyhealthback.com\/fr\/wp-json\/wp\/v2\/pages\/4338","targetHints":{"allow":["GET"]}}],"collection":[{"href":"https:\/\/iwantmyhealthback.com\/fr\/wp-json\/wp\/v2\/pages"}],"about":[{"href":"https:\/\/iwantmyhealthback.com\/fr\/wp-json\/wp\/v2\/types\/page"}],"author":[{"embeddable":true,"href":"https:\/\/iwantmyhealthback.com\/fr\/wp-json\/wp\/v2\/users\/2"}],"replies":[{"embeddable":true,"href":"https:\/\/iwantmyhealthback.com\/fr\/wp-json\/wp\/v2\/comments?post=4338"}],"version-history":[{"count":0,"href":"https:\/\/iwantmyhealthback.com\/fr\/wp-json\/wp\/v2\/pages\/4338\/revisions"}],"wp:attachment":[{"href":"https:\/\/iwantmyhealthback.com\/fr\/wp-json\/wp\/v2\/media?parent=4338"}],"curies":[{"name":"wp","href":"https:\/\/api.w.org\/{rel}","templated":true}]}}