{"id":4138,"date":"2024-07-07T04:28:05","date_gmt":"2024-07-07T08:28:05","guid":{"rendered":"https:\/\/iwantmyhealthback.com\/publications-sur-metadichol-disponibles-sur-des-sites-internet-independants\/"},"modified":"2025-09-25T07:50:35","modified_gmt":"2025-09-25T11:50:35","slug":"publications-sur-metadichol-disponibles-sur-des-sites-internet-independants","status":"publish","type":"page","link":"https:\/\/iwantmyhealthback.com\/fr\/publications-sur-metadichol-disponibles-sur-des-sites-internet-independants\/","title":{"rendered":"Publications sur Metadichol\u00ae disponibles sur des sites Internet ind\u00e9pendants"},"content":{"rendered":"\n\n\t<section class=\"section has-scroll-for-more\" id=\"section_536427848\">\n\t\t<div class=\"section-bg fill\" >\n\t\t\t\t\t\t\t\t\t<button class=\"scroll-for-more z-5 icon absolute bottom h-center\" aria-label=\"Fais d\u00e9filer pour en savoir plus\"><i class=\"icon-angle-down\" aria-hidden=\"true\" style=\"font-size:42px;\"><\/i><\/button>\n\t\t\t\n\t<div class=\"is-border\"\n\t\tstyle=\"border-width:0px 0px 0px 0px;\">\n\t<\/div>\n\n\t\t<\/div>\n\n\t\t\n\n\t\t<div class=\"section-content relative\">\n\t\t\t\n\n<div class=\"row align-center\"  id=\"row-1952377926\">\n\n\n\t<div id=\"col-1419823556\" class=\"col medium-8 small-10 large-10\"  >\n\t\t\t\t<div class=\"col-inner text-center\"  >\n\t\t\t\n\t\t\t\n\n<h3>La science<\/h3>\n<h2 style=\"font-size:250%;\">Publications sur Metadichol\u00ae disponibles sur des sites Internet ind\u00e9pendants<\/h2>\n\n\t\t<\/div>\n\t\t\t\t\n<style>\n#col-1419823556 > .col-inner {\n  padding: 40px 0px 0px 0px;\n}\n<\/style>\n\t<\/div>\n\n\t\n\n<\/div>\n\n\t\t<\/div>\n\n\t\t\n<style>\n#section_536427848 {\n  padding-top: 30px;\n  padding-bottom: 30px;\n}\n<\/style>\n\t<\/section>\n\t\n\n\t<section class=\"section\" id=\"section_1522841882\">\n\t\t<div class=\"section-bg fill\" >\n\t\t\t\t\t\t\t\t\t\n\t\t\t\n\n\t\t<\/div>\n\n\t\t\n\n\t\t<div class=\"section-content relative\">\n\t\t\t\n\n<div class=\"row\"  id=\"row-35440507\">\n\n\n\t<div id=\"col-1302292666\" class=\"col small-12 large-12\"  >\n\t\t\t\t<div class=\"col-inner\"  >\n\t\t\t\n\t\t\t\n\n<ol>\n<li>Journal of the Science of Healing Outcomes<br><a href=\"https:\/\/www.researchgate.net\/publication\/299405983_Inhibition_of_Dengue_and_other_enveloped_viruses_by_MetadicholR_a_novel_Nano_emulsion_Lipid\" target=\"_blank\" rel=\"noopener\">Inhibition de la dengue et d&#8217;autres virus envelopp\u00e9s par Metadichol\u00ae, une nouvelle nano-\u00e9mulsion liquide<\/a><\/li>\n<li>International Journal of Diabetes Complications<br><a href=\"https:\/\/www.researchgate.net\/publication\/316667038_Metadichol_R_A_Novel_Nano_Lipid_GPR_120_Agonist_International_Journal_of_Diabetes_its_Complications\" target=\"_blank\" rel=\"noopener\">Metadichol\u00ae, un nouveau nanolipide, agoniste du GPR 120<\/a><\/li>\n<li>Journal of Stem Cell Research and Therapy<br><a href=\"https:\/\/www.researchgate.net\/publication\/331801306_The_Quest_for_Immortality_Introducing_MetadicholR_a_Novel_Telomerase_Activator\" target=\"_blank\" rel=\"noopener\">La qu\u00eate de l&#8217;immortalit\u00e9 : Pr\u00e9sentation de Metadichol\u00ae, un nouvel activateur de la t\u00e9lom\u00e9rase<\/a><\/li>\n<li>Journal of Aging Science<br><a href=\"https:\/\/www.researchgate.net\/publication\/315066467_Improving_Longevity_with_Metadichol_R_by_Inhibiting_the_BCAT1_Gene\" target=\"_blank\" rel=\"noopener\">Am\u00e9liorer la long\u00e9vit\u00e9 avec Metadichol\u00ae en inhibant le g\u00e8ne BCAT1<\/a><\/li>\n<li>Journal of Cancer Science and Therapy<br><a href=\"https:\/\/www.researchgate.net\/publication\/320575110_Metadichol_R_A_Novel_Inverse_Agonist_of_Aryl_Hydrocarbon_Receptor_AHR_and_NRF2_Inhibitor\" target=\"_blank\" rel=\"noopener\">Metadichol\u00ae : Un nouvel agoniste inverse du r\u00e9cepteur des hydrocarbures aryliques (AHR) et un inhibiteur de NRF2<\/a><\/li>\n<li>Maladies infectieuses p\u00e9diatriques<br><a href=\"https:\/\/pediatric-infectious-disease.imedpub.com\/inhibition-of-viruses-by-metadichol-a-novel-nano-emulsion-lipid.pdf\" target=\"_blank\" rel=\"noopener\">Inhibition des virus par Metadichol\u00ae : Une nouvelle nano-\u00e9mulsion liquide<\/a><\/li>\n<li>Journal of Clinical and Experimental Dermatology Research<br><a href=\"https:\/\/www.researchgate.net\/publication\/323858054_MetadicholR_and_Healthy_Skin_One_Approach_many_Possible_Cures\" target=\"_blank\" rel=\"noopener\">Metadichol\u00ae et la sant\u00e9 de la peau<\/a><\/li>\n<li>Conf\u00e9rence internationale : \u00c9tapes scientifiques dans la compr\u00e9hension et la pr\u00e9vention de la grippe<br><a href=\"https:\/\/www.researchgate.net\/publication\/311858466_Metadichol_a_novel_ICAM-1_inhibitor\" target=\"_blank\" rel=\"noopener\">Metadichol\u00ae : Un nouvel inhibiteur de l&#8217;ICAM-1<\/a><\/li>\n<li>Vitamines et min\u00e9raux<br><a href=\"https:\/\/www.researchgate.net\/publication\/318503533_MetadicholR_and_Vitamin_C_Increase_In_Vivo_an_Open-Label_Study\" target=\"_blank\" rel=\"noopener\">Metadichol\u00ae et augmentation de la vitamine C in vivo, une \u00e9tude ouverte<\/a><\/li>\n<li>Journal of Immunological Techniques in Infectious Diseases<br><a href=\"https:\/\/www.researchgate.net\/publication\/310297987_In_vitro_Inhibition_of_Zika_Virus_by_MetadicholR_A_Novel_Nano_Emulsion_Lipid\" target=\"_blank\" rel=\"noopener\">In Vitro Inhibition of Zika Virus by Metadichol\u00ae : Une nouvelle nano-\u00e9mulsion liquide<\/a><\/li>\n<li>Journal of Infectious Diseases and Therapy<br><a href=\"https:\/\/www.researchgate.net\/publication\/316490972_Metadichol_R_and_MRSA_Infections_A_Case_Report\" target=\"_blank\" rel=\"noopener\">Metadichol\u00ae et infections \u00e0 SARM : Un rapport de cas<\/a><\/li>\n<li>Journal of Cardiology &amp; Cardiovascular Therapy<br><a href=\"https:\/\/www.researchgate.net\/publication\/319105325_Systolic_and_Diastolic_BP_Control_in_Metabolic_Syndrome_Patients_with_MetadicholR_a_Novel_Nano_Emulsion_Lipid\" target=\"_blank\" rel=\"noopener\">Systolic and Diastolic BP in Metabolic Syndrome : Metadichol\u00ae, une nouvelle nano-\u00e9mulsion liquide<\/a><\/li>\n<li>Biologie et m\u00e9decine<br><a href=\"https:\/\/www.researchgate.net\/publication\/322274937_MetadicholR_Vitamin_C_and_GULO_Gene_Expression_in_Mouse_Adipocytes\" target=\"_blank\" rel=\"noopener\">Metadichol\u00ae, vitamine C et expression des g\u00e8nes GULO dans les adipocytes de souris<\/a><\/li>\n<li>Journal of Cytokine Biology<br> Une<a href=\"https:\/\/www.researchgate.net\/publication\/330566281_A_Multi_Gene_Targeting_Approach_to_Treating_Liver_Diseases_with_MetadicholR\" target=\"_blank\" rel=\"noopener\">approche ciblant plusieurs g\u00e8nes pour traiter les maladies du foie avec Metadichol\u00ae<\/a>.<\/li>\n<li>Biologie et m\u00e9decine<br><a href=\"https:\/\/www.researchgate.net\/publication\/332210859_Metadichol_A_Novel_Inverse_Agonist_of_Thyroid_Receptor_and_its_Applications_in_Thyroid_Diseases\" target=\"_blank\" rel=\"noopener\">Metadichol\u00ae, un nouvel agoniste inverse du r\u00e9cepteur thyro\u00efdien et ses applications dans les maladies thyro\u00efdiennes<\/a><\/li>\n<li>Journal of Stem Cell Research and Therapy<br><a href=\"https:\/\/www.researchgate.net\/publication\/330321249_MetadicholR_and_CD33_Expression_in_Umbilical_Cord_Cells\" target=\"_blank\" rel=\"noopener\">Metadichol\u00ae et l&#8217;expression du CD34 dans les cellules du cordon ombilical<\/a><\/li>\n<li>Journal of Cancer Science and Therapy<br><a href=\"https:\/\/www.researchgate.net\/publication\/328913716_Metadichol_R_a_Novel_Agonist_of_the_Anti-aging_Klotho_Gene_in_Cancer_Cell_Lines\" target=\"_blank\" rel=\"noopener\">Metadichol\u00ae : Un nouvel agoniste du g\u00e8ne anti-vieillissement Klotho dans les lign\u00e9es cellulaires canc\u00e9reuses<\/a><\/li>\n<li>Journal of Stem Cell Research and Therapy<br><a href=\"https:\/\/www.researchgate.net\/publication\/330321249_MetadicholR_and_CD33_Expression_in_Umbilical_Cord_Cells\" target=\"_blank\" rel=\"noopener\">Metadichol\u00ae, CD33 Expression in Umbilical Cord Cells<\/a><\/li>\n<li>Journal of Clinical and ExperimentalDermatology Research<br><a href=\"https:\/\/www.researchgate.net\/publication\/321254529_Metadichol_A_Novel_ROR_Gamma_Inverse_Agonist_and_Its_Applications_in_Psoriasis\" target=\"_blank\" rel=\"noopener\">Metadichol\u00ae : Un nouvel agoniste inverse de ROR Gamma et ses applications dans le psoriasis<\/a><\/li>\n<li>Journal of Arthritis<br><a href=\"https:\/\/www.researchgate.net\/publication\/316906011_Rheumatoid_Arthritis_and_Osteoporosis_A_Case_Study\" target=\"_blank\" rel=\"noopener\">Polyarthrite rhumato\u00efde et ost\u00e9oporose : Une \u00e9tude de cas<\/a><\/li>\n<li>Journal of Stem Cell Research and Therapy<br><a href=\"https:\/\/www.researchgate.net\/publication\/318341368_MetadicholR_and_Red_Cell_Distribution_Width_RDW_in_CKD_patients\" target=\"_blank\" rel=\"noopener\">Metadichol\u00ae et la largeur de distribution des globules rouges (RDW) chez les patients souffrant d&#8217;insuffisance r\u00e9nale chronique (IRC)<\/a><\/li>\n<li>Vitamines et min\u00e9raux<br><a href=\"https:\/\/www.researchgate.net\/publication\/319904105_Metadichol_R_Induced_High_Levels_of_Vitamin_C_Case_Studies\" target=\"_blank\" rel=\"noopener\">Metadichol\u00ae induit des niveaux \u00e9lev\u00e9s de vitamine C : \u00c9tudes de cas<\/a><\/li>\n<li>Journal of Diabetes &amp; Metabolism<br><a href=\"https:\/\/www.researchgate.net\/publication\/315926901_Metadichol_a_novel_nano_lipid_emulsion_for_the_treatment_of_diabetes\" target=\"_blank\" rel=\"noopener\">Metadichol\u00ae, une nouvelle \u00e9mulsion nano lipidique pour le traitement du diab\u00e8te<\/a><\/li>\n<li>Journal of Stem Cell Research &amp; Therapy<br><a href=\"https:\/\/www.researchgate.net\/publication\/333429169_Metadichol_R_a_Novel_Sialidase_Inhibitor\" target=\"_blank\" rel=\"noopener\">Metadichol\u00ae, un nouvel inhibiteur de la sialidase<\/a><\/li>\n<li>Journal of Stem Cell Research and Therapy<br> Umbilical<a href=\"https:\/\/www.researchgate.net\/publication\/326510908_Umbilical_Cord_Cells_Treatment_with_MetadicholR_IRS_Proteins_and_GLUT4_Expression_and_Implications_for_Diabetes\" target=\"_blank\" rel=\"noopener\">Cord Cells Treatment with Metadichol\u00ae IRS Proteins and GLUT4 Expression and Implications for Diabetes (en anglais seulement)<\/a><\/li>\n<li>BioMed Research International\n<p class=\"\"><a href=\"https:\/\/www.researchgate.net\/publication\/357862879_MetadicholR_A_Novel_Nanolipid_Formulation_That_Inhibits_SARS-CoV-2_and_a_Multitude_of_Pathological_Viruses_In_Vitro\" target=\"_blank\" rel=\"noopener\">Metadichol\u00ae : Une nouvelle formulation de nanolipides qui inhibe le SARS-CoV-2 et une multitude de virus pathologiques in vitro<\/a><\/p>\n<\/li>\n<li>Archives de la recherche m\u00e9dicale<br><a href=\"https:\/\/www.researchgate.net\/publication\/381949632_Metadichol_a_Natural_Ligand_for_the_Expression_of_Yamanaka_Reprogramming_Factors_in_Human_Cardiac_Fibroblast_and_Cancer_Cell_Lines\" target=\"_blank\" rel=\"noopener\"><sup>Metadichol\u00ae<\/sup>, un ligand naturel pour l&#8217;expression des facteurs de reprogrammation de Yamanaka dans les lign\u00e9es cellulaires canc\u00e9reuses somatiques et primaires<\/a><\/li>\n<li>Archives of Clinical and BioMedical Research<br><a href=\"https:\/\/www.researchgate.net\/publication\/375019990_MetadicholR_A_Nano_Lipid_Emulsion_that_Expresses_All_49_Nuclear_Receptors_in_Stem_and_Somatic_Cells\" target=\"_blank\" rel=\"noopener\"><sup>Metadichol\u00ae<\/sup> est une nano\u00e9mulsion lipidique qui exprime les 48 r\u00e9cepteurs nucl\u00e9aires dans les cellules souches et somatiques.<\/a><\/li>\n<li>Fortune Journal of Health Sciences<br><a href=\"https:\/\/www.researchgate.net\/publication\/374460077_Metadichol_An_Agonist_that_Expresses_the_Anti-aging_gene_Klotho_in_Various_Cell_Lines\" target=\"_blank\" rel=\"noopener\"><sup>Metadichol\u00ae<\/sup>; un agoniste qui exprime le g\u00e8ne anti-\u00e2ge Klotho dans diverses lign\u00e9es cellulaires<\/a><\/li>\n<li>Journal of Bioinformatics and Systems Biology<br><a href=\"https:\/\/www.researchgate.net\/publication\/374694623_MetadicholR_Induced_the_Expression_of_Neuronal_Transcription_Factors_in_Human_Fibroblast_Dermal_Cells\" target=\"_blank\" rel=\"noopener\">Metadichol\u00ae induced expression of neuronal transcription factors with Human Fibroblast Dermal cells (expression induite par le <sup>Metadichol\u00ae<\/sup> des facteurs de transcription neuronaux dans les cellules dermiques de fibroblastes humains)<\/a><\/li>\n<li>Cardiologie et m\u00e9decine cardiovasculaire<br><a href=\"https:\/\/www.researchgate.net\/publication\/373374076_Metadichol_Treatment_of_Fibroblasts_and_Embryonic_Stem_Cells_Regulates_Key_Cardiac_Progenitors\" target=\"_blank\" rel=\"noopener\">Le traitement au <sup>Metadichol\u00ae<\/sup> des fibroblastes et des cellules souches embryonnaires r\u00e9gule les prog\u00e9niteurs cardiaques cl\u00e9s.<\/a><\/li>\n<li>Medical Research Archives<br><a href=\"https:\/\/www.researchgate.net\/publication\/376178465_Metadichol-Induced_Differentiation_of_Pancreatic_Ductal_Cells_PANC-1_into_Insulin-Producing_Cells\" target=\"_blank\" rel=\"noopener\">Le m\u00e9tadichol induit la diff\u00e9renciation des cellules canalaires pancr\u00e9atiques (PANC-1) en cellules productrices d&#8217;insuline.<\/a><\/li>\n<li>Recherche pr\u00e9imprim\u00e9e du Dr. Raghavan sur les propri\u00e9t\u00e9s anti-\u00e2ge\n<p class=\"\"><a href=\"https:\/\/www.researchgate.net\/publication\/372606542_MetadicholR_a_Sirtuin_Modulator_for_Anti-Aging_Therapies?_tp=eyJjb250ZXh0Ijp7ImZpcnN0UGFnZSI6InByb2ZpbGUiLCJwYWdlIjoicHJvZmlsZSJ9fQ\" target=\"_blank\" rel=\"noopener\">Metadichol\u00ae, un modulateur de sirtuines pour les th\u00e9rapies anti-\u00e2ge<\/a><\/p>\n<\/li>\n<li>Archives de la recherche m\u00e9dicale<br><a href=\"https:\/\/www.researchgate.net\/publication\/381948213_MetadicholR-induced_expression_of_circadian_clock_transcription_factors_in_human_fibroblasts\" target=\"_blank\" rel=\"noopener\">L&#8217;expression des facteurs de transcription de l&#8217;horloge circadienne induite par le Metadichol\u00ae dans les fibroblastes humains<\/a><\/li>\n<li>Medical Research Archives<br><a href=\"https:\/\/www.researchgate.net\/publication\/381932134_MetadicholR_induced_expression_of_Sirtuin_family_1-7_in_somatic_and_cancer_cells\" target=\"_blank\" rel=\"noopener\">Metadichol\u00ae induit l&#8217;expression de la famille des Sirtuines 1-7 dans les cellules somatiques et canc\u00e9reuses<\/a><\/li>\n<li>British Journal of Cancer Research<br><a href=\"https:\/\/www.researchgate.net\/publication\/387857051_Metadichol_A_Modulator_that_Controls_Expression_of_Toll_Like_Receptors_in_Cancer_Cell_Lines_Cell_Lines\" target=\"_blank\" rel=\"noopener\">Metadichol, un modulateur qui contr\u00f4le l&#8217;expression des r\u00e9cepteurs Toll Like dans les lign\u00e9es cellulaires canc\u00e9reuses Lign\u00e9es cellulaires<\/a><\/li>\n<li>Medical Research Archives<br><a href=\"https:\/\/www.researchgate.net\/publication\/392389940_Metadichol_induces_CD14_glycoprotein_expression_in_human_embryonic_stem_cells_and_fibroblasts\" target=\"_blank\" rel=\"noopener\">Le m\u00e9tadichol induit l&#8217;expression de la glycoprot\u00e9ine CD14 dans les cellules souches embryonnaires et les fibroblastes humains.<\/a><\/li>\n<li>Recherches pr\u00e9imprim\u00e9es du Dr. Raghavan sur l&#8217;immunit\u00e9 inn\u00e9e et la prot\u00e9ine de liaison de la vitamine D<br><a href=\"https:\/\/www.researchgate.net\/publication\/392467315_VDR_Inverse_Agonism_by_Metadichol_Enhances_VDBP-Mediated_Immunity\" target=\"_blank\" rel=\"noopener\">L&#8217;agonisme inverse de la VDRpar le m\u00e9tadichol renforce l&#8217;immunit\u00e9 m\u00e9di\u00e9e par la VDBP<\/a><\/li>\n<li>Medical Research Archives<br><a href=\"https:\/\/www.researchgate.net\/publication\/393344510_Synergistic_Targeting_of_KLF_and_Other_Related_Signaling_Pathways_by_Metadichol_A_Multidimensional_Anticancer_Strategy\" target=\"_blank\" rel=\"noopener\">Ciblage synergique de KLF et d&#8217;autres voies de signalisation connexes par le m\u00e9tadichol : Une strat\u00e9gie anticanc\u00e9reuse multidimensionnelle<\/a><\/li>\n<li>Medical Research Archives<br><a href=\"https:\/\/www.researchgate.net\/publication\/393453773_Metadichol-Pluripotency\" target=\"_blank\" rel=\"noopener\">Le m\u00e9tadichol orchestre la pluripotence par l&#8217;interm\u00e9diaire des r\u00e9cepteurs nucl\u00e9aires lors de la reprogrammation cellulaire<\/a><\/li>\n<li>Recherche pr\u00e9imprim\u00e9e du Dr. Raghavan sur la famille des facteurs de transcription SOX<br><a href=\"https:\/\/www.researchgate.net\/publication\/394464231_Metadichol_regulates_Sox_network_in_human_peripheral_blood_mononuclear_cells\" target=\"_blank\" rel=\"noopener\">Le m\u00e9tadichol r\u00e9gule le r\u00e9seau Sox dans les cellules mononucl\u00e9aires du sang p\u00e9riph\u00e9rique humain<\/a><\/li>\n<li>Recherche pr\u00e9imprim\u00e9e du Dr. Raghavan sur la famille des facteurs de transcription FOX <br><a href=\"https:\/\/www.researchgate.net\/publication\/394739230_Metadichol_Orchestrates_Cellular_Reprogramming_and_Regenerative_Pathways_via_FOX_Transcription_Factor_Networks_Implications_for_Immune-Metabolic_Rejuvenation\" target=\"_blank\" rel=\"noopener\">Le m\u00e9tadichol orchestre la reprogrammation cellulaire et les voies r\u00e9g\u00e9n\u00e9ratives via les r\u00e9seaux des facteurs de transcription FOX : Implications pour le rajeunissement immuno-m\u00e9tabolique<\/a><\/li>\n<li>Recherche pr\u00e9imprim\u00e9e par le Dr. Raghavan sur la biosynth\u00e8se de la vitamine C<br><a href=\"https:\/\/www.researchgate.net\/publication\/394968451_MT-GULO-VITC\" target=\"_blank\" rel=\"noopener\">Le m\u00e9tadichol stimule l&#8217;expression g\u00e9n\u00e9tique dans toutes les esp\u00e8ces de mammif\u00e8res : Caract\u00e9risation de la r\u00e9ponse \u00e0 la dose et implications pour la restauration de la biosynth\u00e8se de la vitamine C<\/a><\/li>\n<\/ol>\n\n\t\t<\/div>\n\t\t\t\t\t<\/div>\n\n\t\n\n<\/div>\n\n\t\t<\/div>\n\n\t\t\n<style>\n#section_1522841882 {\n  padding-top: 30px;\n  padding-bottom: 30px;\n}\n<\/style>\n\t<\/section>\n\t\n\n","protected":false},"excerpt":{"rendered":"","protected":false},"author":2,"featured_media":0,"parent":0,"menu_order":0,"comment_status":"closed","ping_status":"closed","template":"","meta":{"bwfblock_default_font":"","_uag_custom_page_level_css":"","footnotes":""},"class_list":["post-4138","page","type-page","status-publish","hentry"],"uagb_featured_image_src":{"full":false,"thumbnail":false,"medium":false,"medium_large":false,"large":false,"1536x1536":false,"2048x2048":false,"woocommerce_thumbnail":false,"woocommerce_single":false,"woocommerce_gallery_thumbnail":false},"uagb_author_info":{"display_name":"IWantMyHealthBack","author_link":"https:\/\/iwantmyhealthback.com\/fr\/author\/anthonette\/"},"uagb_comment_info":0,"uagb_excerpt":null,"_links":{"self":[{"href":"https:\/\/iwantmyhealthback.com\/fr\/wp-json\/wp\/v2\/pages\/4138","targetHints":{"allow":["GET"]}}],"collection":[{"href":"https:\/\/iwantmyhealthback.com\/fr\/wp-json\/wp\/v2\/pages"}],"about":[{"href":"https:\/\/iwantmyhealthback.com\/fr\/wp-json\/wp\/v2\/types\/page"}],"author":[{"embeddable":true,"href":"https:\/\/iwantmyhealthback.com\/fr\/wp-json\/wp\/v2\/users\/2"}],"replies":[{"embeddable":true,"href":"https:\/\/iwantmyhealthback.com\/fr\/wp-json\/wp\/v2\/comments?post=4138"}],"version-history":[{"count":0,"href":"https:\/\/iwantmyhealthback.com\/fr\/wp-json\/wp\/v2\/pages\/4138\/revisions"}],"wp:attachment":[{"href":"https:\/\/iwantmyhealthback.com\/fr\/wp-json\/wp\/v2\/media?parent=4138"}],"curies":[{"name":"wp","href":"https:\/\/api.w.org\/{rel}","templated":true}]}}