{"id":4135,"date":"2024-07-07T04:17:09","date_gmt":"2024-07-07T08:17:09","guid":{"rendered":"https:\/\/iwantmyhealthback.com\/publications-sur-la-famille-de-produits-magicdichol\/"},"modified":"2025-05-21T08:42:22","modified_gmt":"2025-05-21T12:42:22","slug":"publications-sur-la-famille-de-produits-magicdichol","status":"publish","type":"page","link":"https:\/\/iwantmyhealthback.com\/fr\/publications-sur-la-famille-de-produits-magicdichol\/","title":{"rendered":"Publications sur la famille de produits MagicDichol"},"content":{"rendered":"\n\n\t<section class=\"section has-scroll-for-more\" id=\"section_1774183047\">\n\t\t<div class=\"section-bg fill\" >\n\t\t\t\t\t\t\t\t\t<button class=\"scroll-for-more z-5 icon absolute bottom h-center\" aria-label=\"Fais d\u00e9filer pour en savoir plus\"><i class=\"icon-angle-down\" aria-hidden=\"true\" style=\"font-size:42px;\"><\/i><\/button>\n\t\t\t\n\t<div class=\"is-border\"\n\t\tstyle=\"border-width:0px 0px 0px 0px;\">\n\t<\/div>\n\n\t\t<\/div>\n\n\t\t\n\n\t\t<div class=\"section-content relative\">\n\t\t\t\n\n<div class=\"row align-center\"  id=\"row-2063756773\">\n\n\n\t<div id=\"col-610642616\" class=\"col medium-8 small-10 large-10\"  >\n\t\t\t\t<div class=\"col-inner text-center\"  >\n\t\t\t\n\t\t\t\n\n<h3>La science<\/h3>\n<h2 style=\"font-size:230%;\">Publications sur la famille de produits MagicDichol<\/h2>\n\n\n\t\t<\/div>\n\t\t\t\t\n<style>\n#col-610642616 > .col-inner {\n  padding: 40px 0px 0px 0px;\n}\n<\/style>\n\t<\/div>\n\n\t\n\n<\/div>\n\n\t\t<\/div>\n\n\t\t\n<style>\n#section_1774183047 {\n  padding-top: 30px;\n  padding-bottom: 30px;\n}\n<\/style>\n\t<\/section>\n\t\n\n\t<section class=\"section\" id=\"section_1825794526\">\n\t\t<div class=\"section-bg fill\" >\n\t\t\t\t\t\t\t\t\t\n\t\t\t\n\n\t\t<\/div>\n\n\t\t\n\n\t\t<div class=\"section-content relative\">\n\t\t\t\n\n<div class=\"row\"  id=\"row-1520856350\">\n\n\n\t<div id=\"col-986124681\" class=\"col small-12 large-12\"  >\n\t\t\t\t<div class=\"col-inner\"  >\n\t\t\t\n\t\t\t\n\n\t<div id=\"text-219436451\" class=\"text\">\n\t\t\n\n<p>Encore une fois, ni Cosmic Connections (International) Limited, ni MagicDichol, ni aucune autre personne physique ou morale impliqu\u00e9e de quelque mani\u00e8re que ce soit dans la vente ou la commercialisation du M\u00e9tadichol sous quelque forme que ce soit, ne font d&#8217;all\u00e9gations au sujet du M\u00e9tadichol sur la base de ces t\u00e9moignages, au-del\u00e0 des all\u00e9gations faites dans le cadre de l&#8217;approbation officielle ou des r\u00e9glementations en vertu desquelles ces produits sont commercialis\u00e9s dans n&#8217;importe quel pays donn\u00e9. Aucun d&#8217;entre nous n&#8217;est m\u00e9decin. Les produits examin\u00e9s ne sont pas destin\u00e9s \u00e0 diagnostiquer, traiter, gu\u00e9rir ou pr\u00e9venir une quelconque maladie.    <\/p>\n<p>Les informations contenues dans ce site web ou dans tout autre site web li\u00e9 ne sont pas destin\u00e9es \u00e0 diagnostiquer, traiter, gu\u00e9rir ou pr\u00e9venir une quelconque maladie. Les informations sont pr\u00e9sent\u00e9es \u00e0 des fins \u00e9ducatives uniquement et n&#8217;ont pas pour but de diagnostiquer ou de prescrire un \u00e9tat m\u00e9dical ou psychologique, ni de pr\u00e9venir, de traiter, d&#8217;att\u00e9nuer ou de gu\u00e9rir de tels \u00e9tats. Les informations contenues dans ce document ne sont pas destin\u00e9es \u00e0 remplacer un entretien individuel&#8230;ou un professionnel de la sant\u00e9 qualifi\u00e9. Par cons\u00e9quent, ces informations ne constituent pas un avis m\u00e9dical, mais plut\u00f4t un partage de connaissances et d&#8217;informations bas\u00e9es sur la recherche et l&#8217;exp\u00e9rience.<\/p>\n<p>Sauf indication contraire, les d\u00e9clarations figurant sur ce site ou sur les sites li\u00e9s n&#8217;ont pas \u00e9t\u00e9 \u00e9valu\u00e9es par la Food and Drug Administration.<\/p>\n<p>MagicDichol\u00ae vous encourage \u00e0 prendre vos propres d\u00e9cisions en mati\u00e8re de sant\u00e9, sur la base de votre jugement et de vos recherches, en collaboration avec un professionnel de sant\u00e9 qualifi\u00e9.<\/p>\n<p>RIEN DANS CE SITE WEB N&#8217;EST DESTIN\u00c9 \u00c0 SERVIR DE CONSEIL M\u00c9DICAL OU NE DOIT \u00caTRE INTERPR\u00c9T\u00c9 COMME TEL. LES CONSOMMATEURS DOIVENT CONSULTER LEURS PROPRES PRATICIENS DE SANT\u00c9 POUR OBTENIR DES RECOMMANDATIONS M\u00c9DICALES INDIVIDUELLES. LES INFORMATIONS CONTENUES DANS CE SITE WEB CONCERNENT DES COMPL\u00c9MENTS ALIMENTAIRES, DES PRODUITS QUI NE SONT PAS DES M\u00c9DICAMENTS. NOS COMPL\u00c9MENTS ALIMENTAIRES ET NOS PRODUITS COSM\u00c9TIQUES NE SONT PAS DESTIN\u00c9S \u00c0 \u00caTRE UTILIS\u00c9S POUR GU\u00c9RIR, TRAITER, PR\u00c9VENIR, DIAGNOSTIQUER OU ATT\u00c9NUER UNE MALADIE OU TOUT AUTRE \u00c9TAT M\u00c9DICAL OU ANORMAL.   <\/p>\n\t\t\n<style>\n#text-219436451 {\n  line-height: 1.95;\n}\n<\/style>\n\t<\/div>\n\t\n\n\t\t<\/div>\n\t\t\t\t\t<\/div>\n\n\t\n\n<\/div>\n\n\t\t<\/div>\n\n\t\t\n<style>\n#section_1825794526 {\n  padding-top: 30px;\n  padding-bottom: 30px;\n}\n<\/style>\n\t<\/section>\n\t\n\n\t<section class=\"section\" id=\"section_173872233\">\n\t\t<div class=\"section-bg fill\" >\n\t\t\t\t\t\t\t\t\t\n\t\t\t\n\n\t\t<\/div>\n\n\t\t\n\n\t\t<div class=\"section-content relative\">\n\t\t\t\n\n<div class=\"row\" style=\"max-width:800px\" id=\"row-1057696466\">\n\n\n\t<div id=\"col-1896835229\" class=\"col medium-6 small-12 large-6\"  >\n\t\t\t\t<div class=\"col-inner\"  >\n\t\t\t\n\t\t\t\n\n<a href=\"https:\/\/iwantmyhealthback.com\/fr\/\" class=\"button primary is-outline expand\" >\n\t\t<span>Annuler<\/span>\n\t<\/a>\n\n\n\n\t\t<\/div>\n\t\t\t\t\t<\/div>\n\n\t\n\n\t<div id=\"col-1412103824\" class=\"col medium-6 small-12 large-6\"  >\n\t\t\t\t<div class=\"col-inner\"  >\n\t\t\t\n\t\t\t\n\n<a href=\"https:\/\/iwantmyhealthback.com\/fr\/publications-sur-metadichol-disponibles-sur-des-sites-internet-independants\/\" class=\"button primary expand\" >\n\t\t<span>Poursuivre<\/span>\n\t<\/a>\n\n\n\n\t\t<\/div>\n\t\t\t\t\t<\/div>\n\n\t\n\n<\/div>\n\n\t\t<\/div>\n\n\t\t\n<style>\n#section_173872233 {\n  padding-top: 30px;\n  padding-bottom: 30px;\n}\n<\/style>\n\t<\/section>\n\t\n\n","protected":false},"excerpt":{"rendered":"","protected":false},"author":2,"featured_media":0,"parent":0,"menu_order":0,"comment_status":"closed","ping_status":"closed","template":"page-blank.php","meta":{"bwfblock_default_font":"","_uag_custom_page_level_css":"","footnotes":""},"class_list":["post-4135","page","type-page","status-publish","hentry"],"uagb_featured_image_src":{"full":false,"thumbnail":false,"medium":false,"medium_large":false,"large":false,"1536x1536":false,"2048x2048":false,"woocommerce_thumbnail":false,"woocommerce_single":false,"woocommerce_gallery_thumbnail":false},"uagb_author_info":{"display_name":"IWantMyHealthBack","author_link":"https:\/\/iwantmyhealthback.com\/fr\/author\/anthonette\/"},"uagb_comment_info":0,"uagb_excerpt":null,"_links":{"self":[{"href":"https:\/\/iwantmyhealthback.com\/fr\/wp-json\/wp\/v2\/pages\/4135","targetHints":{"allow":["GET"]}}],"collection":[{"href":"https:\/\/iwantmyhealthback.com\/fr\/wp-json\/wp\/v2\/pages"}],"about":[{"href":"https:\/\/iwantmyhealthback.com\/fr\/wp-json\/wp\/v2\/types\/page"}],"author":[{"embeddable":true,"href":"https:\/\/iwantmyhealthback.com\/fr\/wp-json\/wp\/v2\/users\/2"}],"replies":[{"embeddable":true,"href":"https:\/\/iwantmyhealthback.com\/fr\/wp-json\/wp\/v2\/comments?post=4135"}],"version-history":[{"count":0,"href":"https:\/\/iwantmyhealthback.com\/fr\/wp-json\/wp\/v2\/pages\/4135\/revisions"}],"wp:attachment":[{"href":"https:\/\/iwantmyhealthback.com\/fr\/wp-json\/wp\/v2\/media?parent=4135"}],"curies":[{"name":"wp","href":"https:\/\/api.w.org\/{rel}","templated":true}]}}