{"id":2514,"date":"2024-03-31T12:10:33","date_gmt":"2024-03-31T16:10:33","guid":{"rendered":"https:\/\/iwantmyhealthback.com\/enregistrement-de-lutilisateur\/"},"modified":"2024-05-12T11:24:09","modified_gmt":"2024-05-12T15:24:09","slug":"enregistrement-de-lutilisateur","status":"publish","type":"page","link":"https:\/\/iwantmyhealthback.com\/fr\/enregistrement-de-lutilisateur\/","title":{"rendered":"Enregistrement de l&#8217;utilisateur"},"content":{"rendered":"\n\n<div class=\"woocommerce\">\n\t<div class=\"woocommerce-notices-wrapper\"><\/div>\n\t\n\n\t<form method=\"post\" class=\"wc-user-register-form woocommerce-form woocommerce-form-register default_forms  register\" enctype=\"multipart\/form-data\">\n\n\t\t\t<p class=\"woocommerce-form-row woocommerce-form-row--wide form-row form-row-wide\">\n\t\t<label for=\"reg_username\">Identifiant&nbsp;<span class=\"required\">*<\/span><\/label>\n\t\t<input type=\"text\" class=\"woocommerce-Input woocommerce-Input--text input-text\" name=\"username\" id=\"reg_username\" autocomplete=\"username\" value=\"\" \/>\n\t<\/p>\n\n\n<p class=\"woocommerce-form-row woocommerce-form-row--wide form-row form-row-wide\">\n\t<label for=\"reg_email\">Email address&nbsp;<span class=\"required\">*<\/span><\/label>\n\t<input type=\"email\" class=\"woocommerce-Input woocommerce-Input--text input-text\" name=\"email\" id=\"reg_email\" autocomplete=\"email\" value=\"\" \/>\n\t<\/p>\n\n\t<p class=\"woocommerce-form-row woocommerce-form-row--wide form-row form-row-wide\">\n\t\t<label for=\"reg_password\">Password&nbsp;<span class=\"required\">*<\/span><\/label>\n\t\t<input type=\"password\" class=\"woocommerce-Input woocommerce-Input--text input-text\" name=\"password\" id=\"reg_password\" autocomplete=\"new-password\" \/>\n\t<\/p>\n\t<div class=\"wc-user-register-fields\" id=\"customer_details\">\n\t<div class=\"woocommerce-billing-fields\">\n<\/div>\n<div class=\"woocommerce-shipping-fields\">\n\t<h3>Shipping details<\/h3>\n\t<p class=\"form-row form-row-first validate-required\" id=\"shipping_first_name_field\" data-priority=\"10\"><label for=\"shipping_first_name\" class=\"required_field\">Pr\u00e9nom&nbsp;<span class=\"required\" aria-hidden=\"true\">*<\/span><\/label><span class=\"woocommerce-input-wrapper\"><input type=\"text\" class=\"input-text \" name=\"shipping_first_name\" id=\"shipping_first_name\" placeholder=\"\"  value=\"\" required=\"required\" aria-required=\"true\" autocomplete=\"section-shipping shipping given-name\" \/><\/span><\/p><p class=\"form-row form-row-last validate-required\" id=\"shipping_last_name_field\" data-priority=\"20\"><label for=\"shipping_last_name\" class=\"required_field\">Nom&nbsp;<span class=\"required\" aria-hidden=\"true\">*<\/span><\/label><span class=\"woocommerce-input-wrapper\"><input type=\"text\" class=\"input-text \" name=\"shipping_last_name\" id=\"shipping_last_name\" placeholder=\"\"  value=\"\" required=\"required\" aria-required=\"true\" autocomplete=\"section-shipping shipping family-name\" \/><\/span><\/p><p class=\"form-row form-row-wide address-field update_totals_on_change validate-required\" id=\"shipping_country_field\" data-priority=\"40\"><label for=\"shipping_country\" class=\"required_field\">Pays\/r\u00e9gion&nbsp;<span class=\"required\" aria-hidden=\"true\">*<\/span><\/label><span class=\"woocommerce-input-wrapper\"><select name=\"shipping_country\" id=\"shipping_country\" class=\"country_to_state country_select \" required=\"required\" aria-required=\"true\" autocomplete=\"section-shipping shipping country\" data-placeholder=\"S\u00e9lectionner un pays\/r\u00e9gion\u2026\" data-label=\"Pays\/r\u00e9gion\"><option value=\"\">S\u00e9lectionner un pays\/r\u00e9gion\u2026<\/option><option value=\"AL\" >Albanie<\/option><option value=\"DZ\" >Alg\u00e9rie<\/option><option value=\"AS\" >American Samoa<\/option><option value=\"AU\" >Australie<\/option><option value=\"AT\" >Autriche<\/option><option value=\"BD\" >Bangladesh<\/option><option value=\"BE\" >Belgique<\/option><option value=\"BA\" >Bosnie-Herz\u00e9govine<\/option><option value=\"BG\" >Bulgarie<\/option><option value=\"CA\" >Canada<\/option><option value=\"CO\" >Colombie<\/option><option value=\"CY\" >Chypre<\/option><option value=\"CZ\" >R\u00e9publique Tch\u00e8que<\/option><option value=\"DK\" >Danemark<\/option><option value=\"DO\" >R\u00e9publique Dominicaine<\/option><option value=\"EG\" >\u00c9gypte<\/option><option value=\"EE\" >Estonie<\/option><option value=\"FJ\" >Fidji<\/option><option value=\"FI\" >Finlande<\/option><option value=\"FR\" >France<\/option><option value=\"PF\" >Polyn\u00e9sie Fran\u00e7aise<\/option><option value=\"DE\" >Allemagne<\/option><option value=\"GR\" >Gr\u00e8ce<\/option><option value=\"HK\" >Hong Kong<\/option><option value=\"HU\" >Hongrie<\/option><option value=\"IN\" >Inde<\/option><option value=\"ID\" >Indon\u00e9sie<\/option><option value=\"IE\" >Irlande<\/option><option value=\"IL\" >Isra\u00ebl<\/option><option value=\"IT\" >Italie<\/option><option value=\"JP\" >Japon<\/option><option value=\"LV\" >Lettonie<\/option><option value=\"LT\" >Lituanie<\/option><option value=\"LU\" >Luxembourg<\/option><option value=\"MY\" >Malaisie<\/option><option value=\"ME\" >Montenegro<\/option><option value=\"NL\" >Pays-Bas<\/option><option value=\"NZ\" >Nouvelle-Z\u00e9lande<\/option><option value=\"MK\" >Mac\u00e9doine du Nord<\/option><option value=\"NO\" >Norv\u00e8ge<\/option><option value=\"PK\" >Pakistan<\/option><option value=\"PY\" >Paraguay<\/option><option value=\"PH\" >Philippines<\/option><option value=\"PL\" >Pologne<\/option><option value=\"PT\" >Portugal<\/option><option value=\"PR\" >Puerto Rico<\/option><option value=\"RO\" >Roumanie<\/option><option value=\"SA\" >Arabie Saoudite<\/option><option value=\"RS\" >Serbie<\/option><option value=\"SG\" >Singapour<\/option><option value=\"SK\" >Slovaquie<\/option><option value=\"SI\" >Slov\u00e9nie<\/option><option value=\"ZA\" >Afrique du Sud<\/option><option value=\"ES\" >Espagne<\/option><option value=\"SE\" >Su\u00e8de<\/option><option value=\"CH\" >Suisse<\/option><option value=\"TW\" >Taiwan<\/option><option value=\"TH\" >Thailande<\/option><option value=\"TN\" >Tunisie<\/option><option value=\"TR\" >T\u00fcrkiye<\/option><option value=\"AE\" >\u00c9mirats Arabes Unis<\/option><option value=\"GB\" >Royaume-Uni (UK)<\/option><option value=\"US\" >Etats-Unis (USA)<\/option><option value=\"UM\" >\u00celes Mineures \u00e9loign\u00e9es des \u00c9tats-Unis<\/option><option value=\"VG\" >Virgin Islands (British)<\/option><option value=\"VI\" >Virgin Islands (US)<\/option><\/select><noscript><button type=\"submit\" name=\"woocommerce_checkout_update_totals\" value=\"Mettre \u00e0 jour le pays\/r\u00e9gion\">Mettre \u00e0 jour le pays\/r\u00e9gion<\/button><\/noscript><\/span><\/p><p class=\"form-row address-field form-row-first validate-required\" id=\"shipping_address_1_field\" data-priority=\"50\"><label for=\"shipping_address_1\" class=\"required_field\">Num\u00e9ro et nom de rue&nbsp;<span class=\"required\" aria-hidden=\"true\">*<\/span><\/label><span class=\"woocommerce-input-wrapper\"><input type=\"text\" class=\"input-text \" name=\"shipping_address_1\" id=\"shipping_address_1\" placeholder=\"Num\u00e9ro de voie et nom de la rue\"  value=\"\" required=\"required\" aria-required=\"true\" autocomplete=\"section-shipping shipping address-line1\" \/><\/span><\/p><p class=\"form-row address-field form-row-last\" id=\"shipping_address_2_field\" data-priority=\"60\"><label for=\"shipping_address_2\" class=\"\">Appartement, suite, unit\u00e9, etc.&nbsp;<span class=\"optional\">(facultatif)<\/span><\/label><span class=\"woocommerce-input-wrapper\"><input type=\"text\" class=\"input-text \" name=\"shipping_address_2\" id=\"shipping_address_2\" placeholder=\"B\u00e2timent, appartement, lot, etc. (facultatif)\"  value=\"\" autocomplete=\"section-shipping shipping address-line2\" \/><\/span><\/p><p class=\"form-row form-row-wide address-field validate-required\" id=\"shipping_city_field\" data-priority=\"70\"><label for=\"shipping_city\" class=\"required_field\">Ville&nbsp;<span class=\"required\" aria-hidden=\"true\">*<\/span><\/label><span class=\"woocommerce-input-wrapper\"><input type=\"text\" class=\"input-text \" name=\"shipping_city\" id=\"shipping_city\" placeholder=\"\"  value=\"\" required=\"required\" aria-required=\"true\" autocomplete=\"section-shipping shipping address-level2\" \/><\/span><\/p><p class=\"form-row form-row-wide address-field validate-required validate-state\" id=\"shipping_state_field\" data-priority=\"80\"><label for=\"shipping_state\" class=\"required_field\">\u00c9tat&nbsp;<span class=\"required\" aria-hidden=\"true\">*<\/span><\/label><span class=\"woocommerce-input-wrapper\"><select name=\"shipping_state\" id=\"shipping_state\" class=\"state_select \" required=\"required\" aria-required=\"true\" autocomplete=\"section-shipping shipping address-level1\" data-placeholder=\"S\u00e9lectionner une option\u2026\"  data-input-classes=\"\" data-label=\"\u00c9tat\">\n\t\t\t\t\t\t<option value=\"\">S\u00e9lectionner une option\u2026<\/option><option value=\"AL\" >Alabama<\/option><option value=\"AK\" >Alaska<\/option><option value=\"AZ\" >Arizona<\/option><option value=\"AR\" >Arkansas<\/option><option value=\"CA\" >California<\/option><option value=\"CO\" >Colorado<\/option><option value=\"CT\" >Connecticut<\/option><option value=\"DE\" >Delaware<\/option><option value=\"DC\" >District de Columbia<\/option><option value=\"FL\" >Florida<\/option><option value=\"GA\" >G\u00e9orgie<\/option><option value=\"HI\" >Hawaii<\/option><option value=\"ID\" >Idaho<\/option><option value=\"IL\" >Illinois<\/option><option value=\"IN\" >Indiana<\/option><option value=\"IA\" >Iowa<\/option><option value=\"KS\" >Kansas<\/option><option value=\"KY\" >Kentucky<\/option><option value=\"LA\" >Louisiana<\/option><option value=\"ME\" >Maine<\/option><option value=\"MD\" >Maryland<\/option><option value=\"MA\" >Massachusetts<\/option><option value=\"MI\" >Michigan<\/option><option value=\"MN\" >Minnesota<\/option><option value=\"MS\" >Mississippi<\/option><option value=\"MO\" >Missouri<\/option><option value=\"MT\" >Montana<\/option><option value=\"NE\" >Nebraska<\/option><option value=\"NV\" >Nevada<\/option><option value=\"NH\" >New Hampshire<\/option><option value=\"NJ\" >New Jersey<\/option><option value=\"NM\" >New Mexico<\/option><option value=\"NY\" >New York<\/option><option value=\"NC\" >Caroline du Nord<\/option><option value=\"ND\" >Dakota du Nord<\/option><option value=\"OH\" >Ohio<\/option><option value=\"OK\" >Oklahoma<\/option><option value=\"OR\" >Oregon<\/option><option value=\"PA\" >Pennsylvania<\/option><option value=\"RI\" >Rhode Island<\/option><option value=\"SC\" >South Carolina<\/option><option value=\"SD\" >South Dakota<\/option><option value=\"TN\" >Tennessee<\/option><option value=\"TX\" >Texas<\/option><option value=\"UT\" >Utah<\/option><option value=\"VT\" >Vermont<\/option><option value=\"VA\" >Virginia<\/option><option value=\"WA\" >Washington<\/option><option value=\"WV\" >West Virginia<\/option><option value=\"WI\" >Wisconsin<\/option><option value=\"WY\" >Wyoming<\/option><option value=\"AA\" >Forces arm\u00e9es am\u00e9ricaines (AA)<\/option><option value=\"AE\" >Forces arm\u00e9es am\u00e9ricaines (AE)<\/option><option value=\"AP\" >Forces arm\u00e9es am\u00e9ricaines (AP)<\/option><\/select><\/span><\/p><p class=\"form-row form-row-wide address-field validate-required validate-postcode\" id=\"shipping_postcode_field\" data-priority=\"90\"><label for=\"shipping_postcode\" class=\"required_field\">Code postal&nbsp;<span class=\"required\" aria-hidden=\"true\">*<\/span><\/label><span class=\"woocommerce-input-wrapper\"><input type=\"text\" class=\"input-text \" name=\"shipping_postcode\" id=\"shipping_postcode\" placeholder=\"\"  value=\"\" required=\"required\" aria-required=\"true\" autocomplete=\"section-shipping shipping postal-code\" \/><\/span><\/p><\/div>\n<\/div>\n\n\t\t<p class=\"woocommerce-form-row form-row\">\n\t\t\t<input type=\"hidden\" id=\"woocommerce-register-nonce\" name=\"woocommerce-register-nonce\" value=\"2f44427827\" \/><input type=\"hidden\" name=\"_wp_http_referer\" value=\"\/fr\/wp-json\/wp\/v2\/pages\/2514\" \/>\t\t\t<input type=\"hidden\" name=\"register\" value=\"Register\">\n\t\t\t<input type=\"hidden\" name=\"wc_user_register\" value=\"Default User Registration\">\n\t\t\t<button type=\"submit\" class=\"woocommerce-Button woocommerce-button button woocommerce-form-register__submit\" name=\"register\" value=\"Register\">Inscription<\/button>\n\t\t<\/p>\n\t\t\t<\/form>\n\t<\/div>\n","protected":false},"excerpt":{"rendered":"","protected":false},"author":2,"featured_media":0,"parent":0,"menu_order":0,"comment_status":"closed","ping_status":"closed","template":"","meta":{"bwfblock_default_font":"","_uag_custom_page_level_css":"","footnotes":""},"class_list":["post-2514","page","type-page","status-publish","hentry"],"uagb_featured_image_src":{"full":false,"thumbnail":false,"medium":false,"medium_large":false,"large":false,"1536x1536":false,"2048x2048":false,"woocommerce_thumbnail":false,"woocommerce_single":false,"woocommerce_gallery_thumbnail":false},"uagb_author_info":{"display_name":"IWantMyHealthBack","author_link":"https:\/\/iwantmyhealthback.com\/fr\/author\/anthonette\/"},"uagb_comment_info":0,"uagb_excerpt":null,"_links":{"self":[{"href":"https:\/\/iwantmyhealthback.com\/fr\/wp-json\/wp\/v2\/pages\/2514","targetHints":{"allow":["GET"]}}],"collection":[{"href":"https:\/\/iwantmyhealthback.com\/fr\/wp-json\/wp\/v2\/pages"}],"about":[{"href":"https:\/\/iwantmyhealthback.com\/fr\/wp-json\/wp\/v2\/types\/page"}],"author":[{"embeddable":true,"href":"https:\/\/iwantmyhealthback.com\/fr\/wp-json\/wp\/v2\/users\/2"}],"replies":[{"embeddable":true,"href":"https:\/\/iwantmyhealthback.com\/fr\/wp-json\/wp\/v2\/comments?post=2514"}],"version-history":[{"count":0,"href":"https:\/\/iwantmyhealthback.com\/fr\/wp-json\/wp\/v2\/pages\/2514\/revisions"}],"wp:attachment":[{"href":"https:\/\/iwantmyhealthback.com\/fr\/wp-json\/wp\/v2\/media?parent=2514"}],"curies":[{"name":"wp","href":"https:\/\/api.w.org\/{rel}","templated":true}]}}