{"id":2379,"date":"2024-01-23T15:43:17","date_gmt":"2024-01-23T19:43:17","guid":{"rendered":"https:\/\/iwantmyhealthback.com\/restons-en-contact\/"},"modified":"2024-01-23T15:43:17","modified_gmt":"2024-01-23T19:43:17","slug":"restons-en-contact","status":"publish","type":"page","link":"https:\/\/iwantmyhealthback.com\/fr\/restons-en-contact\/","title":{"rendered":"Restons en contact"},"content":{"rendered":"<p>Bonjour  <span id=\"bwfan_contact_name\">John<\/span> <\/p>\n<p>Aidez-nous \u00e0 am\u00e9liorer votre exp\u00e9rience avec nous gr\u00e2ce \u00e0 une meilleure communication. Veuillez ajuster vos pr\u00e9f\u00e9rences pour le courriel <span id=\"bwfan_contact_email\">john@example.com<\/span>.  <\/p>\n.<\/p>\n","protected":false},"excerpt":{"rendered":"<p>Bonjour Aidez-nous \u00e0 am\u00e9liorer votre exp\u00e9rience avec nous gr\u00e2ce \u00e0 une meilleure communication. Veuillez ajuster vos pr\u00e9f\u00e9rences pour le courriel . .<\/p>\n","protected":false},"author":1,"featured_media":0,"parent":0,"menu_order":0,"comment_status":"closed","ping_status":"closed","template":"","meta":{"bwfblock_default_font":"","_uag_custom_page_level_css":"","footnotes":""},"class_list":["post-2379","page","type-page","status-publish","hentry"],"uagb_featured_image_src":{"full":false,"thumbnail":false,"medium":false,"medium_large":false,"large":false,"1536x1536":false,"2048x2048":false,"woocommerce_thumbnail":false,"woocommerce_single":false,"woocommerce_gallery_thumbnail":false},"uagb_author_info":{"display_name":"IWantMyHealthBack","author_link":"https:\/\/iwantmyhealthback.com\/fr\/author\/iwantmyhealth\/"},"uagb_comment_info":0,"uagb_excerpt":"Bonjour Aidez-nous \u00e0 am\u00e9liorer votre exp\u00e9rience avec nous gr\u00e2ce \u00e0 une meilleure communication. Veuillez ajuster vos pr\u00e9f\u00e9rences pour le courriel . .","_links":{"self":[{"href":"https:\/\/iwantmyhealthback.com\/fr\/wp-json\/wp\/v2\/pages\/2379","targetHints":{"allow":["GET"]}}],"collection":[{"href":"https:\/\/iwantmyhealthback.com\/fr\/wp-json\/wp\/v2\/pages"}],"about":[{"href":"https:\/\/iwantmyhealthback.com\/fr\/wp-json\/wp\/v2\/types\/page"}],"author":[{"embeddable":true,"href":"https:\/\/iwantmyhealthback.com\/fr\/wp-json\/wp\/v2\/users\/1"}],"replies":[{"embeddable":true,"href":"https:\/\/iwantmyhealthback.com\/fr\/wp-json\/wp\/v2\/comments?post=2379"}],"version-history":[{"count":0,"href":"https:\/\/iwantmyhealthback.com\/fr\/wp-json\/wp\/v2\/pages\/2379\/revisions"}],"wp:attachment":[{"href":"https:\/\/iwantmyhealthback.com\/fr\/wp-json\/wp\/v2\/media?parent=2379"}],"curies":[{"name":"wp","href":"https:\/\/api.w.org\/{rel}","templated":true}]}}