{"id":2325,"date":"2024-01-20T17:44:25","date_gmt":"2024-01-20T21:44:25","guid":{"rendered":"https:\/\/iwantmyhealthback.com\/politique-de-confidentialite\/"},"modified":"2025-04-10T05:16:31","modified_gmt":"2025-04-10T09:16:31","slug":"politique-de-confidentialite","status":"publish","type":"page","link":"https:\/\/iwantmyhealthback.com\/fr\/politique-de-confidentialite\/","title":{"rendered":"Politique de confidentialit\u00e9"},"content":{"rendered":"\n\n\t<section class=\"section\" id=\"section_631592602\">\n\t\t<div class=\"section-bg fill\" >\n\t\t\t\t\t\t\t\t\t\n\t\t\t\n\n\t\t<\/div>\n\n\t\t\n\n\t\t<div class=\"section-content relative\">\n\t\t\t\n\n<div class=\"row\"  id=\"row-251049311\">\n\n\n\t<div id=\"col-1912300552\" class=\"col small-12 large-12\"  >\n\t\t\t\t<div class=\"col-inner\"  >\n\t\t\t\n\t\t\t\n\n\t<div id=\"text-986961122\" class=\"text\">\n\t\t\n\n<h1><span style=\"font-size: 130%;\">Politique de confidentialit\u00e9<\/span><\/h1>\n<p>Politique de confidentialit\u00e9<\/p>\n<p><strong>Quelles sont les informations que nous recueillons ?<\/strong><\/p>\n<p class=\"p1\"><b>IWantmyHealthBack.Com<\/b><\/p>\n<p>recueille des informations aupr\u00e8s de vous lorsque vous vous inscrivez sur notre site, passez une commande, vous abonnez \u00e0 notre bulletin d&#8217;information ou remplissez un formulaire.<\/p>\n<p>Lors d&#8217;une commande ou d&#8217;un enregistrement sur notre site, selon le cas, il peut vous \u00eatre demand\u00e9 de saisir votre : nom, adresse \u00e9lectronique ou adresse postale. Vous pouvez toutefois visiter notre site de mani\u00e8re anonyme. <\/p>\n<p>\u00c0 quelles fins utilisons-nous vos informations ?<\/p>\n<p>Les informations que nous recueillons aupr\u00e8s de vous peuvent \u00eatre utilis\u00e9es de l&#8217;une des mani\u00e8res suivantes :<\/p>\n<ul>\n<li>Pour personnaliser votre exp\u00e9rience<br>(vos informations nous aident \u00e0 mieux r\u00e9pondre \u00e0 vos besoins individuels)<\/li>\n<li>Am\u00e9liorer notre site web<br>(nous nous effor\u00e7ons continuellement d&#8217;am\u00e9liorer notre site web sur la base des informations et des r\u00e9actions que vous nous communiquez).<\/li>\n<li>Pour am\u00e9liorer le service \u00e0 la client\u00e8le<br>(vos informations nous aident \u00e0 r\u00e9pondre plus efficacement \u00e0 vos demandes de service \u00e0 la client\u00e8le et \u00e0 vos besoins d&#8217;assistance).<\/li>\n<li>Pour traiter les transactions<br>Vos informations, qu&#8217;elles soient publiques ou priv\u00e9es, ne seront pas vendues, \u00e9chang\u00e9es, transf\u00e9r\u00e9es ou donn\u00e9es \u00e0 une autre soci\u00e9t\u00e9 pour quelque raison que ce soit, sans votre consentement, si ce n&#8217;est dans le but expr\u00e8s de fournir le produit achet\u00e9 ou le service demand\u00e9.<\/li>\n<li>pour g\u00e9rer un concours, une promotion, une enqu\u00eate ou une autre fonction du site<\/li>\n<li>Envoyer des courriels p\u00e9riodiques<\/li>\n<li>L&#8217;adresse \u00e9lectronique que vous fournissez pour le traitement de votre commande peut \u00eatre utilis\u00e9e pour vous envoyer des informations et des mises \u00e0 jour concernant votre commande, ainsi que pour recevoir des informations occasionnelles sur l&#8217;entreprise, des mises \u00e0 jour, des informations sur des produits ou des services connexes, etc.<\/li>\n<\/ul>\n<p>Remarque : si vous souhaitez \u00e0 tout moment vous d\u00e9sinscrire pour ne plus recevoir de courriers \u00e9lectroniques, vous trouverez des instructions d\u00e9taill\u00e9es de d\u00e9sinscription au bas de chaque courrier \u00e9lectronique.<\/p>\n<p><strong>Comment prot\u00e9geons-nous vos informations ?<\/strong><\/p>\n<p>Nous mettons en \u0153uvre diverses mesures de s\u00e9curit\u00e9 pour pr\u00e9server la s\u00e9curit\u00e9 de vos informations personnelles lorsque vous passez une commande ou lorsque vous entrez, soumettez ou acc\u00e9dez \u00e0 vos informations personnelles.<\/p>\n<p>Nous vous proposons l&#8217;utilisation d&#8217;un serveur s\u00e9curis\u00e9. Toutes les informations sensibles fournies sont transmises via la technologie Secure Socket Layer (SSL), puis crypt\u00e9es dans la base de donn\u00e9es de nos fournisseurs de passerelles de paiement, pour n&#8217;\u00eatre accessibles qu&#8217;aux personnes autoris\u00e9es disposant de droits d&#8217;acc\u00e8s sp\u00e9ciaux \u00e0 ces syst\u00e8mes, et qui sont tenues de garder les informations confidentielles. <\/p>\n<p><strong>Utilisons-nous des cookies ?<\/strong><\/p>\n<p>Oui (les cookies sont de petits fichiers qu&#8217;un site ou son fournisseur de services transf\u00e8re sur le disque dur de votre ordinateur par l&#8217;interm\u00e9diaire de votre navigateur Web (si vous l&#8217;autorisez) et qui permet aux syst\u00e8mes des sites ou des fournisseurs de services de reconna\u00eetre votre navigateur et de capturer et de m\u00e9moriser certaines informations).<\/p>\n<p>Nous utilisons des cookies pour nous aider \u00e0 m\u00e9moriser et \u00e0 traiter les articles de votre panier d&#8217;achat, \u00e0 comprendre et \u00e0 enregistrer vos pr\u00e9f\u00e9rences pour vos prochaines visites et \u00e0 suivre les publicit\u00e9s.<\/p>\n<p><strong>Divulguons-nous des informations \u00e0 des tiers ?<\/strong><\/p>\n<p>Nous ne vendons pas, n&#8217;\u00e9changeons pas et ne transf\u00e9rons pas d&#8217;une autre mani\u00e8re \u00e0 des tiers vos informations personnelles identifiables. Cela n&#8217;inclut pas les tiers de confiance qui nous aident \u00e0 exploiter notre site web, \u00e0 mener nos activit\u00e9s ou \u00e0 vous fournir des services, pour autant que ces parties acceptent de garder ces informations confidentielles. Nous pouvons \u00e9galement divulguer vos informations lorsque nous estimons qu&#8217;il est appropri\u00e9 de le faire pour respecter la loi, appliquer les politiques de notre site ou prot\u00e9ger nos droits, notre propri\u00e9t\u00e9 ou notre s\u00e9curit\u00e9 ou ceux d&#8217;autrui. Toutefois, des informations non personnellement identifiables sur les visiteurs peuvent \u00eatre fournies \u00e0 d&#8217;autres parties \u00e0 des fins de marketing, de publicit\u00e9 ou autres.   <\/p>\n<p><strong>Liens avec des tiers<\/strong><\/p>\n<p>Occasionnellement, \u00e0 notre discr\u00e9tion, nous pouvons inclure ou offrir des produits ou services de tiers sur notre site web. Ces sites tiers ont des politiques de confidentialit\u00e9 distinctes et ind\u00e9pendantes. Nous ne sommes donc pas responsables du contenu et des activit\u00e9s de ces sites. N\u00e9anmoins, nous cherchons \u00e0 prot\u00e9ger l&#8217;int\u00e9grit\u00e9 de notre site et nous accueillons volontiers tout commentaire sur ces sites.   <\/p>\n<p><strong>Politique de confidentialit\u00e9 en ligne uniquement<\/strong><\/p>\n<p>Cette politique de confidentialit\u00e9 en ligne ne s&#8217;applique qu&#8217;aux informations collect\u00e9es sur notre site web et non aux informations collect\u00e9es hors ligne.<\/p>\n<p><strong>Votre consentement<\/strong><\/p>\n<p>En utilisant notre site, vous acceptez notre politique de confidentialit\u00e9.<\/p>\n<p><strong>Modifications de notre politique de confidentialit\u00e9<\/strong><\/p>\n<p>Si nous d\u00e9cidons de modifier notre politique de confidentialit\u00e9, nous publierons ces changements sur cette page et\/ou mettrons \u00e0 jour la date de modification de la politique de confidentialit\u00e9 ci-dessous.<\/p>\n<p>Cette politique a \u00e9t\u00e9 modifi\u00e9e pour la derni\u00e8re fois le 27.11.2019<\/p>\n\t\t\n<style>\n#text-986961122 {\n  line-height: 2.05;\n}\n<\/style>\n\t<\/div>\n\t\n\n\t\t<\/div>\n\t\t\t\t\t<\/div>\n\n\t\n\n<\/div>\n<div class=\"row align-middle align-center hide-for-small\"  id=\"row-49747097\">\n\n\n\t<div id=\"col-2136887054\" class=\"col small-12 large-12\"  >\n\t\t\t\t<div class=\"col-inner text-center\"  >\n\t\t\t\n\t\t\t\n\n\t\t<div class=\"hidden\">\n\t\t\t\t\n\n<div class=\"uagb-container-inner-blocks-wrap\" style=\"font-family: Arial\"><p class=\"bwf-adv-heading bwf-adv-head-3a4912f bwf-width-default\"><a href=\"https:\/\/iwantmyhealthback.com\/fr\/politique-de-confidentialite\/\" data-type=\"page\" data-id=\"3\" target=\"_blank\" rel=\"noreferrer noopener\">Politique de confidentialit\u00e9<\/a>&nbsp;|&nbsp;<a href=\"https:\/\/iwantmyhealthback.com\/fr\/conditions-generales-dutilisation\/\" data-type=\"page\" data-id=\"41\" target=\"_blank\" rel=\"noreferrer noopener\">Termes<\/a>&nbsp;|&nbsp;<a href=\"https:\/\/iwantmyhealthback.com\/fr\/politique-de-remboursement\/\" data-type=\"page\" data-id=\"10\" target=\"_blank\" rel=\"noreferrer noopener\">Politique de remboursement&nbsp;<\/a>|&nbsp;<a href=\"https:\/\/iwantmyhealthback.com\/fr\/contactez-nous\/\" data-type=\"page\" data-id=\"42\" target=\"_blank\" rel=\"noreferrer noopener\">Contact<\/a><br>iWantMyHealthBack.com Copyright. Tous droits r\u00e9serv\u00e9s.<\/p><\/div>\n\t\t<\/div>\n\t\n\n\t\t<\/div>\n\t\t\t\t\t<\/div>\n\n\t\n\n<\/div>\n\n\t\t<\/div>\n\n\t\t\n<style>\n#section_631592602 {\n  padding-top: 30px;\n  padding-bottom: 30px;\n}\n<\/style>\n\t<\/section>\n\t\n\n","protected":false},"excerpt":{"rendered":"","protected":false},"author":1,"featured_media":0,"parent":0,"menu_order":0,"comment_status":"closed","ping_status":"open","template":"","meta":{"bwfblock_default_font":"","_uag_custom_page_level_css":"","footnotes":""},"class_list":["post-2325","page","type-page","status-publish","hentry"],"uagb_featured_image_src":{"full":false,"thumbnail":false,"medium":false,"medium_large":false,"large":false,"1536x1536":false,"2048x2048":false,"woocommerce_thumbnail":false,"woocommerce_single":false,"woocommerce_gallery_thumbnail":false},"uagb_author_info":{"display_name":"IWantMyHealthBack","author_link":"https:\/\/iwantmyhealthback.com\/fr\/author\/iwantmyhealth\/"},"uagb_comment_info":0,"uagb_excerpt":null,"_links":{"self":[{"href":"https:\/\/iwantmyhealthback.com\/fr\/wp-json\/wp\/v2\/pages\/2325","targetHints":{"allow":["GET"]}}],"collection":[{"href":"https:\/\/iwantmyhealthback.com\/fr\/wp-json\/wp\/v2\/pages"}],"about":[{"href":"https:\/\/iwantmyhealthback.com\/fr\/wp-json\/wp\/v2\/types\/page"}],"author":[{"embeddable":true,"href":"https:\/\/iwantmyhealthback.com\/fr\/wp-json\/wp\/v2\/users\/1"}],"replies":[{"embeddable":true,"href":"https:\/\/iwantmyhealthback.com\/fr\/wp-json\/wp\/v2\/comments?post=2325"}],"version-history":[{"count":0,"href":"https:\/\/iwantmyhealthback.com\/fr\/wp-json\/wp\/v2\/pages\/2325\/revisions"}],"wp:attachment":[{"href":"https:\/\/iwantmyhealthback.com\/fr\/wp-json\/wp\/v2\/media?parent=2325"}],"curies":[{"name":"wp","href":"https:\/\/api.w.org\/{rel}","templated":true}]}}