{"id":2315,"date":"2024-01-22T16:53:16","date_gmt":"2024-01-22T20:53:16","guid":{"rendered":"https:\/\/iwantmyhealthback.com\/politique-de-remboursement\/"},"modified":"2024-05-07T12:59:05","modified_gmt":"2024-05-07T16:59:05","slug":"politique-de-remboursement","status":"publish","type":"page","link":"https:\/\/iwantmyhealthback.com\/fr\/politique-de-remboursement\/","title":{"rendered":"Politique de remboursement"},"content":{"rendered":"\n\n\t<section class=\"section\" id=\"section_477868511\">\n\t\t<div class=\"section-bg fill\" >\n\t\t\t\t\t\t\t\t\t\n\t\t\t\n\n\t\t<\/div>\n\n\t\t\n\n\t\t<div class=\"section-content relative\">\n\t\t\t\n\n<div class=\"row\"  id=\"row-360613952\">\n\n\n\t<div id=\"col-547275363\" class=\"col small-12 large-12\"  >\n\t\t\t\t<div class=\"col-inner\"  >\n\t\t\t\n\t\t\t\n\n\t<div id=\"text-2922817010\" class=\"text\">\n\t\t\n\n<h1><span style=\"font-size: 130%;\">Politique de remboursement<\/span><\/h1>\n<p>Merci d&#8217;avoir achet\u00e9 nos produits sur iWantMyHealthBack.com<\/p>\n<p>Pour pouvoir b\u00e9n\u00e9ficier d&#8217;un remboursement, vous devez renvoyer le produit dans les 30 jours calendaires suivant l&#8217;achat. Le produit doit \u00eatre dans le m\u00eame \u00e9tat que celui dans lequel vous l&#8217;avez re\u00e7u et n&#8217;avoir subi aucun dommage.<\/p>\n<p>Apr\u00e8s r\u00e9ception de votre article, notre \u00e9quipe de professionnels l&#8217;inspectera et proc\u00e9dera au remboursement. L&#8217;argent sera rembours\u00e9 sur la m\u00e9thode de paiement originale que vous avez utilis\u00e9e lors de l&#8217;achat. Pour les paiements par carte de cr\u00e9dit, un d\u00e9lai de 5 \u00e0 10 jours ouvrables peut s&#8217;\u00e9couler avant que le remboursement n&#8217;apparaisse sur votre relev\u00e9 de carte de cr\u00e9dit.<\/p>\n<p>Si le produit est endommag\u00e9 de quelque mani\u00e8re que ce soit ou si vous avez initi\u00e9 le retour apr\u00e8s l&#8217;expiration d&#8217;un d\u00e9lai de 30 jours calendaires, vous ne pourrez pas b\u00e9n\u00e9ficier d&#8217;un remboursement.<\/p>\n<p>Si quelque chose n&#8217;est pas clair ou si vous avez d&#8217;autres questions, n&#8217;h\u00e9sitez pas \u00e0 contacter notre \u00e9quipe d&#8217;assistance \u00e0 la client\u00e8le \u00e0 l&#8217;adresse <a href=\"mailto:@iwantmyhealthback.com\">help@iwantmyhealthback.com<\/a>.<\/p>\n\t\t\n<style>\n#text-2922817010 {\n  line-height: 2.05;\n  color: rgb(0,0,0);\n}\n#text-2922817010 > * {\n  color: rgb(0,0,0);\n}\n<\/style>\n\t<\/div>\n\t\n\n\t\t<\/div>\n\t\t\t\t\t<\/div>\n\n\t\n\n<\/div>\n<div class=\"row align-middle align-center\"  id=\"row-209696118\">\n\n\n\t<div id=\"col-831625790\" class=\"col small-12 large-12\"  >\n\t\t\t\t<div class=\"col-inner text-center\"  >\n\t\t\t\n\t\t\t\n\n\t\t<div class=\"hidden\">\n\t\t\t\t\n\n<div class=\"uagb-container-inner-blocks-wrap\" style=\"font-family: Arial\"><p class=\"bwf-adv-heading bwf-adv-head-3a4912f bwf-width-default\"><a href=\"https:\/\/iwantmyhealthback.com\/privacy-policy\/\" data-type=\"page\" data-id=\"3\" target=\"_blank\" rel=\"noreferrer noopener\">Politique de confidentialit\u00e9<\/a>&nbsp;|&nbsp;<a href=\"https:\/\/iwantmyhealthback.com\/fr\/conditions-generales-dutilisation\/\" data-type=\"page\" data-id=\"41\" target=\"_blank\" rel=\"noreferrer noopener\">Termes<\/a>&nbsp;|&nbsp;<a href=\"https:\/\/iwantmyhealthback.com\/fr\/politique-de-remboursement\/\" data-type=\"page\" data-id=\"10\" target=\"_blank\" rel=\"noreferrer noopener\">Politique de remboursement&nbsp;<\/a>|&nbsp;<a href=\"https:\/\/iwantmyhealthback.com\/contact-us\/\" data-type=\"page\" data-id=\"42\" target=\"_blank\" rel=\"noreferrer noopener\">Contact<\/a><br>iWantMyHealthBack.com Copyright. Tous droits r\u00e9serv\u00e9s.<\/p><\/div>\n\t\t<\/div>\n\t\n\n\t\t<\/div>\n\t\t\t\t\t<\/div>\n\n\t\n\n<\/div>\n\n\t\t<\/div>\n\n\t\t\n<style>\n#section_477868511 {\n  padding-top: 30px;\n  padding-bottom: 30px;\n}\n<\/style>\n\t<\/section>\n\t\n\t<div id=\"gap-439549777\" class=\"gap-element clearfix\" style=\"display:block; height:auto;\">\n\t\t\n<style>\n#gap-439549777 {\n  padding-top: 27px;\n}\n@media (min-width:550px) {\n  #gap-439549777 {\n    padding-top: 100px;\n  }\n}\n<\/style>\n\t<\/div>\n\t\n\n\n","protected":false},"excerpt":{"rendered":"","protected":false},"author":1,"featured_media":0,"parent":0,"menu_order":0,"comment_status":"closed","ping_status":"closed","template":"","meta":{"bwfblock_default_font":"","_uag_custom_page_level_css":"","footnotes":""},"class_list":["post-2315","page","type-page","status-publish","hentry"],"uagb_featured_image_src":{"full":false,"thumbnail":false,"medium":false,"medium_large":false,"large":false,"1536x1536":false,"2048x2048":false,"woocommerce_thumbnail":false,"woocommerce_single":false,"woocommerce_gallery_thumbnail":false},"uagb_author_info":{"display_name":"IWantMyHealthBack","author_link":"https:\/\/iwantmyhealthback.com\/fr\/author\/iwantmyhealth\/"},"uagb_comment_info":0,"uagb_excerpt":null,"_links":{"self":[{"href":"https:\/\/iwantmyhealthback.com\/fr\/wp-json\/wp\/v2\/pages\/2315","targetHints":{"allow":["GET"]}}],"collection":[{"href":"https:\/\/iwantmyhealthback.com\/fr\/wp-json\/wp\/v2\/pages"}],"about":[{"href":"https:\/\/iwantmyhealthback.com\/fr\/wp-json\/wp\/v2\/types\/page"}],"author":[{"embeddable":true,"href":"https:\/\/iwantmyhealthback.com\/fr\/wp-json\/wp\/v2\/users\/1"}],"replies":[{"embeddable":true,"href":"https:\/\/iwantmyhealthback.com\/fr\/wp-json\/wp\/v2\/comments?post=2315"}],"version-history":[{"count":0,"href":"https:\/\/iwantmyhealthback.com\/fr\/wp-json\/wp\/v2\/pages\/2315\/revisions"}],"wp:attachment":[{"href":"https:\/\/iwantmyhealthback.com\/fr\/wp-json\/wp\/v2\/media?parent=2315"}],"curies":[{"name":"wp","href":"https:\/\/api.w.org\/{rel}","templated":true}]}}