{"id":2187,"date":"2024-01-22T16:47:54","date_gmt":"2024-01-22T20:47:54","guid":{"rendered":"https:\/\/iwantmyhealthback.com\/conditions-generales-dutilisation\/"},"modified":"2024-06-17T05:18:47","modified_gmt":"2024-06-17T09:18:47","slug":"conditions-generales-dutilisation","status":"publish","type":"page","link":"https:\/\/iwantmyhealthback.com\/fr\/conditions-generales-dutilisation\/","title":{"rendered":"Conditions g\u00e9n\u00e9rales d&#8217;utilisation"},"content":{"rendered":"\n\n\t<section class=\"section\" id=\"section_770003473\">\n\t\t<div class=\"section-bg fill\" >\n\t\t\t\t\t\t\t\t\t\n\t\t\t\n\n\t\t<\/div>\n\n\t\t\n\n\t\t<div class=\"section-content relative\">\n\t\t\t\n\n<div class=\"row\"  id=\"row-1606966263\">\n\n\n\t<div id=\"col-1928901350\" class=\"col small-12 large-12\"  >\n\t\t\t\t<div class=\"col-inner\"  >\n\t\t\t\n\t\t\t\n\n\t<div id=\"text-1852278039\" class=\"text\">\n\t\t\n\n<h1><span style=\"font-size: 130%;\">Conditions d&#8217;utilisation du site<\/span><\/h1>\n<p>D\u00e9claration d&#8217;utilisation du site<\/p>\n<p>Champ d&#8217;application de la pr\u00e9sente d\u00e9claration &#8212; En entrant sur le site web \u00e0 partir duquel vous avez acc\u00e9d\u00e9 \u00e0 la pr\u00e9sente d\u00e9claration et en continuant \u00e0 l&#8217;utiliser, vous acceptez les conditions de la pr\u00e9sente d\u00e9claration. La pr\u00e9sente d\u00e9claration de confidentialit\u00e9 et d&#8217;information a \u00e9t\u00e9 adopt\u00e9e par <b>IWantmyHealthBack.Com<\/b>.<\/p>\n<p>.<\/p>\n<p>L&#8217;organisation se r\u00e9serve tous les droits.<\/p>\n<p>Ni eux ni les autres membres du personnel de l&#8217;Organisation ne peuvent diagnostiquer ou traiter des affections ou des maladies. Les personnes n\u00e9cessitant des soins m\u00e9dicaux doivent consulter un m\u00e9decin agr\u00e9\u00e9.<\/p>\n<p>Le contenu des sites web li\u00e9s \u00e0 la pr\u00e9sente d\u00e9claration n&#8217;est destin\u00e9 qu&#8217;aux juridictions o\u00f9 la fourniture de ces informations est l\u00e9gale.<\/p>\n<p>L&#8217;acc\u00e8s \u00e0 ce site et son utilisation sont soumis aux conditions suivantes et \u00e0 toutes les lois applicables. Vous pouvez naviguer sur ce site \u00e0 des fins de divertissement et d&#8217;information personnelle. Toutefois, vous ne devez pas distribuer, modifier, transmettre ou r\u00e9viser le contenu de ce site sans notre autorisation \u00e9crite. Le contenu des sites qui renvoient \u00e0 la pr\u00e9sente d\u00e9claration comprend des \u00e9l\u00e9ments prot\u00e9g\u00e9s par des droits d&#8217;auteur qui sont soit utilis\u00e9s avec autorisation, soit propos\u00e9s dans le cadre de l&#8217;exception de l&#8217;utilisation \u00e9quitable (Fair Use).<\/p>\n<p>Nous ne donnons aucune garantie quant \u00e0 l&#8217;exactitude ou \u00e0 l&#8217;exhaustivit\u00e9 du contenu de ce site ou du contenu de tout autre site li\u00e9 \u00e0 ce site. Ni l&#8217;Organisation ni aucune de ses soci\u00e9t\u00e9s affili\u00e9es ne peuvent \u00eatre tenues responsables des dommages directs, accessoires, cons\u00e9cutifs, indirects ou punitifs r\u00e9sultant de l&#8217;acc\u00e8s \u00e0 ce site ou de l&#8217;utilisation de son contenu, ou du contenu d&#8217;un ou de plusieurs sites li\u00e9s \u00e0 ce site.<\/p>\n<p>Toute communication ou tout mat\u00e9riel que vous publiez ou nous transmettez sur l&#8217;internet est et sera trait\u00e9 comme non confidentiel et non exclusif (\u00e0 l&#8217;exception de ce qui est pr\u00e9vu dans la politique de confidentialit\u00e9). En transmettant ou en publiant une communication ou un document sur ces sites, vous acceptez que l&#8217;Organisation ou l&#8217;une de ses soci\u00e9t\u00e9s affili\u00e9es utilise votre communication ou votre document \u00e0 toutes fins, y compris la reproduction, la transmission, la publication, la diffusion et l&#8217;affichage. Il se peut que nous ne soyons pas en mesure de r\u00e9pondre \u00e0 tous les messages post\u00e9s sur ce site. En outre, vous ne devez pas publier ou transmettre de mat\u00e9riel ill\u00e9gal, mena\u00e7ant, diffamatoire, obsc\u00e8ne, pornographique ou blasph\u00e9matoire, ni de mat\u00e9riel susceptible de constituer ou d&#8217;encourager une conduite qui serait consid\u00e9r\u00e9e comme une infraction p\u00e9nale ou une violation de la loi. Nous retirerons toute d\u00e9claration de ce type.<\/p>\n<p>Tous les noms, logos et marques apparaissant sur ce site, sauf indication contraire, sont des marques commerciales (marques de service) d\u00e9tenues ou utilis\u00e9es sous licence par nous ou nos soci\u00e9t\u00e9s affili\u00e9es dans les zones g\u00e9ographiques o\u00f9 elles commercialisent des produits et services portant ces marques, ou constituent une &#8220;utilisation \u00e9quitable&#8221; de marques ou de documents prot\u00e9g\u00e9s par le droit d&#8217;auteur d&#8217;autres personnes. L&#8217;utilisation ill\u00e9gale ou abusive des marques, des droits d&#8217;auteur ou de tout autre contenu de ce site, \u00e0 l&#8217;exception de ce qui est pr\u00e9vu dans les pr\u00e9sentes conditions g\u00e9n\u00e9rales ou dans le contenu du site, est strictement interdite. En acc\u00e9dant \u00e0 ce site, vous vous engagez \u00e0 respecter les marques, les droits d&#8217;auteur et les autres droits de propri\u00e9t\u00e9 intellectuelle affich\u00e9s sur ce site ou sur les sites qui lui sont li\u00e9s.<\/p>\n<p>Toutes les exp\u00e9riences de consommation mentionn\u00e9es sur ce site web ont \u00e9t\u00e9 r\u00e9alis\u00e9es par les auteurs sans aucune incitation. Les r\u00e9sultats mentionn\u00e9s dans les exp\u00e9riences des consommateurs peuvent ne pas \u00eatre typiques et les r\u00e9sultats d&#8217;autres personnes peuvent varier.<\/p>\n<p>Tout mat\u00e9riel de tiers vers lequel les liens de ces sites pointent, ou qui peut \u00eatre accessible \u00e0 partir de ces sites, rel\u00e8ve de la seule responsabilit\u00e9 de ceux qui publient ce mat\u00e9riel ; ce site et ses affili\u00e9s n&#8217;approuvent ni n&#8217;adoptent aucune information ou r\u00e9clamation contenue dans les sites de ces tiers. Nous vous fournissons des liens uniquement pour des raisons de commodit\u00e9, et ces liens n&#8217;impliquent pas que nous approuvions le site tiers ou son contenu. N&#8217;oubliez pas que les politiques de confidentialit\u00e9 des sites li\u00e9s peuvent \u00eatre diff\u00e9rentes des n\u00f4tres et que vous devez lire les conditions g\u00e9n\u00e9rales et les politiques de confidentialit\u00e9 de ces sites avant de divulguer des informations personnelles.<\/p>\n<p>Avis du Digital Millennium Copyright Act (&#8220;DMCA&#8221;) &#8211; Des documents peuvent \u00eatre mis \u00e0 disposition sur ce site web par des tiers sur lesquels nous n&#8217;avons aucun contr\u00f4le. Nous ne sommes pas tenus d&#8217;analyser le contenu utilis\u00e9 en relation avec les sites pour v\u00e9rifier qu&#8217;il ne contient pas de contenu ill\u00e9gal ou inadmissible, et nous ne le faisons pas. Toutefois, nous respectons les droits d&#8217;auteur des autres. Nous avons pour politique de ne pas permettre que des documents dont nous savons qu&#8217;ils enfreignent les droits d&#8217;auteur d&#8217;une autre partie restent sur ce site web. Si vous estimez qu&#8217;un \u00e9l\u00e9ment de ce site web enfreint un droit d&#8217;auteur, vous devez nous adresser une notification \u00e9crite d\u00e9taill\u00e9e par courrier \u00e9lectronique \u00e0 l&#8217;adresse suivante : help@iwantmyhealthback.com.<\/p>\n<p>.<\/p>\n<p>En outre, l&#8217;Organisation n&#8217;assume aucune responsabilit\u00e9 juridique quant \u00e0 l&#8217;exactitude, l&#8217;exhaustivit\u00e9 ou l&#8217;utilit\u00e9 des informations, produits ou proc\u00e9d\u00e9s divulgu\u00e9s dans le pr\u00e9sent document, ni quant \u00e0 l&#8217;absence de virus informatiques, et ne d\u00e9clare pas que l&#8217;utilisation de ces informations, produits ou proc\u00e9d\u00e9s n&#8217;enfreindrait pas des droits de propri\u00e9t\u00e9 priv\u00e9e.<\/p>\n<p>Nous ne proposons pas de produits ou de services \u00e0 des fins de diagnostic, de prescription ou de traitement, ni ne pr\u00e9tendons pr\u00e9venir, att\u00e9nuer ou gu\u00e9rir une maladie ou un \u00e9tat m\u00e9dical ou psychologique. Les d\u00e9clarations faites sur ces sites web n&#8217;ont pas \u00e9t\u00e9 \u00e9valu\u00e9es par la Food and Drug Administration (FDA) des \u00c9tats-Unis ou par toute autre autorit\u00e9 gouvernementale, sauf indication contraire. Nous ne pratiquons aucune discrimination sur la base de cat\u00e9gories ill\u00e9gales. Nous fournissons des services et\/ou des produits \u00e0 titre priv\u00e9, uniquement avec le consentement \u00e9clair\u00e9 du destinataire.<\/p>\n<p>Les substances di\u00e9t\u00e9tiques et autres, et\/ou les mat\u00e9riaux, \u00e9quipements ou dispositifs dont il est question sur ce site peuvent ne pas avoir fait l&#8217;objet d&#8217;une \u00e9valuation et\/ou d&#8217;un test par la FDA ou une agence similaire d&#8217;un autre pays. Les risques qui pourraient \u00eatre d\u00e9termin\u00e9s par de tels tests sont inconnus. Lorsque ces substances sont des compl\u00e9ments alimentaires, elles ne sont pas destin\u00e9es \u00e0 diagnostiquer, traiter, gu\u00e9rir ou pr\u00e9venir une maladie. Dans certaines juridictions, certains de ces produits peuvent \u00eatre consid\u00e9r\u00e9s comme des m\u00e9dicaments d\u00e9livr\u00e9s sur ordonnance, des substances contr\u00f4l\u00e9es ou de contrebande ou des dispositifs m\u00e9dicaux. \u00c9tant donn\u00e9 que les informations publi\u00e9es sur le site web sont accessibles \u00e0 toute personne dans le monde entier, le site ne donne pas de conseils juridiques, nutritionnels ou m\u00e9dicaux pouvant s&#8217;appliquer \u00e0 un consommateur particulier. Les consommateurs sont invit\u00e9s \u00e0 consulter un conseiller juridique local ou r\u00e9gional et\/ou un professionnel de la sant\u00e9 avant d&#8217;acheter des adh\u00e9sions, des produits et\/ou des services sur le site. Les opinions exprim\u00e9es sur ce site et sur les sites auxquels il peut renvoyer ne sont pas n\u00e9cessairement celles de l&#8217;organisation qui le parraine et ne sont pas adopt\u00e9es \u00e0 des fins commerciales. Ces informations ne sont pas destin\u00e9es \u00e0 diagnostiquer ou \u00e0 prescrire des conditions m\u00e9dicales ou psychologiques, et ne pr\u00e9tendent pas non plus pr\u00e9venir, traiter, att\u00e9nuer ou gu\u00e9rir de telles conditions par des moyens m\u00e9dicaux standard. Nous ne fournissons pas de diagnostic, de soins, de traitement ou de r\u00e9\u00e9ducation aux personnes, et nous n&#8217;appliquons pas les principes de la m\u00e9decine, de la sant\u00e9 mentale ou du d\u00e9veloppement humain. Si les produits pr\u00e9sentent un avantage pour les consommateurs, cet avantage d\u00e9coule de leur valeur nutritive et non d&#8217;une quelconque all\u00e9gation d&#8217;action m\u00e9dicamenteuse. Dans la mesure o\u00f9 l&#8217;organisation est une association priv\u00e9e, ce site web est une &#8220;association expressive&#8221;, c&#8217;est-\u00e0-dire l&#8217;expression des convictions de l&#8217;association par le biais de ses d\u00e9cisions et activit\u00e9s internes.<\/p>\n<p>Si vous achetez des services ou des produits par l&#8217;interm\u00e9diaire du site web, vous reconnaissez que vous l&#8217;avez fait en connaissance de cause et vous accordez par la pr\u00e9sente une licence priv\u00e9e au fournisseur des services pour la fourniture de ces produits ou services.<\/p>\n\t\t\n<style>\n#text-1852278039 {\n  line-height: 2.05;\n  color: rgb(0,0,0);\n}\n#text-1852278039 > * {\n  color: rgb(0,0,0);\n}\n<\/style>\n\t<\/div>\n\t\n\n\t\t<\/div>\n\t\t\t\t\t<\/div>\n\n\t\n\n<\/div>\n<div class=\"row align-middle align-center\"  id=\"row-1462718354\">\n\n\n\n<\/div>\n\n\t\t<\/div>\n\n\t\t\n<style>\n#section_770003473 {\n  padding-top: 30px;\n  padding-bottom: 30px;\n}\n<\/style>\n\t<\/section>\n\t\n\n","protected":false},"excerpt":{"rendered":"","protected":false},"author":2,"featured_media":0,"parent":0,"menu_order":0,"comment_status":"closed","ping_status":"closed","template":"","meta":{"bwfblock_default_font":"","_uag_custom_page_level_css":"","footnotes":""},"class_list":["post-2187","page","type-page","status-publish","hentry"],"uagb_featured_image_src":{"full":false,"thumbnail":false,"medium":false,"medium_large":false,"large":false,"1536x1536":false,"2048x2048":false,"woocommerce_thumbnail":false,"woocommerce_single":false,"woocommerce_gallery_thumbnail":false},"uagb_author_info":{"display_name":"IWantMyHealthBack","author_link":"https:\/\/iwantmyhealthback.com\/fr\/author\/anthonette\/"},"uagb_comment_info":0,"uagb_excerpt":null,"_links":{"self":[{"href":"https:\/\/iwantmyhealthback.com\/fr\/wp-json\/wp\/v2\/pages\/2187","targetHints":{"allow":["GET"]}}],"collection":[{"href":"https:\/\/iwantmyhealthback.com\/fr\/wp-json\/wp\/v2\/pages"}],"about":[{"href":"https:\/\/iwantmyhealthback.com\/fr\/wp-json\/wp\/v2\/types\/page"}],"author":[{"embeddable":true,"href":"https:\/\/iwantmyhealthback.com\/fr\/wp-json\/wp\/v2\/users\/2"}],"replies":[{"embeddable":true,"href":"https:\/\/iwantmyhealthback.com\/fr\/wp-json\/wp\/v2\/comments?post=2187"}],"version-history":[{"count":0,"href":"https:\/\/iwantmyhealthback.com\/fr\/wp-json\/wp\/v2\/pages\/2187\/revisions"}],"wp:attachment":[{"href":"https:\/\/iwantmyhealthback.com\/fr\/wp-json\/wp\/v2\/media?parent=2187"}],"curies":[{"name":"wp","href":"https:\/\/api.w.org\/{rel}","templated":true}]}}