{"id":15319,"date":"2025-07-01T01:37:18","date_gmt":"2025-07-01T05:37:18","guid":{"rendered":"https:\/\/iwantmyhealthback.com\/clause-de-non-responsabilite\/"},"modified":"2025-07-02T02:14:42","modified_gmt":"2025-07-02T06:14:42","slug":"clause-de-non-responsabilite","status":"publish","type":"page","link":"https:\/\/iwantmyhealthback.com\/fr\/clause-de-non-responsabilite\/","title":{"rendered":"Clause de non-responsabilit\u00e9"},"content":{"rendered":"\n\n\t<section class=\"section has-scroll-for-more\" id=\"section_1837516478\">\n\t\t<div class=\"section-bg fill\" >\n\t\t\t\t\t\t\t\t\t<button class=\"scroll-for-more z-5 icon absolute bottom h-center\" aria-label=\"Fais d\u00e9filer pour en savoir plus\"><i class=\"icon-angle-down\" aria-hidden=\"true\" style=\"font-size:42px;\"><\/i><\/button>\n\t\t\t\n\t<div class=\"is-border\"\n\t\tstyle=\"border-width:0px 0px 0px 0px;\">\n\t<\/div>\n\n\t\t<\/div>\n\n\t\t\n\n\t\t<div class=\"section-content relative\">\n\t\t\t\n\n<div class=\"row align-center\"  id=\"row-1560709856\">\n\n\n\t<div id=\"col-1732378929\" class=\"col medium-8 small-10 large-10\"  >\n\t\t\t\t<div class=\"col-inner text-center\"  >\n\t\t\t\n\t\t\t\n\n<h3>T\u00e9moignages<\/h3>\n<h2 style=\"font-size:250%;\">Histoires vraies. De vraies transformations. <\/h2>\n\n\t\t<\/div>\n\t\t\t\t\n<style>\n#col-1732378929 > .col-inner {\n  padding: 40px 0px 0px 0px;\n}\n<\/style>\n\t<\/div>\n\n\t\n\n<\/div>\n\n\t\t<\/div>\n\n\t\t\n<style>\n#section_1837516478 {\n  padding-top: 30px;\n  padding-bottom: 30px;\n}\n<\/style>\n\t<\/section>\n\t\n<div class=\"row\"  id=\"row-72459351\">\n\n\n\t<div id=\"col-1097878310\" class=\"col small-12 large-12\"  >\n\t\t\t\t<div class=\"col-inner\"  >\n\t\t\t\n\t\t\t\n\n<p>Par souci de clart\u00e9, les informations figurant sur ce site web ou sur tout autre site web li\u00e9 ne sont pas destin\u00e9es \u00e0 diagnostiquer, traiter, gu\u00e9rir ou pr\u00e9venir une quelconque maladie. Les informations sont pr\u00e9sent\u00e9es \u00e0 des fins \u00e9ducatives uniquement et ne sont pas destin\u00e9es \u00e0 diagnostiquer ou \u00e0 prescrire un \u00e9tat m\u00e9dical ou psychologique, ni \u00e0 pr\u00e9venir, traiter, att\u00e9nuer ou gu\u00e9rir de tels \u00e9tats. Les informations contenues dans le pr\u00e9sent document ne sont pas destin\u00e9es \u00e0 remplacer une relation individuelle avec un m\u00e9decin ou un professionnel de la sant\u00e9 qualifi\u00e9. Par cons\u00e9quent, ces informations ne constituent pas un avis m\u00e9dical, mais plut\u00f4t un partage de connaissances et d&#8217;informations bas\u00e9es sur la recherche et l&#8217;exp\u00e9rience.   <\/p>\n<p>Sauf indication contraire, les d\u00e9clarations figurant sur ce site ou sur les sites li\u00e9s n&#8217;ont pas \u00e9t\u00e9 \u00e9valu\u00e9es par la Food and Drug Administration.<\/p>\n<p>  MagicDichol\u00ae vous encourage \u00e0 prendre vos propres d\u00e9cisions en mati\u00e8re de sant\u00e9, sur la base de votre jugement et de vos recherches, en collaboration avec un professionnel de sant\u00e9 qualifi\u00e9.<\/p>\n<p>RIEN DANS CE SITE WEB N&#8217;EST DESTIN\u00c9 \u00c0 SERVIR DE CONSEIL M\u00c9DICAL OU NE DOIT \u00caTRE INTERPR\u00c9T\u00c9 COMME TEL. LES CONSOMMATEURS DOIVENT CONSULTER LEURS PROPRES PROFESSIONNELS DE LA SANT\u00c9 POUR OBTENIR DES RECOMMANDATIONS M\u00c9DICALES INDIVIDUELLES. LES INFORMATIONS CONTENUES DANS CE SITE WEB CONCERNENT DES COMPL\u00c9MENTS ALIMENTAIRES, DES PRODUITS QUI NE SONT PAS DES M\u00c9DICAMENTS. NOS COMPL\u00c9MENTS ALIMENTAIRES ET NOS PRODUITS COSM\u00c9TIQUES NE SONT PAS DESTIN\u00c9S \u00c0 \u00caTRE UTILIS\u00c9S POUR GU\u00c9RIR, TRAITER, PR\u00c9VENIR, DIAGNOSTIQUER OU ATT\u00c9NUER UNE MALADIE OU TOUT AUTRE \u00c9TAT M\u00c9DICAL OU ANORMAL.   <\/p>\n\n\t\t<\/div>\n\t\t\t\t\t<\/div>\n\n\t\n\n<\/div>\n\n\t<section class=\"section\" id=\"section_1687550939\">\n\t\t<div class=\"section-bg fill\" >\n\t\t\t\t\t\t\t\t\t\n\t\t\t\n\n\t\t<\/div>\n\n\t\t\n\n\t\t<div class=\"section-content relative\">\n\t\t\t\n\n<div class=\"row row-full-width align-center\"  id=\"row-1375524203\">\n\n\n\t<div id=\"col-1207017553\" class=\"col medium-6 small-12 large-6\"  >\n\t\t\t\t<div class=\"col-inner\"  >\n\t\t\t\n\t\t\t\n\n<a href=\"https:\/\/iwantmyhealthback.com\/fr\/\" class=\"button primary is-outline expand\" >\n\t\t<span>Annuler<\/span>\n\t<\/a>\n\n\n\n\t\t<\/div>\n\t\t\t\t\t<\/div>\n\n\t\n\n\t<div id=\"col-1893940275\" class=\"col medium-6 small-12 large-6\"  >\n\t\t\t\t<div class=\"col-inner\"  >\n\t\t\t\n\t\t\t\n\n<a href=\"https:\/\/iwantmyhealthback.com\/wp-content\/uploads\/2025\/07\/Metadichol-Testimonials-Gathered-by-Cosmic-Connections.pdf\" class=\"button primary expand\" >\n\t\t<span>Accepter de continuer<\/span>\n\t<\/a>\n\n\n\n\t\t<\/div>\n\t\t\t\t\t<\/div>\n\n\t\n\n<\/div>\n\n\t\t<\/div>\n\n\t\t\n<style>\n#section_1687550939 {\n  padding-top: 30px;\n  padding-bottom: 30px;\n}\n<\/style>\n\t<\/section>\n\t\n\n","protected":false},"excerpt":{"rendered":"","protected":false},"author":2,"featured_media":0,"parent":0,"menu_order":0,"comment_status":"closed","ping_status":"closed","template":"","meta":{"bwfblock_default_font":"","_uag_custom_page_level_css":"","footnotes":""},"class_list":["post-15319","page","type-page","status-publish","hentry"],"uagb_featured_image_src":{"full":false,"thumbnail":false,"medium":false,"medium_large":false,"large":false,"1536x1536":false,"2048x2048":false,"woocommerce_thumbnail":false,"woocommerce_single":false,"woocommerce_gallery_thumbnail":false},"uagb_author_info":{"display_name":"IWantMyHealthBack","author_link":"https:\/\/iwantmyhealthback.com\/fr\/author\/anthonette\/"},"uagb_comment_info":0,"uagb_excerpt":null,"_links":{"self":[{"href":"https:\/\/iwantmyhealthback.com\/fr\/wp-json\/wp\/v2\/pages\/15319","targetHints":{"allow":["GET"]}}],"collection":[{"href":"https:\/\/iwantmyhealthback.com\/fr\/wp-json\/wp\/v2\/pages"}],"about":[{"href":"https:\/\/iwantmyhealthback.com\/fr\/wp-json\/wp\/v2\/types\/page"}],"author":[{"embeddable":true,"href":"https:\/\/iwantmyhealthback.com\/fr\/wp-json\/wp\/v2\/users\/2"}],"replies":[{"embeddable":true,"href":"https:\/\/iwantmyhealthback.com\/fr\/wp-json\/wp\/v2\/comments?post=15319"}],"version-history":[{"count":0,"href":"https:\/\/iwantmyhealthback.com\/fr\/wp-json\/wp\/v2\/pages\/15319\/revisions"}],"wp:attachment":[{"href":"https:\/\/iwantmyhealthback.com\/fr\/wp-json\/wp\/v2\/media?parent=15319"}],"curies":[{"name":"wp","href":"https:\/\/api.w.org\/{rel}","templated":true}]}}