{"id":11106,"date":"2025-03-06T23:05:51","date_gmt":"2025-03-07T03:05:51","guid":{"rendered":"https:\/\/iwantmyhealthback.com\/nano-soma-laliment-que-nous-devrions-tous-consommer-chaque-jour\/"},"modified":"2025-03-07T07:52:05","modified_gmt":"2025-03-07T11:52:05","slug":"nano-soma-laliment-que-nous-devrions-tous-consommer-chaque-jour","status":"publish","type":"page","link":"https:\/\/iwantmyhealthback.com\/fr\/nano-soma-laliment-que-nous-devrions-tous-consommer-chaque-jour\/","title":{"rendered":"NANO SOMA\u00ae &#8211; l&#8217;aliment que nous devrions tous consommer chaque jour"},"content":{"rendered":"\n\t<div id=\"text-862821307\" class=\"text\">\n\t\t\n\n<h1>NANO SOMA\u00ae &#8211; l&#8217;aliment que nous devrions tous consommer chaque jour<br><\/h1>\n\t\t\n<style>\n#text-862821307 {\n  text-align: center;\n}\n<\/style>\n\t<\/div>\n\t\n<div class=\"row\"  id=\"row-386464843\">\n\n\n\t<div id=\"col-1699298701\" class=\"col medium-2 small-12 large-2\"  >\n\t\t\t\t<div class=\"col-inner\"  >\n\t\t\t\n\t\t\t\n\n\n\t\t<\/div>\n\t\t\t\t\t<\/div>\n\n\t\n\n\t<div id=\"col-1981670823\" class=\"col medium-8 small-12 large-8\"  >\n\t\t\t\t<div class=\"col-inner text-center\"  >\n\t\t\t\n\t\t\t\n\n<div class=\"video video-fit mb\" style=\"padding-top:56.25%;\"><iframe loading=\"lazy\" title=\"NANO SOMA\u00ae - the food we should all consume every day\" src=\"https:\/\/player.vimeo.com\/video\/1052693490?dnt=1&amp;app_id=122963\" width=\"1020\" height=\"574\" frameborder=\"0\" allow=\"autoplay; fullscreen; picture-in-picture; clipboard-write; encrypted-media\"><\/iframe><\/div>\n\n<a href=\"https:\/\/iwantmyhealthback.com\/fr\/acheter\/\" target=\"_blank\" class=\"button primary is-larger\" rel=\"noopener\" style=\"border-radius:10px;\">\n\t\t<span>Commandez NANO SOMA\u00ae d\u00e8s aujourd&#039;hui<\/span>\n\t<\/a>\n\n\n\n\t\t<\/div>\n\t\t\t\t\t<\/div>\n\n\t\n\n\t<div id=\"col-812636085\" class=\"col medium-2 small-12 large-2\"  >\n\t\t\t\t<div class=\"col-inner\"  >\n\t\t\t\n\t\t\t\n\n\n\t\t<\/div>\n\t\t\t\t\t<\/div>\n\n\t\n\n<\/div>\n\n\t<section class=\"section\" id=\"section_1032844022\">\n\t\t<div class=\"section-bg fill\" >\n\t\t\t\t\t\t\t\t\t\n\t\t\t\n\n\t\t<\/div>\n\n\t\t\n\n\t\t<div class=\"section-content relative\">\n\t\t\t\n\n<div class=\"row\"  id=\"row-1520340317\">\n\n\n\t<div id=\"col-1081536134\" class=\"col small-12 large-12\"  >\n\t\t\t\t<div class=\"col-inner text-center\"  >\n\t\t\t\n\t\t\t\n\n\t<div id=\"gap-159280367\" class=\"gap-element clearfix\" style=\"display:block; height:auto;\">\n\t\t\n<style>\n#gap-159280367 {\n  padding-top: 30px;\n}\n<\/style>\n\t<\/div>\n\t\n\n<div class=\"row\"  id=\"row-277170643\">\n\n\n\t<div id=\"col-1338488535\" class=\"col medium-6 small-12 large-6\"  >\n\t\t\t\t<div class=\"col-inner text-center\"  >\n\t\t\t\n\t<div class=\"is-border\"\n\t\tstyle=\"border-width:1px 1px 1px 1px;\">\n\t<\/div>\n\t\t\t\n\n\t<div class=\"img has-hover x md-x lg-x y md-y lg-y\" id=\"image_1530929412\">\n\t\t\t\t\t\t\t\t<div class=\"img-inner dark\" >\n\t\t\t<img loading=\"lazy\" decoding=\"async\" width=\"150\" height=\"150\" src=\"https:\/\/iwantmyhealthback.com\/wp-content\/uploads\/2025\/03\/Immune-150x150-1.webp\" class=\"attachment-original size-original\" alt=\"\" srcset=\"https:\/\/iwantmyhealthback.com\/wp-content\/uploads\/2025\/03\/Immune-150x150-1.webp 150w, https:\/\/iwantmyhealthback.com\/wp-content\/uploads\/2025\/03\/Immune-150x150-1-100x100.webp 100w\" sizes=\"auto, (max-width: 150px) 100vw, 150px\" \/>\t\t\t\t\t\t\n\t\t\t\t\t<\/div>\n\t\t\t\t\t\t\t\t\n<style>\n#image_1530929412 {\n  width: 30%;\n}\n<\/style>\n\t<\/div>\n\t\n\n\t<div id=\"text-239769986\" class=\"text\">\n\t\t\n\n<p><strong>GUERRIER DU SYST\u00c8ME IMMUNITAIRE<\/strong><\/p>\n\t\t\n<style>\n#text-239769986 {\n  font-size: 1.5rem;\n}\n<\/style>\n\t<\/div>\n\t\n\t<div id=\"text-3087690428\" class=\"text\">\n\t\t\n\n<p>Renforcez les d\u00e9fenses naturelles de votre corps gr\u00e2ce \u00e0 une solution brevet\u00e9e qui renforce votre r\u00e9sistance immunitaire*.<\/p>\n\t\t\n<style>\n#text-3087690428 {\n  font-size: 0.95rem;\n}\n<\/style>\n\t<\/div>\n\t\n\n\t\t<\/div>\n\t\t\t\t\n<style>\n#col-1338488535 > .col-inner {\n  padding: 10px 10px 10px 10px;\n}\n<\/style>\n\t<\/div>\n\n\t\n\n\t<div id=\"col-270039617\" class=\"col medium-6 small-12 large-6\"  >\n\t\t\t\t<div class=\"col-inner text-center\"  >\n\t\t\t\n\t<div class=\"is-border\"\n\t\tstyle=\"border-width:1px 1px 1px 1px;\">\n\t<\/div>\n\t\t\t\n\n\t<div class=\"img has-hover x md-x lg-x y md-y lg-y\" id=\"image_1438801332\">\n\t\t\t\t\t\t\t\t<div class=\"img-inner dark\" >\n\t\t\t<img loading=\"lazy\" decoding=\"async\" width=\"150\" height=\"150\" src=\"https:\/\/iwantmyhealthback.com\/wp-content\/uploads\/2025\/03\/energize-150x150-1.png\" class=\"attachment-large size-large\" alt=\"\" srcset=\"https:\/\/iwantmyhealthback.com\/wp-content\/uploads\/2025\/03\/energize-150x150-1.png 150w, https:\/\/iwantmyhealthback.com\/wp-content\/uploads\/2025\/03\/energize-150x150-1-100x100.png 100w\" sizes=\"auto, (max-width: 150px) 100vw, 150px\" \/>\t\t\t\t\t\t\n\t\t\t\t\t<\/div>\n\t\t\t\t\t\t\t\t\n<style>\n#image_1438801332 {\n  width: 30%;\n}\n<\/style>\n\t<\/div>\n\t\n\n\t<div id=\"text-2819360650\" class=\"text\">\n\t\t\n\n<p><strong>DYNAMISER VOS CELLULES<\/strong><\/p>\n\t\t\n<style>\n#text-2819360650 {\n  font-size: 1.5rem;\n}\n<\/style>\n\t<\/div>\n\t\n\t<div id=\"text-3913195065\" class=\"text\">\n\t\t\n\n<p>Rechargez votre vie au niveau cellulaire &#8211; sentez-vous <br>rajeuni \u00e0 chaque vaporisation.<\/p>\n\t\t\n<style>\n#text-3913195065 {\n  font-size: 0.95rem;\n  text-align: center;\n}\n<\/style>\n\t<\/div>\n\t\n\n\t\t<\/div>\n\t\t\t\t\n<style>\n#col-270039617 > .col-inner {\n  padding: 10px 10px 10px 10px;\n}\n<\/style>\n\t<\/div>\n\n\t\n\n<\/div>\n<div class=\"row\"  id=\"row-2057415609\">\n\n\n\t<div id=\"col-1266171887\" class=\"col medium-6 small-12 large-6\"  >\n\t\t\t\t<div class=\"col-inner text-center\"  >\n\t\t\t\n\t<div class=\"is-border\"\n\t\tstyle=\"border-width:1px 1px 1px 1px;\">\n\t<\/div>\n\t\t\t\n\n\t<div class=\"img has-hover x md-x lg-x y md-y lg-y\" id=\"image_1142182002\">\n\t\t\t\t\t\t\t\t<div class=\"img-inner dark\" >\n\t\t\t<img loading=\"lazy\" decoding=\"async\" width=\"150\" height=\"150\" src=\"https:\/\/iwantmyhealthback.com\/wp-content\/uploads\/2025\/03\/cognitive-150x150-1.png\" class=\"attachment-large size-large\" alt=\"\" srcset=\"https:\/\/iwantmyhealthback.com\/wp-content\/uploads\/2025\/03\/cognitive-150x150-1.png 150w, https:\/\/iwantmyhealthback.com\/wp-content\/uploads\/2025\/03\/cognitive-150x150-1-100x100.png 100w\" sizes=\"auto, (max-width: 150px) 100vw, 150px\" \/>\t\t\t\t\t\t\n\t\t\t\t\t<\/div>\n\t\t\t\t\t\t\t\t\n<style>\n#image_1142182002 {\n  width: 30%;\n}\n<\/style>\n\t<\/div>\n\t\n\n\t<div id=\"text-98281768\" class=\"text\">\n\t\t\n\n<p><strong>CLART\u00c9 COGNITIVE<\/strong><\/p>\n\t\t\n<style>\n#text-98281768 {\n  font-size: 1.5rem;\n}\n<\/style>\n\t<\/div>\n\t\n\t<div id=\"text-1296358490\" class=\"text\">\n\t\t\n\n<p>Dissipez le brouillard pour un esprit plus vif et une m\u00e9moire qui d\u00e9fie l&#8217;\u00e2ge.<\/p>\n\t\t\n<style>\n#text-1296358490 {\n  font-size: 0.95rem;\n}\n<\/style>\n\t<\/div>\n\t\n\n\t\t<\/div>\n\t\t\t\t\n<style>\n#col-1266171887 > .col-inner {\n  padding: 10px 10px 10px 10px;\n}\n<\/style>\n\t<\/div>\n\n\t\n\n\t<div id=\"col-72401077\" class=\"col medium-6 small-12 large-6\"  >\n\t\t\t\t<div class=\"col-inner text-center\"  >\n\t\t\t\n\t<div class=\"is-border\"\n\t\tstyle=\"border-width:1px 1px 1px 1px;\">\n\t<\/div>\n\t\t\t\n\n\t<div class=\"img has-hover x md-x lg-x y md-y lg-y\" id=\"image_1329904560\">\n\t\t\t\t\t\t\t\t<div class=\"img-inner dark\" >\n\t\t\t<img loading=\"lazy\" decoding=\"async\" width=\"150\" height=\"150\" src=\"https:\/\/iwantmyhealthback.com\/wp-content\/uploads\/2025\/03\/VITALITY-150x150-1.png\" class=\"attachment-large size-large\" alt=\"\" srcset=\"https:\/\/iwantmyhealthback.com\/wp-content\/uploads\/2025\/03\/VITALITY-150x150-1.png 150w, https:\/\/iwantmyhealthback.com\/wp-content\/uploads\/2025\/03\/VITALITY-150x150-1-100x100.png 100w\" sizes=\"auto, (max-width: 150px) 100vw, 150px\" \/>\t\t\t\t\t\t\n\t\t\t\t\t<\/div>\n\t\t\t\t\t\t\t\t\n<style>\n#image_1329904560 {\n  width: 30%;\n}\n<\/style>\n\t<\/div>\n\t\n\n\t<div id=\"text-1653320990\" class=\"text\">\n\t\t\n\n<p><strong>UNE VITALIT\u00c9 QUI BAT SON PLEIN<\/strong><\/p>\n\t\t\n<style>\n#text-1653320990 {\n  font-size: 1.5rem;\n}\n<\/style>\n\t<\/div>\n\t\n\t<div id=\"text-3561611792\" class=\"text\">\n\t\t\n\n<p>Am\u00e9liorez la sant\u00e9 cardiaque et l&#8217;excellence circulatoire pour une vie pleine de vitalit\u00e9.*<\/p>\n\t\t\n<style>\n#text-3561611792 {\n  font-size: 0.95rem;\n}\n<\/style>\n\t<\/div>\n\t\n\n\t\t<\/div>\n\t\t\t\t\n<style>\n#col-72401077 > .col-inner {\n  padding: 10px 10px 10px 10px;\n}\n<\/style>\n\t<\/div>\n\n\t\n\n<\/div>\n<a href=\"https:\/\/iwantmyhealthback.com\/fr\/acheter\/\" class=\"button primary is-larger\" style=\"border-radius:10px;\">\n\t\t<span>Je veux NANO SOMA\u00ae aujourd&#039;hui<\/span>\n\t<\/a>\n\n\n\n\t\t<\/div>\n\t\t\t\t\t<\/div>\n\n\t\n\n<\/div>\n\n\t\t<\/div>\n\n\t\t\n<style>\n#section_1032844022 {\n  padding-top: 30px;\n  padding-bottom: 30px;\n}\n<\/style>\n\t<\/section>\n\t\n\n","protected":false},"excerpt":{"rendered":"","protected":false},"author":2,"featured_media":0,"parent":0,"menu_order":0,"comment_status":"closed","ping_status":"closed","template":"","meta":{"bwfblock_default_font":"","_uag_custom_page_level_css":"","footnotes":""},"class_list":["post-11106","page","type-page","status-publish","hentry"],"uagb_featured_image_src":{"full":false,"thumbnail":false,"medium":false,"medium_large":false,"large":false,"1536x1536":false,"2048x2048":false,"woocommerce_thumbnail":false,"woocommerce_single":false,"woocommerce_gallery_thumbnail":false},"uagb_author_info":{"display_name":"IWantMyHealthBack","author_link":"https:\/\/iwantmyhealthback.com\/fr\/author\/anthonette\/"},"uagb_comment_info":0,"uagb_excerpt":null,"_links":{"self":[{"href":"https:\/\/iwantmyhealthback.com\/fr\/wp-json\/wp\/v2\/pages\/11106","targetHints":{"allow":["GET"]}}],"collection":[{"href":"https:\/\/iwantmyhealthback.com\/fr\/wp-json\/wp\/v2\/pages"}],"about":[{"href":"https:\/\/iwantmyhealthback.com\/fr\/wp-json\/wp\/v2\/types\/page"}],"author":[{"embeddable":true,"href":"https:\/\/iwantmyhealthback.com\/fr\/wp-json\/wp\/v2\/users\/2"}],"replies":[{"embeddable":true,"href":"https:\/\/iwantmyhealthback.com\/fr\/wp-json\/wp\/v2\/comments?post=11106"}],"version-history":[{"count":0,"href":"https:\/\/iwantmyhealthback.com\/fr\/wp-json\/wp\/v2\/pages\/11106\/revisions"}],"wp:attachment":[{"href":"https:\/\/iwantmyhealthback.com\/fr\/wp-json\/wp\/v2\/media?parent=11106"}],"curies":[{"name":"wp","href":"https:\/\/api.w.org\/{rel}","templated":true}]}}