{"id":10714,"date":"2025-01-31T12:54:33","date_gmt":"2025-01-31T16:54:33","guid":{"rendered":"https:\/\/iwantmyhealthback.com\/temoignage-de-joanne-aarstol\/"},"modified":"2025-05-21T08:44:45","modified_gmt":"2025-05-21T12:44:45","slug":"temoignage-de-joanne-aarstol","status":"publish","type":"page","link":"https:\/\/iwantmyhealthback.com\/fr\/temoignage-de-joanne-aarstol\/","title":{"rendered":"T\u00e9moignage de Joanne Aarstol"},"content":{"rendered":"\n\n\t<section class=\"section\" id=\"section_1529090976\">\n\t\t<div class=\"section-bg fill\" >\n\t\t\t\t\t\t\t\t\t\n\t\t\t\n\n\t\t<\/div>\n\n\t\t\n\n\t\t<div class=\"section-content relative\">\n\t\t\t\n\n<div class=\"row\"  id=\"row-1425324208\">\n\n\n\t<div id=\"col-1050261277\" class=\"col hide-for-small medium-1 small-12 large-1\"  >\n\t\t\t\t<div class=\"col-inner\"  >\n\t\t\t\n\t\t\t\n\n\n\t\t<\/div>\n\t\t\t\t\t<\/div>\n\n\t\n\n\t<div id=\"col-1215681870\" class=\"col medium-10 small-12 large-10\"  >\n\t\t\t\t<div class=\"col-inner text-center\"  >\n\t\t\t\n\t\t\t\n\n\t<div id=\"text-536521496\" class=\"text\">\n\t\t\n\n<p>Joanne Aarstol partage son histoire de r\u00e9ussite avec la SEP et l&#8217;aide de NANO SOMA \u00ae.<\/p>\n\n\t\t\n<style>\n#text-536521496 {\n  font-size: 1.5rem;\n  text-align: center;\n}\n@media (min-width:850px) {\n  #text-536521496 {\n    font-size: 2rem;\n  }\n}\n<\/style>\n\t<\/div>\n\t\n<div class=\"video video-fit mb\" style=\"padding-top:56.25%;\"><iframe loading=\"lazy\" title=\"Joanne Aarstol shares her recovery from MS with the help of NANO SOMA\u00ae\" src=\"https:\/\/player.vimeo.com\/video\/933546338?dnt=1&amp;app_id=122963\" width=\"1020\" height=\"574\" frameborder=\"0\" allow=\"autoplay; fullscreen; picture-in-picture; clipboard-write; encrypted-media\"><\/iframe><\/div>\n\n<a href=\"https:\/\/iwantmyhealthback.com\/fr\/acheter\/\" target=\"_blank\" class=\"button primary is-larger\" rel=\"noopener\" style=\"border-radius:10px;\">\n\t\t<span>OBTENEZ NANO SOMA\u00ae MAINTENANT !<\/span>\n\t<\/a>\n\n\n\n\t\t<\/div>\n\t\t\t\t\t<\/div>\n\n\t\n\n\t<div id=\"col-672114422\" class=\"col hide-for-small medium-1 small-12 large-1\"  >\n\t\t\t\t<div class=\"col-inner\"  >\n\t\t\t\n\t\t\t\n\n\n\t\t<\/div>\n\t\t\t\t\t<\/div>\n\n\t\n\n<\/div>\n\t<div id=\"text-1281504077\" class=\"text\">\n\t\t\n\n<p><em><span style=\"font-size: 120%;\">Les t\u00e9moignages et les d\u00e9clarations fournis dans cette vid\u00e9o sont bas\u00e9s sur l&#8217;exp\u00e9rience individuelle de cet utilisateur et ne sont pas garantis pour repr\u00e9senter les r\u00e9sultats que chaque utilisateur peut obtenir. NANO SOMA\u00ae est con\u00e7u pour soutenir les fonctions naturelles du corps et les r\u00e9sultats peuvent varier. <\/span><\/em><\/p>\n\t\t\n<style>\n#text-1281504077 {\n  font-size: 0.75rem;\n  text-align: center;\n}\n<\/style>\n\t<\/div>\n\t\n\n\t\t<\/div>\n\n\t\t\n<style>\n#section_1529090976 {\n  padding-top: 30px;\n  padding-bottom: 30px;\n}\n<\/style>\n\t<\/section>\n\t\n\n\n\t<section class=\"section\" id=\"section_343797671\">\n\t\t<div class=\"section-bg fill\" >\n\t\t\t\t\t\t\t\t\t\n\t\t\t\n\n\t\t<\/div>\n\n\t\t\n\n\t\t<div class=\"section-content relative\">\n\t\t\t\n\n<div class=\"row\"  id=\"row-204213161\">\n\n\n\t<div id=\"col-788025283\" class=\"col small-12 large-12\"  >\n\t\t\t\t<div class=\"col-inner\"  >\n\t\t\t\n\t<div class=\"is-border\"\n\t\tstyle=\"border-color:#767676;border-width:2px 2px 2px 2px;\">\n\t<\/div>\n\t\t\t\n\n\t<div id=\"text-1044010914\" class=\"text\">\n\t\t\n\n<p><strong>*Ces d\u00e9clarations n&#8217;ont pas \u00e9t\u00e9 \u00e9valu\u00e9es par la Food and Drug Administration des \u00c9tats-Unis. Ce produit n&#8217;est pas destin\u00e9 \u00e0 diagnostiquer ou \u00e0 prescrire une quelconque condition m\u00e9dicale, ni \u00e0 pr\u00e9venir, traiter, att\u00e9nuer ou gu\u00e9rir une telle condition. Si vous souffrez d&#8217;une maladie ou d&#8217;un probl\u00e8me m\u00e9dical, consultez votre fournisseur de soins de sant\u00e9.  <\/strong><\/p>\n\t\t\n<style>\n#text-1044010914 {\n  font-size: 0.9rem;\n  text-align: left;\n}\n<\/style>\n\t<\/div>\n\t\n\n\t\t<\/div>\n\t\t\t\t\n<style>\n#col-788025283 > .col-inner {\n  padding: 10px 20px 5px 20px;\n}\n<\/style>\n\t<\/div>\n\n\t\n\n<\/div>\n\n\t\t<\/div>\n\n\t\t\n<style>\n#section_343797671 {\n  padding-top: 0px;\n  padding-bottom: 0px;\n}\n@media (min-width:550px) {\n  #section_343797671 {\n    padding-top: 30px;\n    padding-bottom: 30px;\n  }\n}\n<\/style>\n\t<\/section>\n\t\n\n","protected":false},"excerpt":{"rendered":"","protected":false},"author":2,"featured_media":0,"parent":0,"menu_order":0,"comment_status":"closed","ping_status":"closed","template":"","meta":{"bwfblock_default_font":"","_uag_custom_page_level_css":"","footnotes":""},"class_list":["post-10714","page","type-page","status-publish","hentry"],"uagb_featured_image_src":{"full":false,"thumbnail":false,"medium":false,"medium_large":false,"large":false,"1536x1536":false,"2048x2048":false,"woocommerce_thumbnail":false,"woocommerce_single":false,"woocommerce_gallery_thumbnail":false},"uagb_author_info":{"display_name":"IWantMyHealthBack","author_link":"https:\/\/iwantmyhealthback.com\/fr\/author\/anthonette\/"},"uagb_comment_info":0,"uagb_excerpt":null,"_links":{"self":[{"href":"https:\/\/iwantmyhealthback.com\/fr\/wp-json\/wp\/v2\/pages\/10714","targetHints":{"allow":["GET"]}}],"collection":[{"href":"https:\/\/iwantmyhealthback.com\/fr\/wp-json\/wp\/v2\/pages"}],"about":[{"href":"https:\/\/iwantmyhealthback.com\/fr\/wp-json\/wp\/v2\/types\/page"}],"author":[{"embeddable":true,"href":"https:\/\/iwantmyhealthback.com\/fr\/wp-json\/wp\/v2\/users\/2"}],"replies":[{"embeddable":true,"href":"https:\/\/iwantmyhealthback.com\/fr\/wp-json\/wp\/v2\/comments?post=10714"}],"version-history":[{"count":0,"href":"https:\/\/iwantmyhealthback.com\/fr\/wp-json\/wp\/v2\/pages\/10714\/revisions"}],"wp:attachment":[{"href":"https:\/\/iwantmyhealthback.com\/fr\/wp-json\/wp\/v2\/media?parent=10714"}],"curies":[{"name":"wp","href":"https:\/\/api.w.org\/{rel}","templated":true}]}}