{"id":2566,"date":"2024-01-23T16:53:16","date_gmt":"2024-01-23T20:53:16","guid":{"rendered":"https:\/\/iwantmyhealthback.com\/product\/3-botellas-de-liquido-nano-soma\/"},"modified":"2025-06-12T15:02:14","modified_gmt":"2025-06-12T19:02:14","slug":"3-botellas-de-liquido-nano-soma","status":"publish","type":"product","link":"https:\/\/iwantmyhealthback.com\/es\/producto\/3-botellas-de-liquido-nano-soma\/","title":{"rendered":"3 NANO SOMA\u00ae Liquid Bottles"},"content":{"rendered":"<p>NANO <sup>SOMA\u00ae<\/sup> L\u00edquido es una <i>revoluci\u00f3n<\/i> para tu salud.<\/p>\n<p>\u00bfEst\u00e1s buscando una herramienta sencilla, totalmente natural y poderosa para ayudar a tu cuerpo de <i>una forma totalmente nueva?<\/i><\/p>\n<p>NANO SOMA incita al cuerpo a:<\/p>\n<ul>\n<li>Producir vitamina C end\u00f3gena<\/li>\n<li>Regular el Receptor de la Vitamina D<\/li>\n<li>Regula los 48\/9 receptores nucleares<\/li>\n<li>Promueve el envejecimiento saludable* mediante un novedoso apoyo a los tel\u00f3meros<\/li>\n<li>Fomenta una inmunidad fuerte*.<\/li>\n<\/ul>\n<p>Sin embargo, NANO SOMA es un alimento, no un medicamento, y sus ingredientes est\u00e1n clasificados como GRAS (Generally Recognized as Safe) por la FDA.<\/p>\n<hr>\n<p class=\"text-center\" style=\"text-align: center;\"><b>&#8220;Una sustancia que <i>interfiere <\/i>en el funcionamiento normal del sistema es un f\u00e1rmaco; una sustancia que <i>restablece <\/i>el funcionamiento normal del sistema es un nutriente&#8221;. <\/b><\/p>\n<p class=\"text-center\" style=\"text-align: center;\"><i>Dr. Raghavan<\/i>, creador de NANO SOMA.<\/p>\n<hr>\n<p><u>\u00bfQu\u00e9 es NANO SOMA?<\/u><\/p>\n<p>NANO SOMA es el nombre comercial de <sup>Metadichol\u00ae<\/sup>. Metadichol es una nanoemulsi\u00f3n ampliamente <a href=\"https:\/\/magicdichol.info\/worldwide-patents\" target=\"_blank\" rel=\"noopener\">patentada<\/a> de alcoholes de cadena larga conocidos como <i>policosanol,<\/i> una sustancia natural que se elimina de nuestros alimentos cuando se refinan. <\/p>\n<p>NANO SOMA es como la <b>llave que faltaba para que nuestro cuerpo goce de una salud \u00f3ptima<\/b> y que no sab\u00edamos que faltaba hasta que apareci\u00f3.<\/p>\n<p><u>Revoluci\u00f3n de la Salud<\/u><\/p>\n<p>Como NANO SOMA est\u00e1 hecho de alimentos, el cuerpo responde a \u00e9l de formas asombrosas. En lugar de interferir en los procesos naturales, NANO SOMA <i>recuerda<\/i> al cuerpo c\u00f3mo funcionar de forma \u00f3ptima. <\/p>\n<p>Se ha demostrado que su ingrediente clave, el Metadichol <a href=\"https:\/\/www.researchgate.net\/publication\/361666714_Title_MetadicholR_is_a_nano_lipid_emulsion_that_expresses_all_48_nuclear_receptors_in_stem_and_somatic_cells\" target=\"_blank\" rel=\"noopener\"><b>regular los 48\/9 receptores nucleares<\/b><\/a> en el n\u00facleo de la c\u00e9lula y crearlos cuando antes no exist\u00edan.<\/p>\n<p>Esto significa que, en presencia de NANO SOMA, tu cuerpo dispone de recursos para producir lo que necesita para mantener una salud ideal, ya sean genes, c\u00e9lulas y ADN sanos, o una inmunidad fuerte y unos procesos metab\u00f3licos y curativos robustos.*<\/p>\n<p><u>Recomendaciones y recordatorios<\/u><\/p>\n<p>De nuevo, el NANO SOMA no cura ni trata <i>nada.<\/i> M\u00e1s bien, <b>estimula los propios mecanismos curativos naturales del cuerpo.<\/b><\/p>\n<p>El uso constante es la clave. Si tomas 5 pulverizaciones una vez al d\u00eda (para el mantenimiento de la salud), cada frasco dura aproximadamente 1 mes. Por lo tanto, si acabas de empezar tu viaje con NANO SOMA, <b><u>te recomendamos que compres al menos 3 frascos<\/u><\/b>.  <\/p>\n<p>Por lo general, se sugiere dejar pasar 90 d\u00edas de uso antes de esperar un resultado, por lo que comprar al menos 3 botellas para tu primer pedido es la mejor forma de apoyar tu viaje con NANO SOMA.<\/p>\n<p>__<\/p>\n<p><strong>Ingredientes:<\/strong><strong> <\/strong>Agua, TPGS de vitamina E, Policosanoles, Conservante (Sorbato pot\u00e1sico), Regulador de la acidez (\u00c1cido c\u00edtrico), Emulgente (\u00c9steres sacarosos de \u00e1cidos grasos)<\/p>\n<p>__<\/p>\n<p><i>Ten en cuenta que ni las empresas que suministran los productos a base de Metadichol, ni sus directores o accionistas son m\u00e9dicos y no proporcionan asesoramiento m\u00e9dico. Si necesitas consejo m\u00e9dico, consulta a tu m\u00e9dico.  Adem\u00e1s, estos productos no pretenden diagnosticar, tratar, curar ni prevenir ninguna enfermedad. M\u00e1s bien estimulan los mecanismos curativos naturales del organismo, que son mucho m\u00e1s completos de lo que la mayor\u00eda de nosotros apreciamos. <\/i><\/p>\n<div style=\"text-align: center;\"><\/div>\n<div class=\"row\"  id=\"row-424831812\">\n\n\t<div id=\"col-1102946982\" class=\"col small-12 large-12\"  >\n\t\t\t\t<div class=\"col-inner\"  >\n\t\t\t\n\t<div class=\"is-border\"\n\t\tstyle=\"border-color:rgb(204, 204, 204);border-width:1px 1px 1px 1px;\">\n\t<\/div>\n\t\t\t\n\t<div id=\"text-1007100047\" class=\"text\">\n\t\t\n<p>*Esta declaraci\u00f3n no ha sido evaluada por la Administraci\u00f3n de Alimentos y Medicamentos. Este producto no pretende diagnosticar ni prescribir ninguna afecci\u00f3n m\u00e9dica, ni prevenir, tratar, mitigar o curar dicha(s) afecci\u00f3n(es). Si tienes alguna enfermedad o afecci\u00f3n m\u00e9dica, consulta a tu m\u00e9dico.<\/p>\n<p>Los testimonios, declaraciones y opiniones presentados en nuestro sitio web son aplicables y est\u00e1n autorizados por las personas representadas. Los resultados var\u00edan y pueden no ser representativos de la experiencia de otros.<\/p>\n\t\t\n<style>\n#text-1007100047 {\n  font-size: 0.75rem;\n  text-align: left;\n}\n<\/style>\n\t<\/div>\n\t\n\t\t<\/div>\n\t\t\t\t\n<style>\n#col-1102946982 > .col-inner {\n  padding: 20px 20px 20px 20px;\n}\n<\/style>\n\t<\/div>\n\n\t\n<\/div>\n","protected":false},"excerpt":{"rendered":"<p><u>\u00bfQu\u00e9 es NANO SOMA?<\/u><\/p>\n<p>NANO SOMA es el nombre comercial de <sup>Metadichol\u00ae<\/sup>. Metadichol es una nanoemulsi\u00f3n ampliamente patentada de alcoholes de cadena larga conocidos como <i>policosanol,<\/i> una sustancia natural que se elimina de nuestros alimentos cuando se refinan. <\/p>\n<p>NANO SOMA es como la <b>llave que faltaba para que nuestro cuerpo goce de una salud \u00f3ptima<\/b> y que no sab\u00edamos que faltaba hasta que apareci\u00f3.<\/p>\n","protected":false},"featured_media":1531,"comment_status":"open","ping_status":"closed","template":"","meta":{"bwfblock_default_font":"","_uag_custom_page_level_css":""},"product_brand":[],"product_cat":[74],"product_tag":[],"class_list":{"0":"post-2566","1":"product","2":"type-product","3":"status-publish","4":"has-post-thumbnail","6":"product_cat-paquete-de-3","8":"first","9":"instock","10":"sale","11":"sold-individually","12":"taxable","13":"shipping-taxable","14":"purchasable","15":"product-type-simple"},"uagb_featured_image_src":{"full":["https:\/\/iwantmyhealthback.com\/wp-content\/uploads\/2024\/01\/USNS3PACKBottlesGradient20Nov2023.png",1142,1286,false],"thumbnail":["https:\/\/iwantmyhealthback.com\/wp-content\/uploads\/2024\/01\/USNS3PACKBottlesGradient20Nov2023-150x150.png",150,150,true],"medium":["https:\/\/iwantmyhealthback.com\/wp-content\/uploads\/2024\/01\/USNS3PACKBottlesGradient20Nov2023-266x300.png",266,300,true],"medium_large":["https:\/\/iwantmyhealthback.com\/wp-content\/uploads\/2024\/01\/USNS3PACKBottlesGradient20Nov2023-768x865.png",768,865,true],"large":["https:\/\/iwantmyhealthback.com\/wp-content\/uploads\/2024\/01\/USNS3PACKBottlesGradient20Nov2023-909x1024.png",909,1024,true],"1536x1536":["https:\/\/iwantmyhealthback.com\/wp-content\/uploads\/2024\/01\/USNS3PACKBottlesGradient20Nov2023.png",1142,1286,false],"2048x2048":["https:\/\/iwantmyhealthback.com\/wp-content\/uploads\/2024\/01\/USNS3PACKBottlesGradient20Nov2023.png",1142,1286,false],"woocommerce_thumbnail":["https:\/\/iwantmyhealthback.com\/wp-content\/uploads\/2024\/01\/USNS3PACKBottlesGradient20Nov2023-300x338.png",300,338,true],"woocommerce_single":["https:\/\/iwantmyhealthback.com\/wp-content\/uploads\/2024\/01\/USNS3PACKBottlesGradient20Nov2023-510x574.png",510,574,true],"woocommerce_gallery_thumbnail":["https:\/\/iwantmyhealthback.com\/wp-content\/uploads\/2024\/01\/USNS3PACKBottlesGradient20Nov2023-100x100.png",100,100,true]},"uagb_author_info":{"display_name":"IWantMyHealthBack","author_link":"https:\/\/iwantmyhealthback.com\/es\/author\/"},"uagb_comment_info":0,"uagb_excerpt":"\u00bfQu\u00e9 es NANO SOMA? NANO SOMA es el nombre comercial de Metadichol\u00ae. Metadichol es una nanoemulsi\u00f3n ampliamente patentada de alcoholes de cadena larga conocidos como policosanol, una sustancia natural que se elimina de nuestros alimentos cuando se refinan. NANO SOMA es como la llave que faltaba para que nuestro cuerpo goce de una salud \u00f3ptima&hellip;","_links":{"self":[{"href":"https:\/\/iwantmyhealthback.com\/es\/wp-json\/wp\/v2\/product\/2566","targetHints":{"allow":["GET"]}}],"collection":[{"href":"https:\/\/iwantmyhealthback.com\/es\/wp-json\/wp\/v2\/product"}],"about":[{"href":"https:\/\/iwantmyhealthback.com\/es\/wp-json\/wp\/v2\/types\/product"}],"replies":[{"embeddable":true,"href":"https:\/\/iwantmyhealthback.com\/es\/wp-json\/wp\/v2\/comments?post=2566"}],"wp:featuredmedia":[{"embeddable":true,"href":"https:\/\/iwantmyhealthback.com\/es\/wp-json\/wp\/v2\/media\/1531"}],"wp:attachment":[{"href":"https:\/\/iwantmyhealthback.com\/es\/wp-json\/wp\/v2\/media?parent=2566"}],"wp:term":[{"taxonomy":"product_brand","embeddable":true,"href":"https:\/\/iwantmyhealthback.com\/es\/wp-json\/wp\/v2\/product_brand?post=2566"},{"taxonomy":"product_cat","embeddable":true,"href":"https:\/\/iwantmyhealthback.com\/es\/wp-json\/wp\/v2\/product_cat?post=2566"},{"taxonomy":"product_tag","embeddable":true,"href":"https:\/\/iwantmyhealthback.com\/es\/wp-json\/wp\/v2\/product_tag?post=2566"}],"curies":[{"name":"wp","href":"https:\/\/api.w.org\/{rel}","templated":true}]}}