{"id":2556,"date":"2024-01-29T19:39:55","date_gmt":"2024-01-29T23:39:55","guid":{"rendered":"https:\/\/iwantmyhealthback.com\/product\/metasomer-gel-topico\/"},"modified":"2025-05-07T06:07:14","modified_gmt":"2025-05-07T10:07:14","slug":"metasomer-gel-topico","status":"publish","type":"product","link":"https:\/\/iwantmyhealthback.com\/es\/producto\/metasomer-gel-topico\/","title":{"rendered":"NANO SOMA\u00ae Topical Gel"},"content":{"rendered":"\n\t<section class=\"section\" id=\"section_442463888\">\n\t\t<div class=\"section-bg fill\" >\n\t\t\t\t\t\t\t\t\t\n\t\t\t\n\n\t\t<\/div>\n\n\t\t\n\n\t\t<div class=\"section-content relative\">\n\t\t\t\n<p>NANO SOMA<sup>\u00ae<\/sup> Topical Gel es una forma en gel de Metadichol\u00ae para aplicar f\u00e1cilmente sobre la piel. Muchas personas han informado de los incre\u00edbles beneficios que les ha reportado el uso del NANO SOMA<sup>\u00ae<\/sup> Topical Gel, que puedes <a href=\"http:\/\/testimonials.thenanosoma.com\/\" target=\"_blank\" rel=\"noopener\">encontrar aqu\u00ed<\/a>. He aqu\u00ed algunos ejemplos:<\/p>\n<p><strong>La imagen siguiente muestra el cambio en el aspecto de un bulto despu\u00e9s de siete semanas con el NANO SOMA<sup>\u00ae<\/sup> Topical Gel.<\/strong><\/p>\n<figure class=\"text-center\"><img decoding=\"async\" src=\"https:\/\/magicdichol.info\/wp-content\/uploads\/2023\/12\/EL20neck20bump.png\" width=\"654\" height=\"217.70834350585938\" \/><\/figure>\n<p>&#8212;<\/p>\n<div class=\"flex max-w-full flex-col flex-grow\">\n<div class=\"min-h-8 text-message flex w-full flex-col items-end gap-2 whitespace-normal break-words &#091;.text-message+&amp;&#093;:mt-5\" dir=\"auto\" data-message-author-role=\"assistant\" data-message-id=\"b8b507e0-be3e-4faf-aa47-65862e569533\" data-message-model-slug=\"gpt-4o\">\n<div class=\"flex w-full flex-col gap-1 empty:hidden first:pt-&#091;3px&#093;\">\n<div class=\"markdown prose w-full break-words dark:prose-invert light\">\n<p><strong>&#8220;Me deshice de un lunar en pocos d\u00edas usando el NANO SOMA Topical Gel.&#8221;<\/strong><br \/>\n\u2013 <em>Randy Now<\/em><\/p>\n<hr \/>\n<p><strong>&#8220;El viernes me reemplazaron la segunda rodilla. Hoy, domingo, el calor y la incomodidad eran insoportables. Sabiendo esto, preorden\u00e9 el NANO SOMA Topical Gel. Esta noche lo apliqu\u00e9 en toda la pierna. Como un maestro de Reiki eliminando el trauma, el NANO SOMA Topical Gel lo hizo en un minuto. Wow. Eso es todo.&#8221;<\/strong><br \/>\n\u2013 <em>Charlie Zev<\/em><\/p>\n<hr \/>\n<p><strong>&#8220;Este NANO SOMA Topical Gel es un suplemento milagroso. Lo us\u00e9 en ambas rodillas cuatro veces al d\u00eda durante cuatro d\u00edas. La picaz\u00f3n que tuve durante los \u00faltimos 15 a\u00f1os ha desaparecido por completo. Es un producto incre\u00edble.&#8221;<\/strong><br \/>\n\u2013 <em>Seyed y Ummu Mohamed, India<\/em><\/p>\n<hr \/>\n<p>El <strong>NANO SOMA Topical Gel<\/strong> es una nanoemulsi\u00f3n de alcoholes de cadena larga que se encuentran en muchos alimentos. Estos alcoholes se conocen com\u00fanmente como policosanol y est\u00e1n presentes en alimentos no refinados como el arroz, la ca\u00f1a de az\u00facar y el trigo. Esta nanoemulsi\u00f3n de policosanol en forma de gel est\u00e1 patentada por el Dr. Raghavan (US 9006292).<\/p>\n<p><strong>INSTRUCCIONES DE USO:<\/strong><br \/>\nAplicar sobre la piel seg\u00fan sea necesario.<\/p>\n<p><strong>BENEFICIOS:<\/strong><\/p>\n<ul>\n<li>Revitaliza la piel.*<\/li>\n<li>Apoya la curaci\u00f3n normal.*<\/li>\n<li>Promueve una piel saludable.*<\/li>\n<li>Seguro para usar alrededor de los ojos y otras \u00e1reas sensibles.*<\/li>\n<li>Promueve el alivio del malestar.*<\/li>\n<\/ul>\n<p><strong>Contenido:<\/strong> 1 fl. oz. (30 ml)<\/p>\n<p><strong>Ingredientes:<\/strong><br \/>\nNanoemulsi\u00f3n de policosanol, Vitamina E, Agua, \u00c9ster de \u00e1cidos grasos de sacarosa, \u00c1cido c\u00edtrico, Goma xantana comestible<\/p>\n<\/div>\n<\/div>\n<\/div>\n<\/div>\n<div class=\"mb-2 flex gap-3 empty:hidden -ml-2\">\n<div class=\"items-center justify-start rounded-xl p-1 flex\">\n<div class=\"flex items-center\">\n<p>&nbsp;<\/p>\n<div class=\"flex items-center pb-0\"><span class=\"overflow-hidden text-clip whitespace-nowrap text-sm\">4o<\/span><\/div>\n<\/div>\n<\/div>\n<\/div>\n<div class=\"row\"  id=\"row-1990372312\">\n\n\t<div id=\"col-1651292621\" class=\"col small-12 large-12\"  >\n\t\t\t\t<div class=\"col-inner\"  >\n\t\t\t\n\t<div class=\"is-border\"\n\t\tstyle=\"border-color:rgb(204, 204, 204);border-width:2px 2px 2px 2px;\">\n\t<\/div>\n\t\t\t\n\t<div id=\"text-2801130965\" class=\"text\">\n\t\t\n<div style=\"text-align: center;\"><b>*Esta declaraci\u00f3n no ha sido evaluada por la Administraci\u00f3n de Alimentos y Medicamentos. Este producto no pretende diagnosticar ni prescribir ninguna afecci\u00f3n m\u00e9dica, ni prevenir, tratar, mitigar o curar dicha(s) afecci\u00f3n(es). Si tienes alguna enfermedad o <\/b><strong>consulta a tu m\u00e9dico.<\/strong><\/div>\n\t\t\n<style>\n#text-2801130965 {\n  font-size: 0.9rem;\n}\n<\/style>\n\t<\/div>\n\t\n\t\t<\/div>\n\t\t\t\t\n<style>\n#col-1651292621 > .col-inner {\n  padding: 10px 20px 10px 20px;\n}\n<\/style>\n\t<\/div>\n\n\t\n<\/div>\n\t\t<\/div>\n\n\t\t\n<style>\n#section_442463888 {\n  padding-top: 30px;\n  padding-bottom: 30px;\n}\n<\/style>\n\t<\/section>\n\t\n","protected":false},"excerpt":{"rendered":"<p>NANO SOMA\u00ae Topical Gel es una forma en gel de Metadichol\u00ae que se aplica f\u00e1cilmente sobre la piel. Muchas personas han informado de beneficios incre\u00edbles al usar NANO SOMA Topical Gel, que se pueden encontrar <a href=\"https:\/\/iwantmyhealthback.com\/wp-content\/uploads\/2024\/01\/METASOMER-Topical-Gel-Testimonials.pdf\" target=\"_blank\" rel=\"noopener\">aqu\u00ed<\/a>. Aqu\u00ed hay algunos ejemplos:<\/p>\n","protected":false},"featured_media":11780,"comment_status":"open","ping_status":"closed","template":"","meta":{"bwfblock_default_font":"","_uag_custom_page_level_css":""},"product_brand":[],"product_cat":[79],"product_tag":[],"class_list":{"0":"post-2556","1":"product","2":"type-product","3":"status-publish","4":"has-post-thumbnail","6":"product_cat-salud","8":"first","9":"instock","10":"taxable","11":"shipping-taxable","12":"purchasable","13":"product-type-simple"},"uagb_featured_image_src":{"full":["https:\/\/iwantmyhealthback.com\/wp-content\/uploads\/2024\/01\/signal-2025-03-28-144430_002.jpeg",1142,1286,false],"thumbnail":["https:\/\/iwantmyhealthback.com\/wp-content\/uploads\/2024\/01\/signal-2025-03-28-144430_002-150x150.jpeg",150,150,true],"medium":["https:\/\/iwantmyhealthback.com\/wp-content\/uploads\/2024\/01\/signal-2025-03-28-144430_002-266x300.jpeg",266,300,true],"medium_large":["https:\/\/iwantmyhealthback.com\/wp-content\/uploads\/2024\/01\/signal-2025-03-28-144430_002-768x865.jpeg",768,865,true],"large":["https:\/\/iwantmyhealthback.com\/wp-content\/uploads\/2024\/01\/signal-2025-03-28-144430_002-909x1024.jpeg",909,1024,true],"1536x1536":["https:\/\/iwantmyhealthback.com\/wp-content\/uploads\/2024\/01\/signal-2025-03-28-144430_002.jpeg",1142,1286,false],"2048x2048":["https:\/\/iwantmyhealthback.com\/wp-content\/uploads\/2024\/01\/signal-2025-03-28-144430_002.jpeg",1142,1286,false],"woocommerce_thumbnail":["https:\/\/iwantmyhealthback.com\/wp-content\/uploads\/2024\/01\/signal-2025-03-28-144430_002-300x338.jpeg",300,338,true],"woocommerce_single":["https:\/\/iwantmyhealthback.com\/wp-content\/uploads\/2024\/01\/signal-2025-03-28-144430_002-510x574.jpeg",510,574,true],"woocommerce_gallery_thumbnail":["https:\/\/iwantmyhealthback.com\/wp-content\/uploads\/2024\/01\/signal-2025-03-28-144430_002-100x100.jpeg",100,100,true]},"uagb_author_info":{"display_name":"IWantMyHealthBack","author_link":"https:\/\/iwantmyhealthback.com\/es\/author\/"},"uagb_comment_info":0,"uagb_excerpt":"NANO SOMA\u00ae Topical Gel es una forma en gel de Metadichol\u00ae que se aplica f\u00e1cilmente sobre la piel. Muchas personas han informado de beneficios incre\u00edbles al usar NANO SOMA Topical Gel, que se pueden encontrar aqu\u00ed. Aqu\u00ed hay algunos ejemplos:","_links":{"self":[{"href":"https:\/\/iwantmyhealthback.com\/es\/wp-json\/wp\/v2\/product\/2556","targetHints":{"allow":["GET"]}}],"collection":[{"href":"https:\/\/iwantmyhealthback.com\/es\/wp-json\/wp\/v2\/product"}],"about":[{"href":"https:\/\/iwantmyhealthback.com\/es\/wp-json\/wp\/v2\/types\/product"}],"replies":[{"embeddable":true,"href":"https:\/\/iwantmyhealthback.com\/es\/wp-json\/wp\/v2\/comments?post=2556"}],"wp:featuredmedia":[{"embeddable":true,"href":"https:\/\/iwantmyhealthback.com\/es\/wp-json\/wp\/v2\/media\/11780"}],"wp:attachment":[{"href":"https:\/\/iwantmyhealthback.com\/es\/wp-json\/wp\/v2\/media?parent=2556"}],"wp:term":[{"taxonomy":"product_brand","embeddable":true,"href":"https:\/\/iwantmyhealthback.com\/es\/wp-json\/wp\/v2\/product_brand?post=2556"},{"taxonomy":"product_cat","embeddable":true,"href":"https:\/\/iwantmyhealthback.com\/es\/wp-json\/wp\/v2\/product_cat?post=2556"},{"taxonomy":"product_tag","embeddable":true,"href":"https:\/\/iwantmyhealthback.com\/es\/wp-json\/wp\/v2\/product_tag?post=2556"}],"curies":[{"name":"wp","href":"https:\/\/api.w.org\/{rel}","templated":true}]}}