{"id":2551,"date":"2024-01-29T19:41:42","date_gmt":"2024-01-29T19:41:42","guid":{"rendered":"https:\/\/iwantmyhealthback.com\/product\/metasomer-telomerasa-crema-natural-para-la-piel\/"},"modified":"2025-10-19T17:51:14","modified_gmt":"2025-10-19T21:51:14","slug":"metasomer-telomerasa-crema-natural-para-la-piel","status":"publish","type":"product","link":"https:\/\/iwantmyhealthback.com\/es\/producto\/metasomer-telomerasa-crema-natural-para-la-piel\/","title":{"rendered":"NANO SOMA\u00ae Skin Cream"},"content":{"rendered":"\n\t<section class=\"section\" id=\"section_768196999\">\n\t\t<div class=\"section-bg fill\" >\n\t\t\t\t\t\t\t\t\t\n\t\t\t\n\n\t\t<\/div>\n\n\t\t\n\n\t\t<div class=\"section-content relative\">\n\t\t\t\n<p><strong>La Crema para la Piel NANO SOMA es una crema hermosa, suave y sin aceites, con una maravillosa fragancia org\u00e1nica de vainillina. Como activa de forma natural la producci\u00f3n de Vitamina C en las c\u00e9lulas de la piel, la Crema para la Piel NANO SOMA activa de forma natural y sencilla la restauraci\u00f3n del col\u00e1geno en tu piel. <\/strong><\/p>\n<p><img loading=\"lazy\" decoding=\"async\" class=\"alignnone size-full wp-image-254\" src=\"https:\/\/magicdichol.info\/wp-content\/uploads\/2023\/12\/Topical20vitamin20C20for20skin20regeneration.jpg\" alt=\"\" width=\"815\" height=\"505\"><\/p>\n<p><strong>Aqu\u00ed tienes una ilustraci\u00f3n de la Crema Cut\u00e1nea NANO SOMA en acci\u00f3n:<\/strong><\/p>\n<p><strong><img loading=\"lazy\" decoding=\"async\" class=\"alignnone size-full wp-image-5493\" src=\"https:\/\/magicdichol.info\/wp-content\/uploads\/2023\/12\/Female-58-years-old.png\" alt=\"\" width=\"1021\" height=\"697\"><\/strong><\/p>\n<p><strong>Por nuestra experiencia, quienes prueban la Crema para la Piel NANO SOMA simplemente \u00a1\u00a1\u00a1LA AMAN!!!<br \/>\n<\/strong><\/p>\n<p><strong>Contenido: 1 fl. oz. (30 ml)  <\/strong><\/p>\n<p><strong>INGREDIENTES:<br \/>\nAgua, Hemisqualane neossance, Glicerina, Alcohol cetostear\u00edlico, Cera oleosa, TPGS de vitamina E, 2-fenoxietanol, Goma xantana, Policosanoles, Monolaurato de sacarosa, Sorbato de potasio, \u00c1cido hialur\u00f3nico, \u00c1cido c\u00edtrico monohidratado, Fragancia (leche de vainilla).<\/strong><\/p>\n<p><strong>Los ingredientes son Generalmente Reconocidos como Seguros (GRAS)<\/strong><\/p>\n<div class=\"row\"  id=\"row-693477187\">\n\n\t<div id=\"col-2121315279\" class=\"col small-12 large-12\"  >\n\t\t\t\t<div class=\"col-inner\"  >\n\t\t\t\n\t<div class=\"is-border\"\n\t\tstyle=\"border-color:rgb(204, 204, 204);border-width:1px 1px 1px 1px;\">\n\t<\/div>\n\t\t\t\n\t<div id=\"text-3492991437\" class=\"text\">\n\t\t\n<p>*Esta declaraci\u00f3n no ha sido evaluada por la Administraci\u00f3n de Alimentos y Medicamentos. Este producto no pretende diagnosticar ni prescribir ninguna afecci\u00f3n m\u00e9dica, ni prevenir, tratar, mitigar o curar dicha(s) afecci\u00f3n(es). Si tienes alguna enfermedad o afecci\u00f3n m\u00e9dica, consulta a tu m\u00e9dico.<\/p>\n\t\t\n<style>\n#text-3492991437 {\n  font-size: 0.9rem;\n  text-align: left;\n}\n<\/style>\n\t<\/div>\n\t\n\t\t<\/div>\n\t\t\t\t\n<style>\n#col-2121315279 > .col-inner {\n  padding: 20px 20px 20px 20px;\n}\n<\/style>\n\t<\/div>\n\n\t\n<\/div>\n\t\t<\/div>\n\n\t\t\n<style>\n#section_768196999 {\n  padding-top: 30px;\n  padding-bottom: 30px;\n}\n<\/style>\n\t<\/section>\n\t\n","protected":false},"excerpt":{"rendered":"<p>La Crema para la Piel NANO SOMA es una crema hermosa, suave y sin aceites, con una maravillosa fragancia org\u00e1nica de vainillina. Como activa de forma natural la producci\u00f3n de Vitamina C en las c\u00e9lulas de la piel, la Crema para la Piel NANO SOMA activa de forma natural y sencilla la restauraci\u00f3n del col\u00e1geno en tu piel. <\/p>\n","protected":false},"featured_media":18739,"comment_status":"open","ping_status":"closed","template":"","meta":{"bwfblock_default_font":"","_uag_custom_page_level_css":""},"product_brand":[],"product_cat":[79],"product_tag":[1217],"class_list":{"0":"post-2551","1":"product","2":"type-product","3":"status-publish","4":"has-post-thumbnail","6":"product_cat-salud","7":"product_tag-nano-soma-crema-para-la-piel","9":"first","10":"instock","11":"taxable","12":"shipping-taxable","13":"purchasable","14":"product-type-simple"},"uagb_featured_image_src":{"full":["https:\/\/iwantmyhealthback.com\/wp-content\/uploads\/2024\/01\/signal-2025-10-18-203311_002.jpg",1142,1286,false],"thumbnail":["https:\/\/iwantmyhealthback.com\/wp-content\/uploads\/2024\/01\/signal-2025-10-18-203311_002-150x150.jpg",150,150,true],"medium":["https:\/\/iwantmyhealthback.com\/wp-content\/uploads\/2024\/01\/signal-2025-10-18-203311_002-266x300.jpg",266,300,true],"medium_large":["https:\/\/iwantmyhealthback.com\/wp-content\/uploads\/2024\/01\/signal-2025-10-18-203311_002-768x865.jpg",768,865,true],"large":["https:\/\/iwantmyhealthback.com\/wp-content\/uploads\/2024\/01\/signal-2025-10-18-203311_002-909x1024.jpg",909,1024,true],"1536x1536":["https:\/\/iwantmyhealthback.com\/wp-content\/uploads\/2024\/01\/signal-2025-10-18-203311_002.jpg",1142,1286,false],"2048x2048":["https:\/\/iwantmyhealthback.com\/wp-content\/uploads\/2024\/01\/signal-2025-10-18-203311_002.jpg",1142,1286,false],"woocommerce_thumbnail":["https:\/\/iwantmyhealthback.com\/wp-content\/uploads\/2024\/01\/signal-2025-10-18-203311_002-300x338.jpg",300,338,true],"woocommerce_single":["https:\/\/iwantmyhealthback.com\/wp-content\/uploads\/2024\/01\/signal-2025-10-18-203311_002-510x574.jpg",510,574,true],"woocommerce_gallery_thumbnail":["https:\/\/iwantmyhealthback.com\/wp-content\/uploads\/2024\/01\/signal-2025-10-18-203311_002-100x100.jpg",100,100,true]},"uagb_author_info":{"display_name":"IWantMyHealthBack","author_link":"https:\/\/iwantmyhealthback.com\/es\/author\/"},"uagb_comment_info":0,"uagb_excerpt":"La Crema para la Piel NANO SOMA es una crema hermosa, suave y sin aceites, con una maravillosa fragancia org\u00e1nica de vainillina. Como activa de forma natural la producci\u00f3n de Vitamina C en las c\u00e9lulas de la piel, la Crema para la Piel NANO SOMA activa de forma natural y sencilla la restauraci\u00f3n del col\u00e1geno&hellip;","_links":{"self":[{"href":"https:\/\/iwantmyhealthback.com\/es\/wp-json\/wp\/v2\/product\/2551","targetHints":{"allow":["GET"]}}],"collection":[{"href":"https:\/\/iwantmyhealthback.com\/es\/wp-json\/wp\/v2\/product"}],"about":[{"href":"https:\/\/iwantmyhealthback.com\/es\/wp-json\/wp\/v2\/types\/product"}],"replies":[{"embeddable":true,"href":"https:\/\/iwantmyhealthback.com\/es\/wp-json\/wp\/v2\/comments?post=2551"}],"wp:featuredmedia":[{"embeddable":true,"href":"https:\/\/iwantmyhealthback.com\/es\/wp-json\/wp\/v2\/media\/18739"}],"wp:attachment":[{"href":"https:\/\/iwantmyhealthback.com\/es\/wp-json\/wp\/v2\/media?parent=2551"}],"wp:term":[{"taxonomy":"product_brand","embeddable":true,"href":"https:\/\/iwantmyhealthback.com\/es\/wp-json\/wp\/v2\/product_brand?post=2551"},{"taxonomy":"product_cat","embeddable":true,"href":"https:\/\/iwantmyhealthback.com\/es\/wp-json\/wp\/v2\/product_cat?post=2551"},{"taxonomy":"product_tag","embeddable":true,"href":"https:\/\/iwantmyhealthback.com\/es\/wp-json\/wp\/v2\/product_tag?post=2551"}],"curies":[{"name":"wp","href":"https:\/\/api.w.org\/{rel}","templated":true}]}}