{"id":2495,"date":"2024-01-30T15:11:59","date_gmt":"2024-01-30T19:11:59","guid":{"rendered":"https:\/\/iwantmyhealthback.com\/product\/metasomer-gel-topico-envase-de-12\/"},"modified":"2025-05-17T11:52:37","modified_gmt":"2025-05-17T15:52:37","slug":"metasomer-gel-topico-envase-de-12","status":"publish","type":"product","link":"https:\/\/iwantmyhealthback.com\/es\/producto\/metasomer-gel-topico-envase-de-12\/","title":{"rendered":"NANO SOMA\u00ae Topical Gel &#8211; 12 Pack"},"content":{"rendered":"\n\t<section class=\"section\" id=\"section_1857540491\">\n\t\t<div class=\"section-bg fill\" >\n\t\t\t\t\t\t\t\t\t\n\t\t\t\n\n\t\t<\/div>\n\n\t\t\n\n\t\t<div class=\"section-content relative\">\n\t\t\t\n<p>El Gel T\u00f3pico NANO SOMA es una forma de gel de Metadichol\u00ae que se aplica f\u00e1cilmente sobre la piel. Muchas personas han informado de incre\u00edbles beneficios al utilizar el Gel T\u00f3pico NANO SOMA, que <a href=\"https:\/\/iwantmyhealthback.com\/wp-content\/uploads\/2024\/01\/METASOMER-Topical-Gel-Testimonials.pdf\" target=\"_blank\" rel=\"noopener\">puedes encontrar aqu\u00ed<\/a>.  He aqu\u00ed algunos ejemplos:<\/p>\n<p><strong>La imagen siguiente muestra el cambio en el aspecto de un bulto despu\u00e9s de siete semanas con el Gel T\u00f3pico NANO SOMA.<\/strong><\/p>\n<figure class=\"text-center\"><img decoding=\"async\" src=\"https:\/\/magicdichol.info\/wp-content\/uploads\/2023\/12\/EL20neck20bump.png\" width=\"654\" height=\"217.70834350585938\"><\/figure>\n<p>&#8212;<\/p>\n<p><b>&#8220;Me deshice de un lunar en pocos d\u00edas utilizando el Gel T\u00f3pico NANO SOMA&#8221;.<\/b><\/p>\n<p><b>Randy Ahora<\/b><\/p>\n<p>&#8212;<\/p>\n<p><b>&#8220;El viernes me reemplazaron la segunda rodilla. Hoy, domingo, el calor y las molestias eran insoportables. Sabiendo esto, ped\u00ed por adelantado el Gel T\u00f3pico NANO SOMA. Esta noche, me lo he aplicado por toda la pierna. Como un Maestro de Reiki eliminando el trauma, el Gel T\u00f3pico NANO SOMA lo hizo en un minuto. Guau. Eso es&#8221;.<\/b><\/p>\n<p><b>Charlie Zev<\/b><\/p>\n<p>&#8212;<\/p>\n<p><b>&#8220;Este Gel T\u00f3pico NANO SOMA es un suplemento milagroso. Lo utilic\u00e9 en ambas rodillas cuatro veces al d\u00eda durante cuatro d\u00edas. Los picores que ten\u00eda desde hace 15 a\u00f1os han desaparecido por completo. Es un producto asombroso&#8221;.<\/b><\/p>\n<p><b>Seyed y Ummu Mohamed, India<\/b><\/p>\n<p>&#8212;<\/p>\n<p>El Gel T\u00f3pico NANO SOMA es una nanoemulsi\u00f3n de alcoholes de cadena larga que se encuentran en muchos alimentos. Se denomina com\u00fanmente policosanol y est\u00e1 presente en alimentos no refinados como el arroz, la ca\u00f1a de az\u00facar y el trigo. Esta nanoemulsi\u00f3n de policosanol en forma de gel est\u00e1 patentada por el Dr. Raghavan (US 9006292).  <\/p>\n<p><strong>INSTRUCCIONES DE USO:<br \/>\n<\/strong><\/p>\n<p>Apl\u00edcalo sobre la piel seg\u00fan sea necesario.<\/p>\n<p><strong>PRESTACIONES:<br \/>\n<\/strong><\/p>\n<p>Revitaliza la piel.*<br \/>\nFavorece la cicatrizaci\u00f3n normal.*<br \/>\nPromueve una piel sana.*<br \/>\nSeguro de usar alrededor de los ojos y otras zonas sensibles.*<\/p>\n<p>Favorece el alivio de las molestias.*<\/p>\n<p>Contenido: 30 ml (1 onza l\u00edquida)  <\/p>\n<p><strong>Ingredientes:<\/strong> Nanoemulsi\u00f3n de policosanol, vitamina E, agua, \u00e9ster de \u00e1cidos grasos de sacarosa, \u00e1cido c\u00edtrico, goma xantana comestible.<\/p>\n<div class=\"row\"  id=\"row-665145973\">\n\n\t<div id=\"col-1266928577\" class=\"col small-12 large-12\"  >\n\t\t\t\t<div class=\"col-inner\"  >\n\t\t\t\n\t<div class=\"is-border\"\n\t\tstyle=\"border-color:rgb(204, 204, 204);border-width:2px 2px 2px 2px;\">\n\t<\/div>\n\t\t\t\n\t<div id=\"text-4143725243\" class=\"text\">\n\t\t\n<div style=\"text-align: center;\"><b>*Esta declaraci\u00f3n no ha sido evaluada por la Administraci\u00f3n de Alimentos y Medicamentos. Este producto no pretende diagnosticar ni prescribir ninguna afecci\u00f3n m\u00e9dica, ni prevenir, tratar, mitigar o curar dicha(s) afecci\u00f3n(es). Si tienes alguna enfermedad o problema m\u00e9dico    <\/b><strong>consulta a tu m\u00e9dico.<\/strong><\/div>\n\t\t\n<style>\n#text-4143725243 {\n  font-size: 0.9rem;\n}\n<\/style>\n\t<\/div>\n\t\n\t\t<\/div>\n\t\t\t\t\n<style>\n#col-1266928577 > .col-inner {\n  padding: 10px 20px 10px 20px;\n}\n<\/style>\n\t<\/div>\n\n\t\n<\/div>\n\t\t<\/div>\n\n\t\t\n<style>\n#section_1857540491 {\n  padding-top: 30px;\n  padding-bottom: 30px;\n}\n<\/style>\n\t<\/section>\n\t\n","protected":false},"excerpt":{"rendered":"<p>El Gel T\u00f3pico NANO SOMA es una forma de gel de Metadichol\u00ae que se aplica f\u00e1cilmente sobre la piel. Muchas personas han informado de incre\u00edbles beneficios al utilizar el Gel T\u00f3pico NANO SOMA, que <a href=\"https:\/\/iwantmyhealthback.com\/wp-content\/uploads\/2024\/01\/METASOMER-Topical-Gel-Testimonials.pdf\" target=\"_blank\" rel=\"noopener\">puedes encontrar aqu\u00ed<\/a>.  He aqu\u00ed algunos ejemplos:<\/p>\n","protected":false},"featured_media":11794,"comment_status":"open","ping_status":"closed","template":"","meta":{"bwfblock_default_font":"","_uag_custom_page_level_css":""},"product_brand":[],"product_cat":[69],"product_tag":[1226],"class_list":{"0":"post-2495","1":"product","2":"type-product","3":"status-publish","4":"has-post-thumbnail","6":"product_cat-paquete-de-12","7":"product_tag-nano-soma-gel-topico-es","9":"first","10":"instock","11":"sale","12":"taxable","13":"shipping-taxable","14":"purchasable","15":"product-type-simple"},"uagb_featured_image_src":{"full":["https:\/\/iwantmyhealthback.com\/wp-content\/uploads\/2024\/01\/signal-2025-03-28-144430_004.jpeg",1142,1286,false],"thumbnail":["https:\/\/iwantmyhealthback.com\/wp-content\/uploads\/2024\/01\/signal-2025-03-28-144430_004-150x150.jpeg",150,150,true],"medium":["https:\/\/iwantmyhealthback.com\/wp-content\/uploads\/2024\/01\/signal-2025-03-28-144430_004-266x300.jpeg",266,300,true],"medium_large":["https:\/\/iwantmyhealthback.com\/wp-content\/uploads\/2024\/01\/signal-2025-03-28-144430_004-768x865.jpeg",768,865,true],"large":["https:\/\/iwantmyhealthback.com\/wp-content\/uploads\/2024\/01\/signal-2025-03-28-144430_004-909x1024.jpeg",909,1024,true],"1536x1536":["https:\/\/iwantmyhealthback.com\/wp-content\/uploads\/2024\/01\/signal-2025-03-28-144430_004.jpeg",1142,1286,false],"2048x2048":["https:\/\/iwantmyhealthback.com\/wp-content\/uploads\/2024\/01\/signal-2025-03-28-144430_004.jpeg",1142,1286,false],"woocommerce_thumbnail":["https:\/\/iwantmyhealthback.com\/wp-content\/uploads\/2024\/01\/signal-2025-03-28-144430_004-300x338.jpeg",300,338,true],"woocommerce_single":["https:\/\/iwantmyhealthback.com\/wp-content\/uploads\/2024\/01\/signal-2025-03-28-144430_004-510x574.jpeg",510,574,true],"woocommerce_gallery_thumbnail":["https:\/\/iwantmyhealthback.com\/wp-content\/uploads\/2024\/01\/signal-2025-03-28-144430_004-100x100.jpeg",100,100,true]},"uagb_author_info":{"display_name":"IWantMyHealthBack","author_link":"https:\/\/iwantmyhealthback.com\/es\/author\/"},"uagb_comment_info":0,"uagb_excerpt":"El Gel T\u00f3pico NANO SOMA es una forma de gel de Metadichol\u00ae que se aplica f\u00e1cilmente sobre la piel. Muchas personas han informado de incre\u00edbles beneficios al utilizar el Gel T\u00f3pico NANO SOMA, que puedes encontrar aqu\u00ed. He aqu\u00ed algunos ejemplos:","_links":{"self":[{"href":"https:\/\/iwantmyhealthback.com\/es\/wp-json\/wp\/v2\/product\/2495","targetHints":{"allow":["GET"]}}],"collection":[{"href":"https:\/\/iwantmyhealthback.com\/es\/wp-json\/wp\/v2\/product"}],"about":[{"href":"https:\/\/iwantmyhealthback.com\/es\/wp-json\/wp\/v2\/types\/product"}],"replies":[{"embeddable":true,"href":"https:\/\/iwantmyhealthback.com\/es\/wp-json\/wp\/v2\/comments?post=2495"}],"wp:featuredmedia":[{"embeddable":true,"href":"https:\/\/iwantmyhealthback.com\/es\/wp-json\/wp\/v2\/media\/11794"}],"wp:attachment":[{"href":"https:\/\/iwantmyhealthback.com\/es\/wp-json\/wp\/v2\/media?parent=2495"}],"wp:term":[{"taxonomy":"product_brand","embeddable":true,"href":"https:\/\/iwantmyhealthback.com\/es\/wp-json\/wp\/v2\/product_brand?post=2495"},{"taxonomy":"product_cat","embeddable":true,"href":"https:\/\/iwantmyhealthback.com\/es\/wp-json\/wp\/v2\/product_cat?post=2495"},{"taxonomy":"product_tag","embeddable":true,"href":"https:\/\/iwantmyhealthback.com\/es\/wp-json\/wp\/v2\/product_tag?post=2495"}],"curies":[{"name":"wp","href":"https:\/\/api.w.org\/{rel}","templated":true}]}}