{"id":2445,"date":"2024-03-15T16:31:07","date_gmt":"2024-03-15T16:31:07","guid":{"rendered":"https:\/\/iwantmyhealthback.com\/product\/magicdichol-paquete-de-inicio\/"},"modified":"2025-10-19T17:41:28","modified_gmt":"2025-10-19T21:41:28","slug":"magicdichol-paquete-de-inicio","status":"publish","type":"product","link":"https:\/\/iwantmyhealthback.com\/es\/producto\/magicdichol-paquete-de-inicio\/","title":{"rendered":"MagicDichol\u00ae Paquete de inicio"},"content":{"rendered":"<p>El Pack de Inicio <sup>MagicDichol\u00ae<\/sup> te ofrece 3 frascos del L\u00edquido NANO <sup>SOMA\u00ae<\/sup>, 1 Gel T\u00f3pico NANO <sup>SOMA\u00ae<\/sup> y 1 Crema Cut\u00e1nea NANO <sup>SOMA\u00ae<\/sup>, todo ello con un descuento del 15% sobre el precio de los frascos individuales.<\/p>\n<p>El Pack de inicio MagicDichol est\u00e1 dise\u00f1ado para presentarte los 3 productos MagicDichol y ayudarte a iniciar tu asombroso viaje con estos productos incre\u00edbles y, para muchos, capaces de cambiar la vida.<\/p>\n<p>NANO SOMA Ingredientes: Agua, TPGS de vitamina E, policosanoles, conservante (sorbato pot\u00e1sico), regulador de la acidez (\u00e1cido c\u00edtrico), emulgente (\u00e9steres sacarosos de \u00e1cidos grasos).<\/p>\n<p>Ingredientes del Gel T\u00f3pico NANO SOMA: Nanoemulsi\u00f3n de policosanol, vitamina E, agua, \u00e9ster de \u00e1cidos grasos de sacarosa, \u00e1cido c\u00edtrico, goma xantana comestible<\/p>\n<p>NANO SOMA Crema para la piel Ingredientes: Agua, Hemisqualane neossance, Glicerina, Alcohol cetoestear\u00edlico, Cera oleosa, TPGS de vitamina E, 2-Fenoxietanol, Goma xantana, Policosanoles, Monolaurato de sacarosa, Sorbato de potasio, \u00c1cido hialur\u00f3nico, \u00c1cido c\u00edtrico monohidratado, Fragancia (leche de vainilla).<\/p>\n<div class=\"row\"  id=\"row-1340123994\">\n\n\t<div id=\"col-713735949\" class=\"col small-12 large-12\"  >\n\t\t\t\t<div class=\"col-inner\"  >\n\t\t\t\n\t<div class=\"is-border\"\n\t\tstyle=\"border-color:rgb(204, 204, 204);border-width:2px 2px 2px 2px;\">\n\t<\/div>\n\t\t\t\n\t<div id=\"text-1236777004\" class=\"text\">\n\t\t\n<div style=\"text-align: left;\">*Esta declaraci\u00f3n no ha sido evaluada por la Administraci\u00f3n de Alimentos y Medicamentos. Este producto no pretende diagnosticar ni prescribir ninguna afecci\u00f3n m\u00e9dica, ni prevenir, tratar, mitigar o curar dicha(s) afecci\u00f3n(es). Si tienes alguna enfermedad o afecci\u00f3n m\u00e9dica, consulta a tu m\u00e9dico.<\/div>\n\t\t\n<style>\n#text-1236777004 {\n  font-size: 0.75rem;\n  text-align: left;\n  color: rgb(0,0,0);\n}\n#text-1236777004 > * {\n  color: rgb(0,0,0);\n}\n<\/style>\n\t<\/div>\n\t\n\t\t<\/div>\n\t\t\t\t\n<style>\n#col-713735949 > .col-inner {\n  padding: 10px 20px 10px 20px;\n}\n<\/style>\n\t<\/div>\n\n\t\n<\/div>\n","protected":false},"excerpt":{"rendered":"<p>El Pack de Inicio MagicDichol te ofrece 3 frascos de NANO SOMA L\u00edquido y 1 de NANO SOMA Gel T\u00f3pico y 1 de NANO SOMA Crema Cut\u00e1nea, todo ello con un descuento del 15% sobre el precio de los frascos individuales.<\/p>\n","protected":false},"featured_media":18715,"comment_status":"open","ping_status":"closed","template":"","meta":{"bwfblock_default_font":"","_uag_custom_page_level_css":""},"product_brand":[],"product_cat":[64],"product_tag":[],"class_list":{"0":"post-2445","1":"product","2":"type-product","3":"status-publish","4":"has-post-thumbnail","6":"product_cat-paquete-de-inicio","8":"first","9":"instock","10":"sale","11":"taxable","12":"shipping-taxable","13":"purchasable","14":"product-type-simple"},"uagb_featured_image_src":{"full":["https:\/\/iwantmyhealthback.com\/wp-content\/uploads\/2024\/03\/MD-Starter-Pack-New-Cream-High-Quality-1.jpg",580,400,false],"thumbnail":["https:\/\/iwantmyhealthback.com\/wp-content\/uploads\/2024\/03\/MD-Starter-Pack-New-Cream-High-Quality-1-150x150.jpg",150,150,true],"medium":["https:\/\/iwantmyhealthback.com\/wp-content\/uploads\/2024\/03\/MD-Starter-Pack-New-Cream-High-Quality-1-300x207.jpg",300,207,true],"medium_large":["https:\/\/iwantmyhealthback.com\/wp-content\/uploads\/2024\/03\/MD-Starter-Pack-New-Cream-High-Quality-1.jpg",580,400,false],"large":["https:\/\/iwantmyhealthback.com\/wp-content\/uploads\/2024\/03\/MD-Starter-Pack-New-Cream-High-Quality-1.jpg",580,400,false],"1536x1536":["https:\/\/iwantmyhealthback.com\/wp-content\/uploads\/2024\/03\/MD-Starter-Pack-New-Cream-High-Quality-1.jpg",580,400,false],"2048x2048":["https:\/\/iwantmyhealthback.com\/wp-content\/uploads\/2024\/03\/MD-Starter-Pack-New-Cream-High-Quality-1.jpg",580,400,false],"woocommerce_thumbnail":["https:\/\/iwantmyhealthback.com\/wp-content\/uploads\/2024\/03\/MD-Starter-Pack-New-Cream-High-Quality-1-300x207.jpg",300,207,true],"woocommerce_single":["https:\/\/iwantmyhealthback.com\/wp-content\/uploads\/2024\/03\/MD-Starter-Pack-New-Cream-High-Quality-1-510x352.jpg",510,352,true],"woocommerce_gallery_thumbnail":["https:\/\/iwantmyhealthback.com\/wp-content\/uploads\/2024\/03\/MD-Starter-Pack-New-Cream-High-Quality-1-100x100.jpg",100,100,true]},"uagb_author_info":{"display_name":"IWantMyHealthBack","author_link":"https:\/\/iwantmyhealthback.com\/es\/author\/"},"uagb_comment_info":0,"uagb_excerpt":"El Pack de Inicio MagicDichol te ofrece 3 frascos de NANO SOMA L\u00edquido y 1 de NANO SOMA Gel T\u00f3pico y 1 de NANO SOMA Crema Cut\u00e1nea, todo ello con un descuento del 15% sobre el precio de los frascos individuales.","_links":{"self":[{"href":"https:\/\/iwantmyhealthback.com\/es\/wp-json\/wp\/v2\/product\/2445","targetHints":{"allow":["GET"]}}],"collection":[{"href":"https:\/\/iwantmyhealthback.com\/es\/wp-json\/wp\/v2\/product"}],"about":[{"href":"https:\/\/iwantmyhealthback.com\/es\/wp-json\/wp\/v2\/types\/product"}],"replies":[{"embeddable":true,"href":"https:\/\/iwantmyhealthback.com\/es\/wp-json\/wp\/v2\/comments?post=2445"}],"wp:featuredmedia":[{"embeddable":true,"href":"https:\/\/iwantmyhealthback.com\/es\/wp-json\/wp\/v2\/media\/18715"}],"wp:attachment":[{"href":"https:\/\/iwantmyhealthback.com\/es\/wp-json\/wp\/v2\/media?parent=2445"}],"wp:term":[{"taxonomy":"product_brand","embeddable":true,"href":"https:\/\/iwantmyhealthback.com\/es\/wp-json\/wp\/v2\/product_brand?post=2445"},{"taxonomy":"product_cat","embeddable":true,"href":"https:\/\/iwantmyhealthback.com\/es\/wp-json\/wp\/v2\/product_cat?post=2445"},{"taxonomy":"product_tag","embeddable":true,"href":"https:\/\/iwantmyhealthback.com\/es\/wp-json\/wp\/v2\/product_tag?post=2445"}],"curies":[{"name":"wp","href":"https:\/\/api.w.org\/{rel}","templated":true}]}}