{"id":7626,"date":"2024-10-16T03:45:03","date_gmt":"2024-10-16T07:45:03","guid":{"rendered":"https:\/\/iwantmyhealthback.com\/testimonio-de-sean-sobre-nano-soma\/"},"modified":"2025-05-21T08:45:02","modified_gmt":"2025-05-21T12:45:02","slug":"testimonio-de-sean-sobre-nano-soma","status":"publish","type":"page","link":"https:\/\/iwantmyhealthback.com\/es\/testimonio-de-sean-sobre-nano-soma\/","title":{"rendered":"Testimonio de Sean sobre NANO SOMA"},"content":{"rendered":"\n\n\t<section class=\"section\" id=\"section_833385113\">\n\t\t<div class=\"section-bg fill\" >\n\t\t\t\t\t\t\t\t\t\n\t\t\t\n\n\t\t<\/div>\n\n\t\t\n\n\t\t<div class=\"section-content relative\">\n\t\t\t\n\n<div class=\"row align-middle align-center\"  id=\"row-361279350\">\n\n\n\t<div id=\"col-1487701930\" class=\"col medium-10 small-12 large-10\"  >\n\t\t\t\t<div class=\"col-inner text-center\"  >\n\t\t\t\n\t\t\t\n\n\t<div id=\"text-1772259125\" class=\"text hide-for-small\">\n\t\t\n\n<h1 style=\"font-size: 40px\">Testimonio de Sean sobre NANO SOMA<\/h1>\n<p style=\"font-size:22px\">La importancia de tomar NANO SOMA\u00ae a diario<\/p>\n\n\t\t\n<style>\n#text-1772259125 {\n  font-size: 1.6rem;\n}\n@media (min-width:550px) {\n  #text-1772259125 {\n    font-size: 2.4rem;\n  }\n}\n<\/style>\n\t<\/div>\n\t\n\t<div id=\"text-3597106119\" class=\"text show-for-small\">\n\t\t\n\n<h1 style=\"font-size: 25px\">Testimonio de Sean sobre NANO <sup>SOMA<\/sup> <\/h1>\n<p style=\"font-size:15px\">La importancia de tomar NANO <sup>SOMA\u00ae<\/sup> a diario<\/p>\n\t\t\n<style>\n#text-3597106119 {\n  font-size: 1.6rem;\n}\n@media (min-width:550px) {\n  #text-3597106119 {\n    font-size: 2.4rem;\n  }\n}\n<\/style>\n\t<\/div>\n\t\n\n\n<div style=\"padding:45.36% 0 0 0;position:relative;\"><iframe src=\"https:\/\/player.vimeo.com\/video\/853261799?h=699cd07194\" style=\"position:absolute;top:0;left:0;width:100%;height:100%;\" frameborder=\"0\" allow=\"autoplay; fullscreen; picture-in-picture\" allowfullscreen=\"\"><\/iframe><\/div><script src=\"https:\/\/player.vimeo.com\/api\/player.js\"><\/script>\n\n\t<div id=\"gap-132772781\" class=\"gap-element clearfix\" style=\"display:block; height:auto;\">\n\t\t\n<style>\n#gap-132772781 {\n  padding-top: 30px;\n}\n<\/style>\n\t<\/div>\n\t\n\n<a href=\"https:\/\/iwantmyhealthback.com\/es\/comprar-ahora\/\" target=\"_blank\" class=\"button primary is-xlarge hide-for-small\" rel=\"noopener\" >\n\t\t<span>COMPRAR AHORA<\/span>\n\t<\/a>\n\n\n<a href=\"https:\/\/magicdichol.info\/products\/#nanosoma\" target=\"_blank\" class=\"button primary is-larger expand show-for-small\" rel=\"noopener\">\n\t\t<span>TIENDA NANO SOMA<\/span>\n\t<\/a>\n\n\n\t<div id=\"text-3440367011\" class=\"text\">\n\t\t\n\n<p>Tomar NANO SOMA\u00ae todos los d\u00edas, como hace Sean, es crucial incluso si ya gozas de buena salud o has alcanzado tus objetivos de salud, ya que NANO SOMA:<\/p>\n<ul>\n<li><span style=\"font-size: 115%;\">Estimula al organismo a producir su propia vitamina C, mejorando la inmunidad natural*.<\/span><\/li>\n<li><span style=\"font-size: 115%;\">Regula todos los receptores nucleares del cuerpo, como el tiroideo o el Receptor de Vitamina D, proporcionando apoyo a todo el cuerpo para el equilibrio<\/span><\/li>\n<li><span style=\"font-size: 115%;\">Apoyo profundo para mantener la juventud e invertir los efectos del envejecimiento biol\u00f3gico*.<\/span><\/li>\n<li><span style=\"font-size: 115%;\">Mantiene el ADN sano, favoreciendo la salud celular y optimizando la funci\u00f3n del genoma*.<\/span><\/li>\n<li><span style=\"font-size: 115%;\">Ayuda a abordar problemas de salud de los que quiz\u00e1 ni siquiera seamos conscientes<\/span><\/li>\n<\/ul>\n<p>Al integrar NANO SOMA en tu rutina diaria, te aseguras de que tu cuerpo permanezca en\u00e9rgico, vibrante y capaz de mantener el bienestar general, sea cual sea tu estado de salud actual .<\/p>\n\n\t\t\n<style>\n#text-3440367011 {\n  font-size: 1rem;\n  text-align: left;\n}\n@media (min-width:550px) {\n  #text-3440367011 {\n    font-size: 1.3rem;\n  }\n}\n<\/style>\n\t<\/div>\n\t\n<a href=\"https:\/\/iwantmyhealthback.com\/es\/producto\/nano-soma-liquido\/\" target=\"_blank\" class=\"button primary is-xlarge hide-for-small\" rel=\"noopener\">\n\t\t<span>TIENDA NANO SOMA<\/span>\n\t<\/a>\n\n\n\t<div id=\"text-129754745\" class=\"text\">\n\t\t\n\n<p>NANO SOMA ayuda a tu cuerpo desde dentro hacia fuera. \u00bfA\u00fan no has probado nuestra Crema Cut\u00e1nea NANO SOMA o el Gel T\u00f3pico NANO SOMA? \u00a1Pru\u00e9balos hoy y experimenta la diferencia!  <\/p>\n\t\t\n<style>\n#text-129754745 {\n  font-size: 1.3rem;\n  text-align: left;\n}\n<\/style>\n\t<\/div>\n\t\n<a href=\"https:\/\/iwantmyhealthback.com\/es\/comprar-ahora\/\" class=\"button primary is-xlarge hide-for-small\">\n\t\t<span>IR A LA TIENDA<\/span>\n\t<\/a>\n\n\n<a href=\"https:\/\/magicdichol.info\/shop-now\" class=\"button primary is-larger expand show-for-small\" target=\"_blank\" rel=\"noopener\">\n\t\t<span>COMPRAR AHORA<\/span>\n\t<\/a>\n\n\n\n\t\t<\/div>\n\t\t\t\t\n<style>\n#col-1487701930 > .col-inner {\n  padding: 0px 0px 0px 0px;\n}\n<\/style>\n\t<\/div>\n\n\t\n\n<\/div>\n\n\t\t<\/div>\n\n\t\t\n<style>\n#section_833385113 {\n  padding-top: 30px;\n  padding-bottom: 30px;\n}\n<\/style>\n\t<\/section>\n\t\n\n","protected":false},"excerpt":{"rendered":"","protected":false},"author":2,"featured_media":0,"parent":0,"menu_order":0,"comment_status":"closed","ping_status":"closed","template":"","meta":{"bwfblock_default_font":"","_uag_custom_page_level_css":"","footnotes":""},"class_list":["post-7626","page","type-page","status-publish","hentry"],"uagb_featured_image_src":{"full":false,"thumbnail":false,"medium":false,"medium_large":false,"large":false,"1536x1536":false,"2048x2048":false,"woocommerce_thumbnail":false,"woocommerce_single":false,"woocommerce_gallery_thumbnail":false},"uagb_author_info":{"display_name":"IWantMyHealthBack","author_link":"https:\/\/iwantmyhealthback.com\/es\/author\/anthonette\/"},"uagb_comment_info":0,"uagb_excerpt":null,"_links":{"self":[{"href":"https:\/\/iwantmyhealthback.com\/es\/wp-json\/wp\/v2\/pages\/7626","targetHints":{"allow":["GET"]}}],"collection":[{"href":"https:\/\/iwantmyhealthback.com\/es\/wp-json\/wp\/v2\/pages"}],"about":[{"href":"https:\/\/iwantmyhealthback.com\/es\/wp-json\/wp\/v2\/types\/page"}],"author":[{"embeddable":true,"href":"https:\/\/iwantmyhealthback.com\/es\/wp-json\/wp\/v2\/users\/2"}],"replies":[{"embeddable":true,"href":"https:\/\/iwantmyhealthback.com\/es\/wp-json\/wp\/v2\/comments?post=7626"}],"version-history":[{"count":0,"href":"https:\/\/iwantmyhealthback.com\/es\/wp-json\/wp\/v2\/pages\/7626\/revisions"}],"wp:attachment":[{"href":"https:\/\/iwantmyhealthback.com\/es\/wp-json\/wp\/v2\/media?parent=7626"}],"curies":[{"name":"wp","href":"https:\/\/api.w.org\/{rel}","templated":true}]}}