{"id":5203,"date":"2024-07-04T10:20:02","date_gmt":"2024-07-04T14:20:02","guid":{"rendered":"https:\/\/iwantmyhealthback.com\/testimonio-de-dave-hodges\/"},"modified":"2025-06-02T11:01:36","modified_gmt":"2025-06-02T15:01:36","slug":"testimonio-de-dave-hodges","status":"publish","type":"page","link":"https:\/\/iwantmyhealthback.com\/es\/testimonio-de-dave-hodges\/","title":{"rendered":"Testimonio de Dave Hodges"},"content":{"rendered":"\n\n\t<section class=\"section\" id=\"section_866225456\">\n\t\t<div class=\"section-bg fill\" >\n\t\t\t\t\t\t\t\t\t\n\t\t\t\n\n\t\t<\/div>\n\n\t\t\n\n\t\t<div class=\"section-content relative\">\n\t\t\t\n\n<div class=\"row align-middle align-center\"  id=\"row-1929656948\">\n\n\n\t<div id=\"col-441682182\" class=\"col medium-10 small-12 large-10\"  >\n\t\t\t\t<div class=\"col-inner text-center\"  >\n\t\t\t\n\t\t\t\n\n\t<div id=\"text-3138040911\" class=\"text\">\n\t\t\n\n<h1>La historia de Dave Hodges<\/h1>\n\t\t\n<style>\n#text-3138040911 {\n  font-size: 1.2rem;\n  text-align: center;\n}\n@media (min-width:550px) {\n  #text-3138040911 {\n    font-size: 1.5rem;\n  }\n}\n<\/style>\n\t<\/div>\n\t\n\t<div class=\"img has-hover x md-x lg-x y md-y lg-y\" id=\"image_1636975001\">\n\t\t\t\t\t\t\t\t<div class=\"img-inner dark\" >\n\t\t\t<img loading=\"lazy\" decoding=\"async\" width=\"1020\" height=\"1020\" src=\"https:\/\/iwantmyhealthback.com\/wp-content\/uploads\/2024\/07\/Dave-Hodges.jpeg\" class=\"attachment-large size-large\" alt=\"\" srcset=\"https:\/\/iwantmyhealthback.com\/wp-content\/uploads\/2024\/07\/Dave-Hodges.jpeg 1024w, https:\/\/iwantmyhealthback.com\/wp-content\/uploads\/2024\/07\/Dave-Hodges-300x300.jpeg 300w, https:\/\/iwantmyhealthback.com\/wp-content\/uploads\/2024\/07\/Dave-Hodges-100x100.jpeg 100w, https:\/\/iwantmyhealthback.com\/wp-content\/uploads\/2024\/07\/Dave-Hodges-510x510.jpeg 510w, https:\/\/iwantmyhealthback.com\/wp-content\/uploads\/2024\/07\/Dave-Hodges-150x150.jpeg 150w, https:\/\/iwantmyhealthback.com\/wp-content\/uploads\/2024\/07\/Dave-Hodges-768x768.jpeg 768w\" sizes=\"auto, (max-width: 1020px) 100vw, 1020px\" \/>\t\t\t\t\t\t\n\t\t\t\t\t<\/div>\n\t\t\t\t\t\t\t\t\n<style>\n#image_1636975001 {\n  width: 51%;\n}\n<\/style>\n\t<\/div>\n\t\n\n\t<div class=\"img has-hover x md-x lg-x y md-y lg-y\" id=\"image_1892093422\">\n\t\t\t\t\t\t\t\t<div class=\"img-inner dark\" >\n\t\t\t\t\t\t\t\t\t\n\t\t\t\t\t<\/div>\n\t\t\t\t\t\t\t\t\n<style>\n#image_1892093422 {\n  width: 40%;\n}\n<\/style>\n\t<\/div>\n\t\n\n\t<div id=\"text-1593585328\" class=\"text\">\n\t\t\n\n<p>&#8220;A principios de marzo, no estaba mal, pero me diagnosticaron neumon\u00eda y el virus respiratorio sincitial (VRS). Estaba completamente debilitada, dorm\u00eda entre 16 y 18 horas al d\u00eda y no pod\u00eda subir ni un tramo de escaleras. <\/p>\n<p>Al principio me trataron con antibi\u00f3ticos y prednisona esteroidea. Al cabo de un par de semanas, dej\u00e9 de tomar los medicamentos, excepto la medicaci\u00f3n para la diabetes. Dej\u00e9 los esteroides y los antibi\u00f3ticos porque no me aliviaban los s\u00edntomas.  <\/p>\n<p>A mediados de marzo vi a un neum\u00f3logo experto, que me dio un pron\u00f3stico sombr\u00edo. Afirm\u00f3 que el VRS era grave y me hab\u00eda despojado del revestimiento pulmonar. Dijo que era posible que no volvieran a la normalidad, lo que afectar\u00eda permanentemente a mi funci\u00f3n pulmonar. La consecuencia era que podr\u00eda necesitar ox\u00edgeno en un futuro pr\u00f3ximo Y POR EL RESTO DE MI VIDA.   <\/p>\n<p>Poco despu\u00e9s me presentaron NANO SOMA\u00ae. Como no se puede tener una sobredosis, tomaba el spray cada hora. Al cabo de una semana, mi energ\u00eda mejor\u00f3 y volv\u00ed al gimnasio. Aunque estaba debilitada, me esforc\u00e9 por aumentar mi carga de trabajo diariamente. Al cabo de un mes, hab\u00eda recuperado toda mi actividad normal.    <strong>  Hoy soy m\u00e1s fuerte y m\u00e1s atl\u00e9tico de lo que he sido en 25 a\u00f1os.<\/strong>  El \u00fanico producto que tomaba, PARA LA FUNCI\u00d3N Y EL APOYO PULMONAR, era NANO SOMA.<\/p>\n<p>Cuando volv\u00ed al gimnasio, mi carga de trabajo aument\u00f3, y mi rodilla derecha, que hab\u00eda sido diagnosticada como hueso sobre hueso, empez\u00f3 a hincharse, lo que limit\u00f3 parte de mi actividad. Posteriormente, conoc\u00ed el Gel T\u00f3pico NANO SOMA\u00ae. Empec\u00e9 a aplicarme el Gel en la rodilla lesionada todos los d\u00edas. Hoy hago cosas atl\u00e9ticas que no hab\u00eda hecho en 25 a\u00f1os.   <\/p>\n<p>Por ejemplo, puedo hacer sentadillas, peso muerto y step-ups. Adem\u00e1s, corro sprints y empujo un trineo para hacer cardio. Aunque me duelen los m\u00fasculos, la rodilla no se me hincha. Si en el pasado hubiera hecho s\u00f3lo una fracci\u00f3n de lo que he descrito anteriormente, mi rodilla se habr\u00eda hinchado considerablemente y me habr\u00eda dejado inactivo. Ahora, estoy m\u00e1s fuerte y soy capaz de hacer cosas que no hab\u00eda hecho en 25 a\u00f1os.    <\/p>\n<p>Estos dos productos me recuperaron de un pron\u00f3stico sombr\u00edo. He recuperado mi vida y mi estilo de vida ha mejorado espectacularmente. Y, modestamente, es agradable o\u00edr a tus amigos y familiares decirte lo bien que te ves. Y no exagero cuando digo que los m\u00e1s j\u00f3venes se me acercan en el gimnasio y me preguntan de d\u00f3nde saca la energ\u00eda un hombre de mi edad.   <\/p>\n<p>Elijo utilizar estos productos el resto de mi vida.<\/p>\n<p>Tambi\u00e9n debo se\u00f1alar que, a lo largo de este calvario, me han diagnosticado que no soy diab\u00e9tico, con una A1C de 5,0, y hace poco me han retirado toda la medicaci\u00f3n para la diabetes. Gracias, MagicDichol\u00ae<strong>&#8220;.<\/strong><\/p>\n\t\t\n<style>\n#text-1593585328 {\n  font-size: 1rem;\n  text-align: left;\n}\n@media (min-width:550px) {\n  #text-1593585328 {\n    font-size: 1.15rem;\n  }\n}\n<\/style>\n\t<\/div>\n\t\n\t<div id=\"text-2886068531\" class=\"text\">\n\t\t\n\n<h3 style=\"text-align: center;\">El Dr. Richard Presser destaca el enorme avance revolucionario <br>en la sanidad natural<\/h3>\n\t\t\n<style>\n#text-2886068531 {\n  font-size: 1.2rem;\n}\n@media (min-width:550px) {\n  #text-2886068531 {\n    font-size: 1.55rem;\n  }\n}\n<\/style>\n\t<\/div>\n\t\n\n\n<div style=\"padding:56.25% 0 0 0;position:relative;\"><iframe src=\"https:\/\/player.vimeo.com\/video\/989160042?badge=0&amp;autopause=0&amp;player_id=0&amp;app_id=58479\" frameborder=\"0\" allow=\"autoplay; fullscreen; picture-in-picture; clipboard-write\" style=\"position:absolute;top:0;left:0;width:100%;height:100%;\" title=\"El Dr. Richard Presser destaca un gran avance revolucionario en la sanidad natural\"><\/iframe><\/div><script src=\"https:\/\/player.vimeo.com\/api\/player.js\"><\/script>\n\n\t<div id=\"gap-1750702672\" class=\"gap-element clearfix\" style=\"display:block; height:auto;\">\n\t\t\n<style>\n#gap-1750702672 {\n  padding-top: 30px;\n}\n<\/style>\n\t<\/div>\n\t\n\n\t<div id=\"text-4210937324\" class=\"text\">\n\t\t\n\n<h3 style=\"text-align: center;\">\u00bfQu\u00e9 es NANO SOMA\u00ae <br>y por qu\u00e9 el p\u00fablico est\u00e1 obsesionado con \u00e9l?<\/h3>\n\t\t\n<style>\n#text-4210937324 {\n  font-size: 1.2rem;\n}\n@media (min-width:550px) {\n  #text-4210937324 {\n    font-size: 1.55rem;\n  }\n}\n<\/style>\n\t<\/div>\n\t\n\n\n<div style=\"padding:56.25% 0 0 0;position:relative;\"><iframe src=\"https:\/\/player.vimeo.com\/video\/989161665?badge=0&amp;autopause=0&amp;player_id=0&amp;app_id=58479\" frameborder=\"0\" allow=\"autoplay; fullscreen; picture-in-picture; clipboard-write\" style=\"position:absolute;top:0;left:0;width:100%;height:100%;\" title=\"Puedes ser la mejor versi\u00f3n de ti mismo\"><\/iframe><\/div><script src=\"https:\/\/player.vimeo.com\/api\/player.js\"><\/script>\n\n\t<div id=\"gap-610804073\" class=\"gap-element clearfix\" style=\"display:block; height:auto;\">\n\t\t\n<style>\n#gap-610804073 {\n  padding-top: 30px;\n}\n<\/style>\n\t<\/div>\n\t\n\n<a href=\"https:\/\/iwantmyhealthback.com\/?infid=9\" target=\"_blank\" class=\"button primary is-xlarge\" rel=\"noopener\" >\n\t\t<span>Comprar ahora<\/span>\n\t<\/a>\n\n\n\n\t\t<\/div>\n\t\t\t\t\t<\/div>\n\n\t\n\n<\/div>\n\n\t\t<\/div>\n\n\t\t\n<style>\n#section_866225456 {\n  padding-top: 30px;\n  padding-bottom: 30px;\n}\n<\/style>\n\t<\/section>\n\t\n\n","protected":false},"excerpt":{"rendered":"","protected":false},"author":2,"featured_media":0,"parent":0,"menu_order":0,"comment_status":"closed","ping_status":"closed","template":"page-blank.php","meta":{"bwfblock_default_font":"","_uag_custom_page_level_css":"","footnotes":""},"class_list":["post-5203","page","type-page","status-publish","hentry"],"uagb_featured_image_src":{"full":false,"thumbnail":false,"medium":false,"medium_large":false,"large":false,"1536x1536":false,"2048x2048":false,"woocommerce_thumbnail":false,"woocommerce_single":false,"woocommerce_gallery_thumbnail":false},"uagb_author_info":{"display_name":"IWantMyHealthBack","author_link":"https:\/\/iwantmyhealthback.com\/es\/author\/anthonette\/"},"uagb_comment_info":0,"uagb_excerpt":null,"_links":{"self":[{"href":"https:\/\/iwantmyhealthback.com\/es\/wp-json\/wp\/v2\/pages\/5203","targetHints":{"allow":["GET"]}}],"collection":[{"href":"https:\/\/iwantmyhealthback.com\/es\/wp-json\/wp\/v2\/pages"}],"about":[{"href":"https:\/\/iwantmyhealthback.com\/es\/wp-json\/wp\/v2\/types\/page"}],"author":[{"embeddable":true,"href":"https:\/\/iwantmyhealthback.com\/es\/wp-json\/wp\/v2\/users\/2"}],"replies":[{"embeddable":true,"href":"https:\/\/iwantmyhealthback.com\/es\/wp-json\/wp\/v2\/comments?post=5203"}],"version-history":[{"count":0,"href":"https:\/\/iwantmyhealthback.com\/es\/wp-json\/wp\/v2\/pages\/5203\/revisions"}],"wp:attachment":[{"href":"https:\/\/iwantmyhealthback.com\/es\/wp-json\/wp\/v2\/media?parent=5203"}],"curies":[{"name":"wp","href":"https:\/\/api.w.org\/{rel}","templated":true}]}}