{"id":4589,"date":"2024-07-19T10:38:19","date_gmt":"2024-07-19T14:38:19","guid":{"rendered":"https:\/\/iwantmyhealthback.com\/preguntas-frecuentes\/"},"modified":"2025-12-25T22:35:29","modified_gmt":"2025-12-26T02:35:29","slug":"preguntas-frecuentes","status":"publish","type":"page","link":"https:\/\/iwantmyhealthback.com\/es\/preguntas-frecuentes\/","title":{"rendered":"Preguntas frecuentes"},"content":{"rendered":"\n\n\t<section class=\"section has-scroll-for-more\" id=\"section_1409516067\">\n\t\t<div class=\"section-bg fill\" >\n\t\t\t\t\t\t\t\t\t<button class=\"scroll-for-more z-5 icon absolute bottom h-center\" aria-label=\"Despl\u00e1cese para m\u00e1s\"><i class=\"icon-angle-down\" aria-hidden=\"true\" style=\"font-size:42px;\"><\/i><\/button>\n\t\t\t\n\t<div class=\"is-border\"\n\t\tstyle=\"border-width:0px 0px 0px 0px;\">\n\t<\/div>\n\n\t\t<\/div>\n\n\t\t\n\n\t\t<div class=\"section-content relative\">\n\t\t\t\n\n<div class=\"row align-center\"  id=\"row-756458367\">\n\n\n\t<div id=\"col-1730204656\" class=\"col medium-8 small-10 large-10\"  >\n\t\t\t\t<div class=\"col-inner text-center\"  >\n\t\t\t\n\t\t\t\n\n<h3>PREGUNTAS FRECUENTES<\/h3>\n<h2 style=\"font-size: 250%;\">Preguntas frecuentes<\/h2>\n<p>\u00bfC\u00f3mo podemos ayudarte?<\/p>\n\n\t\t<\/div>\n\t\t\t\t\n<style>\n#col-1730204656 > .col-inner {\n  padding: 40px 0px 0px 0px;\n}\n<\/style>\n\t<\/div>\n\n\t\n\n<\/div>\n\n\t\t<\/div>\n\n\t\t\n<style>\n#section_1409516067 {\n  padding-top: 30px;\n  padding-bottom: 30px;\n}\n<\/style>\n\t<\/section>\n\t\n\n\t<section class=\"section\" id=\"section_1642901005\">\n\t\t<div class=\"section-bg fill\" >\n\t\t\t\t\t\t\t\t\t\n\t\t\t\n\n\t\t<\/div>\n\n\t\t\n\n\t\t<div class=\"section-content relative\">\n\t\t\t\n\n<div class=\"row\"  id=\"row-1068137768\">\n\n\n\t<div id=\"col-1957471346\" class=\"col small-12 large-12\"  >\n\t\t\t\t<div class=\"col-inner\"  >\n\t\t\t\n\t\t\t\n\n<div class=\"accordion\">\n\n\t<div id=\"accordion-3929667878\" class=\"accordion-item\">\n\t\t<a id=\"accordion-3929667878-label\" class=\"accordion-title plain\" href=\"#accordion-item-\u00bfc\u00f3mo-se-pronuncian-metadichol\u00ae-y-magicdichol\u00ae?\" aria-expanded=\"false\" aria-controls=\"accordion-3929667878-content\">\n\t\t\t<button class=\"toggle\" aria-label=\"Toggle\"><i class=\"icon-angle-down\" aria-hidden=\"true\"><\/i><\/button>\n\t\t\t<span>\u00bfC\u00f3mo se pronuncian Metadichol\u00ae y MagicDichol\u00ae?<\/span>\n\t\t<\/a>\n\t\t<div id=\"accordion-3929667878-content\" class=\"accordion-inner\" aria-labelledby=\"accordion-3929667878-label\">\n\t\t\t\n\n<p>Metadichol se pronuncia: \u00abMet-uh-dye-call\u00bb. MagicDichol se pronuncia: &#8216;Magic-dye-call&#8217;. <\/p>\n\n\t\t<\/div>\n\t<\/div>\n\t\n\t<div id=\"accordion-803140740\" class=\"accordion-item\">\n\t\t<a id=\"accordion-803140740-label\" class=\"accordion-title plain\" href=\"#accordion-item-\u00bfqu\u00e9-es-nano-soma\u00ae-l\u00edquido?\" aria-expanded=\"false\" aria-controls=\"accordion-803140740-content\">\n\t\t\t<button class=\"toggle\" aria-label=\"Toggle\"><i class=\"icon-angle-down\" aria-hidden=\"true\"><\/i><\/button>\n\t\t\t<span>\u00bfQu\u00e9 es NANO SOMA\u00ae L\u00edquido?<\/span>\n\t\t<\/a>\n\t\t<div id=\"accordion-803140740-content\" class=\"accordion-inner\" aria-labelledby=\"accordion-803140740-label\">\n\t\t\t\n\n<p>NANO SOMA L\u00edquido es un nombre para el Metadichol. Es un suplemento l\u00edquido con nanopart\u00edculas de policosanol. <\/p>\n\n\t\t<\/div>\n\t<\/div>\n\t\n\t<div id=\"accordion-580000396\" class=\"accordion-item\">\n\t\t<a id=\"accordion-580000396-label\" class=\"accordion-title plain\" href=\"#accordion-item-\u00bfcu\u00e1les-son-los-ingredientes-de-nano-soma?\" aria-expanded=\"false\" aria-controls=\"accordion-580000396-content\">\n\t\t\t<button class=\"toggle\" aria-label=\"Toggle\"><i class=\"icon-angle-down\" aria-hidden=\"true\"><\/i><\/button>\n\t\t\t<span>\u00bfCu\u00e1les son los ingredientes de NANO SOMA?<\/span>\n\t\t<\/a>\n\t\t<div id=\"accordion-580000396-content\" class=\"accordion-inner\" aria-labelledby=\"accordion-580000396-label\">\n\t\t\t\n\n<p>Los ingredientes principales de NANO SOMA son una nanoemulsi\u00f3n de policosanol de cera de arroz y agua, adem\u00e1s de ingredientes menores para la estabilidad de la nanoemulsi\u00f3n.<\/p>\n\n\t\t<\/div>\n\t<\/div>\n\t\n\t<div id=\"accordion-4272316209\" class=\"accordion-item\">\n\t\t<a id=\"accordion-4272316209-label\" class=\"accordion-title plain\" href=\"#accordion-item-\u00bfcu\u00e1nto-tiempo-se-tarda-en-ver-los-efectos-de-nano-soma\u00ae?\" aria-expanded=\"false\" aria-controls=\"accordion-4272316209-content\">\n\t\t\t<button class=\"toggle\" aria-label=\"Toggle\"><i class=\"icon-angle-down\" aria-hidden=\"true\"><\/i><\/button>\n\t\t\t<span>\u00bfCu\u00e1nto tiempo se tarda en ver los efectos de NANO SOMA\u00ae?<\/span>\n\t\t<\/a>\n\t\t<div id=\"accordion-4272316209-content\" class=\"accordion-inner\" aria-labelledby=\"accordion-4272316209-label\">\n\t\t\t\n\n<p>Se sugiere usar el producto de manera constante durante 90 d\u00edas antes de esperar beneficios visibles para la salud, pero muchas personas notan mejoras antes de ese tiempo.<\/p>\n\n\t\t<\/div>\n\t<\/div>\n\t\n\t<div id=\"accordion-928021008\" class=\"accordion-item\">\n\t\t<a id=\"accordion-928021008-label\" class=\"accordion-title plain\" href=\"#accordion-item-\u00bfqu\u00e9-es-el-gel-t\u00f3pico-nano-soma\u00ae?\" aria-expanded=\"false\" aria-controls=\"accordion-928021008-content\">\n\t\t\t<button class=\"toggle\" aria-label=\"Toggle\"><i class=\"icon-angle-down\" aria-hidden=\"true\"><\/i><\/button>\n\t\t\t<span>\u00bfQu\u00e9 es el Gel T\u00f3pico NANO SOMA\u00ae?<\/span>\n\t\t<\/a>\n\t\t<div id=\"accordion-928021008-content\" class=\"accordion-inner\" aria-labelledby=\"accordion-928021008-label\">\n\t\t\t\n\n<p>El Gel T\u00f3pico NANO SOMA\u00ae es para tu piel. Es NANO SOMA con goma xantana a\u00f1adida para que sea apta para la piel. Ayuda a la salud de la piel. <\/p>\n\n\t\t<\/div>\n\t<\/div>\n\t\n\t<div id=\"accordion-1089248048\" class=\"accordion-item\">\n\t\t<a id=\"accordion-1089248048-label\" class=\"accordion-title plain\" href=\"#accordion-item-\u00bfqu\u00e9-es-la-crema-cut\u00e1nea-nano-soma\u00ae?\" aria-expanded=\"false\" aria-controls=\"accordion-1089248048-content\">\n\t\t\t<button class=\"toggle\" aria-label=\"Toggle\"><i class=\"icon-angle-down\" aria-hidden=\"true\"><\/i><\/button>\n\t\t\t<span>\u00bfQu\u00e9 es la Crema Cut\u00e1nea NANO SOMA\u00ae?<\/span>\n\t\t<\/a>\n\t\t<div id=\"accordion-1089248048-content\" class=\"accordion-inner\" aria-labelledby=\"accordion-1089248048-label\">\n\t\t\t\n\n<p>La Crema Cut\u00e1nea NANO SOMA\u00ae es una crema suave y sin aceites con el mismo ingrediente clave que NANO SOMA. Huele a vainilla, ayuda a calmar la piel y reduce las l\u00edneas finas y las arrugas. <\/p>\n\n\t\t<\/div>\n\t<\/div>\n\t\n\t<div id=\"accordion-3871559732\" class=\"accordion-item\">\n\t\t<a id=\"accordion-3871559732-label\" class=\"accordion-title plain\" href=\"#accordion-item-\u00bfest\u00e1-recomendado-el-nano-soma-para-personas-sanas-o-con-enfermedades?\" aria-expanded=\"false\" aria-controls=\"accordion-3871559732-content\">\n\t\t\t<button class=\"toggle\" aria-label=\"Toggle\"><i class=\"icon-angle-down\" aria-hidden=\"true\"><\/i><\/button>\n\t\t\t<span>\u00bfEst\u00e1 recomendado el NANO SOMA para personas sanas o con enfermedades?<\/span>\n\t\t<\/a>\n\t\t<div id=\"accordion-3871559732-content\" class=\"accordion-inner\" aria-labelledby=\"accordion-3871559732-label\">\n\t\t\t\n\n<p>NANO SOMA favorece el funcionamiento corporal \u00f3ptimo*.<\/p>\n\n\t\t<\/div>\n\t<\/div>\n\t\n\t<div id=\"accordion-1881961817\" class=\"accordion-item\">\n\t\t<a id=\"accordion-1881961817-label\" class=\"accordion-title plain\" href=\"#accordion-item-\u00bfcu\u00e1ndo-es-el-mejor-momento-para-tomar-nano-soma?-\u00bfdebe-tomarse-con-comida-o-con-agua?-\" aria-expanded=\"false\" aria-controls=\"accordion-1881961817-content\">\n\t\t\t<button class=\"toggle\" aria-label=\"Toggle\"><i class=\"icon-angle-down\" aria-hidden=\"true\"><\/i><\/button>\n\t\t\t<span>\u00bfCu\u00e1ndo es el mejor momento para tomar NANO SOMA? \u00bfDebe tomarse con comida o con agua? <\/span>\n\t\t<\/a>\n\t\t<div id=\"accordion-1881961817-content\" class=\"accordion-inner\" aria-labelledby=\"accordion-1881961817-label\">\n\t\t\t\n\n<p>NANO SOMA puede tomarse a cualquier hora del d\u00eda y con o sin comida y agua.<\/p>\n\n\t\t<\/div>\n\t<\/div>\n\t\n\t<div id=\"accordion-1568257213\" class=\"accordion-item\">\n\t\t<a id=\"accordion-1568257213-label\" class=\"accordion-title plain\" href=\"#accordion-item-\u00bfpuedo-tomar-nano-soma-si-tengo-alergia-a-alg\u00fan-alimento-(cacahuetes,-marisco,-s\u00e9samo,-etc.)?\" aria-expanded=\"false\" aria-controls=\"accordion-1568257213-content\">\n\t\t\t<button class=\"toggle\" aria-label=\"Toggle\"><i class=\"icon-angle-down\" aria-hidden=\"true\"><\/i><\/button>\n\t\t\t<span>\u00bfPuedo tomar NANO SOMA si tengo alergia a alg\u00fan alimento (cacahuetes, marisco, s\u00e9samo, etc.)?<\/span>\n\t\t<\/a>\n\t\t<div id=\"accordion-1568257213-content\" class=\"accordion-inner\" aria-labelledby=\"accordion-1568257213-label\">\n\t\t\t\n\n<p>No se conocen reacciones al\u00e9rgicas al NANO SOMA.<\/p>\n\n\t\t<\/div>\n\t<\/div>\n\t\n\t<div id=\"accordion-568193767\" class=\"accordion-item\">\n\t\t<a id=\"accordion-568193767-label\" class=\"accordion-title plain\" href=\"#accordion-item-\u00bfse-puede-tomar-nano-soma-con-medicamentos-recetados-o-anticoagulantes?\" aria-expanded=\"false\" aria-controls=\"accordion-568193767-content\">\n\t\t\t<button class=\"toggle\" aria-label=\"Toggle\"><i class=\"icon-angle-down\" aria-hidden=\"true\"><\/i><\/button>\n\t\t\t<span>\u00bfSe puede tomar NANO SOMA con medicamentos recetados o anticoagulantes?<\/span>\n\t\t<\/a>\n\t\t<div id=\"accordion-568193767-content\" class=\"accordion-inner\" aria-labelledby=\"accordion-568193767-label\">\n\t\t\t\n\n<p>No se conocen interacciones entre NANO SOMA y los medicamentos recetados.<\/p>\n\n\t\t<\/div>\n\t<\/div>\n\t\n\t<div id=\"accordion-4136208520\" class=\"accordion-item\">\n\t\t<a id=\"accordion-4136208520-label\" class=\"accordion-title plain\" href=\"#accordion-item-\u00bfes-nano-soma-seguro-para-ni\u00f1os-y-beb\u00e9s?\" aria-expanded=\"false\" aria-controls=\"accordion-4136208520-content\">\n\t\t\t<button class=\"toggle\" aria-label=\"Toggle\"><i class=\"icon-angle-down\" aria-hidden=\"true\"><\/i><\/button>\n\t\t\t<span>\u00bfEs NANO SOMA seguro para ni\u00f1os y beb\u00e9s?<\/span>\n\t\t<\/a>\n\t\t<div id=\"accordion-4136208520-content\" class=\"accordion-inner\" aria-labelledby=\"accordion-4136208520-label\">\n\t\t\t\n\n<p>S\u00ed, NANO SOMA es seguro para ni\u00f1os y beb\u00e9s, pero habla con tu m\u00e9dico.<\/p>\n\n\t\t<\/div>\n\t<\/div>\n\t\n\t<div id=\"accordion-948757423\" class=\"accordion-item\">\n\t\t<a id=\"accordion-948757423-label\" class=\"accordion-title plain\" href=\"#accordion-item-\u00bfcu\u00e1les-son-los-consumos-diarios-recomendados-y-m\u00e1ximos?\" aria-expanded=\"false\" aria-controls=\"accordion-948757423-content\">\n\t\t\t<button class=\"toggle\" aria-label=\"Toggle\"><i class=\"icon-angle-down\" aria-hidden=\"true\"><\/i><\/button>\n\t\t\t<span>\u00bfCu\u00e1les son los consumos diarios recomendados y m\u00e1ximos?<\/span>\n\t\t<\/a>\n\t\t<div id=\"accordion-948757423-content\" class=\"accordion-inner\" aria-labelledby=\"accordion-948757423-label\">\n\t\t\t\n\n<p>La cantidad habitual para mantenerse sano es de cinco pulverizaciones diarias de NANO SOMA. Puedes utilizar m\u00e1s si quieres. <strong><a href=\"https:\/\/iwantmyhealthback.com\/es\/protocolo-de-uso\/\">Este documento<\/a><\/strong> te da m\u00e1s detalles sobre c\u00f3mo utilizar la Familia de Productos MagicDichol. <\/p>\n\n\t\t<\/div>\n\t<\/div>\n\t\n\t<div id=\"accordion-3218485715\" class=\"accordion-item\">\n\t\t<a id=\"accordion-3218485715-label\" class=\"accordion-title plain\" href=\"#accordion-item-\u00bftiene-efectos-secundarios-el-nano-soma?\" aria-expanded=\"false\" aria-controls=\"accordion-3218485715-content\">\n\t\t\t<button class=\"toggle\" aria-label=\"Toggle\"><i class=\"icon-angle-down\" aria-hidden=\"true\"><\/i><\/button>\n\t\t\t<span>\u00bfTiene efectos secundarios el NANO SOMA?<\/span>\n\t\t<\/a>\n\t\t<div id=\"accordion-3218485715-content\" class=\"accordion-inner\" aria-labelledby=\"accordion-3218485715-label\">\n\t\t\t\n\n<p>NANO SOMA est\u00e1 elaborado con ingredientes alimentarios totalmente naturales y no tiene efectos secundarios conocidos. Su promotor afirma que es m\u00e1s seguro que la sal y el az\u00facar. <\/p>\n\n\t\t<\/div>\n\t<\/div>\n\t\n\n<\/div>\n\n\t\t<\/div>\n\t\t\t\t\t<\/div>\n\n\t\n\n<\/div>\n\n\t\t<\/div>\n\n\t\t\n<style>\n#section_1642901005 {\n  padding-top: 30px;\n  padding-bottom: 30px;\n}\n<\/style>\n\t<\/section>\n\t\n\n","protected":false},"excerpt":{"rendered":"","protected":false},"author":2,"featured_media":0,"parent":0,"menu_order":0,"comment_status":"closed","ping_status":"closed","template":"","meta":{"bwfblock_default_font":"","_uag_custom_page_level_css":"","footnotes":""},"class_list":["post-4589","page","type-page","status-publish","hentry"],"uagb_featured_image_src":{"full":false,"thumbnail":false,"medium":false,"medium_large":false,"large":false,"1536x1536":false,"2048x2048":false,"woocommerce_thumbnail":false,"woocommerce_single":false,"woocommerce_gallery_thumbnail":false},"uagb_author_info":{"display_name":"IWantMyHealthBack","author_link":"https:\/\/iwantmyhealthback.com\/es\/author\/anthonette\/"},"uagb_comment_info":0,"uagb_excerpt":null,"_links":{"self":[{"href":"https:\/\/iwantmyhealthback.com\/es\/wp-json\/wp\/v2\/pages\/4589","targetHints":{"allow":["GET"]}}],"collection":[{"href":"https:\/\/iwantmyhealthback.com\/es\/wp-json\/wp\/v2\/pages"}],"about":[{"href":"https:\/\/iwantmyhealthback.com\/es\/wp-json\/wp\/v2\/types\/page"}],"author":[{"embeddable":true,"href":"https:\/\/iwantmyhealthback.com\/es\/wp-json\/wp\/v2\/users\/2"}],"replies":[{"embeddable":true,"href":"https:\/\/iwantmyhealthback.com\/es\/wp-json\/wp\/v2\/comments?post=4589"}],"version-history":[{"count":0,"href":"https:\/\/iwantmyhealthback.com\/es\/wp-json\/wp\/v2\/pages\/4589\/revisions"}],"wp:attachment":[{"href":"https:\/\/iwantmyhealthback.com\/es\/wp-json\/wp\/v2\/media?parent=4589"}],"curies":[{"name":"wp","href":"https:\/\/api.w.org\/{rel}","templated":true}]}}