{"id":4576,"date":"2024-07-11T03:00:08","date_gmt":"2024-07-11T07:00:08","guid":{"rendered":"https:\/\/iwantmyhealthback.com\/metadichol-y-vitamina-c\/"},"modified":"2025-06-19T08:50:12","modified_gmt":"2025-06-19T12:50:12","slug":"metadichol-y-vitamina-c","status":"publish","type":"page","link":"https:\/\/iwantmyhealthback.com\/es\/metadichol-y-vitamina-c\/","title":{"rendered":"Metadichol\u00ae y Vitamina C"},"content":{"rendered":"\n\n\t<section class=\"section has-scroll-for-more\" id=\"section_1364631045\">\n\t\t<div class=\"section-bg fill\" >\n\t\t\t\t\t\t\t\t\t<button class=\"scroll-for-more z-5 icon absolute bottom h-center\" aria-label=\"Despl\u00e1cese para m\u00e1s\"><i class=\"icon-angle-down\" aria-hidden=\"true\" style=\"font-size:42px;\"><\/i><\/button>\n\t\t\t\n\t<div class=\"is-border\"\n\t\tstyle=\"border-width:0px 0px 0px 0px;\">\n\t<\/div>\n\n\t\t<\/div>\n\n\t\t\n\n\t\t<div class=\"section-content relative\">\n\t\t\t\n\n<div class=\"row align-center\"  id=\"row-1732397195\">\n\n\n\t<div id=\"col-1905174876\" class=\"col medium-8 small-10 large-10\"  >\n\t\t\t\t<div class=\"col-inner text-center\"  >\n\t\t\t\n\t\t\t\n\n<h3>M\u00e1s informaci\u00f3n<\/h3>\n<h2 style=\"font-size:250%;\">METADICHOL\u00ae Y VITAMINA C<\/h2>\n<p>C\u00f3mo el Metadichol\u00ae, el ingrediente clave de la Familia de Productos MagicDichol\u00ae, induce la Vitamina C en el organismo.<\/p>\n\n\n\t\t<\/div>\n\t\t\t\t\n<style>\n#col-1905174876 > .col-inner {\n  padding: 40px 0px 0px 0px;\n}\n<\/style>\n\t<\/div>\n\n\t\n\n<\/div>\n\n\t\t<\/div>\n\n\t\t\n<style>\n#section_1364631045 {\n  padding-top: 0px;\n  padding-bottom: 0px;\n}\n@media (min-width:550px) {\n  #section_1364631045 {\n    padding-top: 30px;\n    padding-bottom: 30px;\n  }\n}\n<\/style>\n\t<\/section>\n\t\n\n\t<section class=\"section\" id=\"section_2075724941\">\n\t\t<div class=\"section-bg fill\" >\n\t\t\t\t\t\t\t\t\t\n\t\t\t\n\n\t\t<\/div>\n\n\t\t\n\n\t\t<div class=\"section-content relative\">\n\t\t\t\n\n<div class=\"row\"  id=\"row-218162921\">\n\n\n\t<div id=\"col-2070356378\" class=\"col small-12 large-12\"  >\n\t\t\t\t<div class=\"col-inner\"  >\n\t\t\t\n\t\t\t\n\n<div class=\"accordion\">\n\n\t<div id=\"accordion-1667573737\" class=\"accordion-item\">\n\t\t<a id=\"accordion-1667573737-label\" class=\"accordion-title plain\" href=\"#accordion-item-\u00bfqu\u00e9-es-metadichol\u00ae-y-d\u00f3nde-est\u00e1-disponible?\" aria-expanded=\"false\" aria-controls=\"accordion-1667573737-content\">\n\t\t\t<button class=\"toggle\" aria-label=\"Toggle\"><i class=\"icon-angle-down\" aria-hidden=\"true\"><\/i><\/button>\n\t\t\t<span>\u00bfQu\u00e9 es Metadichol\u00ae y d\u00f3nde est\u00e1 disponible?<\/span>\n\t\t<\/a>\n\t\t<div id=\"accordion-1667573737-content\" class=\"accordion-inner\" aria-labelledby=\"accordion-1667573737-label\">\n\t\t\t\n\n<p style=\"margin: 0cm;\"><span lang=\"EN-US\" style=\"color: #0e101a;\">Metadichol es una nanoemulsi\u00f3n de policosanol. Estas part\u00edculas de policosanol tienen menos de 60 nan\u00f3metros. Es aproximadamente la mitad del tama\u00f1o de un virus. Como son tan peque\u00f1os, pueden desplazarse por el cuerpo y apoyar su salud all\u00ed donde sea necesario. El Metadichol es la clave de los productos MagicDichol: El L\u00edquido NANO SOMA\u00ae, el Gel T\u00f3pico NANO SOMA\u00ae y la Crema Cut\u00e1nea NANO SOMA\u00ae. Puedes comprar estos productos en nuestra tienda. Para comprar,  <\/span><a href=\"https:\/\/iwantmyhealthback.com\/es\/comprar-ahora\/\" target=\"_blank\" rel=\"nofollow noopener\"><span lang=\"EN-US\">haz clic aqu\u00ed.  <\/span><\/a><\/p>\n\n\n\t\t<\/div>\n\t<\/div>\n\t\n\t<div id=\"accordion-1761971627\" class=\"accordion-item\">\n\t\t<a id=\"accordion-1761971627-label\" class=\"accordion-title plain\" href=\"#accordion-item-los-humanos-y-la-vitamina-c\" aria-expanded=\"false\" aria-controls=\"accordion-1761971627-content\">\n\t\t\t<button class=\"toggle\" aria-label=\"Toggle\"><i class=\"icon-angle-down\" aria-hidden=\"true\"><\/i><\/button>\n\t\t\t<span>Los humanos y la vitamina C<\/span>\n\t\t<\/a>\n\t\t<div id=\"accordion-1761971627-content\" class=\"accordion-inner\" aria-labelledby=\"accordion-1761971627-label\">\n\t\t\t\n\n<div class=\"row\"  id=\"row-974038999\">\n\n\n\t<div id=\"col-1542839883\" class=\"col small-12 large-12\"  >\n\t\t\t\t<div class=\"col-inner text-center\"  >\n\t\t\t\n\t\t\t\n\n\t<div id=\"text-1028588275\" class=\"text\">\n\t\t\n\n<p style=\"margin: 0cm;\"><span lang=\"EN-US\" style=\"color: #0e101a;\">Hace unos 40 millones de a\u00f1os, los humanos perdieron su capacidad de producir vitamina C. Esto se debe a un gen que dej\u00f3 de funcionar correctamente. El gen no puede fabricar una enzima necesaria para convertir los az\u00facares de nuestro h\u00edgado en vitamina C. La mayor\u00eda de los dem\u00e1s animales no tienen este problema. Fabrican vitamina C de forma natural y no padecen las mismas enfermedades del coraz\u00f3n y las arterias que los humanos.  <\/p>\n<p>Ning\u00fan medicamento puede sustituir a la vitamina C. La vitamina C es importante porque ayuda a prevenir muchas enfermedades. Entre ellas se incluyen cosas como cataratas, c\u00e1lculos biliares, vasos sangu\u00edneos d\u00e9biles, alergias, enfermar con facilidad, anemia, colesterol en las arterias, hipertensi\u00f3n, problemas cardiacos y m\u00e1s. En realidad no necesitamos nuevos f\u00e1rmacos para esto. En cambio, obtener suficiente vitamina C de otras formas puede ayudar.   <\/p>\n\t\t\n<style>\n#text-1028588275 {\n  font-size: 1rem;\n  text-align: left;\n}\n@media (min-width:550px) {\n  #text-1028588275 {\n    font-size: 1rem;\n  }\n}\n<\/style>\n\t<\/div>\n\t\n\t<div id=\"gap-775150325\" class=\"gap-element clearfix hide-for-small\" style=\"display:block; height:auto;\">\n\t\t\n<style>\n#gap-775150325 {\n  padding-top: 30px;\n}\n<\/style>\n\t<\/div>\n\t\n\n\n\t\t<\/div>\n\t\t\t\t\t<\/div>\n\n\t\n\n<\/div>\n\n\t\t<\/div>\n\t<\/div>\n\t\n\t<div id=\"accordion-3475732585\" class=\"accordion-item\">\n\t\t<a id=\"accordion-3475732585-label\" class=\"accordion-title plain\" href=\"#accordion-item-los-retos-de-tomar-vitamina-c\" aria-expanded=\"false\" aria-controls=\"accordion-3475732585-content\">\n\t\t\t<button class=\"toggle\" aria-label=\"Toggle\"><i class=\"icon-angle-down\" aria-hidden=\"true\"><\/i><\/button>\n\t\t\t<span>Los retos de tomar vitamina C<\/span>\n\t\t<\/a>\n\t\t<div id=\"accordion-3475732585-content\" class=\"accordion-inner\" aria-labelledby=\"accordion-3475732585-label\">\n\t\t\t\n\n<div class=\"row\"  id=\"row-371654165\">\n\n\n\t<div id=\"col-1879854014\" class=\"col small-12 large-12\"  >\n\t\t\t\t<div class=\"col-inner text-center\"  >\n\t\t\t\n\t\t\t\n\n\t<div id=\"text-2826821806\" class=\"text\">\n\t\t\n\n<p style=\"margin: 0cm;\"><span lang=\"EN-US\" style=\"color: #0e101a;\">Cuando intentas a\u00f1adir m\u00e1s vitamina C a tu organismo tomando suplementos, tu cuerpo s\u00f3lo puede utilizar una cantidad limitada. Una vez que tomas unos 500 miligramos, tus ri\u00f1ones empiezan a eliminar lo que sobra. Los estudios han demostrado que el Metadichol ayuda a tu organismo a elevar sus niveles de vitamina C mucho m\u00e1s de lo que puede hacerlo la simple toma de suplementos.  <\/p>\n\t\t\n<style>\n#text-2826821806 {\n  font-size: 1rem;\n  text-align: left;\n}\n@media (min-width:550px) {\n  #text-2826821806 {\n    font-size: 1rem;\n  }\n}\n<\/style>\n\t<\/div>\n\t\n\t<div id=\"gap-1243579425\" class=\"gap-element clearfix hide-for-small\" style=\"display:block; height:auto;\">\n\t\t\n<style>\n#gap-1243579425 {\n  padding-top: 30px;\n}\n<\/style>\n\t<\/div>\n\t\n\n\n\t\t<\/div>\n\t\t\t\t\t<\/div>\n\n\t\n\n<\/div>\n\n\t\t<\/div>\n\t<\/div>\n\t\n\t<div id=\"accordion-2938371157\" class=\"accordion-item\">\n\t\t<a id=\"accordion-2938371157-label\" class=\"accordion-title plain\" aria-expanded=\"false\" aria-controls=\"accordion-2938371157-content\">\n\t\t\t<button class=\"toggle\" aria-label=\"Toggle\"><i class=\"icon-angle-down\" aria-hidden=\"true\"><\/i><\/button>\n\t\t\t<span>Metadichol y Vitamina C: Aumentar los niveles<\/span>\n\t\t<\/a>\n\t\t<div id=\"accordion-2938371157-content\" class=\"accordion-inner\" aria-labelledby=\"accordion-2938371157-label\">\n\t\t\t\n\n<div class=\"row\"  id=\"row-1281045182\">\n\n\n\t<div id=\"col-2029054620\" class=\"col small-12 large-12\"  >\n\t\t\t\t<div class=\"col-inner text-center\"  >\n\t\t\t\n\t\t\t\n\n\t<div id=\"text-3127336305\" class=\"text\">\n\t\t\n\n<p style=\"margin: 0cm;\"><span lang=\"EN-US\" style=\"color: #0e101a;\">Cuando el Metadichol ayuda a tu organismo a fabricar su propia Vitamina C, puedes tener mucha m\u00e1s cantidad en tu cuerpo. Esto es bueno para tu salud. La vitamina C es necesaria para muchos procesos importantes. Ayuda a mantener regular el tejido conjuntivo, a reparar las heridas, a mantener sanos los huesos y a fabricar elementos esenciales como la adrenalina y las hormonas tiroideas. Tambi\u00e9n ayuda a descomponer las prote\u00ednas, a combatir las infecciones, ayuda a tu cuerpo a utilizar el hierro y mucho m\u00e1s.    <\/p>\n\t\t\n<style>\n#text-3127336305 {\n  font-size: 1rem;\n  text-align: left;\n}\n@media (min-width:550px) {\n  #text-3127336305 {\n    font-size: 1rem;\n  }\n}\n<\/style>\n\t<\/div>\n\t\n\t<div id=\"gap-531270673\" class=\"gap-element clearfix hide-for-small\" style=\"display:block; height:auto;\">\n\t\t\n<style>\n#gap-531270673 {\n  padding-top: 30px;\n}\n<\/style>\n\t<\/div>\n\t\n\n\n\t\t<\/div>\n\t\t\t\t\t<\/div>\n\n\t\n\n<\/div>\n\n\t\t<\/div>\n\t<\/div>\n\t\n\t<div id=\"accordion-1877469020\" class=\"accordion-item\">\n\t\t<a id=\"accordion-1877469020-label\" class=\"accordion-title plain\" href=\"#accordion-item-aumento-del-metadichol-y-la-vitamina-c-en-un-estudio-abierto\" aria-expanded=\"false\" aria-controls=\"accordion-1877469020-content\">\n\t\t\t<button class=\"toggle\" aria-label=\"Toggle\"><i class=\"icon-angle-down\" aria-hidden=\"true\"><\/i><\/button>\n\t\t\t<span>Aumento del metadichol y la vitamina C en un estudio abierto<\/span>\n\t\t<\/a>\n\t\t<div id=\"accordion-1877469020-content\" class=\"accordion-inner\" aria-labelledby=\"accordion-1877469020-label\">\n\t\t\t\n\n<div class=\"row\"  id=\"row-244835093\">\n\n\n\t<div id=\"col-1226669282\" class=\"col small-12 large-12\"  >\n\t\t\t\t<div class=\"col-inner text-center\"  >\n\t\t\t\n\t\t\t\n\n\t<div id=\"text-46478300\" class=\"text\">\n\t\t\n\n<p style=\"margin: 0cm;\"><span lang=\"EN-US\" style=\"color: #0e101a;\">Raghavan PR (2017) Metadichol\u00ae y el aumento de vitamina C in vivo, un estudio abierto. Vitam Miner 6: 163. doi: 10.4172\/2376- 1318.1000163  <\/p>\n<p>A continuaci\u00f3n, el Dr. Raghavan explica c\u00f3mo el Metadichol podr\u00eda estar haciendo que el cuerpo produjera su propia Vitamina C.<\/p>\n\t\t\n<style>\n#text-46478300 {\n  font-size: 1rem;\n  text-align: left;\n}\n@media (min-width:550px) {\n  #text-46478300 {\n    font-size: 1rem;\n  }\n}\n<\/style>\n\t<\/div>\n\t\n\t<div class=\"img has-hover x md-x lg-x y md-y lg-y\" id=\"image_983981800\">\n\t\t\t\t\t\t\t\t<div class=\"img-inner dark\" >\n\t\t\t<img loading=\"lazy\" decoding=\"async\" width=\"697\" height=\"376\" src=\"https:\/\/iwantmyhealthback.com\/wp-content\/uploads\/2024\/07\/vitamin-c.png\" class=\"attachment-large size-large\" alt=\"\" srcset=\"https:\/\/iwantmyhealthback.com\/wp-content\/uploads\/2024\/07\/vitamin-c.png 697w, https:\/\/iwantmyhealthback.com\/wp-content\/uploads\/2024\/07\/vitamin-c-300x162.png 300w, https:\/\/iwantmyhealthback.com\/wp-content\/uploads\/2024\/07\/vitamin-c-510x275.png 510w\" sizes=\"auto, (max-width: 697px) 100vw, 697px\" \/>\t\t\t\t\t\t\n\t\t\t\t\t<\/div>\n\t\t\t\t\t\t\t\t\n<style>\n#image_983981800 {\n  width: 100%;\n}\n<\/style>\n\t<\/div>\n\t\n\n\t<div id=\"text-4286799948\" class=\"text\">\n\t\t\n\n<p style=\"margin: 0cm;\"><span lang=\"EN-US\" style=\"color: #0e101a;\">Estos gr\u00e1ficos muestran c\u00f3mo el Metadichol puede elevar los niveles de vitamina C sin necesidad de vitaminas adicionales procedentes de alimentos o p\u00edldoras.<\/p>\n\t\t\n<style>\n#text-4286799948 {\n  font-size: 1rem;\n  text-align: center;\n}\n@media (min-width:550px) {\n  #text-4286799948 {\n    font-size: 1rem;\n  }\n}\n<\/style>\n\t<\/div>\n\t\n\t<div class=\"img has-hover x md-x lg-x y md-y lg-y\" id=\"image_467824458\">\n\t\t\t\t\t\t\t\t<div class=\"img-inner dark\" >\n\t\t\t<img loading=\"lazy\" decoding=\"async\" width=\"830\" height=\"400\" src=\"https:\/\/iwantmyhealthback.com\/wp-content\/uploads\/2024\/07\/vitamins-graph.png\" class=\"attachment-large size-large\" alt=\"\" srcset=\"https:\/\/iwantmyhealthback.com\/wp-content\/uploads\/2024\/07\/vitamins-graph.png 830w, https:\/\/iwantmyhealthback.com\/wp-content\/uploads\/2024\/07\/vitamins-graph-300x145.png 300w, https:\/\/iwantmyhealthback.com\/wp-content\/uploads\/2024\/07\/vitamins-graph-510x246.png 510w, https:\/\/iwantmyhealthback.com\/wp-content\/uploads\/2024\/07\/vitamins-graph-768x370.png 768w\" sizes=\"auto, (max-width: 830px) 100vw, 830px\" \/>\t\t\t\t\t\t\n\t\t\t\t\t<\/div>\n\t\t\t\t\t\t\t\t\n<style>\n#image_467824458 {\n  width: 100%;\n}\n<\/style>\n\t<\/div>\n\t\n\n\t<div id=\"gap-292535522\" class=\"gap-element clearfix hide-for-small\" style=\"display:block; height:auto;\">\n\t\t\n<style>\n#gap-292535522 {\n  padding-top: 30px;\n}\n<\/style>\n\t<\/div>\n\t\n\n\n\t\t<\/div>\n\t\t\t\t\t<\/div>\n\n\t\n\n<\/div>\n\n\t\t<\/div>\n\t<\/div>\n\t\n\t<div id=\"accordion-2948038430\" class=\"accordion-item\">\n\t\t<a id=\"accordion-2948038430-label\" class=\"accordion-title plain\" aria-expanded=\"false\" aria-controls=\"accordion-2948038430-content\">\n\t\t\t<button class=\"toggle\" aria-label=\"Toggle\"><i class=\"icon-angle-down\" aria-hidden=\"true\"><\/i><\/button>\n\t\t\t<span>Metadichol y Vitamina C: Estudios de casos<\/span>\n\t\t<\/a>\n\t\t<div id=\"accordion-2948038430-content\" class=\"accordion-inner\" aria-labelledby=\"accordion-2948038430-label\">\n\t\t\t\n\n<div class=\"row\"  id=\"row-1113669470\">\n\n\n\t<div id=\"col-1117043878\" class=\"col small-12 large-12\"  >\n\t\t\t\t<div class=\"col-inner text-center\"  >\n\t\t\t\n\t\t\t\n\n\t<div id=\"text-1178909298\" class=\"text\">\n\t\t\n\n<p style=\"margin: 0cm;\"><span lang=\"EN-US\" style=\"color: #0e101a;\">Raghavan PR (2017) Altos niveles de vitamina C inducidos por Metadichol\u00ae: Estudio de casos. Vitam Miner 6: 169. doi: 10.4172\/2376- 1318.1000169  <\/p>\n\t\t\n<style>\n#text-1178909298 {\n  font-size: 1rem;\n  text-align: left;\n}\n@media (min-width:550px) {\n  #text-1178909298 {\n    font-size: 1rem;\n  }\n}\n<\/style>\n\t<\/div>\n\t\n\t<div class=\"img has-hover x md-x lg-x y md-y lg-y\" id=\"image_867073349\">\n\t\t\t\t\t\t\t\t<div class=\"img-inner dark\" >\n\t\t\t<img loading=\"lazy\" decoding=\"async\" width=\"981\" height=\"423\" src=\"https:\/\/iwantmyhealthback.com\/wp-content\/uploads\/2024\/07\/vitaminc-graph2.png\" class=\"attachment-large size-large\" alt=\"\" srcset=\"https:\/\/iwantmyhealthback.com\/wp-content\/uploads\/2024\/07\/vitaminc-graph2.png 981w, https:\/\/iwantmyhealthback.com\/wp-content\/uploads\/2024\/07\/vitaminc-graph2-300x129.png 300w, https:\/\/iwantmyhealthback.com\/wp-content\/uploads\/2024\/07\/vitaminc-graph2-510x220.png 510w, https:\/\/iwantmyhealthback.com\/wp-content\/uploads\/2024\/07\/vitaminc-graph2-768x331.png 768w\" sizes=\"auto, (max-width: 981px) 100vw, 981px\" \/>\t\t\t\t\t\t\n\t\t\t\t\t<\/div>\n\t\t\t\t\t\t\t\t\n<style>\n#image_867073349 {\n  width: 100%;\n}\n<\/style>\n\t<\/div>\n\t\n\n\t<div id=\"text-4180041283\" class=\"text\">\n\t\t\n\n<p>\u00abUna sustancia que interfiere en el funcionamiento normal del sistema es un f\u00e1rmaco. Una sustancia que restaura la funci\u00f3n normal del sistema es un nutriente\u00bb &#8211; Dr. PR Raghavan, creador del Metadichol<\/p>\n\t\t\n<style>\n#text-4180041283 {\n  font-size: 1rem;\n  text-align: center;\n}\n@media (min-width:550px) {\n  #text-4180041283 {\n    font-size: 1.5rem;\n  }\n}\n<\/style>\n\t<\/div>\n\t\n\t<div id=\"text-4038974675\" class=\"text\">\n\t\t\n\n<p style=\"margin: 0cm;\"><span lang=\"EN-US\" style=\"color: #0e101a;\">La Familia de Productos MagicDichol no cura, trata ni sana nada. M\u00e1s bien, estos productos estimulan los mecanismos curativos naturales del organismo, que son mucho m\u00e1s completos de lo que la mayor\u00eda de nosotros apreciamos. <\/p>\n\t\t\n<style>\n#text-4038974675 {\n  font-size: 1rem;\n  text-align: center;\n}\n@media (min-width:550px) {\n  #text-4038974675 {\n    font-size: 1rem;\n  }\n}\n<\/style>\n\t<\/div>\n\t\n\t<div id=\"gap-1672267360\" class=\"gap-element clearfix hide-for-small\" style=\"display:block; height:auto;\">\n\t\t\n<style>\n#gap-1672267360 {\n  padding-top: 30px;\n}\n<\/style>\n\t<\/div>\n\t\n\n\n\t\t<\/div>\n\t\t\t\t\t<\/div>\n\n\t\n\n<\/div>\n\n\t\t<\/div>\n\t<\/div>\n\t\n\n<\/div>\n\n\t\t<\/div>\n\t\t\t\t\t<\/div>\n\n\t\n\n<\/div>\n<div class=\"row\"  id=\"row-986446202\">\n\n\n\t<div id=\"col-1958498876\" class=\"col hide-for-small medium-4 small-12 large-4\"  >\n\t\t\t\t<div class=\"col-inner\"  >\n\t\t\t\n\t\t\t\n\n\n\t\t<\/div>\n\t\t\t\t\t<\/div>\n\n\t\n\n\t<div id=\"col-1237737209\" class=\"col medium-4 small-12 large-4\"  >\n\t\t\t\t<div class=\"col-inner text-center\"  >\n\t\t\t\n\t\t\t\n\n<a href=\"https:\/\/iwantmyhealthback.com\/es\/comprar-ahora\/\" target=\"_blank\" class=\"button primary is-large\" rel=\"noopener\" >\n\t\t<span>Para comprar, haz clic aqu\u00ed<\/span>\n\t<\/a>\n\n\n\n\t\t<\/div>\n\t\t\t\t\t<\/div>\n\n\t\n\n\t<div id=\"col-980784844\" class=\"col hide-for-small medium-4 small-12 large-4\"  >\n\t\t\t\t<div class=\"col-inner\"  >\n\t\t\t\n\t\t\t\n\n\n\t\t<\/div>\n\t\t\t\t\t<\/div>\n\n\t\n\n<\/div>\n\n\t\t<\/div>\n\n\t\t\n<style>\n#section_2075724941 {\n  padding-top: 30px;\n  padding-bottom: 30px;\n}\n<\/style>\n\t<\/section>\n\t\n\n","protected":false},"excerpt":{"rendered":"","protected":false},"author":2,"featured_media":0,"parent":0,"menu_order":0,"comment_status":"closed","ping_status":"closed","template":"page-blank.php","meta":{"bwfblock_default_font":"","_uag_custom_page_level_css":"","footnotes":""},"class_list":["post-4576","page","type-page","status-publish","hentry"],"uagb_featured_image_src":{"full":false,"thumbnail":false,"medium":false,"medium_large":false,"large":false,"1536x1536":false,"2048x2048":false,"woocommerce_thumbnail":false,"woocommerce_single":false,"woocommerce_gallery_thumbnail":false},"uagb_author_info":{"display_name":"IWantMyHealthBack","author_link":"https:\/\/iwantmyhealthback.com\/es\/author\/anthonette\/"},"uagb_comment_info":0,"uagb_excerpt":null,"_links":{"self":[{"href":"https:\/\/iwantmyhealthback.com\/es\/wp-json\/wp\/v2\/pages\/4576","targetHints":{"allow":["GET"]}}],"collection":[{"href":"https:\/\/iwantmyhealthback.com\/es\/wp-json\/wp\/v2\/pages"}],"about":[{"href":"https:\/\/iwantmyhealthback.com\/es\/wp-json\/wp\/v2\/types\/page"}],"author":[{"embeddable":true,"href":"https:\/\/iwantmyhealthback.com\/es\/wp-json\/wp\/v2\/users\/2"}],"replies":[{"embeddable":true,"href":"https:\/\/iwantmyhealthback.com\/es\/wp-json\/wp\/v2\/comments?post=4576"}],"version-history":[{"count":0,"href":"https:\/\/iwantmyhealthback.com\/es\/wp-json\/wp\/v2\/pages\/4576\/revisions"}],"wp:attachment":[{"href":"https:\/\/iwantmyhealthback.com\/es\/wp-json\/wp\/v2\/media?parent=4576"}],"curies":[{"name":"wp","href":"https:\/\/api.w.org\/{rel}","templated":true}]}}