{"id":4552,"date":"2024-07-15T07:02:56","date_gmt":"2024-07-15T11:02:56","guid":{"rendered":"https:\/\/iwantmyhealthback.com\/acerca-de\/"},"modified":"2025-06-06T22:19:42","modified_gmt":"2025-06-07T02:19:42","slug":"acerca-de","status":"publish","type":"page","link":"https:\/\/iwantmyhealthback.com\/es\/acerca-de\/","title":{"rendered":"Acerca de"},"content":{"rendered":"\n\n\t<section class=\"section\" id=\"section_756708550\">\n\t\t<div class=\"section-bg fill\" >\n\t\t\t\t\t\t\t\t\t\n\t\t\t\n\n\t\t<\/div>\n\n\t\t\n\n\t\t<div class=\"section-content relative\">\n\t\t\t\n\n\t<div id=\"gap-1164886048\" class=\"gap-element clearfix\" style=\"display:block; height:auto;\">\n\t\t\n<style>\n#gap-1164886048 {\n  padding-top: 30px;\n}\n<\/style>\n\t<\/div>\n\t\n\n<div class=\"row align-middle align-center\"  id=\"row-293534114\">\n\n\n\t<div id=\"col-1427355023\" class=\"col medium-12 small-12 large-7\"  >\n\t\t\t\t<div class=\"col-inner\"  >\n\t\t\t\n\t\t\t\n\n\t<div id=\"text-1840998209\" class=\"text\">\n\t\t\n\n<h2>\u00a1Quiero recuperar mi salud! \u00bfY t\u00fa? <\/h2>\n\t\t\n<style>\n#text-1840998209 {\n  font-size: 1.3rem;\n}\n<\/style>\n\t<\/div>\n\t\n<p>Bienvenido a la Revoluci\u00f3n de la Salud con MagicDichol\u00ae. Nuestro objetivo es ofrecerte formas sencillas y potentes de recuperar tu salud. El ingrediente clave de todos nuestros productos es Metadichol\u00ae, una nanoemulsi\u00f3n de policosanol <a href=\"http:\/\/iwantmyhealthback.com\/worldwide-patents\/\" target=\"_blank\" rel=\"noopener\">patentada en todo el mundo<\/a> por su conexi\u00f3n \u00fanica y profunda con nuestro cuerpo.  <\/p>\n<p>Cuando eliges nuestros productos, no s\u00f3lo obtienes algo estupendo. Te est\u00e1s uniendo a un movimiento que vuelve a poner tu salud en TUS manos. <\/p>\n<div class=\"row\"  id=\"row-542696654\">\n\n\n\t<div id=\"col-1052064349\" class=\"col hide-for-medium small-12 large-12\"  >\n\t\t\t\t<div class=\"col-inner text-left\"  >\n\t\t\t\n\t\t\t\n\n<a href=\"https:\/\/iwantmyhealthback.com\/es\/beneficios\/\" class=\"button primary is-large\" style=\"border-radius:5px;\">\n\t\t<span>Saber m\u00e1s<\/span>\n\t<\/a>\n\n\n<a href=\"https:\/\/iwantmyhealthback.com\/es\/comprar-ahora\/\" class=\"button primary is-outline is-large\" >\n\t\t<span>COMPRAR AHORA<\/span>\n\t<\/a>\n\n\n\n\t\t<\/div>\n\t\t\t\t\t<\/div>\n\n\t\n\n\t<div id=\"col-2131434423\" class=\"col show-for-small small-12 large-12\"  >\n\t\t\t\t<div class=\"col-inner text-center\"  >\n\t\t\t\n\t\t\t\n\n<a href=\"https:\/\/iwantmyhealthback.com\/es\/beneficios\/\" class=\"button primary is-larger\" style=\"border-radius:5px;\">\n\t\t<span>Saber m\u00e1s<\/span>\n\t<\/a>\n\n\n\n\t\t<\/div>\n\t\t\t\t\t<\/div>\n\n\t\n\n<\/div>\n\n\t\t<\/div>\n\t\t\t\t\n<style>\n#col-1427355023 > .col-inner {\n  padding: 0px 0 0px 0px;\n}\n@media (min-width:550px) {\n  #col-1427355023 > .col-inner {\n    padding: 0px 10% 0px 0px;\n  }\n}\n@media (min-width:850px) {\n  #col-1427355023 > .col-inner {\n    padding: 0px 20px 0px 0px;\n  }\n}\n<\/style>\n\t<\/div>\n\n\t\n\n\t<div id=\"col-1204680486\" class=\"col medium-12 small-12 large-5\"  >\n\t\t\t\t<div class=\"col-inner\"  >\n\t\t\t\n\t\t\t\n\n<div class=\"row\"  id=\"row-1115293361\">\n\n\n\t<div id=\"col-216958911\" class=\"col medium-12 small-12 large-12\"  >\n\t\t\t\t<div class=\"col-inner text-center\"  >\n\t\t\t\n\t\t\t\n\n\n  <div class=\"banner has-hover\" id=\"banner-765316757\">\n          <div class=\"banner-inner fill\">\n        <div class=\"banner-bg fill\" >\n            <img loading=\"lazy\" decoding=\"async\" width=\"1020\" height=\"388\" src=\"https:\/\/iwantmyhealthback.com\/wp-content\/uploads\/2024\/07\/sugarcane-mobile-1024x390-1.png\" class=\"bg attachment-large size-large\" alt=\"\" \/>                                    \n                    <\/div>\n\t\t\n        <div class=\"banner-layers container\">\n            <div class=\"fill banner-link\"><\/div>            \n\n   <div id=\"text-box-851898399\" class=\"text-box banner-layer x50 md-x50 lg-x50 y50 md-y50 lg-y50 res-text\">\n                                <div class=\"text-box-content text dark\">\n              \n              <div class=\"text-inner text-center\">\n                  \n\n\n              <\/div>\n           <\/div>\n                            \n<style>\n#text-box-851898399 {\n  width: 60%;\n}\n#text-box-851898399 .text-box-content {\n  font-size: 100%;\n}\n@media (min-width:550px) {\n  #text-box-851898399 {\n    width: 60%;\n  }\n}\n<\/style>\n    <\/div>\n \n\n        <\/div>\n      <\/div>\n\n            \n<style>\n#banner-765316757 {\n  padding-top: 99.99%;\n  background-color: rgba(0, 0, 0, 0);\n}\n@media (min-width:550px) {\n  #banner-765316757 {\n    padding-top: 150%;\n  }\n}\n@media (min-width:850px) {\n  #banner-765316757 {\n    padding-top: 80%;\n  }\n}\n<\/style>\n  <\/div>\n\n\n\n\t\t<\/div>\n\t\t\t\t\t<\/div>\n\n\t\n\n<\/div>\n\n\t\t<\/div>\n\t\t\t\t\t<\/div>\n\n\t\n\n<\/div>\n\n\t\t<\/div>\n\n\t\t\n<style>\n#section_756708550 {\n  padding-top: 30px;\n  padding-bottom: 30px;\n}\n<\/style>\n\t<\/section>\n\t\n\n\t<section class=\"section dark\" id=\"section_1417782675\">\n\t\t<div class=\"section-bg fill\" >\n\t\t\t<img loading=\"lazy\" decoding=\"async\" width=\"1024\" height=\"442\" src=\"https:\/\/iwantmyhealthback.com\/wp-content\/uploads\/2024\/07\/magic-dichol-4-1024x442-1.png\" class=\"bg attachment- size-\" alt=\"\" \/>\t\t\t\t\t\t<div class=\"section-bg-overlay absolute fill\"><\/div>\n\t\t\t\n\n\t\t<\/div>\n\n\t\t\n\n\t\t<div class=\"section-content relative\">\n\t\t\t\n\n\t<div id=\"gap-947077405\" class=\"gap-element clearfix\" style=\"display:block; height:auto;\">\n\t\t\n<style>\n#gap-947077405 {\n  padding-top: 30px;\n}\n<\/style>\n\t<\/div>\n\t\n\n<div class=\"row align-center\"  id=\"row-1589186054\">\n\n\n\t<div id=\"col-125020737\" class=\"col medium-7 small-12 large-5\"  >\n\t\t\t\t<div class=\"col-inner text-center\"  >\n\t\t\t\n\t\t\t\n\n\t<div id=\"text-3476153168\" class=\"text\">\n\t\t\n\n<h1>La Historia<\/h1>\n\t\t\n<style>\n#text-3476153168 {\n  font-size: 1.75rem;\n}\n<\/style>\n\t<\/div>\n\t\n\n\t\t<\/div>\n\t\t\t\t\t<\/div>\n\n\t\n\n<\/div>\n\n\t\t<\/div>\n\n\t\t\n<style>\n#section_1417782675 {\n  padding-top: 30px;\n  padding-bottom: 30px;\n  min-height: 290px;\n}\n#section_1417782675 .section-bg-overlay {\n  background-color: rgba(0, 0, 0, 0.16);\n}\n#section_1417782675 .section-bg img {\n  object-position: 59% 38%;\n}\n@media (min-width:550px) {\n  #section_1417782675 {\n    min-height: 350px;\n  }\n}\n<\/style>\n\t<\/section>\n\t\n\n\t<section class=\"section\" id=\"section_778239207\">\n\t\t<div class=\"section-bg fill\" >\n\t\t\t\t\t\t\t\t\t\n\t\t\t\n\n\t\t<\/div>\n\n\t\t\n\n\t\t<div class=\"section-content relative\">\n\t\t\t\n\n\t<div id=\"gap-2099475207\" class=\"gap-element clearfix\" style=\"display:block; height:auto;\">\n\t\t\n<style>\n#gap-2099475207 {\n  padding-top: 30px;\n}\n<\/style>\n\t<\/div>\n\t\n\n<div class=\"row row-large\"  id=\"row-2122670948\">\n\n\n\t<div id=\"col-1321982624\" class=\"col small-12 large-12\"  >\n\t\t\t\t<div class=\"col-inner\"  >\n\t\t\t\n\t\t\t\n\n<p style=\"font-size: 150%;\"><strong>Los productos MagicDichol\u00ae: Hechos por un experto<\/strong><\/p>\n<p>El Dr. PR Raghavan (Raghu) es el genio que hay detr\u00e1s del Metadichol\u00ae, la clave de los productos MagicDichol. Raghu tiene m\u00e1s de 20 a\u00f1os de experiencia en investigaci\u00f3n y ha trabajado con muchas instituciones, entre ellas grandes nombres como la Universidad de Columbia. Despu\u00e9s de tanto tiempo investigando f\u00e1rmacos, Raghu buscaba un enfoque m\u00e1s natural. Su objetivo era ir a la ra\u00edz de los problemas de salud humana.   <\/p>\n<p>Tras trabajar en este sue\u00f1o durante m\u00e1s de diez a\u00f1os, Raghu fabric\u00f3 Metadichol en 2008. Est\u00e1 hecho de part\u00edculas muy peque\u00f1as de policosanol que se encuentran en alimentos como el arroz y la ca\u00f1a de az\u00facar. Estas part\u00edculas diminutas, llamadas nanopart\u00edculas, son incluso m\u00e1s peque\u00f1as que los virus. Funcionan bien en el organismo para crear y mantener una buena salud.*   <\/p>\n<p>De 2008 a 2019, Raghu prob\u00f3 el Metadichol en diferentes temas de salud y public\u00f3 sus <strong><a href=\"https:\/\/iwantmyhealthback.com\/es\/publicaciones-sobre-metadichol\/\">trabajos<\/a><\/strong>. Su trabajo fue tan singular que le vali\u00f3<strong> <a href=\"https:\/\/iwantmyhealthback.com\/es\/patentes-en-todo-el-mundo\/\">37 patentes en todo el mundo<\/a><\/strong>incluyendo <strong><a href=\"https:\/\/iwantmyhealthback.com\/es\/metadichol-patentes-en-ee-uu\/\">tres en EE.UU.<\/a><\/strong>. <\/p>\n<p>El Metadichol est\u00e1 en los tres productos MagicDichol: NANO SOMA\u00ae L\u00edquido, NANO SOMA\u00ae Gel T\u00f3pico y la Crema Cut\u00e1nea NANO SOMA\u00ae.<\/p>\n<p>M\u00e1s de 100.000 personas han probado NANO SOMA. Algunas empezaron con graves problemas de salud, mientras que otras s\u00f3lo quer\u00edan sentirse a\u00fan m\u00e1s sanas. Muchas de ellas han contado historias incre\u00edbles sobre c\u00f3mo les han ayudado los productos NANO SOMA, que puedes leer <strong><a href=\"https:\/\/iwantmyhealthback.com\/es\/testimonios\/\" data-wplink-edit=\"true\">aqu\u00ed<\/a><\/strong>.  <\/p>\n\n\n\t\t<\/div>\n\t\t\t\t\t<\/div>\n\n\t\n\n<\/div>\n\n\t\t<\/div>\n\n\t\t\n<style>\n#section_778239207 {\n  padding-top: 20px;\n  padding-bottom: 20px;\n}\n@media (min-width:550px) {\n  #section_778239207 {\n    padding-top: 30px;\n    padding-bottom: 30px;\n  }\n}\n<\/style>\n\t<\/section>\n\t\n\n\t<section class=\"section\" id=\"section_482608181\">\n\t\t<div class=\"section-bg fill\" >\n\t\t\t\t\t\t\t\t\t\n\t\t\t\n\n\t\t<\/div>\n\n\t\t\n\n\t\t<div class=\"section-content relative\">\n\t\t\t\n\n<div class=\"row\"  id=\"row-946101078\">\n\n\n\t<div id=\"col-645198890\" class=\"col small-12 large-12\"  >\n\t\t\t\t<div class=\"col-inner\"  >\n\t\t\t\n\t<div class=\"is-border\"\n\t\tstyle=\"border-color:#767676;border-width:2px 2px 2px 2px;\">\n\t<\/div>\n\t\t\t\n\n\t<div id=\"text-2992165607\" class=\"text\">\n\t\t\n\n<p><strong>*Estas afirmaciones no han sido evaluadas por la Administraci\u00f3n de Alimentos y Medicamentos de EEUU. Este producto no pretende diagnosticar ni prescribir ninguna afecci\u00f3n m\u00e9dica, ni prevenir, tratar, mitigar o curar dicha(s) afecci\u00f3n(es). Si padeces alguna enfermedad o afecci\u00f3n m\u00e9dica, consulta a tu profesional sanitario.  <\/strong><\/p>\n\t\t\n<style>\n#text-2992165607 {\n  font-size: 0.9rem;\n  text-align: left;\n}\n<\/style>\n\t<\/div>\n\t\n\n\t\t<\/div>\n\t\t\t\t\n<style>\n#col-645198890 > .col-inner {\n  padding: 10px 20px 5px 20px;\n}\n<\/style>\n\t<\/div>\n\n\t\n\n<\/div>\n\n\t\t<\/div>\n\n\t\t\n<style>\n#section_482608181 {\n  padding-top: 0px;\n  padding-bottom: 0px;\n}\n@media (min-width:550px) {\n  #section_482608181 {\n    padding-top: 30px;\n    padding-bottom: 30px;\n  }\n}\n<\/style>\n\t<\/section>\n\t\n\n","protected":false},"excerpt":{"rendered":"","protected":false},"author":2,"featured_media":0,"parent":0,"menu_order":0,"comment_status":"closed","ping_status":"closed","template":"page-blank.php","meta":{"bwfblock_default_font":"","_uag_custom_page_level_css":"","footnotes":""},"class_list":["post-4552","page","type-page","status-publish","hentry"],"uagb_featured_image_src":{"full":false,"thumbnail":false,"medium":false,"medium_large":false,"large":false,"1536x1536":false,"2048x2048":false,"woocommerce_thumbnail":false,"woocommerce_single":false,"woocommerce_gallery_thumbnail":false},"uagb_author_info":{"display_name":"IWantMyHealthBack","author_link":"https:\/\/iwantmyhealthback.com\/es\/author\/anthonette\/"},"uagb_comment_info":0,"uagb_excerpt":null,"_links":{"self":[{"href":"https:\/\/iwantmyhealthback.com\/es\/wp-json\/wp\/v2\/pages\/4552","targetHints":{"allow":["GET"]}}],"collection":[{"href":"https:\/\/iwantmyhealthback.com\/es\/wp-json\/wp\/v2\/pages"}],"about":[{"href":"https:\/\/iwantmyhealthback.com\/es\/wp-json\/wp\/v2\/types\/page"}],"author":[{"embeddable":true,"href":"https:\/\/iwantmyhealthback.com\/es\/wp-json\/wp\/v2\/users\/2"}],"replies":[{"embeddable":true,"href":"https:\/\/iwantmyhealthback.com\/es\/wp-json\/wp\/v2\/comments?post=4552"}],"version-history":[{"count":0,"href":"https:\/\/iwantmyhealthback.com\/es\/wp-json\/wp\/v2\/pages\/4552\/revisions"}],"wp:attachment":[{"href":"https:\/\/iwantmyhealthback.com\/es\/wp-json\/wp\/v2\/media?parent=4552"}],"curies":[{"name":"wp","href":"https:\/\/api.w.org\/{rel}","templated":true}]}}