{"id":4347,"date":"2024-07-07T04:28:05","date_gmt":"2024-07-07T08:28:05","guid":{"rendered":"https:\/\/iwantmyhealthback.com\/publicaciones-sobre-metadichol-disponibles-en-sitios-web-independientes\/"},"modified":"2025-09-25T07:46:08","modified_gmt":"2025-09-25T11:46:08","slug":"publicaciones-sobre-metadichol-disponibles-en-sitios-web-independientes","status":"publish","type":"page","link":"https:\/\/iwantmyhealthback.com\/es\/publicaciones-sobre-metadichol-disponibles-en-sitios-web-independientes\/","title":{"rendered":"Publicaciones sobre Metadichol\u00ae disponibles en sitios web independientes"},"content":{"rendered":"\n\n\t<section class=\"section has-scroll-for-more\" id=\"section_1596564279\">\n\t\t<div class=\"section-bg fill\" >\n\t\t\t\t\t\t\t\t\t<button class=\"scroll-for-more z-5 icon absolute bottom h-center\" aria-label=\"Despl\u00e1cese para m\u00e1s\"><i class=\"icon-angle-down\" aria-hidden=\"true\" style=\"font-size:42px;\"><\/i><\/button>\n\t\t\t\n\t<div class=\"is-border\"\n\t\tstyle=\"border-width:0px 0px 0px 0px;\">\n\t<\/div>\n\n\t\t<\/div>\n\n\t\t\n\n\t\t<div class=\"section-content relative\">\n\t\t\t\n\n<div class=\"row align-center\"  id=\"row-55854252\">\n\n\n\t<div id=\"col-2118124959\" class=\"col medium-8 small-10 large-10\"  >\n\t\t\t\t<div class=\"col-inner text-center\"  >\n\t\t\t\n\t\t\t\n\n<h3>Ciencia<\/h3>\n<h2 style=\"font-size:250%;\">Publicaciones sobre Metadichol\u00ae disponibles en sitios web independientes<\/h2>\n\n\t\t<\/div>\n\t\t\t\t\n<style>\n#col-2118124959 > .col-inner {\n  padding: 40px 0px 0px 0px;\n}\n<\/style>\n\t<\/div>\n\n\t\n\n<\/div>\n\n\t\t<\/div>\n\n\t\t\n<style>\n#section_1596564279 {\n  padding-top: 30px;\n  padding-bottom: 30px;\n}\n<\/style>\n\t<\/section>\n\t\n\n\t<section class=\"section\" id=\"section_879174002\">\n\t\t<div class=\"section-bg fill\" >\n\t\t\t\t\t\t\t\t\t\n\t\t\t\n\n\t\t<\/div>\n\n\t\t\n\n\t\t<div class=\"section-content relative\">\n\t\t\t\n\n<div class=\"row\"  id=\"row-1515227924\">\n\n\n\t<div id=\"col-132187047\" class=\"col small-12 large-12\"  >\n\t\t\t\t<div class=\"col-inner\"  >\n\t\t\t\n\t\t\t\n\n<ol>\n<li>Journal of the Science of Healing Outcomes<br><a href=\"https:\/\/www.researchgate.net\/publication\/299405983_Inhibition_of_Dengue_and_other_enveloped_viruses_by_MetadicholR_a_novel_Nano_emulsion_Lipid\" target=\"_blank\" rel=\"noopener\">Inhibici\u00f3n del dengue y otros virus envueltos mediante Metadichol\u00ae, un nuevo l\u00edquido de nanoemulsi\u00f3n<\/a><\/li>\n<li>Revista Internacional de Complicaciones de la Diabetes<br><a href=\"https:\/\/www.researchgate.net\/publication\/316667038_Metadichol_R_A_Novel_Nano_Lipid_GPR_120_Agonist_International_Journal_of_Diabetes_its_Complications\" target=\"_blank\" rel=\"noopener\">Metadichol\u00ae, un nuevo nano l\u00edpido; agonista del GPR 120<\/a><\/li>\n<li>Journal of Stem Cell Research and Therapy<br><a href=\"https:\/\/www.researchgate.net\/publication\/331801306_The_Quest_for_Immortality_Introducing_MetadicholR_a_Novel_Telomerase_Activator\" target=\"_blank\" rel=\"noopener\">La b\u00fasqueda de la inmortalidad: Presentaci\u00f3n de Metadichol\u00ae, un novedoso activador de la telomerasa<\/a><\/li>\n<li>Journal of Aging Science<br><a href=\"https:\/\/www.researchgate.net\/publication\/315066467_Improving_Longevity_with_Metadichol_R_by_Inhibiting_the_BCAT1_Gene\" target=\"_blank\" rel=\"noopener\">Mejorar la longevidad con Metadichol\u00ae mediante la inhibici\u00f3n del gen BCAT1<\/a><\/li>\n<li>Revista de Ciencia y Terapia del C\u00e1ncer<br><a href=\"https:\/\/www.researchgate.net\/publication\/320575110_Metadichol_R_A_Novel_Inverse_Agonist_of_Aryl_Hydrocarbon_Receptor_AHR_and_NRF2_Inhibitor\" target=\"_blank\" rel=\"noopener\">Metadichol\u00ae: Un Nuevo Agonista Inverso del Receptor de Hidrocarburos de Arilo (AHR) e Inhibidor del NRF2<\/a><\/li>\n<li>Enfermedades Infecciosas Pedi\u00e1tricas<br><a href=\"https:\/\/pediatric-infectious-disease.imedpub.com\/inhibition-of-viruses-by-metadichol-a-novel-nano-emulsion-lipid.pdf\" target=\"_blank\" rel=\"noopener\">Inhibici\u00f3n de Virus por Metadichol\u00ae: Una Novedosa Nano Emulsi\u00f3n L\u00edquida<\/a><\/li>\n<li>Journal of Clinical and Experimental Dermatology Research<br><a href=\"https:\/\/www.researchgate.net\/publication\/323858054_MetadicholR_and_Healthy_Skin_One_Approach_many_Possible_Cures\" target=\"_blank\" rel=\"noopener\">Metadichol\u00ae y la piel sana<\/a><\/li>\n<li>Conferencia Internacional: Hitos cient\u00edficos en la comprensi\u00f3n y prevenci\u00f3n de la gripe<br><a href=\"https:\/\/www.researchgate.net\/publication\/311858466_Metadichol_a_novel_ICAM-1_inhibitor\" target=\"_blank\" rel=\"noopener\">Metadichol\u00ae: Un nuevo inhibidor de ICAM-1<\/a><\/li>\n<li>Vitaminas y Minerales<br><a href=\"https:\/\/www.researchgate.net\/publication\/318503533_MetadicholR_and_Vitamin_C_Increase_In_Vivo_an_Open-Label_Study\" target=\"_blank\" rel=\"noopener\">Metadichol\u00ae y Vitamina C Aumentan In Vivo, un Estudio Abierto<\/a><\/li>\n<li>Revista de T\u00e9cnicas Inmunol\u00f3gicas en Enfermedades Infecciosas<br><a href=\"https:\/\/www.researchgate.net\/publication\/310297987_In_vitro_Inhibition_of_Zika_Virus_by_MetadicholR_A_Novel_Nano_Emulsion_Lipid\" target=\"_blank\" rel=\"noopener\">Inhibici\u00f3n in vitro del virus Zika por Metadichol\u00ae: Un Novedoso L\u00edquido de Nano Emulsi\u00f3n<\/a><\/li>\n<li>Journal of Infectious Diseases and Therapy<br><a href=\"https:\/\/www.researchgate.net\/publication\/316490972_Metadichol_R_and_MRSA_Infections_A_Case_Report\" target=\"_blank\" rel=\"noopener\">Metadichol\u00ae e infecciones por SARM: Informe de un caso<\/a><\/li>\n<li>Journal of Cardiology &amp; Cardiovascular Therapy<br><a href=\"https:\/\/www.researchgate.net\/publication\/319105325_Systolic_and_Diastolic_BP_Control_in_Metabolic_Syndrome_Patients_with_MetadicholR_a_Novel_Nano_Emulsion_Lipid\" target=\"_blank\" rel=\"noopener\">PA Sist\u00f3lica y Diast\u00f3lica en el S\u00edndrome Metab\u00f3lico: Metadichol\u00ae, una novedosa nanoemulsi\u00f3n l\u00edquida<\/a><\/li>\n<li>Biolog\u00eda y Medicina<br><a href=\"https:\/\/www.researchgate.net\/publication\/322274937_MetadicholR_Vitamin_C_and_GULO_Gene_Expression_in_Mouse_Adipocytes\" target=\"_blank\" rel=\"noopener\">Metadichol\u00ae, Vitamina C y Expresi\u00f3n G\u00e9nica GULO en Adipocitos de Rat\u00f3n<\/a><\/li>\n<li>Journal of Cytokine Biology<br> Un<a href=\"https:\/\/www.researchgate.net\/publication\/330566281_A_Multi_Gene_Targeting_Approach_to_Treating_Liver_Diseases_with_MetadicholR\" target=\"_blank\" rel=\"noopener\">enfoque multig\u00e9nico para tratar las enfermedades hep\u00e1ticas con Metadichol\u00ae<\/a>.<\/li>\n<li>Biolog\u00eda y Medicina<br><a href=\"https:\/\/www.researchgate.net\/publication\/332210859_Metadichol_A_Novel_Inverse_Agonist_of_Thyroid_Receptor_and_its_Applications_in_Thyroid_Diseases\" target=\"_blank\" rel=\"noopener\">Metadichol\u00ae, un nuevo agonista inverso del receptor tiroideo y sus aplicaciones en las enfermedades tiroideas<\/a><\/li>\n<li>Journal of Stem Cell Research and Therapy<br><a href=\"https:\/\/www.researchgate.net\/publication\/330321249_MetadicholR_and_CD33_Expression_in_Umbilical_Cord_Cells\" target=\"_blank\" rel=\"noopener\">Metadichol\u00ae y la expresi\u00f3n de CD34 en las c\u00e9lulas del cord\u00f3n umbilical<\/a><\/li>\n<li>Revista de Ciencia y Terapia del C\u00e1ncer<br><a href=\"https:\/\/www.researchgate.net\/publication\/328913716_Metadichol_R_a_Novel_Agonist_of_the_Anti-aging_Klotho_Gene_in_Cancer_Cell_Lines\" target=\"_blank\" rel=\"noopener\">Metadichol\u00ae: Un Nuevo Agonista del Gen Klotho Antienvejecimiento en L\u00edneas Celulares Cancerosas<\/a><\/li>\n<li>Journal of Stem Cell Research and Therapy<br><a href=\"https:\/\/www.researchgate.net\/publication\/330321249_MetadicholR_and_CD33_Expression_in_Umbilical_Cord_Cells\" target=\"_blank\" rel=\"noopener\">Metadichol\u00ae, expresi\u00f3n de CD33 en c\u00e9lulas del cord\u00f3n umbilical<\/a><\/li>\n<li>Journal of Clinical and ExperimentalDermatology Research<br><a href=\"https:\/\/www.researchgate.net\/publication\/321254529_Metadichol_A_Novel_ROR_Gamma_Inverse_Agonist_and_Its_Applications_in_Psoriasis\" target=\"_blank\" rel=\"noopener\">Metadichol\u00ae: Un nuevo agonista inverso de ROR gamma y sus aplicaciones en la psoriasis<\/a><\/li>\n<li>Revista de Artritis<br><a href=\"https:\/\/www.researchgate.net\/publication\/316906011_Rheumatoid_Arthritis_and_Osteoporosis_A_Case_Study\" target=\"_blank\" rel=\"noopener\">Artritis Reumatoidey Osteoporosis: Un estudio de caso<\/a><\/li>\n<li>Journal of Stem Cell Research and Therapy<br><a href=\"https:\/\/www.researchgate.net\/publication\/318341368_MetadicholR_and_Red_Cell_Distribution_Width_RDW_in_CKD_patients\" target=\"_blank\" rel=\"noopener\">Metadichol\u00ae y la amplitud de distribuci\u00f3n de gl\u00f3bulos rojos (ADE) en pacientes con ERC<\/a><\/li>\n<li>Vitaminas y minerales<br><a href=\"https:\/\/www.researchgate.net\/publication\/319904105_Metadichol_R_Induced_High_Levels_of_Vitamin_C_Case_Studies\" target=\"_blank\" rel=\"noopener\">Metadichol\u00ae Induced High Levels of Vitamin C: Estudios de casos<\/a><\/li>\n<li>Journal of Diabetes &amp; Metabolism<br><a href=\"https:\/\/www.researchgate.net\/publication\/315926901_Metadichol_a_novel_nano_lipid_emulsion_for_the_treatment_of_diabetes\" target=\"_blank\" rel=\"noopener\">Metadichol\u00ae, una novedosa emulsi\u00f3n nanolip\u00eddica para el tratamiento de la diabetes<\/a><\/li>\n<li>Journal of Stem Cell Research &amp; Therapy<br><a href=\"https:\/\/www.researchgate.net\/publication\/333429169_Metadichol_R_a_Novel_Sialidase_Inhibitor\" target=\"_blank\" rel=\"noopener\">Metadichol\u00ae, un nuevo inhibidor de la sialidasa<\/a><\/li>\n<li>Journal of Stem Cell Research and Therapy<br><a href=\"https:\/\/www.researchgate.net\/publication\/326510908_Umbilical_Cord_Cells_Treatment_with_MetadicholR_IRS_Proteins_and_GLUT4_Expression_and_Implications_for_Diabetes\" target=\"_blank\" rel=\"noopener\">Tratamiento de c\u00e9lulas de cord\u00f3n umbilical con Metadichol\u00ae Expresi\u00f3n de prote\u00ednas IRS y GLUT4 e implicaciones para la diabetes<\/a><\/li>\n<li>Investigaci\u00f3n Biom\u00e9dica Internacional\n<p class=\"\"><a href=\"https:\/\/www.researchgate.net\/publication\/357862879_MetadicholR_A_Novel_Nanolipid_Formulation_That_Inhibits_SARS-CoV-2_and_a_Multitude_of_Pathological_Viruses_In_Vitro\" target=\"_blank\" rel=\"noopener\">Metadichol\u00ae: Una Novedosa Formulaci\u00f3n de Nanol\u00edpidos que Inhibe el SARS-CoV-2 y una Multitud de Virus Patol\u00f3gicos In Vitro<\/a><\/p>\n<\/li>\n<li>Archivos de Investigaci\u00f3n M\u00e9dica<br><a href=\"https:\/\/www.researchgate.net\/publication\/381949632_Metadichol_a_Natural_Ligand_for_the_Expression_of_Yamanaka_Reprogramming_Factors_in_Human_Cardiac_Fibroblast_and_Cancer_Cell_Lines\" target=\"_blank\" rel=\"noopener\"><sup>Metadichol\u00ae<\/sup>, un ligando natural para la expresi\u00f3n de los factores de reprogramaci\u00f3n de Yamanaka en l\u00edneas celulares de c\u00e1ncer som\u00e1tico y primario<\/a><\/li>\n<li>Archivos de Investigaci\u00f3n Cl\u00ednica y Biom\u00e9dica<br><a href=\"https:\/\/www.researchgate.net\/publication\/375019990_MetadicholR_A_Nano_Lipid_Emulsion_that_Expresses_All_49_Nuclear_Receptors_in_Stem_and_Somatic_Cells\" target=\"_blank\" rel=\"noopener\"><sup>Metadichol\u00ae<\/sup> es una emulsi\u00f3n nanolip\u00eddica que expresa los 48 receptores nucleares en c\u00e9lulas madre y som\u00e1ticas<\/a><\/li>\n<li>Fortune Journal of Health Sciences<br><a href=\"https:\/\/www.researchgate.net\/publication\/374460077_Metadichol_An_Agonist_that_Expresses_the_Anti-aging_gene_Klotho_in_Various_Cell_Lines\" target=\"_blank\" rel=\"noopener\"><sup>Metadichol\u00ae<\/sup>; Un agonista que expresa el gen antienvejecimiento Klotho en varias l\u00edneas celulares<\/a><\/li>\n<li>Journal of Bioinformatics and Systems Biology<br><a href=\"https:\/\/www.researchgate.net\/publication\/374694623_MetadicholR_Induced_the_Expression_of_Neuronal_Transcription_Factors_in_Human_Fibroblast_Dermal_Cells\" target=\"_blank\" rel=\"noopener\">Expresi\u00f3n inducida por <sup>Metadichol\u00ae<\/sup> de factores de transcripci\u00f3n neuronales con c\u00e9lulas d\u00e9rmicas de fibroblastos humanos<\/a><\/li>\n<li>Cardiolog\u00eda y Medicina Cardiovascular<br><a href=\"https:\/\/www.researchgate.net\/publication\/373374076_Metadichol_Treatment_of_Fibroblasts_and_Embryonic_Stem_Cells_Regulates_Key_Cardiac_Progenitors\" target=\"_blank\" rel=\"noopener\">El tratamiento con <sup>Metadichol\u00ae<\/sup> de fibroblastos y c\u00e9lulas madre embrionarias regula los progenitores card\u00edacos clave<\/a><\/li>\n<li>Archivos de Investigaci\u00f3n M\u00e9dica<br><a href=\"https:\/\/www.researchgate.net\/publication\/376178465_Metadichol-Induced_Differentiation_of_Pancreatic_Ductal_Cells_PANC-1_into_Insulin-Producing_Cells\" target=\"_blank\" rel=\"noopener\">El metadichol induce la diferenciaci\u00f3n de las c\u00e9lulas ductales pancre\u00e1ticas (PANC-1) en c\u00e9lulas productoras de insulina<\/a><\/li>\n<li>Investigaci\u00f3n preimpresa del Dr. Raghavan sobre las propiedades antienvejecimiento\n<p class=\"\"><a href=\"https:\/\/www.researchgate.net\/publication\/372606542_MetadicholR_a_Sirtuin_Modulator_for_Anti-Aging_Therapies?_tp=eyJjb250ZXh0Ijp7ImZpcnN0UGFnZSI6InByb2ZpbGUiLCJwYWdlIjoicHJvZmlsZSJ9fQ\" target=\"_blank\" rel=\"noopener\">Metadichol\u00ae, un modulador de la sirtuina para terapias antienvejecimiento<\/a><\/p>\n<\/li>\n<li>Archivos de Investigaci\u00f3n M\u00e9dica<br><a href=\"https:\/\/www.researchgate.net\/publication\/381948213_MetadicholR-induced_expression_of_circadian_clock_transcription_factors_in_human_fibroblasts\" target=\"_blank\" rel=\"noopener\">Expresi\u00f3n inducida por Metadichol\u00ae de factores de transcripci\u00f3n del reloj circadiano en fibroblastos humanos<\/a><\/li>\n<li>Archivos de Investigaci\u00f3n M\u00e9dica<br><a href=\"https:\/\/www.researchgate.net\/publication\/381932134_MetadicholR_induced_expression_of_Sirtuin_family_1-7_in_somatic_and_cancer_cells\" target=\"_blank\" rel=\"noopener\">Expresi\u00f3n inducida por Metadichol\u00ae de la familia 1-7 de Sirtuinas en c\u00e9lulas som\u00e1ticas y cancerosas<\/a><\/li>\n<li>British Journal of Cancer Research<br><a href=\"https:\/\/www.researchgate.net\/publication\/387857051_Metadichol_A_Modulator_that_Controls_Expression_of_Toll_Like_Receptors_in_Cancer_Cell_Lines_Cell_Lines\" target=\"_blank\" rel=\"noopener\">Metadichol, un modulador que controla la expresi\u00f3n de los receptores Toll Like en l\u00edneas celulares de c\u00e1ncer<\/a><\/li>\n<li>Archivos de Investigaci\u00f3n M\u00e9dica<br><a href=\"https:\/\/www.researchgate.net\/publication\/392389940_Metadichol_induces_CD14_glycoprotein_expression_in_human_embryonic_stem_cells_and_fibroblasts\" target=\"_blank\" rel=\"noopener\">El metadichol induce la expresi\u00f3n de la glicoprote\u00edna CD14 en c\u00e9lulas madre embrionarias y fibroblastos humanos<\/a><\/li>\n<li>Investigaci\u00f3n preimpresa del Dr. Raghavan sobre La inmunidad innata y la prote\u00edna de uni\u00f3n a la vitamina D<br><a href=\"https:\/\/www.researchgate.net\/publication\/392467315_VDR_Inverse_Agonism_by_Metadichol_Enhances_VDBP-Mediated_Immunity\" target=\"_blank\" rel=\"noopener\">El agonismo inverso de la VDRpor el metadichol mejora la inmunidad mediada por la VDBP<\/a><\/li>\n<li>Archivos de Investigaci\u00f3n M\u00e9dica<br><a href=\"https:\/\/www.researchgate.net\/publication\/393344510_Synergistic_Targeting_of_KLF_and_Other_Related_Signaling_Pathways_by_Metadichol_A_Multidimensional_Anticancer_Strategy\" target=\"_blank\" rel=\"noopener\">Dirigida sin\u00e9rgicamente a KLF y otras v\u00edas de se\u00f1alizaci\u00f3n relacionadas mediante metadichol: Una estrategia multidimensional contra el c\u00e1ncer<\/a><\/li>\n<li>Archivos de investigaci\u00f3n m\u00e9dica<br><a href=\"https:\/\/www.researchgate.net\/publication\/393453773_Metadichol-Pluripotency\" target=\"_blank\" rel=\"noopener\">El metadichol orquesta la pluripotencia a trav\u00e9s de los receptores nucleares durante la reprogramaci\u00f3n celular<\/a><\/li>\n<li>Investigaci\u00f3n preimpresa del Dr. Raghavan sobre la familia SOX de factores de transcripci\u00f3n<br><a href=\"https:\/\/www.researchgate.net\/publication\/394464231_Metadichol_regulates_Sox_network_in_human_peripheral_blood_mononuclear_cells\" target=\"_blank\" rel=\"noopener\">El metadichol regula la red Sox en las c\u00e9lulas mononucleares de sangre perif\u00e9rica humana<\/a><\/li>\n<li>Investigaci\u00f3n preimpresa del Dr. Raghavan sobre la familia de<a href=\"https:\/\/www.researchgate.net\/publication\/394739230_Metadichol_Orchestrates_Cellular_Reprogramming_and_Regenerative_Pathways_via_FOX_Transcription_Factor_Networks_Implications_for_Immune-Metabolic_Rejuvenation\" target=\"_blank\" rel=\"noopener\">factores de transcripci\u00f3n FOX <br>El metadichol orquesta la reprogramaci\u00f3n celular y las v\u00edas regenerativas a trav\u00e9s de las redes de factores de transcripci\u00f3n FOX: Implicaciones para el rejuvenecimiento inmunometab\u00f3lico<\/a><\/li>\n<li>Investigaci\u00f3n preimpresa del Dr. Raghavan sobre La bios\u00edntesis de la vitamina C<br><a href=\"https:\/\/www.researchgate.net\/publication\/394968451_MT-GULO-VITC\" target=\"_blank\" rel=\"noopener\">El metadicol estimula la expresi\u00f3n g\u00e9nica en todas las especies de mam\u00edferos: Caracterizaci\u00f3n de la respuesta a la dosis e implicaciones para restaurar la bios\u00edntesis de la vitamina C<\/a><\/li>\n<\/ol>\n\n\t\t<\/div>\n\t\t\t\t\t<\/div>\n\n\t\n\n<\/div>\n\n\t\t<\/div>\n\n\t\t\n<style>\n#section_879174002 {\n  padding-top: 30px;\n  padding-bottom: 30px;\n}\n<\/style>\n\t<\/section>\n\t\n\n","protected":false},"excerpt":{"rendered":"","protected":false},"author":2,"featured_media":0,"parent":0,"menu_order":0,"comment_status":"closed","ping_status":"closed","template":"","meta":{"bwfblock_default_font":"","_uag_custom_page_level_css":"","footnotes":""},"class_list":["post-4347","page","type-page","status-publish","hentry"],"uagb_featured_image_src":{"full":false,"thumbnail":false,"medium":false,"medium_large":false,"large":false,"1536x1536":false,"2048x2048":false,"woocommerce_thumbnail":false,"woocommerce_single":false,"woocommerce_gallery_thumbnail":false},"uagb_author_info":{"display_name":"IWantMyHealthBack","author_link":"https:\/\/iwantmyhealthback.com\/es\/author\/anthonette\/"},"uagb_comment_info":0,"uagb_excerpt":null,"_links":{"self":[{"href":"https:\/\/iwantmyhealthback.com\/es\/wp-json\/wp\/v2\/pages\/4347","targetHints":{"allow":["GET"]}}],"collection":[{"href":"https:\/\/iwantmyhealthback.com\/es\/wp-json\/wp\/v2\/pages"}],"about":[{"href":"https:\/\/iwantmyhealthback.com\/es\/wp-json\/wp\/v2\/types\/page"}],"author":[{"embeddable":true,"href":"https:\/\/iwantmyhealthback.com\/es\/wp-json\/wp\/v2\/users\/2"}],"replies":[{"embeddable":true,"href":"https:\/\/iwantmyhealthback.com\/es\/wp-json\/wp\/v2\/comments?post=4347"}],"version-history":[{"count":0,"href":"https:\/\/iwantmyhealthback.com\/es\/wp-json\/wp\/v2\/pages\/4347\/revisions"}],"wp:attachment":[{"href":"https:\/\/iwantmyhealthback.com\/es\/wp-json\/wp\/v2\/media?parent=4347"}],"curies":[{"name":"wp","href":"https:\/\/api.w.org\/{rel}","templated":true}]}}