{"id":4345,"date":"2024-07-07T04:17:09","date_gmt":"2024-07-07T08:17:09","guid":{"rendered":"https:\/\/iwantmyhealthback.com\/publicaciones-sobre-la-familia-de-productos-magicdichol\/"},"modified":"2025-05-21T08:42:16","modified_gmt":"2025-05-21T12:42:16","slug":"publicaciones-sobre-la-familia-de-productos-magicdichol","status":"publish","type":"page","link":"https:\/\/iwantmyhealthback.com\/es\/publicaciones-sobre-la-familia-de-productos-magicdichol\/","title":{"rendered":"Publicaciones sobre la familia de productos MagicDichol"},"content":{"rendered":"\n\n\t<section class=\"section has-scroll-for-more\" id=\"section_1111265282\">\n\t\t<div class=\"section-bg fill\" >\n\t\t\t\t\t\t\t\t\t<button class=\"scroll-for-more z-5 icon absolute bottom h-center\" aria-label=\"Despl\u00e1cese para m\u00e1s\"><i class=\"icon-angle-down\" aria-hidden=\"true\" style=\"font-size:42px;\"><\/i><\/button>\n\t\t\t\n\t<div class=\"is-border\"\n\t\tstyle=\"border-width:0px 0px 0px 0px;\">\n\t<\/div>\n\n\t\t<\/div>\n\n\t\t\n\n\t\t<div class=\"section-content relative\">\n\t\t\t\n\n<div class=\"row align-center\"  id=\"row-1573265886\">\n\n\n\t<div id=\"col-1566847968\" class=\"col medium-8 small-10 large-10\"  >\n\t\t\t\t<div class=\"col-inner text-center\"  >\n\t\t\t\n\t\t\t\n\n<h3>Ciencia<\/h3>\n<h2 style=\"font-size:230%;\">Publicaciones sobre la familia de productos MagicDichol<\/h2>\n\n\n\t\t<\/div>\n\t\t\t\t\n<style>\n#col-1566847968 > .col-inner {\n  padding: 40px 0px 0px 0px;\n}\n<\/style>\n\t<\/div>\n\n\t\n\n<\/div>\n\n\t\t<\/div>\n\n\t\t\n<style>\n#section_1111265282 {\n  padding-top: 30px;\n  padding-bottom: 30px;\n}\n<\/style>\n\t<\/section>\n\t\n\n\t<section class=\"section\" id=\"section_1801840634\">\n\t\t<div class=\"section-bg fill\" >\n\t\t\t\t\t\t\t\t\t\n\t\t\t\n\n\t\t<\/div>\n\n\t\t\n\n\t\t<div class=\"section-content relative\">\n\t\t\t\n\n<div class=\"row\"  id=\"row-615517741\">\n\n\n\t<div id=\"col-2040593178\" class=\"col small-12 large-12\"  >\n\t\t\t\t<div class=\"col-inner\"  >\n\t\t\t\n\t\t\t\n\n\t<div id=\"text-2441429094\" class=\"text\">\n\t\t\n\n<p>Una vez m\u00e1s, ni Cosmic Connections (International) Limited, ni MagicDichol, ni ninguna otra persona f\u00edsica o jur\u00eddica que participe de alg\u00fan modo en la venta o comercializaci\u00f3n de Metadichol en cualquier forma, hacen ninguna afirmaci\u00f3n sobre Metadichol basada en estos testimonios, m\u00e1s all\u00e1 de las afirmaciones realizadas como parte de la aprobaci\u00f3n oficial o de las normativas bajo las que se comercializan estos productos en un pa\u00eds determinado. Ninguno de nosotros es m\u00e9dico. Los productos rese\u00f1ados no pretenden diagnosticar, tratar, curar ni prevenir ninguna enfermedad.    <\/p>\n<p>La informaci\u00f3n de este sitio web o de los sitios web enlazados no pretende diagnosticar, tratar, curar ni prevenir ninguna enfermedad. La informaci\u00f3n se presenta \u00fanicamente con fines educativos y no pretende diagnosticar ni prescribir ninguna afecci\u00f3n m\u00e9dica o psicol\u00f3gica, ni prevenir, tratar, mitigar o curar dichas afecciones. La informaci\u00f3n contenida en este documento no pretende sustituir a una consulta personal&#8230; o a un profesional sanitario cualificado. Por tanto, esta informaci\u00f3n no pretende ser un consejo m\u00e9dico, sino un intercambio de conocimientos e informaci\u00f3n basados en la investigaci\u00f3n y la experiencia.   <\/p>\n<p>Las declaraciones de este sitio o de los sitios enlazados no han sido evaluadas por la Administraci\u00f3n de Alimentos y Medicamentos, a menos que se indique lo contrario.<\/p>\n<p>MagicDichol\u00ae te anima a que tomes tus propias decisiones sobre el cuidado de tu salud bas\u00e1ndote en tu criterio e investigaci\u00f3n en colaboraci\u00f3n con un profesional sanitario cualificado.<\/p>\n<p>NADA DE LO CONTENIDO EN ESTE SITIO WEB PRETENDE SER, NI DEBE INTERPRETARSE, COMO CONSEJO M\u00c9DICO. LOS CONSUMIDORES DEBEN CONSULTAR A SUS PROPIOS M\u00c9DICOS PARA OBTENER RECOMENDACIONES M\u00c9DICAS INDIVIDUALES. LA INFORMACI\u00d3N DE ESTE SITIO WEB SE REFIERE A COMPLEMENTOS ALIMENTICIOS, PRODUCTOS QUE NO SON MEDICAMENTOS. NUESTROS SUPLEMENTOS DIET\u00c9TICOS Y PRODUCTOS COSM\u00c9TICOS NO EST\u00c1N DESTINADOS A SER UTILIZADOS COMO MEDIO PARA CURAR, TRATAR, PREVENIR, DIAGNOSTICAR O MITIGAR NINGUNA ENFERMEDAD U OTRA CONDICI\u00d3N M\u00c9DICA O ANORMAL.   <\/p>\n\t\t\n<style>\n#text-2441429094 {\n  line-height: 1.95;\n}\n<\/style>\n\t<\/div>\n\t\n\n\t\t<\/div>\n\t\t\t\t\t<\/div>\n\n\t\n\n<\/div>\n\n\t\t<\/div>\n\n\t\t\n<style>\n#section_1801840634 {\n  padding-top: 30px;\n  padding-bottom: 30px;\n}\n<\/style>\n\t<\/section>\n\t\n\n\t<section class=\"section\" id=\"section_813843763\">\n\t\t<div class=\"section-bg fill\" >\n\t\t\t\t\t\t\t\t\t\n\t\t\t\n\n\t\t<\/div>\n\n\t\t\n\n\t\t<div class=\"section-content relative\">\n\t\t\t\n\n<div class=\"row\" style=\"max-width:800px\" id=\"row-1818858364\">\n\n\n\t<div id=\"col-745400979\" class=\"col medium-6 small-12 large-6\"  >\n\t\t\t\t<div class=\"col-inner\"  >\n\t\t\t\n\t\t\t\n\n<a href=\"https:\/\/iwantmyhealthback.com\/es\/\" class=\"button primary is-outline expand\" >\n\t\t<span>Cancelar<\/span>\n\t<\/a>\n\n\n\n\t\t<\/div>\n\t\t\t\t\t<\/div>\n\n\t\n\n\t<div id=\"col-284451347\" class=\"col medium-6 small-12 large-6\"  >\n\t\t\t\t<div class=\"col-inner\"  >\n\t\t\t\n\t\t\t\n\n<a href=\"https:\/\/iwantmyhealthback.com\/es\/publicaciones-sobre-metadichol-disponibles-en-sitios-web-independientes\/\" class=\"button primary expand\" >\n\t\t<span>Contin\u00faa en<\/span>\n\t<\/a>\n\n\n\n\t\t<\/div>\n\t\t\t\t\t<\/div>\n\n\t\n\n<\/div>\n\n\t\t<\/div>\n\n\t\t\n<style>\n#section_813843763 {\n  padding-top: 30px;\n  padding-bottom: 30px;\n}\n<\/style>\n\t<\/section>\n\t\n\n","protected":false},"excerpt":{"rendered":"","protected":false},"author":2,"featured_media":0,"parent":0,"menu_order":0,"comment_status":"closed","ping_status":"closed","template":"page-blank.php","meta":{"bwfblock_default_font":"","_uag_custom_page_level_css":"","footnotes":""},"class_list":["post-4345","page","type-page","status-publish","hentry"],"uagb_featured_image_src":{"full":false,"thumbnail":false,"medium":false,"medium_large":false,"large":false,"1536x1536":false,"2048x2048":false,"woocommerce_thumbnail":false,"woocommerce_single":false,"woocommerce_gallery_thumbnail":false},"uagb_author_info":{"display_name":"IWantMyHealthBack","author_link":"https:\/\/iwantmyhealthback.com\/es\/author\/anthonette\/"},"uagb_comment_info":0,"uagb_excerpt":null,"_links":{"self":[{"href":"https:\/\/iwantmyhealthback.com\/es\/wp-json\/wp\/v2\/pages\/4345","targetHints":{"allow":["GET"]}}],"collection":[{"href":"https:\/\/iwantmyhealthback.com\/es\/wp-json\/wp\/v2\/pages"}],"about":[{"href":"https:\/\/iwantmyhealthback.com\/es\/wp-json\/wp\/v2\/types\/page"}],"author":[{"embeddable":true,"href":"https:\/\/iwantmyhealthback.com\/es\/wp-json\/wp\/v2\/users\/2"}],"replies":[{"embeddable":true,"href":"https:\/\/iwantmyhealthback.com\/es\/wp-json\/wp\/v2\/comments?post=4345"}],"version-history":[{"count":0,"href":"https:\/\/iwantmyhealthback.com\/es\/wp-json\/wp\/v2\/pages\/4345\/revisions"}],"wp:attachment":[{"href":"https:\/\/iwantmyhealthback.com\/es\/wp-json\/wp\/v2\/media?parent=4345"}],"curies":[{"name":"wp","href":"https:\/\/api.w.org\/{rel}","templated":true}]}}