{"id":4341,"date":"2024-07-07T04:00:05","date_gmt":"2024-07-07T08:00:05","guid":{"rendered":"https:\/\/iwantmyhealthback.com\/publicaciones-sobre-metadichol\/"},"modified":"2025-05-21T08:42:02","modified_gmt":"2025-05-21T12:42:02","slug":"publicaciones-sobre-metadichol","status":"publish","type":"page","link":"https:\/\/iwantmyhealthback.com\/es\/publicaciones-sobre-metadichol\/","title":{"rendered":"Publicaciones sobre Metadichol"},"content":{"rendered":"\n\n\t<section class=\"section has-scroll-for-more\" id=\"section_1126316339\">\n\t\t<div class=\"section-bg fill\" >\n\t\t\t\t\t\t\t\t\t<button class=\"scroll-for-more z-5 icon absolute bottom h-center\" aria-label=\"Despl\u00e1cese para m\u00e1s\"><i class=\"icon-angle-down\" aria-hidden=\"true\" style=\"font-size:42px;\"><\/i><\/button>\n\t\t\t\n\t<div class=\"is-border\"\n\t\tstyle=\"border-width:0px 0px 0px 0px;\">\n\t<\/div>\n\n\t\t<\/div>\n\n\t\t\n\n\t\t<div class=\"section-content relative\">\n\t\t\t\n\n<div class=\"row align-center\"  id=\"row-654748879\">\n\n\n\t<div id=\"col-2085581588\" class=\"col medium-8 small-10 large-10\"  >\n\t\t\t\t<div class=\"col-inner text-center\"  >\n\t\t\t\n\t\t\t\n\n<h3>Ciencia<\/h3>\n<h2 style=\"font-size: 250%;\">Publicaciones sobre Metadichol\u00ae\u00a0disponibles en sitios web independientes<\/h2>\n\n\t\t<\/div>\n\t\t\t\t\n<style>\n#col-2085581588 > .col-inner {\n  padding: 40px 0px 0px 0px;\n}\n<\/style>\n\t<\/div>\n\n\t\n\n<\/div>\n\n\t\t<\/div>\n\n\t\t\n<style>\n#section_1126316339 {\n  padding-top: 0px;\n  padding-bottom: 0px;\n}\n@media (min-width:550px) {\n  #section_1126316339 {\n    padding-top: 30px;\n    padding-bottom: 30px;\n  }\n}\n<\/style>\n\t<\/section>\n\t\n<div class=\"row\" style=\"max-width:1200px\" id=\"row-642168395\">\n\n\n\t<div id=\"col-724643698\" class=\"col small-12 large-12\"  >\n\t\t\t\t<div class=\"col-inner\"  >\n\t\t\t\n\t<div class=\"is-border\"\n\t\tstyle=\"border-width:0px 0px 1px 0px;\">\n\t<\/div>\n\t\t\t\n\n\t<div id=\"text-1743817545\" class=\"text\">\n\t\t\n\n<p>Para mayor claridad, la informaci\u00f3n de este sitio web o de los sitios web enlazados no pretende diagnosticar, tratar, curar ni prevenir ninguna enfermedad. La informaci\u00f3n se presenta \u00fanicamente con fines educativos y no pretende diagnosticar ni prescribir ninguna afecci\u00f3n m\u00e9dica o psicol\u00f3gica, ni prevenir, tratar, mitigar o curar dichas afecciones. La informaci\u00f3n aqu\u00ed contenida no pretende sustituir la relaci\u00f3n personal con un m\u00e9dico o profesional sanitario cualificado. Por tanto, esta informaci\u00f3n no pretende ser un consejo m\u00e9dico, sino un intercambio de conocimientos e informaci\u00f3n basados en la investigaci\u00f3n y la experiencia.<\/p>\n<p>Las declaraciones de este sitio o de los sitios enlazados no han sido evaluadas por la Administraci\u00f3n de Alimentos y Medicamentos, a menos que se indique lo contrario.<\/p>\n\t\t\n<style>\n#text-1743817545 {\n  font-size: 1rem;\n  line-height: 1.85;\n  text-align: center;\n}\n<\/style>\n\t<\/div>\n\t\n\n\t\t<\/div>\n\t\t\t\t\t<\/div>\n\n\t\n\n\t<div id=\"col-615355472\" class=\"col small-12 large-12\"  >\n\t\t\t\t<div class=\"col-inner\"  >\n\t\t\t\n\t\t\t\n\n\t<div id=\"text-1551698229\" class=\"text\">\n\t\t\n\n<p><strong>Si deseas leer nuestra colecci\u00f3n de publicaciones, acceder\u00e1s a otro sitio web. Para aceptarlo, haz clic en &#8220;Ir a Publicaciones&#8221;.<\/strong><\/p>\n\t\t\n<style>\n#text-1551698229 {\n  text-align: center;\n}\n<\/style>\n\t<\/div>\n\t\n\n\t\t<\/div>\n\t\t\t\t\t<\/div>\n\n\t\n\n<\/div>\n\n\t<section class=\"section\" id=\"section_355137398\">\n\t\t<div class=\"section-bg fill\" >\n\t\t\t\t\t\t\t\t\t\n\t\t\t\n\n\t\t<\/div>\n\n\t\t\n\n\t\t<div class=\"section-content relative\">\n\t\t\t\n\n<div class=\"row align-center\" style=\"max-width:800px\" id=\"row-1105326573\">\n\n\n\t<div id=\"col-1938957222\" class=\"col medium-6 small-12 large-6\"  >\n\t\t\t\t<div class=\"col-inner\"  >\n\t\t\t\n\t\t\t\n\n<a href=\"https:\/\/magicdichol.info\/\" class=\"button primary is-outline expand\" target=\"_blank\" rel=\"noopener\">\n\t\t<span>Cancelar<\/span>\n\t<\/a>\n\n\n\n\t\t<\/div>\n\t\t\t\t\t<\/div>\n\n\t\n\n\t<div id=\"col-1595846916\" class=\"col medium-6 small-12 large-6\"  >\n\t\t\t\t<div class=\"col-inner\"  >\n\t\t\t\n\t\t\t\n\n<a href=\"https:\/\/iwantmyhealthback.com\/publications-about-magicdichol-family-of-products\/\" class=\"button primary expand\">\n\t\t<span>Ir a Publicaciones<\/span>\n\t<\/a>\n\n\n\n\t\t<\/div>\n\t\t\t\t\t<\/div>\n\n\t\n\n<\/div>\n\n\t\t<\/div>\n\n\t\t\n<style>\n#section_355137398 {\n  padding-top: 30px;\n  padding-bottom: 30px;\n}\n<\/style>\n\t<\/section>\n\t\n\n","protected":false},"excerpt":{"rendered":"","protected":false},"author":2,"featured_media":0,"parent":0,"menu_order":0,"comment_status":"closed","ping_status":"closed","template":"page-blank.php","meta":{"bwfblock_default_font":"","_uag_custom_page_level_css":"","footnotes":""},"class_list":["post-4341","page","type-page","status-publish","hentry"],"uagb_featured_image_src":{"full":false,"thumbnail":false,"medium":false,"medium_large":false,"large":false,"1536x1536":false,"2048x2048":false,"woocommerce_thumbnail":false,"woocommerce_single":false,"woocommerce_gallery_thumbnail":false},"uagb_author_info":{"display_name":"IWantMyHealthBack","author_link":"https:\/\/iwantmyhealthback.com\/es\/author\/anthonette\/"},"uagb_comment_info":0,"uagb_excerpt":null,"_links":{"self":[{"href":"https:\/\/iwantmyhealthback.com\/es\/wp-json\/wp\/v2\/pages\/4341","targetHints":{"allow":["GET"]}}],"collection":[{"href":"https:\/\/iwantmyhealthback.com\/es\/wp-json\/wp\/v2\/pages"}],"about":[{"href":"https:\/\/iwantmyhealthback.com\/es\/wp-json\/wp\/v2\/types\/page"}],"author":[{"embeddable":true,"href":"https:\/\/iwantmyhealthback.com\/es\/wp-json\/wp\/v2\/users\/2"}],"replies":[{"embeddable":true,"href":"https:\/\/iwantmyhealthback.com\/es\/wp-json\/wp\/v2\/comments?post=4341"}],"version-history":[{"count":0,"href":"https:\/\/iwantmyhealthback.com\/es\/wp-json\/wp\/v2\/pages\/4341\/revisions"}],"wp:attachment":[{"href":"https:\/\/iwantmyhealthback.com\/es\/wp-json\/wp\/v2\/media?parent=4341"}],"curies":[{"name":"wp","href":"https:\/\/api.w.org\/{rel}","templated":true}]}}