{"id":4336,"date":"2024-07-07T03:56:08","date_gmt":"2024-07-07T07:56:08","guid":{"rendered":"https:\/\/iwantmyhealthback.com\/metadichol-patentes-en-ee-uu\/"},"modified":"2025-06-19T08:43:34","modified_gmt":"2025-06-19T12:43:34","slug":"metadichol-patentes-en-ee-uu","status":"publish","type":"page","link":"https:\/\/iwantmyhealthback.com\/es\/metadichol-patentes-en-ee-uu\/","title":{"rendered":"METADICHOL\u00ae PATENTES EN EE.UU."},"content":{"rendered":"\n\n\t<section class=\"section has-scroll-for-more\" id=\"section_1710944137\">\n\t\t<div class=\"section-bg fill\" >\n\t\t\t\t\t\t\t\t\t<button class=\"scroll-for-more z-5 icon absolute bottom h-center\" aria-label=\"Despl\u00e1cese para m\u00e1s\"><i class=\"icon-angle-down\" aria-hidden=\"true\" style=\"font-size:42px;\"><\/i><\/button>\n\t\t\t\n\t<div class=\"is-border\"\n\t\tstyle=\"border-width:0px 0px 0px 0px;\">\n\t<\/div>\n\n\t\t<\/div>\n\n\t\t\n\n\t\t<div class=\"section-content relative\">\n\t\t\t\n\n<div class=\"row align-center\"  id=\"row-1141768223\">\n\n\n\t<div id=\"col-981552644\" class=\"col medium-8 small-10 large-10\"  >\n\t\t\t\t<div class=\"col-inner text-center\"  >\n\t\t\t\n\t\t\t\n\n<h3>Ciencia<\/h3>\n<h2 style=\"font-size:250%;\">METADICHOL\u00ae PATENTES EN EE.UU.<\/h2>\n\n\n\t\t<\/div>\n\t\t\t\t\n<style>\n#col-981552644 > .col-inner {\n  padding: 40px 0px 0px 0px;\n}\n<\/style>\n\t<\/div>\n\n\t\n\n<\/div>\n\n\t\t<\/div>\n\n\t\t\n<style>\n#section_1710944137 {\n  padding-top: 0px;\n  padding-bottom: 0px;\n}\n@media (min-width:550px) {\n  #section_1710944137 {\n    padding-top: 30px;\n    padding-bottom: 30px;\n  }\n}\n<\/style>\n\t<\/section>\n\t\n\n\t<section class=\"section\" id=\"section_1285867056\">\n\t\t<div class=\"section-bg fill\" >\n\t\t\t\t\t\t\t\t\t\n\t\t\t\n\n\t\t<\/div>\n\n\t\t\n\n\t\t<div class=\"section-content relative\">\n\t\t\t\n\n<div class=\"row row-large\"  id=\"row-1946860916\">\n\n\n\t<div id=\"col-1331509265\" class=\"col medium-5 small-12 large-5\"  >\n\t\t\t\t<div class=\"col-inner\"  >\n\t\t\t\n\t\t\t\n\n<h6 class=\"uppercase secondary-color\">Ciencia<\/h6>\n<h1>N\u00ba de patentes de EE.UU.<\/h1>\n<p>Estas afirmaciones no han sido evaluadas por la Administraci\u00f3n de Alimentos y Medicamentos de EEUU. Este producto no pretende diagnosticar ni prescribir ninguna afecci\u00f3n m\u00e9dica, ni prevenir, tratar, mitigar o curar dicha afecci\u00f3n. Si tienes alguna enfermedad o afecci\u00f3n m\u00e9dica, consulta a tu profesional sanitario.  <\/p>\n<div class=\"accordion\">\n\n\t<div id=\"accordion-2597826776\" class=\"accordion-item\">\n\t\t<a id=\"accordion-2597826776-label\" class=\"accordion-title plain\" href=\"#accordion-item-patente-n\u00ba-us-8.722.093-b2-\" aria-expanded=\"false\" aria-controls=\"accordion-2597826776-content\">\n\t\t\t<button class=\"toggle\" aria-label=\"Toggle\"><i class=\"icon-angle-down\" aria-hidden=\"true\"><\/i><\/button>\n\t\t\t<span>Patente n\u00ba US 8.722.093 B2 <\/span>\n\t\t<\/a>\n\t\t<div id=\"accordion-2597826776-content\" class=\"accordion-inner\" aria-labelledby=\"accordion-2597826776-label\">\n\t\t\t\n\n<p>Un m\u00e9todo para aumentar el nivel s\u00e9rico de vitamina C en un sujeto.Un m\u00e9todo para inhibir el nivel de prote\u00edna NF-\u03baB en un sujeto.Un m\u00e9todo para aumentar el nivel de adiponectina en un sujeto.Un m\u00e9todo para reducir el nivel de TNF alfa en un sujeto.<\/p>\n\n\t\t<\/div>\n\t<\/div>\n\t\n\t<div id=\"accordion-1129842889\" class=\"accordion-item\">\n\t\t<a id=\"accordion-1129842889-label\" class=\"accordion-title plain\" href=\"#accordion-item-patente-estadounidense-n\u00ba-us-9.006.292-b2-\" aria-expanded=\"false\" aria-controls=\"accordion-1129842889-content\">\n\t\t\t<button class=\"toggle\" aria-label=\"Toggle\"><i class=\"icon-angle-down\" aria-hidden=\"true\"><\/i><\/button>\n\t\t\t<span>Patente estadounidense n\u00ba US 9.006.292 B2 <\/span>\n\t\t<\/a>\n\t\t<div id=\"accordion-1129842889-content\" class=\"accordion-inner\" aria-labelledby=\"accordion-1129842889-label\">\n\t\t\t\n\n<p>Un m\u00e9todo para tratar una enfermedad cut\u00e1nea en un sujeto, que comprende: psoriasis, dermatitis at\u00f3pica, derma&#8230;tis de contacto y otras afecciones relacionadas con los niveles de az\u00facar en sangre. En otras realizaciones, las formulaciones sirven para regular, por ejemplo, aumentar, los niveles plasm\u00e1ticos de vitamina C y reducir la presi\u00f3n arterial sist\u00f3lica y diast\u00f3lica. En otras realizaciones, las formulaciones sirven para inhibir el PAI-1 (inhibidor de la activaci\u00f3n del plasmin\u00f3geno). En otras realizaciones, las formulaciones sirven para aumentar la DDP-IV, que podr\u00eda ser \u00fatil en el tratamiento del c\u00e1ncer.   <\/p>\n\n\t\t<\/div>\n\t<\/div>\n\t\n\n<\/div>\n\n\t\t<\/div>\n\t\t\t\t\t<\/div>\n\n\t\n\n\t<div id=\"col-1501290466\" class=\"col hide-for-small medium-1 small-12 large-1\"  >\n\t\t\t\t<div class=\"col-inner\"  >\n\t\t\t\n\t\t\t\n\n\t<div id=\"gap-1673723913\" class=\"gap-element clearfix\" style=\"display:block; height:auto;\">\n\t\t\n<style>\n#gap-1673723913 {\n  padding-top: 360px;\n}\n<\/style>\n\t<\/div>\n\t\n\n\n\t\t<\/div>\n\t\t\t\t\n<style>\n#col-1501290466 > .col-inner {\n  margin: -20px -80px -20px 80px;\n}\n<\/style>\n\t<\/div>\n\n\t\n\n\t<div id=\"col-1269587188\" class=\"col medium-6 small-12 large-6 small-col-first\"  >\n\t\t\t\t<div class=\"col-inner\"  >\n\t\t\t\n\t\t\t\n\n\n  <div class=\"banner has-hover\" id=\"banner-1380217821\">\n          <div class=\"banner-inner fill\">\n        <div class=\"banner-bg fill\" >\n            <img loading=\"lazy\" decoding=\"async\" width=\"1080\" height=\"1080\" src=\"https:\/\/iwantmyhealthback.com\/wp-content\/uploads\/2024\/07\/US-Patented.jpg\" class=\"bg attachment-original size-original\" alt=\"\" \/>                                    \n                    <\/div>\n\t\t\n        <div class=\"banner-layers container\">\n            <div class=\"fill banner-link\"><\/div>            \n\n   <div id=\"text-box-375159277\" class=\"text-box banner-layer x50 md-x50 lg-x50 y50 md-y50 lg-y50 res-text\">\n                                <div class=\"text-box-content text dark\">\n              \n              <div class=\"text-inner text-center\">\n                  \n\n\n              <\/div>\n           <\/div>\n                            \n<style>\n#text-box-375159277 {\n  width: 60%;\n}\n#text-box-375159277 .text-box-content {\n  font-size: 100%;\n}\n@media (min-width:550px) {\n  #text-box-375159277 {\n    width: 60%;\n  }\n}\n<\/style>\n    <\/div>\n \n\n        <\/div>\n      <\/div>\n\n            \n<style>\n#banner-1380217821 {\n  padding-top: 400px;\n  background-color: rgb(247, 245, 244);\n}\n<\/style>\n  <\/div>\n\n\n\n\t\t<\/div>\n\t\t\t\t\t<\/div>\n\n\t\n\n<\/div>\n<div class=\"row\"  id=\"row-127274366\">\n\n\n\t<div id=\"col-1879494096\" class=\"col small-12 large-12\"  >\n\t\t\t\t<div class=\"col-inner text-center\"  >\n\t\t\t\n\t\t\t\n\n<a href=\"https:\/\/magicdichol.info\/shop-now\" class=\"button primary is-larger\" target=\"_blank\" rel=\"noopener\">\n\t\t<span>COMPRAR AHORA<\/span>\n\t<\/a>\n\n\n\n\t\t<\/div>\n\t\t\t\t\t<\/div>\n\n\t\n\n<\/div>\n\n\t\t<\/div>\n\n\t\t\n<style>\n#section_1285867056 {\n  padding-top: 0px;\n  padding-bottom: 0px;\n}\n@media (min-width:550px) {\n  #section_1285867056 {\n    padding-top: 120px;\n    padding-bottom: 120px;\n  }\n}\n<\/style>\n\t<\/section>\n\t\n\n","protected":false},"excerpt":{"rendered":"","protected":false},"author":2,"featured_media":0,"parent":0,"menu_order":0,"comment_status":"closed","ping_status":"closed","template":"","meta":{"bwfblock_default_font":"","_uag_custom_page_level_css":"","footnotes":""},"class_list":["post-4336","page","type-page","status-publish","hentry"],"uagb_featured_image_src":{"full":false,"thumbnail":false,"medium":false,"medium_large":false,"large":false,"1536x1536":false,"2048x2048":false,"woocommerce_thumbnail":false,"woocommerce_single":false,"woocommerce_gallery_thumbnail":false},"uagb_author_info":{"display_name":"IWantMyHealthBack","author_link":"https:\/\/iwantmyhealthback.com\/es\/author\/anthonette\/"},"uagb_comment_info":0,"uagb_excerpt":null,"_links":{"self":[{"href":"https:\/\/iwantmyhealthback.com\/es\/wp-json\/wp\/v2\/pages\/4336","targetHints":{"allow":["GET"]}}],"collection":[{"href":"https:\/\/iwantmyhealthback.com\/es\/wp-json\/wp\/v2\/pages"}],"about":[{"href":"https:\/\/iwantmyhealthback.com\/es\/wp-json\/wp\/v2\/types\/page"}],"author":[{"embeddable":true,"href":"https:\/\/iwantmyhealthback.com\/es\/wp-json\/wp\/v2\/users\/2"}],"replies":[{"embeddable":true,"href":"https:\/\/iwantmyhealthback.com\/es\/wp-json\/wp\/v2\/comments?post=4336"}],"version-history":[{"count":0,"href":"https:\/\/iwantmyhealthback.com\/es\/wp-json\/wp\/v2\/pages\/4336\/revisions"}],"wp:attachment":[{"href":"https:\/\/iwantmyhealthback.com\/es\/wp-json\/wp\/v2\/media?parent=4336"}],"curies":[{"name":"wp","href":"https:\/\/api.w.org\/{rel}","templated":true}]}}