{"id":2381,"date":"2024-01-23T15:43:17","date_gmt":"2024-01-23T19:43:17","guid":{"rendered":"https:\/\/iwantmyhealthback.com\/mantengamonos-en-contacto\/"},"modified":"2024-01-23T15:43:17","modified_gmt":"2024-01-23T19:43:17","slug":"mantengamonos-en-contacto","status":"publish","type":"page","link":"https:\/\/iwantmyhealthback.com\/es\/mantengamonos-en-contacto\/","title":{"rendered":"Manteng\u00e1monos en contacto"},"content":{"rendered":"<p>Hola  <span id=\"bwfan_contact_name\">John<\/span> <\/p>\n<p>Ay\u00fadanos a mejorar tu experiencia con nosotros mediante una mejor comunicaci\u00f3n. Ajusta tus preferencias para el correo electr\u00f3nico <span id=\"bwfan_contact_email\">john@example.com<\/span>.  <\/p>\n.<\/p>\n","protected":false},"excerpt":{"rendered":"<p>Hola Ay\u00fadanos a mejorar tu experiencia con nosotros mediante una mejor comunicaci\u00f3n. Ajusta tus preferencias para el correo electr\u00f3nico . .<\/p>\n","protected":false},"author":1,"featured_media":0,"parent":0,"menu_order":0,"comment_status":"closed","ping_status":"closed","template":"","meta":{"bwfblock_default_font":"","_uag_custom_page_level_css":"","footnotes":""},"class_list":["post-2381","page","type-page","status-publish","hentry"],"uagb_featured_image_src":{"full":false,"thumbnail":false,"medium":false,"medium_large":false,"large":false,"1536x1536":false,"2048x2048":false,"woocommerce_thumbnail":false,"woocommerce_single":false,"woocommerce_gallery_thumbnail":false},"uagb_author_info":{"display_name":"IWantMyHealthBack","author_link":"https:\/\/iwantmyhealthback.com\/es\/author\/iwantmyhealth\/"},"uagb_comment_info":0,"uagb_excerpt":"Hola Ay\u00fadanos a mejorar tu experiencia con nosotros mediante una mejor comunicaci\u00f3n. Ajusta tus preferencias para el correo electr\u00f3nico . .","_links":{"self":[{"href":"https:\/\/iwantmyhealthback.com\/es\/wp-json\/wp\/v2\/pages\/2381","targetHints":{"allow":["GET"]}}],"collection":[{"href":"https:\/\/iwantmyhealthback.com\/es\/wp-json\/wp\/v2\/pages"}],"about":[{"href":"https:\/\/iwantmyhealthback.com\/es\/wp-json\/wp\/v2\/types\/page"}],"author":[{"embeddable":true,"href":"https:\/\/iwantmyhealthback.com\/es\/wp-json\/wp\/v2\/users\/1"}],"replies":[{"embeddable":true,"href":"https:\/\/iwantmyhealthback.com\/es\/wp-json\/wp\/v2\/comments?post=2381"}],"version-history":[{"count":0,"href":"https:\/\/iwantmyhealthback.com\/es\/wp-json\/wp\/v2\/pages\/2381\/revisions"}],"wp:attachment":[{"href":"https:\/\/iwantmyhealthback.com\/es\/wp-json\/wp\/v2\/media?parent=2381"}],"curies":[{"name":"wp","href":"https:\/\/api.w.org\/{rel}","templated":true}]}}