{"id":2371,"date":"2024-01-20T17:44:25","date_gmt":"2024-01-20T21:44:25","guid":{"rendered":"https:\/\/iwantmyhealthback.com\/politica-de-privacidad\/"},"modified":"2025-04-10T05:16:31","modified_gmt":"2025-04-10T09:16:31","slug":"politica-de-privacidad","status":"publish","type":"page","link":"https:\/\/iwantmyhealthback.com\/es\/politica-de-privacidad\/","title":{"rendered":"Pol\u00edtica de privacidad"},"content":{"rendered":"\n\n\t<section class=\"section\" id=\"section_517023024\">\n\t\t<div class=\"section-bg fill\" >\n\t\t\t\t\t\t\t\t\t\n\t\t\t\n\n\t\t<\/div>\n\n\t\t\n\n\t\t<div class=\"section-content relative\">\n\t\t\t\n\n<div class=\"row\"  id=\"row-1058436629\">\n\n\n\t<div id=\"col-353280409\" class=\"col small-12 large-12\"  >\n\t\t\t\t<div class=\"col-inner\"  >\n\t\t\t\n\t\t\t\n\n\t<div id=\"text-1232464690\" class=\"text\">\n\t\t\n\n<h1><span style=\"font-size: 130%;\">Pol\u00edtica de privacidad<\/span><\/h1>\n<p>Pol\u00edtica de privacidad<\/p>\n<p><strong>\u00bfQu\u00e9 informaci\u00f3n recogemos?<\/strong><\/p>\n<p class=\"p1\"><b>MiSaludDeVuelta.com<\/b><\/p>\n<p>recoge informaci\u00f3n tuya cuando te registras en nuestro sitio, haces un pedido, te suscribes a nuestro bolet\u00edn o rellenas un formulario.<\/p>\n<p>Al hacer un pedido o registrarte en nuestro sitio, seg\u00fan proceda, se te puede pedir que introduzcas tu: nombre, direcci\u00f3n de correo electr\u00f3nico o direcci\u00f3n postal. Sin embargo, puedes visitar nuestro sitio de forma an\u00f3nima. <\/p>\n<p>\u00bfPara qu\u00e9 utilizamos tus datos?<\/p>\n<p>Toda la informaci\u00f3n que recopilamos de ti puede utilizarse de una de las siguientes maneras:<\/p>\n<ul>\n<li>Para personalizar tu experiencia<br>(tu informaci\u00f3n nos ayuda a responder mejor a tus necesidades individuales)<\/li>\n<li>Para mejorar nuestro sitio web<br>(nos esforzamos continuamente por mejorar la oferta de nuestro sitio web bas\u00e1ndonos en la informaci\u00f3n y los comentarios que recibimos de ti).<\/li>\n<li>Para mejorar el servicio de atenci\u00f3n al cliente<br>(tu informaci\u00f3n nos ayuda a responder m\u00e1s eficazmente a tus solicitudes de servicio de atenci\u00f3n al cliente y a tus necesidades de asistencia).<\/li>\n<li>Para procesar las transacciones<br>Tus datos, ya sean p\u00fablicos o privados, no se vender\u00e1n, intercambiar\u00e1n, transferir\u00e1n ni ceder\u00e1n a ninguna otra empresa por ning\u00fan motivo, sin tu consentimiento, salvo con el fin expreso de entregar el producto adquirido o el servicio solicitado.<\/li>\n<li>Para administrar un concurso, promoci\u00f3n, encuesta u otra funci\u00f3n del sitio web<\/li>\n<li>Para enviar correos electr\u00f3nicos peri\u00f3dicos<\/li>\n<li>La direcci\u00f3n de correo electr\u00f3nico que facilites para tramitar el pedido, podr\u00e1 utilizarse para enviarte informaci\u00f3n y actualizaciones relativas a tu pedido, adem\u00e1s de recibir ocasionalmente noticias de la empresa, actualizaciones, informaci\u00f3n relacionada con productos o servicios, etc.<\/li>\n<\/ul>\n<p>Nota: Si en alg\u00fan momento deseas darte de baja para no recibir futuros correos electr\u00f3nicos, incluimos instrucciones detalladas para darte de baja en la parte inferior de cada correo electr\u00f3nico.<\/p>\n<p><strong>\u00bfC\u00f3mo protegemos tu informaci\u00f3n?<\/strong><\/p>\n<p>Ponemos en pr\u00e1ctica diversas medidas de seguridad para mantener la seguridad de tu informaci\u00f3n personal cuando realizas un pedido o introduces, env\u00edas o accedes a tu informaci\u00f3n personal.<\/p>\n<p>Ofrecemos el uso de un servidor seguro. Toda la informaci\u00f3n sensible suministrada se transmite a trav\u00e9s de la tecnolog\u00eda Secure Socket Layer (SSL) y, a continuaci\u00f3n, se encripta en la base de datos de nuestros proveedores de pasarelas de pago, a la que s\u00f3lo pueden acceder las personas autorizadas con derechos de acceso especiales a dichos sistemas, y que est\u00e1n obligadas a mantener la confidencialidad de la informaci\u00f3n. <\/p>\n<p><strong>\u00bfUtilizamos cookies?<\/strong><\/p>\n<p>S\u00ed (Las cookies son peque\u00f1os archivos que un sitio o su proveedor de servicios transfiere al disco duro de tu ordenador a trav\u00e9s de tu navegador web (si lo permites) y que permiten a los sistemas de los sitios o proveedores de servicios reconocer tu navegador y capturar y recordar cierta informaci\u00f3n).<\/p>\n<p>Utilizamos cookies para ayudarnos a recordar y procesar los art\u00edculos de tu cesta de la compra, entender y guardar tus preferencias para futuras visitas y hacer un seguimiento de los anuncios.<\/p>\n<p><strong>\u00bfDivulgamos informaci\u00f3n a terceros?<\/strong><\/p>\n<p>No vendemos, comerciamos ni transferimos de ning\u00fan otro modo a terceros tu informaci\u00f3n personal identificable. Esto no incluye a terceras partes de confianza que nos ayudan a gestionar nuestro sitio web, a llevar a cabo nuestro negocio o a prestarte servicios, siempre que dichas partes acepten mantener la confidencialidad de esta informaci\u00f3n. Tambi\u00e9n podemos divulgar tu informaci\u00f3n cuando creamos que es apropiado para cumplir la ley, hacer cumplir las pol\u00edticas de nuestro sitio o proteger nuestros derechos, propiedad o seguridad o los de otros. Sin embargo, la informaci\u00f3n no identificable personalmente del visitante puede ser proporcionada a otras partes para fines de marketing, publicidad u otros usos.   <\/p>\n<p><strong>Enlaces de terceros<\/strong><\/p>\n<p>Ocasionalmente, a nuestra discreci\u00f3n, podemos incluir u ofrecer productos o servicios de terceros en nuestro sitio web. Estos sitios de terceros tienen pol\u00edticas de privacidad separadas e independientes. Por lo tanto, no tenemos ninguna responsabilidad sobre el contenido y las actividades de estos sitios enlazados. No obstante, tratamos de proteger la integridad de nuestro sitio y agradecemos cualquier comentario sobre estos sitios.   <\/p>\n<p><strong>S\u00f3lo pol\u00edtica de privacidad en l\u00ednea<\/strong><\/p>\n<p>Esta pol\u00edtica de privacidad en l\u00ednea s\u00f3lo se aplica a la informaci\u00f3n recogida a trav\u00e9s de nuestro sitio web y no a la informaci\u00f3n recogida fuera de l\u00ednea.<\/p>\n<p><strong>Tu consentimiento<\/strong><\/p>\n<p>Al utilizar nuestro sitio, aceptas nuestra pol\u00edtica de privacidad.<\/p>\n<p><strong>Cambios en nuestra Pol\u00edtica de Privacidad<\/strong><\/p>\n<p>Si decidimos cambiar nuestra pol\u00edtica de privacidad, publicaremos dichos cambios en esta p\u00e1gina, y\/o actualizaremos la fecha de modificaci\u00f3n de la Pol\u00edtica de Privacidad que aparece a continuaci\u00f3n.<\/p>\n<p>Esta pol\u00edtica fue modificada por \u00faltima vez el 27.11.2019<\/p>\n\t\t\n<style>\n#text-1232464690 {\n  line-height: 2.05;\n}\n<\/style>\n\t<\/div>\n\t\n\n\t\t<\/div>\n\t\t\t\t\t<\/div>\n\n\t\n\n<\/div>\n<div class=\"row align-middle align-center hide-for-small\"  id=\"row-379183043\">\n\n\n\t<div id=\"col-319108759\" class=\"col small-12 large-12\"  >\n\t\t\t\t<div class=\"col-inner text-center\"  >\n\t\t\t\n\t\t\t\n\n\t\t<div class=\"hidden\">\n\t\t\t\t\n\n<div class=\"uagb-container-inner-blocks-wrap\" style=\"font-family: Arial\"><p class=\"bwf-adv-heading bwf-adv-head-3a4912f bwf-width-default\"><a href=\"https:\/\/iwantmyhealthback.com\/es\/politica-de-privacidad\/\" data-type=\"page\" data-id=\"3\" target=\"_blank\" rel=\"noreferrer noopener\">Pol\u00edtica de privacidad<\/a>&nbsp;|&nbsp;<a href=\"https:\/\/iwantmyhealthback.com\/es\/terminos-y-condiciones\/\" data-type=\"page\" data-id=\"41\" target=\"_blank\" rel=\"noreferrer noopener\">T\u00e9rminos<\/a>&nbsp;|&nbsp;<a href=\"https:\/\/iwantmyhealthback.com\/es\/politica-de-devoluciones\/\" data-type=\"page\" data-id=\"10\" target=\"_blank\" rel=\"noreferrer noopener\">Pol\u00edtica de devoluciones&nbsp;<\/a>|&nbsp;<a href=\"https:\/\/iwantmyhealthback.com\/es\/contacta-con-nosotros\/\" data-type=\"page\" data-id=\"42\" target=\"_blank\" rel=\"noreferrer noopener\">Contacta con<\/a><br>iWantMyHealthBack.com Copyright. Todos los derechos reservados.<\/p><\/div>\n\t\t<\/div>\n\t\n\n\t\t<\/div>\n\t\t\t\t\t<\/div>\n\n\t\n\n<\/div>\n\n\t\t<\/div>\n\n\t\t\n<style>\n#section_517023024 {\n  padding-top: 30px;\n  padding-bottom: 30px;\n}\n<\/style>\n\t<\/section>\n\t\n\n","protected":false},"excerpt":{"rendered":"","protected":false},"author":1,"featured_media":0,"parent":0,"menu_order":0,"comment_status":"closed","ping_status":"open","template":"","meta":{"bwfblock_default_font":"","_uag_custom_page_level_css":"","footnotes":""},"class_list":["post-2371","page","type-page","status-publish","hentry"],"uagb_featured_image_src":{"full":false,"thumbnail":false,"medium":false,"medium_large":false,"large":false,"1536x1536":false,"2048x2048":false,"woocommerce_thumbnail":false,"woocommerce_single":false,"woocommerce_gallery_thumbnail":false},"uagb_author_info":{"display_name":"IWantMyHealthBack","author_link":"https:\/\/iwantmyhealthback.com\/es\/author\/iwantmyhealth\/"},"uagb_comment_info":0,"uagb_excerpt":null,"_links":{"self":[{"href":"https:\/\/iwantmyhealthback.com\/es\/wp-json\/wp\/v2\/pages\/2371","targetHints":{"allow":["GET"]}}],"collection":[{"href":"https:\/\/iwantmyhealthback.com\/es\/wp-json\/wp\/v2\/pages"}],"about":[{"href":"https:\/\/iwantmyhealthback.com\/es\/wp-json\/wp\/v2\/types\/page"}],"author":[{"embeddable":true,"href":"https:\/\/iwantmyhealthback.com\/es\/wp-json\/wp\/v2\/users\/1"}],"replies":[{"embeddable":true,"href":"https:\/\/iwantmyhealthback.com\/es\/wp-json\/wp\/v2\/comments?post=2371"}],"version-history":[{"count":0,"href":"https:\/\/iwantmyhealthback.com\/es\/wp-json\/wp\/v2\/pages\/2371\/revisions"}],"wp:attachment":[{"href":"https:\/\/iwantmyhealthback.com\/es\/wp-json\/wp\/v2\/media?parent=2371"}],"curies":[{"name":"wp","href":"https:\/\/api.w.org\/{rel}","templated":true}]}}