{"id":2317,"date":"2024-01-22T16:53:16","date_gmt":"2024-01-22T20:53:16","guid":{"rendered":"https:\/\/iwantmyhealthback.com\/politica-de-devoluciones\/"},"modified":"2024-05-07T13:00:43","modified_gmt":"2024-05-07T17:00:43","slug":"politica-de-devoluciones","status":"publish","type":"page","link":"https:\/\/iwantmyhealthback.com\/es\/politica-de-devoluciones\/","title":{"rendered":"Pol\u00edtica de devoluciones"},"content":{"rendered":"\n\n\t<section class=\"section\" id=\"section_595098273\">\n\t\t<div class=\"section-bg fill\" >\n\t\t\t\t\t\t\t\t\t\n\t\t\t\n\n\t\t<\/div>\n\n\t\t\n\n\t\t<div class=\"section-content relative\">\n\t\t\t\n\n<div class=\"row\"  id=\"row-1962652111\">\n\n\n\t<div id=\"col-1104969598\" class=\"col small-12 large-12\"  >\n\t\t\t\t<div class=\"col-inner\"  >\n\t\t\t\n\t\t\t\n\n\t<div id=\"text-1891334550\" class=\"text\">\n\t\t\n\n<h1><span style=\"font-size: 130%;\">Pol\u00edtica de devoluciones<\/span><\/h1>\n<p>Gracias por comprar nuestros productos en iWantMyHealthBack.com<\/p>\n<p>Para poder optar al reembolso, tienes que devolver el producto en un plazo de 30 d\u00edas naturales a partir de la fecha de compra. El producto debe estar en las mismas condiciones en que lo recibiste y sin ning\u00fan da\u00f1o.<\/p>\n<p>Cuando recibamos tu art\u00edculo, nuestro equipo de profesionales lo inspeccionar\u00e1 y tramitar\u00e1 tu devoluci\u00f3n. El dinero se reembolsar\u00e1 al m\u00e9todo de pago original que hayas utilizado durante la compra. Para los pagos con tarjeta de cr\u00e9dito, el reembolso puede tardar de 5 a 10 d\u00edas laborables en aparecer en el extracto de tu tarjeta de cr\u00e9dito.<\/p>\n<p>Si el producto est\u00e1 da\u00f1ado de alg\u00fan modo o has iniciado la devoluci\u00f3n despu\u00e9s de que hayan transcurrido 30 d\u00edas naturales, no tendr\u00e1s derecho al reembolso.<\/p>\n<p>Si algo no est\u00e1 claro o tienes m\u00e1s preguntas, no dudes en ponerte en contacto con nuestro equipo de atenci\u00f3n al cliente en <a href=\"mailto:@iwantmyhealthback.com\">help@iwantmyhealthback.com<\/a>.<\/p>\n\t\t\n<style>\n#text-1891334550 {\n  line-height: 2.05;\n  color: rgb(0,0,0);\n}\n#text-1891334550 > * {\n  color: rgb(0,0,0);\n}\n<\/style>\n\t<\/div>\n\t\n\n\t\t<\/div>\n\t\t\t\t\t<\/div>\n\n\t\n\n<\/div>\n<div class=\"row align-middle align-center\"  id=\"row-254320840\">\n\n\n\t<div id=\"col-90062000\" class=\"col small-12 large-12\"  >\n\t\t\t\t<div class=\"col-inner text-center\"  >\n\t\t\t\n\t\t\t\n\n\t\t<div class=\"hidden\">\n\t\t\t\t\n\n<div class=\"uagb-container-inner-blocks-wrap\" style=\"font-family: Arial\"><p class=\"bwf-adv-heading bwf-adv-head-3a4912f bwf-width-default\"><a href=\"https:\/\/iwantmyhealthback.com\/privacy-policy\/\" data-type=\"page\" data-id=\"3\" target=\"_blank\" rel=\"noreferrer noopener\">Pol\u00edtica de privacidad<\/a>&nbsp;|&nbsp;<a href=\"https:\/\/iwantmyhealthback.com\/es\/terminos-y-condiciones\/\" data-type=\"page\" data-id=\"41\" target=\"_blank\" rel=\"noreferrer noopener\">T\u00e9rminos<\/a>&nbsp;|&nbsp;<a href=\"https:\/\/iwantmyhealthback.com\/es\/politica-de-devoluciones\/\" data-type=\"page\" data-id=\"10\" target=\"_blank\" rel=\"noreferrer noopener\">Pol\u00edtica de devoluciones&nbsp;<\/a>|&nbsp;<a href=\"https:\/\/iwantmyhealthback.com\/contact-us\/\" data-type=\"page\" data-id=\"42\" target=\"_blank\" rel=\"noreferrer noopener\">Ponte en contacto con<\/a><br>iWantMyHealthBack.com Derechos de autor. Todos los derechos reservados.<\/p><\/div>\n\t\t<\/div>\n\t\n\n\t\t<\/div>\n\t\t\t\t\t<\/div>\n\n\t\n\n<\/div>\n\n\t\t<\/div>\n\n\t\t\n<style>\n#section_595098273 {\n  padding-top: 30px;\n  padding-bottom: 30px;\n}\n<\/style>\n\t<\/section>\n\t\n\t<div id=\"gap-286811519\" class=\"gap-element clearfix\" style=\"display:block; height:auto;\">\n\t\t\n<style>\n#gap-286811519 {\n  padding-top: 27px;\n}\n@media (min-width:550px) {\n  #gap-286811519 {\n    padding-top: 100px;\n  }\n}\n<\/style>\n\t<\/div>\n\t\n\n\n","protected":false},"excerpt":{"rendered":"","protected":false},"author":1,"featured_media":0,"parent":0,"menu_order":0,"comment_status":"closed","ping_status":"closed","template":"","meta":{"bwfblock_default_font":"","_uag_custom_page_level_css":"","footnotes":""},"class_list":["post-2317","page","type-page","status-publish","hentry"],"uagb_featured_image_src":{"full":false,"thumbnail":false,"medium":false,"medium_large":false,"large":false,"1536x1536":false,"2048x2048":false,"woocommerce_thumbnail":false,"woocommerce_single":false,"woocommerce_gallery_thumbnail":false},"uagb_author_info":{"display_name":"IWantMyHealthBack","author_link":"https:\/\/iwantmyhealthback.com\/es\/author\/iwantmyhealth\/"},"uagb_comment_info":0,"uagb_excerpt":null,"_links":{"self":[{"href":"https:\/\/iwantmyhealthback.com\/es\/wp-json\/wp\/v2\/pages\/2317","targetHints":{"allow":["GET"]}}],"collection":[{"href":"https:\/\/iwantmyhealthback.com\/es\/wp-json\/wp\/v2\/pages"}],"about":[{"href":"https:\/\/iwantmyhealthback.com\/es\/wp-json\/wp\/v2\/types\/page"}],"author":[{"embeddable":true,"href":"https:\/\/iwantmyhealthback.com\/es\/wp-json\/wp\/v2\/users\/1"}],"replies":[{"embeddable":true,"href":"https:\/\/iwantmyhealthback.com\/es\/wp-json\/wp\/v2\/comments?post=2317"}],"version-history":[{"count":0,"href":"https:\/\/iwantmyhealthback.com\/es\/wp-json\/wp\/v2\/pages\/2317\/revisions"}],"wp:attachment":[{"href":"https:\/\/iwantmyhealthback.com\/es\/wp-json\/wp\/v2\/media?parent=2317"}],"curies":[{"name":"wp","href":"https:\/\/api.w.org\/{rel}","templated":true}]}}