{"id":2189,"date":"2024-01-22T16:47:54","date_gmt":"2024-01-22T20:47:54","guid":{"rendered":"https:\/\/iwantmyhealthback.com\/terminos-y-condiciones\/"},"modified":"2024-06-17T05:18:18","modified_gmt":"2024-06-17T09:18:18","slug":"terminos-y-condiciones","status":"publish","type":"page","link":"https:\/\/iwantmyhealthback.com\/es\/terminos-y-condiciones\/","title":{"rendered":"T\u00e9rminos y condiciones"},"content":{"rendered":"\n\n\t<section class=\"section\" id=\"section_623017652\">\n\t\t<div class=\"section-bg fill\" >\n\t\t\t\t\t\t\t\t\t\n\t\t\t\n\n\t\t<\/div>\n\n\t\t\n\n\t\t<div class=\"section-content relative\">\n\t\t\t\n\n<div class=\"row\"  id=\"row-1685315287\">\n\n\n\t<div id=\"col-815350639\" class=\"col small-12 large-12\"  >\n\t\t\t\t<div class=\"col-inner\"  >\n\t\t\t\n\t\t\t\n\n\t<div id=\"text-1734103907\" class=\"text\">\n\t\t\n\n<h1><span style=\"font-size: 130%;\">Condiciones de uso del sitio web<\/span><\/h1>\n<p>Declaraci\u00f3n de uso del sitio<\/p>\n<p>Alcance de esta Declaraci\u00f3n &#8212; Al entrar y seguir utilizando el Sitio Web desde el que has llegado a esta Declaraci\u00f3n, aceptas las Condiciones de esta Declaraci\u00f3n. Esta Declaraci\u00f3n de Privacidad\/Informaci\u00f3n ha sido adoptada por <b>IWantmyHealthBack.Com<\/b><\/p>\n<p>.<\/p>\n<p>La organizaci\u00f3n se reserva todos los derechos.<\/p>\n<p>Ni ellos ni el resto del personal de la Organizaci\u00f3n pueden diagnosticar o tratar dolencias o enfermedades m\u00e9dicas. Las personas que necesiten atenci\u00f3n m\u00e9dica deben consultar a un m\u00e9dico titulado.<\/p>\n<p>El contenido de los sitios web enlazados a esta Declaraci\u00f3n est\u00e1 destinado \u00fanicamente a las jurisdicciones en las que proporcionar dicha informaci\u00f3n es legal.<\/p>\n<p>El acceso y uso de este sitio est\u00e1n sujetos a los siguientes t\u00e9rminos y condiciones y a todas las leyes aplicables. Puedes navegar por este sitio para entretenimiento personal e informaci\u00f3n. Sin embargo, no distribuyas, modifiques, transmitas ni revises el contenido de este sitio sin nuestro permiso por escrito. Los contenidos de los sitios que enlazan con esta Declaraci\u00f3n incluyen materiales protegidos por derechos de autor que se utilizan con permiso o se ofrecen bajo la excepci\u00f3n de Uso Justo.<\/p>\n<p>No ofrecemos ninguna garant\u00eda ni hacemos ninguna declaraci\u00f3n sobre la exactitud o integridad del contenido de este sitio o del contenido de cualquier sitio o sitios vinculados a este sitio. Ni la Organizaci\u00f3n ni ninguna de sus filiales ser\u00e1 responsable de ning\u00fan da\u00f1o directo, incidental, consecuente, indirecto o punitivo que se derive del acceso o uso de cualquier contenido de este sitio o del contenido de cualquier sitio o sitios vinculados a este sitio.<\/p>\n<p>Cualquier comunicaci\u00f3n o material que publiques o nos transmitas a trav\u00e9s de Internet es y ser\u00e1 tratado como no confidencial y sin derechos de propiedad (salvo lo dispuesto en la Pol\u00edtica de Privacidad). Al transmitir o publicar cualquier comunicaci\u00f3n o material en estos sitios, aceptas que la Organizaci\u00f3n o cualquiera de sus afiliados pueda utilizar tu comunicaci\u00f3n o material para cualquier fin, incluida la reproducci\u00f3n, transmisi\u00f3n, publicaci\u00f3n, difusi\u00f3n y env\u00edo. Es posible que no podamos responder a todos los mensajes publicados en este sitio. Adem\u00e1s, no publiques ni transmitas ning\u00fan material ilegal, amenazador, calumnioso, difamatorio, obsceno, pornogr\u00e1fico o profano, ni ning\u00fan material que pueda constituir o fomentar una conducta que se considere un delito penal o que infrinja cualquier ley. Eliminaremos cualquier declaraci\u00f3n de este tipo.<\/p>\n<p>Todos los nombres, logotipos y marcas que aparecen en este sitio, salvo que se indique lo contrario, son marcas registradas (marcas de servicio) de nuestra propiedad o utilizadas bajo licencia por nosotros o nuestras filiales en las geograf\u00edas donde comercializan productos y servicios que llevan dichas marcas, o son un &#8220;uso justo&#8221; de marcas o materiales protegidos por derechos de autor de otros. Queda estrictamente prohibido el uso ilegal o indebido de marcas, materiales protegidos por derechos de autor o cualquier otro contenido de este sitio, salvo lo dispuesto en estas condiciones o en el contenido del sitio. Al entrar en este sitio, aceptas respetar la marca registrada, los derechos de autor y cualquier otra propiedad intelectual protegida publicada en este sitio o en los sitios conectados a \u00e9l.<\/p>\n<p>Todas las Experiencias de los Consumidores a las que se hace referencia en este sitio web fueron ofrecidas voluntariamente por los creadores sin ning\u00fan tipo de incentivo. Los resultados a los que se hace referencia en las Experiencias de los consumidores pueden no ser t\u00edpicos y los resultados de otros pueden variar.<\/p>\n<p>Cualquier material de terceros al que apunten los enlaces de estos sitios, o que pueda ser accesible a trav\u00e9s de estos sitios, es responsabilidad exclusiva de quienes publican dichos materiales; este sitio y sus afiliados no respaldan ni adoptan ninguna informaci\u00f3n o afirmaci\u00f3n contenida en dichos sitios de terceros. Te proporcionamos enlaces s\u00f3lo para tu comodidad, y los enlaces no implican una aprobaci\u00f3n por nuestra parte del sitio de terceros o de su contenido. Ten en cuenta que las pol\u00edticas de privacidad de los sitios enlazados pueden ser diferentes de las nuestras, y debes leer los t\u00e9rminos, condiciones y pol\u00edticas de privacidad de dichos sitios antes de revelar informaci\u00f3n personal.<\/p>\n<p>Aviso de la Ley de Derechos de Autor del Milenio Digital (&#8220;DMCA&#8221;) &#8211; Los materiales pueden estar disponibles a trav\u00e9s de este sitio web por terceros que no est\u00e1n bajo nuestro control. No tenemos ninguna obligaci\u00f3n de escanear, y no lo hacemos, los contenidos utilizados en relaci\u00f3n con los Sitios para detectar la inclusi\u00f3n de contenidos ilegales o no permitidos. Sin embargo, respetamos los intereses de copyright de los dem\u00e1s. Nuestra pol\u00edtica es no permitir que permanezcan en este sitio web materiales que sepamos que infringen los derechos de autor de terceros. Si crees que alg\u00fan material de este sitio web infringe alg\u00fan derecho de autor, debes enviarnos una notificaci\u00f3n detallada por escrito por correo electr\u00f3nico a help@iwantmyhealthback.com.<\/p>\n<p>.<\/p>\n<p>Adem\u00e1s, la Organizaci\u00f3n no asume ninguna responsabilidad legal por la exactitud, integridad o utilidad de cualquier informaci\u00f3n, producto o proceso aqu\u00ed divulgado, ni por la ausencia de virus inform\u00e1ticos, y no declara que el uso de dicha informaci\u00f3n, producto o proceso no infrinja derechos de propiedad privada.<\/p>\n<p>No ofrecemos productos ni servicios con fines de diagn\u00f3stico, prescripci\u00f3n o tratamiento, ni pretendemos prevenir, mitigar o curar ninguna enfermedad o afecci\u00f3n m\u00e9dica o psicol\u00f3gica. Las declaraciones realizadas en estos sitios web no han sido evaluadas por la Administraci\u00f3n de Alimentos y Medicamentos de los Estados Unidos (FDA) ni por ninguna otra autoridad gubernamental, a menos que se indique espec\u00edficamente lo contrario. No discriminamos por ninguna categorizaci\u00f3n ilegal. Proporcionamos servicios y\/o productos de forma privada, s\u00f3lo con el consentimiento informado del destinatario.<\/p>\n<p>Las sustancias diet\u00e9ticas y de otro tipo, y\/o los materiales, equipos o dispositivos, comentados en este sitio pueden no haber sido sometidos a evaluaci\u00f3n y\/o pruebas por la FDA o agencia similar de cualquier otro pa\u00eds. Se desconocen los riesgos que podr\u00edan determinar dichas pruebas. Cuando estas sustancias son complementos alimenticios, no est\u00e1n destinadas a diagnosticar, tratar, curar o prevenir ninguna enfermedad. En algunas jurisdicciones, algunos de ellos pueden considerarse medicamentos con receta, sustancias controladas o de contrabando o dispositivos m\u00e9dicos. Dado que la informaci\u00f3n publicada en el sitio web es accesible a cualquier persona en todo el mundo, el sitio no ofrece asesoramiento jur\u00eddico, nutricional o m\u00e9dico que pueda aplicarse a un consumidor concreto. Se advierte a los consumidores que consulten con asesores jur\u00eddicos locales y regionalizados y\/o con profesionales sanitarios antes de realizar cualquier compra de afiliaci\u00f3n, productos y\/o servicios en el sitio. Las opiniones expresadas en este sitio, y en los sitios a los que pueda enlazar, no son necesariamente las opiniones de la organizaci\u00f3n patrocinadora y no se adoptan con fines comerciales. Esta informaci\u00f3n no pretende diagnosticar ni prescribir afecciones m\u00e9dicas o psicol\u00f3gicas, ni pretende prevenir, tratar, mitigar o curar dichas afecciones por medios m\u00e9dicos est\u00e1ndar. No proporcionamos diagn\u00f3stico, atenci\u00f3n, tratamiento o rehabilitaci\u00f3n de personas, ni aplicamos principios m\u00e9dicos, de salud mental o de desarrollo humano. Si los productos son beneficiosos para los clientes, dicho beneficio se deriva de su valor nutritivo y no de ninguna alegaci\u00f3n de acci\u00f3n farmacol\u00f3gica. En la medida en que la organizaci\u00f3n es una asociaci\u00f3n privada, este sitio web es &#8220;Asociaci\u00f3n Expresiva&#8221;, que es la expresi\u00f3n de las creencias de la asociaci\u00f3n a trav\u00e9s de sus decisiones y actividades internas.<\/p>\n<p>Si adquieres cualquier servicio o producto a trav\u00e9s del sitio web, reconoces que lo has hecho con tu consentimiento informado y por la presente concedes una Licencia Privada al proveedor de los Servicios para proporcionar dichos productos o servicios.<\/p>\n\t\t\n<style>\n#text-1734103907 {\n  line-height: 2.05;\n  color: rgb(0,0,0);\n}\n#text-1734103907 > * {\n  color: rgb(0,0,0);\n}\n<\/style>\n\t<\/div>\n\t\n\n\t\t<\/div>\n\t\t\t\t\t<\/div>\n\n\t\n\n<\/div>\n<div class=\"row align-middle align-center\"  id=\"row-929942784\">\n\n\n\n<\/div>\n\n\t\t<\/div>\n\n\t\t\n<style>\n#section_623017652 {\n  padding-top: 30px;\n  padding-bottom: 30px;\n}\n<\/style>\n\t<\/section>\n\t\n\n","protected":false},"excerpt":{"rendered":"","protected":false},"author":2,"featured_media":0,"parent":0,"menu_order":0,"comment_status":"closed","ping_status":"closed","template":"","meta":{"bwfblock_default_font":"","_uag_custom_page_level_css":"","footnotes":""},"class_list":["post-2189","page","type-page","status-publish","hentry"],"uagb_featured_image_src":{"full":false,"thumbnail":false,"medium":false,"medium_large":false,"large":false,"1536x1536":false,"2048x2048":false,"woocommerce_thumbnail":false,"woocommerce_single":false,"woocommerce_gallery_thumbnail":false},"uagb_author_info":{"display_name":"IWantMyHealthBack","author_link":"https:\/\/iwantmyhealthback.com\/es\/author\/anthonette\/"},"uagb_comment_info":0,"uagb_excerpt":null,"_links":{"self":[{"href":"https:\/\/iwantmyhealthback.com\/es\/wp-json\/wp\/v2\/pages\/2189","targetHints":{"allow":["GET"]}}],"collection":[{"href":"https:\/\/iwantmyhealthback.com\/es\/wp-json\/wp\/v2\/pages"}],"about":[{"href":"https:\/\/iwantmyhealthback.com\/es\/wp-json\/wp\/v2\/types\/page"}],"author":[{"embeddable":true,"href":"https:\/\/iwantmyhealthback.com\/es\/wp-json\/wp\/v2\/users\/2"}],"replies":[{"embeddable":true,"href":"https:\/\/iwantmyhealthback.com\/es\/wp-json\/wp\/v2\/comments?post=2189"}],"version-history":[{"count":0,"href":"https:\/\/iwantmyhealthback.com\/es\/wp-json\/wp\/v2\/pages\/2189\/revisions"}],"wp:attachment":[{"href":"https:\/\/iwantmyhealthback.com\/es\/wp-json\/wp\/v2\/media?parent=2189"}],"curies":[{"name":"wp","href":"https:\/\/api.w.org\/{rel}","templated":true}]}}