{"id":15315,"date":"2025-07-01T01:37:18","date_gmt":"2025-07-01T05:37:18","guid":{"rendered":"https:\/\/iwantmyhealthback.com\/descargo-de-responsabilidad\/"},"modified":"2025-07-02T02:14:37","modified_gmt":"2025-07-02T06:14:37","slug":"descargo-de-responsabilidad","status":"publish","type":"page","link":"https:\/\/iwantmyhealthback.com\/es\/descargo-de-responsabilidad\/","title":{"rendered":"Descargo de responsabilidad"},"content":{"rendered":"\n\n\t<section class=\"section has-scroll-for-more\" id=\"section_1259132082\">\n\t\t<div class=\"section-bg fill\" >\n\t\t\t\t\t\t\t\t\t<button class=\"scroll-for-more z-5 icon absolute bottom h-center\" aria-label=\"Despl\u00e1cese para m\u00e1s\"><i class=\"icon-angle-down\" aria-hidden=\"true\" style=\"font-size:42px;\"><\/i><\/button>\n\t\t\t\n\t<div class=\"is-border\"\n\t\tstyle=\"border-width:0px 0px 0px 0px;\">\n\t<\/div>\n\n\t\t<\/div>\n\n\t\t\n\n\t\t<div class=\"section-content relative\">\n\t\t\t\n\n<div class=\"row align-center\"  id=\"row-587546116\">\n\n\n\t<div id=\"col-528765982\" class=\"col medium-8 small-10 large-10\"  >\n\t\t\t\t<div class=\"col-inner text-center\"  >\n\t\t\t\n\t\t\t\n\n<h3>Testimonios<\/h3>\n<h2 style=\"font-size:250%;\">Historias reales. Transformaciones reales. <\/h2>\n\n\t\t<\/div>\n\t\t\t\t\n<style>\n#col-528765982 > .col-inner {\n  padding: 40px 0px 0px 0px;\n}\n<\/style>\n\t<\/div>\n\n\t\n\n<\/div>\n\n\t\t<\/div>\n\n\t\t\n<style>\n#section_1259132082 {\n  padding-top: 30px;\n  padding-bottom: 30px;\n}\n<\/style>\n\t<\/section>\n\t\n<div class=\"row\"  id=\"row-1795275288\">\n\n\n\t<div id=\"col-1951474208\" class=\"col small-12 large-12\"  >\n\t\t\t\t<div class=\"col-inner\"  >\n\t\t\t\n\t\t\t\n\n<p>Para mayor claridad, la informaci\u00f3n de este sitio web o de cualquier sitio web enlazado no pretende diagnosticar, tratar, curar ni prevenir ninguna enfermedad. La informaci\u00f3n se presenta \u00fanicamente con fines educativos y no pretende diagnosticar ni prescribir ninguna afecci\u00f3n m\u00e9dica o psicol\u00f3gica, ni prevenir, tratar, mitigar o curar dichas afecciones. La informaci\u00f3n aqu\u00ed contenida no pretende sustituir la relaci\u00f3n personal con un m\u00e9dico o profesional sanitario cualificado. Por tanto, esta informaci\u00f3n no pretende ser un consejo m\u00e9dico, sino un intercambio de conocimientos e informaci\u00f3n basados en la investigaci\u00f3n y la experiencia.   <\/p>\n<p>Las declaraciones de este sitio o de los sitios enlazados no han sido evaluadas por la Administraci\u00f3n de Alimentos y Medicamentos, a menos que se indique lo contrario.<\/p>\n<p>  MagicDichol\u00ae te anima a que tomes tus propias decisiones sobre el cuidado de tu salud bas\u00e1ndote en tu criterio e investigaci\u00f3n en colaboraci\u00f3n con un profesional sanitario cualificado.<\/p>\n<p>NADA DE LO CONTENIDO EN ESTE SITIO WEB PRETENDE NI DEBE INTERPRETARSE COMO CONSEJO M\u00c9DICO. LOS CONSUMIDORES DEBEN CONSULTAR A SUS PROPIOS PROFESIONALES SANITARIOS PARA OBTENER RECOMENDACIONES M\u00c9DICAS INDIVIDUALES. LA INFORMACI\u00d3N DE ESTE SITIO WEB SE REFIERE A SUPLEMENTOS DIET\u00c9TICOS, PRODUCTOS QUE NO SON MEDICAMENTOS. NUESTROS SUPLEMENTOS DIET\u00c9TICOS Y PRODUCTOS COSM\u00c9TICOS NO EST\u00c1N DESTINADOS A SER UTILIZADOS COMO MEDIO PARA CURAR, TRATAR, PREVENIR, DIAGNOSTICAR O MITIGAR NINGUNA ENFERMEDAD U OTRA CONDICI\u00d3N M\u00c9DICA O ANORMAL.   <\/p>\n\n\t\t<\/div>\n\t\t\t\t\t<\/div>\n\n\t\n\n<\/div>\n\n\t<section class=\"section\" id=\"section_647413357\">\n\t\t<div class=\"section-bg fill\" >\n\t\t\t\t\t\t\t\t\t\n\t\t\t\n\n\t\t<\/div>\n\n\t\t\n\n\t\t<div class=\"section-content relative\">\n\t\t\t\n\n<div class=\"row row-full-width align-center\"  id=\"row-571519550\">\n\n\n\t<div id=\"col-267299738\" class=\"col medium-6 small-12 large-6\"  >\n\t\t\t\t<div class=\"col-inner\"  >\n\t\t\t\n\t\t\t\n\n<a href=\"https:\/\/iwantmyhealthback.com\/es\/\" class=\"button primary is-outline expand\" >\n\t\t<span>Cancela<\/span>\n\t<\/a>\n\n\n\n\t\t<\/div>\n\t\t\t\t\t<\/div>\n\n\t\n\n\t<div id=\"col-2063180669\" class=\"col medium-6 small-12 large-6\"  >\n\t\t\t\t<div class=\"col-inner\"  >\n\t\t\t\n\t\t\t\n\n<a href=\"https:\/\/iwantmyhealthback.com\/wp-content\/uploads\/2025\/07\/Metadichol-Testimonials-Gathered-by-Cosmic-Connections.pdf\" class=\"button primary expand\" >\n\t\t<span>Acepto continuar<\/span>\n\t<\/a>\n\n\n\n\t\t<\/div>\n\t\t\t\t\t<\/div>\n\n\t\n\n<\/div>\n\n\t\t<\/div>\n\n\t\t\n<style>\n#section_647413357 {\n  padding-top: 30px;\n  padding-bottom: 30px;\n}\n<\/style>\n\t<\/section>\n\t\n\n","protected":false},"excerpt":{"rendered":"","protected":false},"author":2,"featured_media":0,"parent":0,"menu_order":0,"comment_status":"closed","ping_status":"closed","template":"","meta":{"bwfblock_default_font":"","_uag_custom_page_level_css":"","footnotes":""},"class_list":["post-15315","page","type-page","status-publish","hentry"],"uagb_featured_image_src":{"full":false,"thumbnail":false,"medium":false,"medium_large":false,"large":false,"1536x1536":false,"2048x2048":false,"woocommerce_thumbnail":false,"woocommerce_single":false,"woocommerce_gallery_thumbnail":false},"uagb_author_info":{"display_name":"IWantMyHealthBack","author_link":"https:\/\/iwantmyhealthback.com\/es\/author\/anthonette\/"},"uagb_comment_info":0,"uagb_excerpt":null,"_links":{"self":[{"href":"https:\/\/iwantmyhealthback.com\/es\/wp-json\/wp\/v2\/pages\/15315","targetHints":{"allow":["GET"]}}],"collection":[{"href":"https:\/\/iwantmyhealthback.com\/es\/wp-json\/wp\/v2\/pages"}],"about":[{"href":"https:\/\/iwantmyhealthback.com\/es\/wp-json\/wp\/v2\/types\/page"}],"author":[{"embeddable":true,"href":"https:\/\/iwantmyhealthback.com\/es\/wp-json\/wp\/v2\/users\/2"}],"replies":[{"embeddable":true,"href":"https:\/\/iwantmyhealthback.com\/es\/wp-json\/wp\/v2\/comments?post=15315"}],"version-history":[{"count":0,"href":"https:\/\/iwantmyhealthback.com\/es\/wp-json\/wp\/v2\/pages\/15315\/revisions"}],"wp:attachment":[{"href":"https:\/\/iwantmyhealthback.com\/es\/wp-json\/wp\/v2\/media?parent=15315"}],"curies":[{"name":"wp","href":"https:\/\/api.w.org\/{rel}","templated":true}]}}