{"id":10727,"date":"2025-01-31T12:54:33","date_gmt":"2025-01-31T16:54:33","guid":{"rendered":"https:\/\/iwantmyhealthback.com\/testimonio-de-joanne-aarstol\/"},"modified":"2025-06-19T08:38:09","modified_gmt":"2025-06-19T12:38:09","slug":"testimonio-de-joanne-aarstol","status":"publish","type":"page","link":"https:\/\/iwantmyhealthback.com\/es\/testimonio-de-joanne-aarstol\/","title":{"rendered":"Testimonio de Joanne Aarstol"},"content":{"rendered":"\n\n\t<section class=\"section\" id=\"section_1396580894\">\n\t\t<div class=\"section-bg fill\" >\n\t\t\t\t\t\t\t\t\t\n\t\t\t\n\n\t\t<\/div>\n\n\t\t\n\n\t\t<div class=\"section-content relative\">\n\t\t\t\n\n<div class=\"row\"  id=\"row-908099959\">\n\n\n\t<div id=\"col-503592431\" class=\"col hide-for-small medium-1 small-12 large-1\"  >\n\t\t\t\t<div class=\"col-inner\"  >\n\t\t\t\n\t\t\t\n\n\n\t\t<\/div>\n\t\t\t\t\t<\/div>\n\n\t\n\n\t<div id=\"col-1096830234\" class=\"col medium-10 small-12 large-10\"  >\n\t\t\t\t<div class=\"col-inner text-center\"  >\n\t\t\t\n\t\t\t\n\n\t<div id=\"text-2566639901\" class=\"text\">\n\t\t\n\n<p>Joanne Aarstol comparte su historia de \u00e9xito con la EM y la ayuda de NANO SOMA \u00ae.<\/p>\n\n\t\t\n<style>\n#text-2566639901 {\n  font-size: 1.5rem;\n  text-align: center;\n}\n@media (min-width:850px) {\n  #text-2566639901 {\n    font-size: 2rem;\n  }\n}\n<\/style>\n\t<\/div>\n\t\n<div class=\"video video-fit mb\" style=\"padding-top:56.25%;\"><iframe loading=\"lazy\" title=\"Joanne Aarstol shares her recovery from MS with the help of NANO SOMA\u00ae\" src=\"https:\/\/player.vimeo.com\/video\/933546338?dnt=1&amp;app_id=122963\" width=\"1020\" height=\"574\" frameborder=\"0\" allow=\"autoplay; fullscreen; picture-in-picture; clipboard-write; encrypted-media; web-share\"><\/iframe><\/div>\n\n<a href=\"https:\/\/iwantmyhealthback.com\/es\/comprar-ahora\/\" target=\"_blank\" class=\"button primary is-larger\" rel=\"noopener\" style=\"border-radius:10px;\">\n\t\t<span>\u00a1CONSIGUE NANO SOMA\u00ae AHORA!<\/span>\n\t<\/a>\n\n\n\n\t\t<\/div>\n\t\t\t\t\t<\/div>\n\n\t\n\n\t<div id=\"col-1231419344\" class=\"col hide-for-small medium-1 small-12 large-1\"  >\n\t\t\t\t<div class=\"col-inner\"  >\n\t\t\t\n\t\t\t\n\n\n\t\t<\/div>\n\t\t\t\t\t<\/div>\n\n\t\n\n<\/div>\n\t<div id=\"text-1238063825\" class=\"text\">\n\t\t\n\n<p><em><span style=\"font-size: 120%;\">Los testimonios y afirmaciones que aparecen en este v\u00eddeo se basan en la experiencia individual de este usuario y no se garantiza que representen los resultados que cada usuario pueda conseguir. NANO SOMA\u00ae est\u00e1 dise\u00f1ado para apoyar las funciones naturales del organismo, y los resultados pueden variar. <\/span><\/em><\/p>\n\t\t\n<style>\n#text-1238063825 {\n  font-size: 0.75rem;\n  text-align: center;\n}\n<\/style>\n\t<\/div>\n\t\n\n\t\t<\/div>\n\n\t\t\n<style>\n#section_1396580894 {\n  padding-top: 30px;\n  padding-bottom: 30px;\n}\n<\/style>\n\t<\/section>\n\t\n\n\n\t<section class=\"section\" id=\"section_147012089\">\n\t\t<div class=\"section-bg fill\" >\n\t\t\t\t\t\t\t\t\t\n\t\t\t\n\n\t\t<\/div>\n\n\t\t\n\n\t\t<div class=\"section-content relative\">\n\t\t\t\n\n<div class=\"row\"  id=\"row-1629577165\">\n\n\n\t<div id=\"col-753790907\" class=\"col small-12 large-12\"  >\n\t\t\t\t<div class=\"col-inner\"  >\n\t\t\t\n\t<div class=\"is-border\"\n\t\tstyle=\"border-color:#767676;border-width:2px 2px 2px 2px;\">\n\t<\/div>\n\t\t\t\n\n\t<div id=\"text-2632554225\" class=\"text\">\n\t\t\n\n<p><strong>*Estas afirmaciones no han sido evaluadas por la Administraci\u00f3n de Alimentos y Medicamentos de EEUU. Este producto no pretende diagnosticar ni prescribir ninguna afecci\u00f3n m\u00e9dica, ni prevenir, tratar, mitigar o curar dicha(s) afecci\u00f3n(es). Si padeces alguna enfermedad o afecci\u00f3n m\u00e9dica, consulta a tu profesional sanitario.  <\/strong><\/p>\n\t\t\n<style>\n#text-2632554225 {\n  font-size: 0.9rem;\n  text-align: left;\n}\n<\/style>\n\t<\/div>\n\t\n\n\t\t<\/div>\n\t\t\t\t\n<style>\n#col-753790907 > .col-inner {\n  padding: 10px 20px 5px 20px;\n}\n<\/style>\n\t<\/div>\n\n\t\n\n<\/div>\n\n\t\t<\/div>\n\n\t\t\n<style>\n#section_147012089 {\n  padding-top: 0px;\n  padding-bottom: 0px;\n}\n@media (min-width:550px) {\n  #section_147012089 {\n    padding-top: 30px;\n    padding-bottom: 30px;\n  }\n}\n<\/style>\n\t<\/section>\n\t\n\n","protected":false},"excerpt":{"rendered":"","protected":false},"author":2,"featured_media":0,"parent":0,"menu_order":0,"comment_status":"closed","ping_status":"closed","template":"","meta":{"bwfblock_default_font":"","_uag_custom_page_level_css":"","footnotes":""},"class_list":["post-10727","page","type-page","status-publish","hentry"],"uagb_featured_image_src":{"full":false,"thumbnail":false,"medium":false,"medium_large":false,"large":false,"1536x1536":false,"2048x2048":false,"woocommerce_thumbnail":false,"woocommerce_single":false,"woocommerce_gallery_thumbnail":false},"uagb_author_info":{"display_name":"IWantMyHealthBack","author_link":"https:\/\/iwantmyhealthback.com\/es\/author\/anthonette\/"},"uagb_comment_info":0,"uagb_excerpt":null,"_links":{"self":[{"href":"https:\/\/iwantmyhealthback.com\/es\/wp-json\/wp\/v2\/pages\/10727","targetHints":{"allow":["GET"]}}],"collection":[{"href":"https:\/\/iwantmyhealthback.com\/es\/wp-json\/wp\/v2\/pages"}],"about":[{"href":"https:\/\/iwantmyhealthback.com\/es\/wp-json\/wp\/v2\/types\/page"}],"author":[{"embeddable":true,"href":"https:\/\/iwantmyhealthback.com\/es\/wp-json\/wp\/v2\/users\/2"}],"replies":[{"embeddable":true,"href":"https:\/\/iwantmyhealthback.com\/es\/wp-json\/wp\/v2\/comments?post=10727"}],"version-history":[{"count":0,"href":"https:\/\/iwantmyhealthback.com\/es\/wp-json\/wp\/v2\/pages\/10727\/revisions"}],"wp:attachment":[{"href":"https:\/\/iwantmyhealthback.com\/es\/wp-json\/wp\/v2\/media?parent=10727"}],"curies":[{"name":"wp","href":"https:\/\/api.w.org\/{rel}","templated":true}]}}