{"id":13485,"date":"2024-03-15T16:31:07","date_gmt":"2024-03-15T16:31:07","guid":{"rendered":"https:\/\/iwantmyhealthback.com\/product\/magicdichol-starter-pack\/"},"modified":"2025-10-19T17:41:28","modified_gmt":"2025-10-19T21:41:28","slug":"magicdichol-starter-pack","status":"publish","type":"product","link":"https:\/\/iwantmyhealthback.com\/de\/product\/magicdichol-starter-pack\/","title":{"rendered":"MagicDichol\u00ae Starter Pack"},"content":{"rendered":"<p>Das <sup>MagicDichol\u00ae<\/sup> Starter Pack enth\u00e4lt 3 Flaschen NANO <sup>SOMA\u00ae<\/sup> Liquid, 1 NANO <sup>SOMA\u00ae<\/sup> Topical Gel und 1 NANO <sup>SOMA\u00ae<\/sup> Skin Cream, alle mit einem Preisnachlass von 15% auf die Einzelflaschenpreise.<\/p>\n<p>Das MagicDichol Starter Pack wurde entwickelt, um Ihnen die 3 MagicDichol Produkte vorzustellen und Ihnen zu helfen, Ihre erstaunliche Reise mit diesen erstaunlichen und f\u00fcr viele lebensver\u00e4ndernden Produkten zu beginnen.<\/p>\n<p>NANO SOMA Zutaten: Wasser, Vitamin E TPGS, Policosanole, Konservierungsmittel (Kaliumsorbat), S\u00e4ureregulator (Zitronens\u00e4ure), Emulgator (Sucroseester von Fetts\u00e4uren)<\/p>\n<p>NANO SOMA Topical Gel Zutaten: Policosanol-Nanoemulsion, Vitamin E, Wasser, Saccharose-Fetts\u00e4ureester, Zitronens\u00e4ure, essbares Xanthangummi<\/p>\n<p>NANO SOMA Hautcreme Zutaten: Wasser, Hemisqualan Neossance, Glycerin, Cetostearylalkohol, \u00d6lwachs, Vitamin E TPGS, 2-Phenoxyethanol, Xanthan, Policosanole, Sucrose Monolaurat, Kaliumsorbat, Hyalurons\u00e4ure, Zitronens\u00e4ure-Monohydrat, Duftstoff (Vanillemilch)<\/p>\n<div class=\"row\"  id=\"row-1260820878\">\n\n\t<div id=\"col-1451571676\" class=\"col small-12 large-12\"  >\n\t\t\t\t<div class=\"col-inner\"  >\n\t\t\t\n\t<div class=\"is-border\"\n\t\tstyle=\"border-color:rgb(204, 204, 204);border-width:2px 2px 2px 2px;\">\n\t<\/div>\n\t\t\t\n\t<div id=\"text-2657916556\" class=\"text\">\n\t\t\n<div style=\"text-align: left;\">*Diese Aussage wurde nicht von der Food and Drug Administration bewertet. Dieses Produkt ist nicht dazu bestimmt, Krankheiten zu diagnostizieren oder zu verschreiben, noch solche Krankheiten zu verhindern, zu behandeln, zu lindern oder zu heilen. Wenn Sie eine Krankheit oder einen medizinischen Zustand haben, wenden Sie sich an Ihren Arzt.  <\/div>\n\t\t\n<style>\n#text-2657916556 {\n  font-size: 0.75rem;\n  text-align: left;\n  color: rgb(0,0,0);\n}\n#text-2657916556 > * {\n  color: rgb(0,0,0);\n}\n<\/style>\n\t<\/div>\n\t\n\t\t<\/div>\n\t\t\t\t\n<style>\n#col-1451571676 > .col-inner {\n  padding: 10px 20px 10px 20px;\n}\n<\/style>\n\t<\/div>\n\n\t\n<\/div>\n","protected":false},"excerpt":{"rendered":"<p>Mit dem MagicDichol Starter Pack erhalten Sie 3 Flaschen NANO SOMA Liquid und je 1 Flasche NANO SOMA Topical Gel und NANO SOMA Skin Cream mit einem Preisnachlass von 15% auf die Einzelflaschenpreise.<\/p>\n","protected":false},"featured_media":18712,"comment_status":"open","ping_status":"closed","template":"","meta":{"bwfblock_default_font":"","_uag_custom_page_level_css":""},"product_brand":[],"product_cat":[1593],"product_tag":[],"class_list":{"0":"post-13485","1":"product","2":"type-product","3":"status-publish","4":"has-post-thumbnail","6":"product_cat-starter-pack-de","8":"first","9":"instock","10":"sale","11":"taxable","12":"shipping-taxable","13":"purchasable","14":"product-type-simple"},"uagb_featured_image_src":{"full":["https:\/\/iwantmyhealthback.com\/wp-content\/uploads\/2024\/03\/MD-Starter-Pack-New-Cream-High-Quality-1.jpg",580,400,false],"thumbnail":["https:\/\/iwantmyhealthback.com\/wp-content\/uploads\/2024\/03\/MD-Starter-Pack-New-Cream-High-Quality-1-150x150.jpg",150,150,true],"medium":["https:\/\/iwantmyhealthback.com\/wp-content\/uploads\/2024\/03\/MD-Starter-Pack-New-Cream-High-Quality-1-300x207.jpg",300,207,true],"medium_large":["https:\/\/iwantmyhealthback.com\/wp-content\/uploads\/2024\/03\/MD-Starter-Pack-New-Cream-High-Quality-1.jpg",580,400,false],"large":["https:\/\/iwantmyhealthback.com\/wp-content\/uploads\/2024\/03\/MD-Starter-Pack-New-Cream-High-Quality-1.jpg",580,400,false],"1536x1536":["https:\/\/iwantmyhealthback.com\/wp-content\/uploads\/2024\/03\/MD-Starter-Pack-New-Cream-High-Quality-1.jpg",580,400,false],"2048x2048":["https:\/\/iwantmyhealthback.com\/wp-content\/uploads\/2024\/03\/MD-Starter-Pack-New-Cream-High-Quality-1.jpg",580,400,false],"woocommerce_thumbnail":["https:\/\/iwantmyhealthback.com\/wp-content\/uploads\/2024\/03\/MD-Starter-Pack-New-Cream-High-Quality-1-300x207.jpg",300,207,true],"woocommerce_single":["https:\/\/iwantmyhealthback.com\/wp-content\/uploads\/2024\/03\/MD-Starter-Pack-New-Cream-High-Quality-1-510x352.jpg",510,352,true],"woocommerce_gallery_thumbnail":["https:\/\/iwantmyhealthback.com\/wp-content\/uploads\/2024\/03\/MD-Starter-Pack-New-Cream-High-Quality-1-100x100.jpg",100,100,true]},"uagb_author_info":{"display_name":"IWantMyHealthBack","author_link":"https:\/\/iwantmyhealthback.com\/de\/author\/"},"uagb_comment_info":0,"uagb_excerpt":"Mit dem MagicDichol Starter Pack erhalten Sie 3 Flaschen NANO SOMA Liquid und je 1 Flasche NANO SOMA Topical Gel und NANO SOMA Skin Cream mit einem Preisnachlass von 15% auf die Einzelflaschenpreise.","_links":{"self":[{"href":"https:\/\/iwantmyhealthback.com\/de\/wp-json\/wp\/v2\/product\/13485","targetHints":{"allow":["GET"]}}],"collection":[{"href":"https:\/\/iwantmyhealthback.com\/de\/wp-json\/wp\/v2\/product"}],"about":[{"href":"https:\/\/iwantmyhealthback.com\/de\/wp-json\/wp\/v2\/types\/product"}],"replies":[{"embeddable":true,"href":"https:\/\/iwantmyhealthback.com\/de\/wp-json\/wp\/v2\/comments?post=13485"}],"wp:featuredmedia":[{"embeddable":true,"href":"https:\/\/iwantmyhealthback.com\/de\/wp-json\/wp\/v2\/media\/18712"}],"wp:attachment":[{"href":"https:\/\/iwantmyhealthback.com\/de\/wp-json\/wp\/v2\/media?parent=13485"}],"wp:term":[{"taxonomy":"product_brand","embeddable":true,"href":"https:\/\/iwantmyhealthback.com\/de\/wp-json\/wp\/v2\/product_brand?post=13485"},{"taxonomy":"product_cat","embeddable":true,"href":"https:\/\/iwantmyhealthback.com\/de\/wp-json\/wp\/v2\/product_cat?post=13485"},{"taxonomy":"product_tag","embeddable":true,"href":"https:\/\/iwantmyhealthback.com\/de\/wp-json\/wp\/v2\/product_tag?post=13485"}],"curies":[{"name":"wp","href":"https:\/\/api.w.org\/{rel}","templated":true}]}}