{"id":13382,"date":"2024-01-30T15:13:13","date_gmt":"2024-01-30T15:13:13","guid":{"rendered":"https:\/\/iwantmyhealthback.com\/product\/nano-soma-hautcreme-12er-pack\/"},"modified":"2025-10-19T17:47:29","modified_gmt":"2025-10-19T21:47:29","slug":"nano-soma-hautcreme-12er-pack","status":"publish","type":"product","link":"https:\/\/iwantmyhealthback.com\/de\/product\/nano-soma-hautcreme-12er-pack\/","title":{"rendered":"NANO SOMA\u00ae Skin Cream 12-pack"},"content":{"rendered":"\n\t<section class=\"section\" id=\"section_662220855\">\n\t\t<div class=\"section-bg fill\" >\n\t\t\t\t\t\t\t\t\t\n\t\t\t\n\n\t\t<\/div>\n\n\t\t\n\n\t\t<div class=\"section-content relative\">\n\t\t\t\n<p><strong>Die NANO SOMA Hautcreme ist eine sch\u00f6ne, geschmeidige, \u00f6lfreie Hautcreme mit einem wunderbaren, organischen Vanillinduft. Da sie auf nat\u00fcrliche Weise die Produktion von Vitamin C in den Hautzellen anregt, f\u00f6rdert die NANO SOMA Hautcreme auf nat\u00fcrliche und einfache Weise die Wiederherstellung von Kollagen in Ihrer Haut. <\/strong><\/p>\n<p><img loading=\"lazy\" decoding=\"async\" class=\"alignnone size-full wp-image-254\" src=\"https:\/\/magicdichol.info\/wp-content\/uploads\/2023\/12\/Topical20vitamin20C20for20skin20regeneration.jpg\" alt=\"\" width=\"815\" height=\"505\"><\/p>\n<p><strong>Hier sehen Sie eine Illustration der NANO SOMA Hautcreme bei der Arbeit:<\/strong><\/p>\n<p><strong><img loading=\"lazy\" decoding=\"async\" class=\"alignnone size-full wp-image-5493\" src=\"https:\/\/magicdichol.info\/wp-content\/uploads\/2023\/12\/Female-58-years-old.png\" alt=\"\" width=\"1021\" height=\"697\"><\/strong><\/p>\n<p><strong>Unserer Erfahrung nach LIEBEN diejenigen, die NANO SOMA Skin Cream ausprobieren, sie einfach!!!<br \/>\n<\/strong><\/p>\n<p><strong>Inhalt: 1 fl. oz. (30 ml)  <\/strong><\/p>\n<p><strong>ZUTATEN:<br \/>\nWasser, Hemisqualan Neosance, Glycerin, Cetostearylalkohol, \u00d6lwachs, Vitamin E TPGS, 2-Phenoxyethanol, Xanthan, Policosanole, Sucrose Monolaurat, Kaliumsorbat, Hyalurons\u00e4ure, Zitronens\u00e4uremonohydrat, Duft (Vanillemilch)<\/strong><\/p>\n<p><strong>Die Inhaltsstoffe sind allgemein als sicher anerkannt (GRAS)<\/strong><\/p>\n<div class=\"row\"  id=\"row-1515155008\">\n\n\t<div id=\"col-1496880274\" class=\"col small-12 large-12\"  >\n\t\t\t\t<div class=\"col-inner\"  >\n\t\t\t\n\t<div class=\"is-border\"\n\t\tstyle=\"border-color:rgb(204, 204, 204);border-width:1px 1px 1px 1px;\">\n\t<\/div>\n\t\t\t\n\t<div id=\"text-6232624\" class=\"text\">\n\t\t\n<p>*Diese Aussage wurde nicht von der Food and Drug Administration bewertet. Dieses Produkt ist nicht dazu bestimmt, Krankheiten zu diagnostizieren oder zu verschreiben, noch solche Krankheiten zu verhindern, zu behandeln, zu lindern oder zu heilen. Wenn Sie eine Krankheit oder einen medizinischen Zustand haben, wenden Sie sich an Ihren Arzt.<\/p>\n\t\t\n<style>\n#text-6232624 {\n  font-size: 0.9rem;\n  text-align: left;\n}\n<\/style>\n\t<\/div>\n\t\n\t\t<\/div>\n\t\t\t\t\n<style>\n#col-1496880274 > .col-inner {\n  padding: 20px 20px 20px 20px;\n}\n<\/style>\n\t<\/div>\n\n\t\n<\/div>\n\t\t<\/div>\n\n\t\t\n<style>\n#section_662220855 {\n  padding-top: 30px;\n  padding-bottom: 30px;\n}\n<\/style>\n\t<\/section>\n\t\n","protected":false},"excerpt":{"rendered":"<p>Die NANO SOMA Hautcreme ist eine sch\u00f6ne, geschmeidige, \u00f6lfreie Hautcreme mit einem wunderbaren, organischen Vanillinduft. Da sie auf nat\u00fcrliche Weise die Produktion von Vitamin C in den Hautzellen anregt, f\u00f6rdert die NANO SOMA Hautcreme auf nat\u00fcrliche und einfache Weise die Wiederherstellung von Kollagen in Ihrer Haut. <\/p>\n","protected":false},"featured_media":18720,"comment_status":"open","ping_status":"closed","template":"","meta":{"bwfblock_default_font":"","_uag_custom_page_level_css":""},"product_brand":[],"product_cat":[1503],"product_tag":[1502],"class_list":{"0":"post-13382","1":"product","2":"type-product","3":"status-publish","4":"has-post-thumbnail","6":"product_cat-12er-pack","7":"product_tag-nano-soma-hautcreme","9":"first","10":"instock","11":"sale","12":"taxable","13":"shipping-taxable","14":"purchasable","15":"product-type-simple"},"uagb_featured_image_src":{"full":["https:\/\/iwantmyhealthback.com\/wp-content\/uploads\/2024\/01\/signal-2025-10-18-203311_004.jpeg",1142,1286,false],"thumbnail":["https:\/\/iwantmyhealthback.com\/wp-content\/uploads\/2024\/01\/signal-2025-10-18-203311_004-150x150.jpeg",150,150,true],"medium":["https:\/\/iwantmyhealthback.com\/wp-content\/uploads\/2024\/01\/signal-2025-10-18-203311_004-266x300.jpeg",266,300,true],"medium_large":["https:\/\/iwantmyhealthback.com\/wp-content\/uploads\/2024\/01\/signal-2025-10-18-203311_004-768x865.jpeg",768,865,true],"large":["https:\/\/iwantmyhealthback.com\/wp-content\/uploads\/2024\/01\/signal-2025-10-18-203311_004-909x1024.jpeg",909,1024,true],"1536x1536":["https:\/\/iwantmyhealthback.com\/wp-content\/uploads\/2024\/01\/signal-2025-10-18-203311_004.jpeg",1142,1286,false],"2048x2048":["https:\/\/iwantmyhealthback.com\/wp-content\/uploads\/2024\/01\/signal-2025-10-18-203311_004.jpeg",1142,1286,false],"woocommerce_thumbnail":["https:\/\/iwantmyhealthback.com\/wp-content\/uploads\/2024\/01\/signal-2025-10-18-203311_004-300x338.jpeg",300,338,true],"woocommerce_single":["https:\/\/iwantmyhealthback.com\/wp-content\/uploads\/2024\/01\/signal-2025-10-18-203311_004-510x574.jpeg",510,574,true],"woocommerce_gallery_thumbnail":["https:\/\/iwantmyhealthback.com\/wp-content\/uploads\/2024\/01\/signal-2025-10-18-203311_004-100x100.jpeg",100,100,true]},"uagb_author_info":{"display_name":"IWantMyHealthBack","author_link":"https:\/\/iwantmyhealthback.com\/de\/author\/"},"uagb_comment_info":0,"uagb_excerpt":"Die NANO SOMA Hautcreme ist eine sch\u00f6ne, geschmeidige, \u00f6lfreie Hautcreme mit einem wunderbaren, organischen Vanillinduft. Da sie auf nat\u00fcrliche Weise die Produktion von Vitamin C in den Hautzellen anregt, f\u00f6rdert die NANO SOMA Hautcreme auf nat\u00fcrliche und einfache Weise die Wiederherstellung von Kollagen in Ihrer Haut.","_links":{"self":[{"href":"https:\/\/iwantmyhealthback.com\/de\/wp-json\/wp\/v2\/product\/13382","targetHints":{"allow":["GET"]}}],"collection":[{"href":"https:\/\/iwantmyhealthback.com\/de\/wp-json\/wp\/v2\/product"}],"about":[{"href":"https:\/\/iwantmyhealthback.com\/de\/wp-json\/wp\/v2\/types\/product"}],"replies":[{"embeddable":true,"href":"https:\/\/iwantmyhealthback.com\/de\/wp-json\/wp\/v2\/comments?post=13382"}],"wp:featuredmedia":[{"embeddable":true,"href":"https:\/\/iwantmyhealthback.com\/de\/wp-json\/wp\/v2\/media\/18720"}],"wp:attachment":[{"href":"https:\/\/iwantmyhealthback.com\/de\/wp-json\/wp\/v2\/media?parent=13382"}],"wp:term":[{"taxonomy":"product_brand","embeddable":true,"href":"https:\/\/iwantmyhealthback.com\/de\/wp-json\/wp\/v2\/product_brand?post=13382"},{"taxonomy":"product_cat","embeddable":true,"href":"https:\/\/iwantmyhealthback.com\/de\/wp-json\/wp\/v2\/product_cat?post=13382"},{"taxonomy":"product_tag","embeddable":true,"href":"https:\/\/iwantmyhealthback.com\/de\/wp-json\/wp\/v2\/product_tag?post=13382"}],"curies":[{"name":"wp","href":"https:\/\/api.w.org\/{rel}","templated":true}]}}